{"id":989,"date":"2021-06-13T19:15:47","date_gmt":"2021-06-13T19:15:47","guid":{"rendered":"https:\/\/estoniansociety.co.uk\/?page_id=989"},"modified":"2021-10-18T06:06:15","modified_gmt":"2021-10-18T06:06:15","slug":"uritused-karolin-otti-soolonaitus-lahemal-armastusele","status":"publish","type":"page","link":"https:\/\/www.estoniansociety.co.uk\/en\/uritused-karolin-otti-soolonaitus-lahemal-armastusele\/","title":{"rendered":"Arhiiv &#8211; 2014 &#8211; \u00dcritused &#8211; Karolin Otti Soolon\u00e4itus &#8220;L\u00e4hemal armastusele&#8221;"},"content":{"rendered":"<p>&nbsp;<\/p>\n<h2 style=\"text-align: center;\"><span style=\"color: #5e5e61;\">Karolin Otti Soolon\u00e4itus &#8220;L\u00e4hemal armastusele&#8221;<\/span><\/h2>\n<p>&nbsp;<\/p>\n<p style=\"text-align: center;\"><span style=\"color: #5e5e61;\">N\u00e4ituse avamine 9. detsembril 18:30<\/span><\/p>\n<p>&nbsp;<\/p>\n<p><span style=\"color: #5e5e61;\"><img loading=\"lazy\" decoding=\"async\" class=\"wp-image-994 aligncenter\" src=\"https:\/\/estoniansociety.co.uk\/wp-content\/uploads\/2021\/06\/karolinotti2015_1-212x300.jpg\" alt=\"\" width=\"309\" height=\"437\" srcset=\"https:\/\/www.estoniansociety.co.uk\/wp-content\/uploads\/2021\/06\/karolinotti2015_1-212x300.jpg 212w, https:\/\/www.estoniansociety.co.uk\/wp-content\/uploads\/2021\/06\/karolinotti2015_1-724x1024.jpg 724w, https:\/\/www.estoniansociety.co.uk\/wp-content\/uploads\/2021\/06\/karolinotti2015_1-768x1086.jpg 768w, https:\/\/www.estoniansociety.co.uk\/wp-content\/uploads\/2021\/06\/karolinotti2015_1-1086x1536.jpg 1086w, https:\/\/www.estoniansociety.co.uk\/wp-content\/uploads\/2021\/06\/karolinotti2015_1-1448x2048.jpg 1448w, https:\/\/www.estoniansociety.co.uk\/wp-content\/uploads\/2021\/06\/karolinotti2015_1-scaled.jpg 1810w\" sizes=\"auto, (max-width: 309px) 100vw, 309px\" \/><\/span><\/p>\n<p>&nbsp;<\/p>\n<p><span style=\"color: #5e5e61;\">Karolin Otti soolon\u00e4itus\u00a0<em>L\u00e4hemal armastusele<\/em>\u00a0kirjeldab professionaalseks kunstnikuks saamise lugu ja enese jagamist kunstniku ja noore naise rollide vahel ning nendega seotud identiteetide v\u00f5itlust.\u00a0<\/span><\/p>\n<div><span style=\"color: #5e5e61;\">Palume registreerida end avamisele vajutades &#8220;Attend Event&#8221; nuppu\u00a0<a style=\"color: #5e5e61;\" href=\"http:\/\/us8.campaign-archive2.com\/?u=2dbadab79db7f70d95fae6e6e&amp;id=97cb4e067a&amp;e=b626c7ffac\">kutsel<\/a>\u00a0v\u00f5i registreerides end\u00a0<a style=\"color: #5e5e61;\" href=\"https:\/\/www.eventbrite.co.uk\/e\/closer-to-love-tickets-14164459279\">here<\/a>.\u00a0<\/span><\/div>\n<div><\/div>\n<div><span style=\"color: #5e5e61;\">Millal:\u00a0N\u00e4ituse avamine 9. detsembril kell 18:30, n\u00e4itus on avatud 10.-19. detsembrini.\u00a0<\/span><\/div>\n<div><span style=\"color: #5e5e61;\">Kus:\u00a012 Star gallery, Europe house, 32 Smith Street, London, UK\u00a0<\/span><\/div>\n<div><span style=\"color: #5e5e61;\">Vaata kaarti\u00a0<a style=\"color: #5e5e61;\" href=\"https:\/\/goo.gl\/maps\/DPTRp\">here<\/a><\/span><\/div>\n<div><\/div>\n<div><span style=\"color: #5e5e61;\">Lisainformatsiooni saamiseks mine lehele:\u00a0<a style=\"color: #5e5e61;\" href=\"http:\/\/www.gabomanchano.com\/\">http:\/\/www.gabomanchano.com<\/a><\/span><\/div>\n<div><\/div>\n<div><\/div>\n<div><span style=\"color: #5e5e61;\"><img loading=\"lazy\" decoding=\"async\" class=\"wp-image-995 aligncenter\" src=\"https:\/\/estoniansociety.co.uk\/wp-content\/uploads\/2021\/06\/karolinotti2015_2.jpg\" alt=\"\" width=\"372\" height=\"355\" \/><\/span><\/div>\n<div><\/div>\n<div>\n<p style=\"text-align: center;\"><span style=\"color: #5e5e61;\"><strong>Karolin Ott<\/strong><\/span><\/p>\n<p style=\"text-align: center;\"><span style=\"color: #5e5e61;\">Karolin Ott (s 1989) on Tartust p\u00e4rit vabakutseline kunstnik, kes elab ja t\u00f6\u00f6tab Londonis.<\/span><br \/>\n<span style=\"color: #5e5e61;\">2011. aastal omandas ta Eesti Kunstiakadeemia vabade kunstide teaduskonna bakalaureusekraadi maali erialal.<\/span><br \/>\n<span style=\"color: #5e5e61;\">Aastatel 2009-2010 t\u00e4iendas Karolin ennast vahetus\u00fcli\u00f5pilasena Portugalis Lissaboni \u00dclikooli Kaunite Kunstide teaduskonnas. 2011-2012 aastatel elas Karolin Singapuris, kus tegeles T-s\u00e4rkide disainiga ja alustas teise isikun\u00e4ituse ettevalmistusega.<\/span><br \/>\n<span style=\"color: #5e5e61;\">Praegu keskendub ta \u00fcksikisiku sisemise konflikti k\u00fcsimustele, mis tekivad seoses enda jagamisega erinevate sotsiaalsete rollide ja tegelike unistuste vahel.<\/span><\/p>\n<hr \/>\n<\/div>\n<p><span style=\"color: #5e5e61;\">Europe House will be hosting the debut solo exhibition in London by Karolin Ott. Closer to Love is a personal identity struggle between an artist and a young woman, dividing herself between different roles, and finding a way to become a professional artist.\u00a0<\/span><\/p>\n<div><span style=\"color: #5e5e61;\">RSVP\u00a0by pressing the &#8220;Attend Event&#8221; button on\u00a0<a style=\"color: #5e5e61;\" href=\"http:\/\/us8.campaign-archive2.com\/?u=2dbadab79db7f70d95fae6e6e&amp;id=97cb4e067a&amp;e=b626c7ffac\">invitation<\/a>\u00a0or booking your free tickets via\u00a0<a style=\"color: #5e5e61;\" href=\"https:\/\/www.eventbrite.co.uk\/e\/closer-to-love-tickets-14164459279\">Eventbrite<\/a>.\u00a0<\/span><\/div>\n<div><span style=\"color: #5e5e61;\">\u00a0\u00a0<\/span><\/div>\n<div><span style=\"color: #5e5e61;\">When:\u00a0Exhibition opening on 9 December at 18:30,\u00a0exhibition\u00a0will\u00a0be open 10 &#8211; 19 December.\u00a0<\/span><\/div>\n<div><span style=\"color: #5e5e61;\">Where:\u00a012 Star gallery, Europe house, 32 Smith Street, London, UK\u00a0<\/span><\/div>\n<div><span style=\"color: #5e5e61;\">Look the map\u00a0<a style=\"color: #5e5e61;\" href=\"https:\/\/goo.gl\/maps\/DPTRp\">here<\/a><\/span><\/div>\n<div><span style=\"color: #5e5e61;\">For additional information click:\u00a0<a style=\"color: #5e5e61;\" href=\"http:\/\/www.gabomanchano.com\/\">http:\/\/www.gabomanchano.com<\/a><\/span><\/div>","protected":false},"excerpt":{"rendered":"<p>&nbsp; Karolin Otti Soolon\u00e4itus &#8220;L\u00e4hemal armastusele&#8221; &nbsp; N\u00e4ituse avamine 9. detsembril 18:30 &nbsp; &nbsp; Karolin Otti soolon\u00e4itus\u00a0L\u00e4hemal armastusele\u00a0kirjeldab professionaalseks kunstnikuks saamise lugu ja enese jagamist kunstniku ja noore naise rollide vahel ning nendega seotud identiteetide v\u00f5itlust.\u00a0 Palume registreerida end avamisele vajutades &#8220;Attend Event&#8221; nuppu\u00a0kutsel\u00a0v\u00f5i registreerides end\u00a0siin.\u00a0 Millal:\u00a0N\u00e4ituse avamine 9. detsembril kell 18:30, n\u00e4itus on avatud &hellip;<\/p>\n<p class=\"read-more\"> <a class=\"\" href=\"https:\/\/www.estoniansociety.co.uk\/en\/uritused-karolin-otti-soolonaitus-lahemal-armastusele\/\"> <span class=\"screen-reader-text\">Arhiiv &#8211; 2014 &#8211; \u00dcritused &#8211; Karolin Otti Soolon\u00e4itus &#8220;L\u00e4hemal armastusele&#8221;<\/span> Read More &raquo;<\/a><\/p>","protected":false},"author":1,"featured_media":0,"parent":0,"menu_order":0,"comment_status":"closed","ping_status":"closed","template":"","meta":{"_mi_skip_tracking":false,"footnotes":""},"class_list":["post-989","page","type-page","status-publish","hentry"],"_links":{"self":[{"href":"https:\/\/www.estoniansociety.co.uk\/en\/wp-json\/wp\/v2\/pages\/989","targetHints":{"allow":["GET"]}}],"collection":[{"href":"https:\/\/www.estoniansociety.co.uk\/en\/wp-json\/wp\/v2\/pages"}],"about":[{"href":"https:\/\/www.estoniansociety.co.uk\/en\/wp-json\/wp\/v2\/types\/page"}],"author":[{"embeddable":true,"href":"https:\/\/www.estoniansociety.co.uk\/en\/wp-json\/wp\/v2\/users\/1"}],"replies":[{"embeddable":true,"href":"https:\/\/www.estoniansociety.co.uk\/en\/wp-json\/wp\/v2\/comments?post=989"}],"version-history":[{"count":5,"href":"https:\/\/www.estoniansociety.co.uk\/en\/wp-json\/wp\/v2\/pages\/989\/revisions"}],"predecessor-version":[{"id":5732,"href":"https:\/\/www.estoniansociety.co.uk\/en\/wp-json\/wp\/v2\/pages\/989\/revisions\/5732"}],"wp:attachment":[{"href":"https:\/\/www.estoniansociety.co.uk\/en\/wp-json\/wp\/v2\/media?parent=989"}],"curies":[{"name":"wp","href":"https:\/\/api.w.org\/{rel}","templated":true}]}}