{"id":987,"date":"2021-06-13T19:08:47","date_gmt":"2021-06-13T19:08:47","guid":{"rendered":"https:\/\/estoniansociety.co.uk\/?page_id=987"},"modified":"2021-10-18T06:08:47","modified_gmt":"2021-10-18T06:08:47","slug":"uritused-eesti-vabariigi-97-aastapaeva-pidulik-kontsert","status":"publish","type":"page","link":"https:\/\/www.estoniansociety.co.uk\/en\/uritused-eesti-vabariigi-97-aastapaeva-pidulik-kontsert\/","title":{"rendered":"Arhiiv &#8211; 2015 &#8211; \u00dcritused &#8211; Eesti Vabariigi 97. Aastap\u00e4eva Pidulik Kontsert"},"content":{"rendered":"<p>&nbsp;<\/p>\n<h2 style=\"text-align: center;\"><span style=\"color: #5e5e61;\">Eesti Vabariigi 97. Aastap\u00e4eva Pidulik Kontsert<\/span><\/h2>\n<p>&nbsp;<\/p>\n<div align=\"center\"><span style=\"color: #5e5e61;\">24. veebruaril<\/span><\/div>\n<div align=\"center\"><span style=\"color: #5e5e61;\">Sissep\u00e4\u00e4s Westminster Cathedral Halli alates kl. 18.30<\/span><\/div>\n<div align=\"center\"><\/div>\n<div style=\"text-align: center;\"><span style=\"color: #5e5e61;\">Kontserdi peaesinejad on Olav Ehala ja Liisi Koikson<\/span><\/div>\n<p><span style=\"color: #5e5e61;\"><img decoding=\"async\" src=\"http:\/\/www.estonianguild.co.uk\/wp-content\/uploads\/2015\/02\/koduleht-01.jpg\" alt=\"\" \/><\/span><\/p>\n<p><span style=\"color: #5e5e61;\">Sel aastal t\u00e4histame Londonis Eesti Vabariigi aastap\u00e4eva taas \u00f5igel kuup\u00e4eval, 24. veebruaril 2015. Kuna tegemist on teisip\u00e4evaga, siis ootame teid k\u00f5iki pidulikule kontsertvastuv\u00f5tule\u00a0<a style=\"color: #5e5e61;\" href=\"http:\/\/www.westminstercathedral.org.uk\/hire_cathedral_hall.php\" target=\"_blank\" rel=\"noopener\">Westminster Cathedral Halli<\/a>\u00a0Eesti iseseisvusp\u00e4eva \u00f5htul kell 18.30.<\/span><\/p>\n<p style=\"text-align: center;\"><strong>Esinejad<\/strong><\/p>\n<p>Kontserdi peaesinejateks on\u00a0maestro Olav Ehala, kes s\u00f5idab Londonisse spetsiaalselt selleks, et Londoni eestlaste kogukonnaga Eesti Vabariigi 97. aastap\u00e4eva t\u00e4histada ning solistiks on hiljuti Londonis oma \u00f5pingud l\u00f5petanud\u00a0laulja Liisi Koikson.<\/p>\n<p><span style=\"color: #5e5e61;\">Kontserdil astuvad veel \u00fcles Londonis ooperilaulu \u00f5ppiv Mirjam Mesak, Londoni Eesti Kooli \u00f5pilane Mirjam Ellesawi, \u00fche kauni Olav Ehala loo omal ajal v\u00e4ga kuulsaks laulnud Reet Kromel ning\u00a0<a style=\"color: #5e5e61;\" href=\"https:\/\/www.estoniansociety.co.uk\/en\/koor\/\" target=\"_blank\" rel=\"noopener\">Londoni Eesti Seltsi segakoor<\/a>\u00a0ja\u00a0<a style=\"color: #5e5e61;\" href=\"https:\/\/www.estoniansociety.co.uk\/en\/rahvatants\/\" target=\"_blank\" rel=\"noopener\">rahvatantsur\u00fchm<\/a>. Kontserdil k\u00f5labki ainult Olav Ehala looming.<\/span><\/p>\n<p><span style=\"color: #5e5e61;\">Peok\u00f5ne peab Eesti suursaadik Londonis Lauri Bambus ning kontserdile j\u00e4rgneb vastuv\u00f5tt, kus pakume k\u00f5igile k\u00fclalistele vahuveini ja Eesti \u00f5lut, sinna k\u00f5rvale rukkileiba kiluga, kooke ning Kalevi komme. Eeskava teadustamine on nii eesti kui inglise keeles, nii et v\u00f5ite julgelt k\u00f5ik inglisekeelsed pereliikmed, s\u00f5brad ja kolleegid kaasa v\u00f5tta.<\/span><\/p>\n<p>&nbsp;<\/p>\n<p style=\"text-align: center;\"><strong><span style=\"color: #5e5e61;\">\u00dcrituse kava<\/span><\/strong><\/p>\n<p><span style=\"color: #5e5e61;\"><strong>18.30<\/strong>\u00a0Uksed avanevad, v\u00f5imalus otsepildis ekraanilt j\u00e4lgida Eestis toimuvat presidendi vastuv\u00f5ttu<\/span><br \/>\n<span style=\"color: #5e5e61;\"><strong>19.00<\/strong>\u00a0Pidulik Eesti Vabariigi 97. aastap\u00e4evale p\u00fchendatud kontsert<\/span><br \/>\n<span style=\"color: #5e5e61;\"><strong>20.15<\/strong>\u00a0Vastuv\u00f5tt koos vahuveini, Eesti \u00f5lle, kiluv\u00f5ileibade, kookide ja kommidega<\/span><\/p>\n<p><span style=\"color: #5e5e61;\"><strong>NB! \u00dcritus on k\u00f5igile tasuta<\/strong>, kuid p\u00e4rast \u00fcritust teeme v\u00e4ikese korjanduse j\u00e4rgmise aasta EV 98. aastap\u00e4eva t\u00e4histamise kassasse. Kui soovite Eesti Vabariigi iseseisvusp\u00e4evade t\u00e4histamist Londonis toetada, siis palun v\u00f5tke sularaha kaasa.<\/span><\/p>\n<p>&nbsp;<\/p>\n<p style=\"text-align: center;\"><strong><span style=\"color: #5e5e61;\">Korraldajad ja toetajad<\/span><\/strong><\/p>\n<p><span style=\"color: #5e5e61;\">Eesti Vabariigi 97. aastap\u00e4eva kontsertvastuv\u00f5tu peakorraldajateks on taas\u00a0<a style=\"color: #5e5e61;\" href=\"http:\/\/www.estonianguild.co.uk\/\" target=\"_blank\" rel=\"noopener\">Eesti Gild Londonis<\/a>,\u00a0<a style=\"color: #5e5e61;\" href=\"http:\/\/www.eestikoollondonis.co.uk\/\" target=\"_blank\" rel=\"noopener\">Eesti Kool Londonis<\/a>\u00a0ja\u00a0<a style=\"color: #5e5e61;\" href=\"https:\/\/www.estoniansociety.co.uk\/en\/\" target=\"_blank\" rel=\"noopener\">Londoni Eesti Selts<\/a>. \u00dcritust toetavad\u00a0<a style=\"color: #5e5e61;\" href=\"http:\/\/www.estonia.gov.uk\/\" target=\"_blank\" rel=\"noopener\">Eesti saatkond Londonis<\/a>,\u00a0<a style=\"color: #5e5e61;\" href=\"http:\/\/www.estonianhouselondon.org\/\" target=\"_blank\" rel=\"noopener\">Eesti Maja Londonis<\/a>, Eesti Haridusfond \u00dcKs, transporditeenuse ettev\u00f5te\u00a0<a style=\"color: #5e5e61;\" href=\"http:\/\/www.carrotcars.co.uk\/\" target=\"_blank\" rel=\"noopener\">Carrot Cars<\/a>\u00a0ja Eesti Abistamise Komitee.<\/span><\/p>\n<p>&nbsp;<\/p>\n<p style=\"text-align: center;\"><strong><span style=\"color: #5e5e61;\">Ajalugu<\/span><\/strong><\/p>\n<p style=\"text-align: left;\"><span style=\"color: #5e5e61;\">Tegemist on juba viienda \u00fcritusega p\u00e4rast k\u00fcmneid aastaid tagasi katkenud traditsiooni taastamist t\u00e4histada Eesti iseseisvusp\u00e4eva Londonis avaliku \u00fcritusega, mille korraldamiseks tulevad kokku k\u00f5ik kohalikke eestlasi \u00fchendavad organisatsioonid. Selleks, et s\u00e4ilitada side ajaloo ning varasemate traditsioonidega, toimuvad meie \u00fcritused samas ruumis Westminster Cathedral Hallis, kus kohalik eestlaskond t\u00e4histas \u00fcle 40 aasta tagasi Eesti Vabariigi 53. aastap\u00e4eva. Eelmistel aastatel on peo auk\u00fclalisteks olnud vana sepp Ivan Orav, armastatud luuletaja ja hinnatud t\u00f5lkija Doris Kareva, ETV t\u00fctarlastekoor, Euroopa Parlamendi saadik Tunne Kelam ja Riigikogu liige Mari-Ann Kelam jpt.<\/span><\/p>\n<p>&nbsp;<\/p>\n<p style=\"text-align: center;\"><strong><span style=\"color: #5e5e61;\">Toimumiskoht<\/span><\/strong><\/p>\n<p><span style=\"color: #5e5e61;\">Pidulik kontsertvastuv\u00f5tt toimub Londoni s\u00fcdalinnas Westminster Cathedral Hallis. Kontserdisaali aadress on Ambrosden Avenue, SW1P 1QH. Saal asub Westminsteri katedraali peahoone k\u00f5rval, sisse p\u00e4\u00e4seb Ambrosden Avenue kaudu. L\u00e4himad metroojaamad on Victoria ja St James\u2019 Park.<\/span><\/p>","protected":false},"excerpt":{"rendered":"<p>&nbsp; Eesti Vabariigi 97. Aastap\u00e4eva Pidulik Kontsert &nbsp; 24. veebruaril Sissep\u00e4\u00e4s Westminster Cathedral Halli alates kl. 18.30 Kontserdi peaesinejad on Olav Ehala ja Liisi Koikson Sel aastal t\u00e4histame Londonis Eesti Vabariigi aastap\u00e4eva taas \u00f5igel kuup\u00e4eval, 24. veebruaril 2015. Kuna tegemist on teisip\u00e4evaga, siis ootame teid k\u00f5iki pidulikule kontsertvastuv\u00f5tule\u00a0Westminster Cathedral Halli\u00a0Eesti iseseisvusp\u00e4eva \u00f5htul kell 18.30. Esinejad &hellip;<\/p>\n<p class=\"read-more\"> <a class=\"\" href=\"https:\/\/www.estoniansociety.co.uk\/en\/uritused-eesti-vabariigi-97-aastapaeva-pidulik-kontsert\/\"> <span class=\"screen-reader-text\">Arhiiv &#8211; 2015 &#8211; \u00dcritused &#8211; Eesti Vabariigi 97. Aastap\u00e4eva Pidulik Kontsert<\/span> Read More &raquo;<\/a><\/p>","protected":false},"author":1,"featured_media":0,"parent":0,"menu_order":0,"comment_status":"closed","ping_status":"closed","template":"","meta":{"_mi_skip_tracking":false,"footnotes":""},"class_list":["post-987","page","type-page","status-publish","hentry"],"_links":{"self":[{"href":"https:\/\/www.estoniansociety.co.uk\/en\/wp-json\/wp\/v2\/pages\/987","targetHints":{"allow":["GET"]}}],"collection":[{"href":"https:\/\/www.estoniansociety.co.uk\/en\/wp-json\/wp\/v2\/pages"}],"about":[{"href":"https:\/\/www.estoniansociety.co.uk\/en\/wp-json\/wp\/v2\/types\/page"}],"author":[{"embeddable":true,"href":"https:\/\/www.estoniansociety.co.uk\/en\/wp-json\/wp\/v2\/users\/1"}],"replies":[{"embeddable":true,"href":"https:\/\/www.estoniansociety.co.uk\/en\/wp-json\/wp\/v2\/comments?post=987"}],"version-history":[{"count":5,"href":"https:\/\/www.estoniansociety.co.uk\/en\/wp-json\/wp\/v2\/pages\/987\/revisions"}],"predecessor-version":[{"id":5734,"href":"https:\/\/www.estoniansociety.co.uk\/en\/wp-json\/wp\/v2\/pages\/987\/revisions\/5734"}],"wp:attachment":[{"href":"https:\/\/www.estoniansociety.co.uk\/en\/wp-json\/wp\/v2\/media?parent=987"}],"curies":[{"name":"wp","href":"https:\/\/api.w.org\/{rel}","templated":true}]}}