{"id":983,"date":"2021-06-13T19:06:01","date_gmt":"2021-06-13T19:06:01","guid":{"rendered":"https:\/\/estoniansociety.co.uk\/?page_id=983"},"modified":"2021-10-18T06:09:51","modified_gmt":"2021-10-18T06:09:51","slug":"uritused-eesti-londoni-seltsi-filmiohtu-olimae-oied","status":"publish","type":"page","link":"https:\/\/www.estoniansociety.co.uk\/en\/uritused-eesti-londoni-seltsi-filmiohtu-olimae-oied\/","title":{"rendered":"Arhiiv &#8211; 2015 &#8211; \u00dcritused &#8211; Eesti Londoni Seltsi Filmi\u00f5htu &#8211; \u00d5lim\u00e4e \u00d5ied"},"content":{"rendered":"<p>&nbsp;<\/p>\n<h2 style=\"text-align: center;\"><span style=\"color: #5e5e61;\">Eesti Londoni Seltsi Filmi\u00f5htu &#8211; \u00d5lim\u00e4e \u00d5ied<\/span><\/h2>\n<p>&nbsp;<\/p>\n<p><span style=\"color: #5e5e61;\"><em>Please scroll down for English<\/em>\u00a0<\/span><\/p>\n<p><span style=\"color: #5e5e61;\">\u00a0Kutsume teid vaatama Heilika Pikkovi dokumentaalfilmi \u00fche patuse nunna elust ja oma tee otsinguist<\/span><\/p>\n<p align=\"center\"><strong><span style=\"color: #5e5e61;\">\u00d5lim\u00e4e \u00f5ied (2013)<\/span><\/strong><\/p>\n<div align=\"center\"><span style=\"color: #5e5e61;\">21. m\u00e4rtsil 2015<\/span><\/div>\n<div align=\"center\"><span style=\"color: #5e5e61;\">kell 19.00 (sissep\u00e4\u00e4s alates 18.45)<\/span><\/div>\n<div align=\"center\"><span style=\"color: #5e5e61;\">Eesti Majas<\/span><\/div>\n<div align=\"center\">\n<p><span style=\"color: #5e5e61;\">\u00a018 Chepstow Villas, London W11 2RB\u00a0<\/span><\/p>\n<p><span style=\"color: #5e5e61;\">Sissep\u00e4\u00e4s tasuta, aga palun\u00a0<a style=\"color: #5e5e61;\" href=\"https:\/\/www.estoniansociety.co.uk\/en\/reg-vormid\/filmiohtule-registreerimine\/\">registreeri end SIIN<\/a>,\u00a0 sest kohtade arv on piiratud!<\/span><\/p>\n<p><span style=\"color: #5e5e61;\">\u00a0Avatud kohvik \u2013 kiluleib, sn\u00e4kid, tee ja kohv (arveldamine sularahas)<\/span><br \/>\n<span style=\"color: #5e5e61;\">\u00a0<\/span><\/p>\n<\/div>\n<p><span style=\"color: #5e5e61;\">&#8220;Voolav, karge ja stiilne lugu&#8230; V\u00e4ljapeetud portreefilm koos v\u00e4gagi keerulise k\u00fcsimuseasetusega: kas elamata j\u00e4\u00e4nud elu v\u00f5i hoopis teekond kirgastumise poole?&#8221; (Roman Baskin)<\/span><\/p>\n<p><span style=\"color: #5e5e61;\">Jeruusalemma k\u00fclje all, keset araablaste kvartalit \u00d5lim\u00e4el, elab vene \u00f5igeusu kloostris 82-aastane eestlannast nunn ema Ksenja. Kuigi k\u00f5rge betoonm\u00fc\u00fcriga eraldatud kloostris kella kunagi ei keerata ja elu k\u00e4ib endiselt Juliuse kalendri j\u00e4rgi, on kaksk\u00fcmmend aastat ema Ksenja jaoks m\u00f6\u00f6dunud kui \u00fcks silmapilk. Nunnade hierarhias on ta j\u00f5udnud eelviimasele astmele: on j\u00e4\u00e4nud vaid viimane samm, suur skeema ehk l\u00f5plik vaikus. Kuid enne vaikust on ema Ksenjale antud luba \u00e4ra r\u00e4\u00e4kida oma elu lugu.<\/span><\/p>\n<p><span style=\"color: #5e5e61;\">Film on eestikeelne, inglise keelsete subtiitritega.<\/span><\/p>\n<p><span style=\"color: #5e5e61;\">Vaata\u00a0<a style=\"color: #5e5e61;\" href=\"https:\/\/vimeo.com\/64537166\">treilerit<\/a><\/span><\/p>\n<p><span style=\"color: #5e5e61;\"><strong>Re\u017eiss\u00f6\u00f6r: HEILIKA PIKKOV<br \/>\nProdutsent: \u00dcLO PIKKOV<br \/>\nHelilooja: SVEN GR\u00dcNBERG<br \/>\nFilmistuudio: Silmviburlane\u00a0<\/strong><\/span><\/p>\n<p>&nbsp;<\/p>\n<p><span style=\"color: #5e5e61;\"><strong>Auhinnad<\/strong><\/span><\/p>\n<p><span style=\"color: #5e5e61;\"><strong>\u0160veitsi 66. Locarno filmifestivali 2013. aastal\u00a0<a style=\"color: #5e5e61;\" href=\"http:\/\/uudised.err.ee\/v\/vr\/kultuur\/d8b34950-5721-49f1-99b7-5303bb77db51\">Zonta Club Locarno auhind t\u00e4ispikkade dokumentaalfilmide v\u00f5istlusprogrammis &#8220;Semaine de la Critique&#8221;<\/a><\/strong><\/span><\/p>\n<p><span style=\"color: #5e5e61;\"><a style=\"color: #5e5e61;\" href=\"http:\/\/www.kulka.ee\/sihtkapitalid\/audiovisuaalne-kunst\/aastapreemiad\/2011-2013\" target=\"_blank\" rel=\"noopener\"><strong>Eesti Kultuurkapitali auhind aasta parimale dokumentaalfilmile<\/strong><\/a><\/span><\/p>\n<p><span style=\"color: #5e5e61;\"><strong>Eesti Filmiajakirjanike Assotsiatsiooni auhind 2013<\/strong>\u00a0&#8211; Aasta filmi nominent<\/span><\/p>\n<p><span style=\"color: #5e5e61;\"><a style=\"color: #5e5e61;\" href=\"http:\/\/www.estdocs.com\/pastwinners.html\" target=\"_blank\" rel=\"noopener\"><strong>EstDocs<\/strong><\/a>\u00a0\/ Kanada \/ 2013 &#8211;\u00a0<strong>\u017d\u00fcrii Peaauhind<\/strong><\/span><\/p>\n<p><span style=\"color: #5e5e61;\"><strong><a style=\"color: #5e5e61;\" href=\"http:\/\/www.sguardialtrovefilmfestival.it\/\" target=\"_blank\" rel=\"noopener\">Sguardi Altrove Filmifestival<\/a><\/strong>\u00a0\/ Itaalia \/ 2014 &#8211;\u00a0<strong>\u00c4ram\u00e4rgitud film<\/strong><\/span><\/p>\n<p><span style=\"color: #5e5e61;\">T\u00e4name Heilika Pikkovit filmi tasuta linastamise lubamise eest.<\/span><\/p>\n<p><span style=\"color: #5e5e61;\">___________________________________________________________<\/span><\/p>\n<div><span style=\"color: #5e5e61;\">London Estonian Society Movie Night\u00a0 for members and friends<\/span><\/div>\n<p>&nbsp;<\/p>\n<p><span style=\"color: #5e5e61;\">We are inviting you to watch a &#8220;flowing, crisp and stylish&#8221; documentary of the life of a sinful nun, by Heilika Pikkov:<\/span><\/p>\n<div align=\"center\"><span style=\"color: #5e5e61;\">Flowers from the Mount of Olives (2013)<\/span><\/div>\n<div align=\"center\"><span style=\"color: #5e5e61;\">Saturday, 21st March 2015<\/span><\/div>\n<div align=\"center\"><span style=\"color: #5e5e61;\">at 6.45pm (programme starts at 7pm)<\/span><\/div>\n<p><span style=\"color: #5e5e61;\">\u00a0Entrance: free, but\u00a0<a style=\"color: #5e5e61;\" href=\"https:\/\/www.estoniansociety.co.uk\/en\/reg-vormid\/filmiohtule-registreerimine\/\">please register HERE<\/a>\u00a0as the seats are limited.\u00a0Caf\u00e9 open (cash only)<\/span><\/p>\n<p><span style=\"color: #5e5e61;\">Right alongside Jerusalem, in a Russian Orthodox Convent in Mount of Olives, lives the 82 year-old Estonian nun Mother Ksenya. Although inside the convent\u2019s cement walls the clock is never set and life still follows the Julius calendar, the 20 years that Mother Ksenya has spent there have passed by in a flash. In the hierarchy of the nunnery she has now achieved the second-to-last level. She is heading towards complete silence, the Great Schema. But before that she has been given permission to tell the story of her life for the very last time.<\/span><\/p>\n<p>&nbsp;<\/p>\n<p><span style=\"color: #5e5e61;\">Watch the\u00a0<a style=\"color: #5e5e61;\" href=\"https:\/\/vimeo.com\/64537166\">trailer<\/a><\/span><\/p>\n<p><span style=\"color: #5e5e61;\"><strong>Director: HEILIKA PIKKOV<br \/>\nProducer: \u00dcLO PIKKOV<br \/>\nComposer: SVEN GR\u00dcNBERG<br \/>\nProduction company: Silmviburlane<\/strong><\/span><\/p>\n<p><span style=\"color: #5e5e61;\"><strong>AWARDS<\/strong><\/span><\/p>\n<p><span style=\"color: #5e5e61;\"><a style=\"color: #5e5e61;\" href=\"http:\/\/www.pardolive.ch\/\" target=\"_blank\" rel=\"noopener\"><strong>66. Locarno Film Festival<\/strong><\/a>\u00a0\/ Semaine de la Critique \/ Switzerland \/ 2013 &#8211;\u00a0<strong>Premio Zonta Club Locarno<\/strong><\/span><\/p>\n<p><span style=\"color: #5e5e61;\"><a style=\"color: #5e5e61;\" href=\"http:\/\/www.kulka.ee\/sihtkapitalid\/audiovisuaalne-kunst\/aastapreemiad\/2011-2013\" target=\"_blank\" rel=\"noopener\"><strong>Cultural Endowment of Estonia&#8217;s \u00a0awards 2013\u00a0<\/strong><\/a>\u00a0&#8211;\u00a0<strong>Best Documentary of the Year<\/strong><\/span><\/p>\n<p><span style=\"color: #5e5e61;\"><strong>Estonian Association of Film Journalists&#8217; awards 2013<\/strong>\u00a0&#8211;\u00a0<strong>Film of the Year\u00a0nomination<\/strong><\/span><\/p>\n<p><span style=\"color: #5e5e61;\"><a style=\"color: #5e5e61;\" href=\"http:\/\/www.estdocs.com\/pastwinners.html\" target=\"_blank\" rel=\"noopener\"><strong>EstDocs<\/strong><\/a>\u00a0\/ Canada \/ 2013 &#8211;\u00a0<strong>Jury Award Top Prize<\/strong><\/span><\/p>\n<p><span style=\"color: #5e5e61;\"><strong><a style=\"color: #5e5e61;\" href=\"http:\/\/www.sguardialtrovefilmfestival.it\/\" target=\"_blank\" rel=\"noopener\">Sguardi Altrove Film Festival<\/a><\/strong>\u00a0\/ Italy \/ 2014 &#8211;\u00a0<strong>Special Mention<\/strong><\/span><\/p>\n<p>&nbsp;<\/p>\n<p><span style=\"color: #5e5e61;\"><strong>Reviews \u00a0in English:<br \/>\n<\/strong><strong><a style=\"color: #5e5e61;\" href=\"http:\/\/www.hollywoodreporter.com\/review\/flowers-mount-olives-olimae-oied-614179\" target=\"_blank\" rel=\"noopener\">Hollywood Reporter<br \/>\n<\/a><\/strong><strong><a style=\"color: #5e5e61;\" href=\"http:\/\/cineuropa.org\/nw.aspx?t=newsdetail&amp;did=242844\" target=\"_blank\" rel=\"noopener\">Cineuropa<br \/>\n<\/a><\/strong><strong><a style=\"color: #5e5e61;\" href=\"http:\/\/nextprojection.com\/2014\/04\/04\/full-frame-flowers-mount-olives-review\/\" target=\"_blank\" rel=\"noopener\">Next Projection<\/a><a style=\"color: #5e5e61;\" href=\"http:\/\/cineuropa.org\/nw.aspx?t=newsdetail&amp;did=242844\" target=\"_blank\" rel=\"noopener\">\u00a0<\/a><\/strong><\/span><\/p>\n<p><span style=\"color: #5e5e61;\">Thank you to Heilika Pikkov for allowing the free screening of her film!<\/span><\/p>\n<p>&nbsp;<\/p>","protected":false},"excerpt":{"rendered":"<p>&nbsp; Eesti Londoni Seltsi Filmi\u00f5htu &#8211; \u00d5lim\u00e4e \u00d5ied &nbsp; Please scroll down for English\u00a0 \u00a0Kutsume teid vaatama Heilika Pikkovi dokumentaalfilmi \u00fche patuse nunna elust ja oma tee otsinguist \u00d5lim\u00e4e \u00f5ied (2013) 21. m\u00e4rtsil 2015 kell 19.00 (sissep\u00e4\u00e4s alates 18.45) Eesti Majas \u00a018 Chepstow Villas, London W11 2RB\u00a0 Sissep\u00e4\u00e4s tasuta, aga palun\u00a0registreeri end SIIN,\u00a0 sest kohtade &hellip;<\/p>\n<p class=\"read-more\"> <a class=\"\" href=\"https:\/\/www.estoniansociety.co.uk\/en\/uritused-eesti-londoni-seltsi-filmiohtu-olimae-oied\/\"> <span class=\"screen-reader-text\">Arhiiv &#8211; 2015 &#8211; \u00dcritused &#8211; Eesti Londoni Seltsi Filmi\u00f5htu &#8211; \u00d5lim\u00e4e \u00d5ied<\/span> Read More &raquo;<\/a><\/p>","protected":false},"author":1,"featured_media":0,"parent":0,"menu_order":0,"comment_status":"closed","ping_status":"closed","template":"","meta":{"_mi_skip_tracking":false,"footnotes":""},"class_list":["post-983","page","type-page","status-publish","hentry"],"_links":{"self":[{"href":"https:\/\/www.estoniansociety.co.uk\/en\/wp-json\/wp\/v2\/pages\/983","targetHints":{"allow":["GET"]}}],"collection":[{"href":"https:\/\/www.estoniansociety.co.uk\/en\/wp-json\/wp\/v2\/pages"}],"about":[{"href":"https:\/\/www.estoniansociety.co.uk\/en\/wp-json\/wp\/v2\/types\/page"}],"author":[{"embeddable":true,"href":"https:\/\/www.estoniansociety.co.uk\/en\/wp-json\/wp\/v2\/users\/1"}],"replies":[{"embeddable":true,"href":"https:\/\/www.estoniansociety.co.uk\/en\/wp-json\/wp\/v2\/comments?post=983"}],"version-history":[{"count":4,"href":"https:\/\/www.estoniansociety.co.uk\/en\/wp-json\/wp\/v2\/pages\/983\/revisions"}],"predecessor-version":[{"id":2626,"href":"https:\/\/www.estoniansociety.co.uk\/en\/wp-json\/wp\/v2\/pages\/983\/revisions\/2626"}],"wp:attachment":[{"href":"https:\/\/www.estoniansociety.co.uk\/en\/wp-json\/wp\/v2\/media?parent=983"}],"curies":[{"name":"wp","href":"https:\/\/api.w.org\/{rel}","templated":true}]}}