{"id":977,"date":"2021-06-13T19:02:01","date_gmt":"2021-06-13T19:02:01","guid":{"rendered":"https:\/\/estoniansociety.co.uk\/?page_id=977"},"modified":"2021-07-05T06:03:42","modified_gmt":"2021-07-05T06:03:42","slug":"uritused-gabo-manchano-kutsub-naituse-avamisele","status":"publish","type":"page","link":"https:\/\/www.estoniansociety.co.uk\/en\/uritused-gabo-manchano-kutsub-naituse-avamisele\/","title":{"rendered":"Arhiiv &#8211; 2015 &#8211; \u00dcritused &#8211; Gabo Manchano kutsub n\u00e4ituse avamisele"},"content":{"rendered":"<p>&nbsp;<\/p>\n<h2 style=\"text-align: center;\"><span style=\"color: #5e5e61;\">Gabo Manchano Kutsub N\u00e4ituse Avamisele<\/span><\/h2>\n<p>&nbsp;<\/p>\n<div>\n<p><span style=\"color: #5e5e61;\">Teisip\u00e4eval, 31. m\u00e4rtsil kell 18:30 avatakse Londonis eesti kaasaegset kunsti esindava Gabo Manchano Galerii n\u00e4itus pealkirjaga \u201c<strong>ERROR<\/strong>\u201d, mis keskendub k\u00f5igele &#8220;valele&#8221; teatud kontekstis, pannes vaatajat m\u00f5tisklema antud m\u00f5iste definitsioonile loomingulisest k\u00fcljest.<\/span><\/p>\n<\/div>\n<div><span style=\"color: #5e5e61;\">N\u00e4itusel osalevad eesti kunstnikud\u00a0Lilian Hiob\u00a0(Tallinn),\u00a0Saskia J\u00e4rve\u00a0(Tallinn),\u00a0Mauri Gross\u00a0(Tallinn),\u00a0Gerli Kont\u00a0(Barcelona) ja\u00a0Ulla Juske\u00a0(London).\u00a0<\/span><\/div>\n<div><span style=\"color: #5e5e61;\">N\u00e4ituse kuraatorid on Michael Channon ja Karolin Ott.<\/span><\/div>\n<div>\n<p><span style=\"color: #5e5e61;\">N\u00e4itus j\u00e4\u00e4b avatuks 4. aprillini.<\/span><\/p>\n<\/div>\n<div><span style=\"color: #5e5e61;\">T\u00e4psema info \u00fcrituse ja osalevate kunstnike kohta leiate siit:\u00a0<a style=\"color: #5e5e61;\" href=\"http:\/\/www.gabomanchano.com\/\">www.gabomanchano.com<\/a><\/span><\/div>\n<div><span style=\"color: #5e5e61;\">Kuup\u00e4ev: Teisip\u00e4ev, 31. m\u00e4rts 2014<\/span><\/div>\n<div><span style=\"color: #5e5e61;\">Algus: 18:30<\/span><\/div>\n<div><span style=\"color: #5e5e61;\">Koht: Leyden Gallery, 9\/9a Leyden Street, London E1 7LE<\/span><br \/>\n<span style=\"color: #5e5e61;\">Registreerimine:\u00a0<a style=\"color: #5e5e61;\" href=\"https:\/\/gabomanchano.eventbrite.co.uk\/\">https:\/\/gabomanchano.eventbrite.co.uk<\/a><\/span><\/div>\n<div><span style=\"color: #5e5e61;\">\u00dcritust toetab Eesti Suursaatkond Londonis.<\/span><\/div>","protected":false},"excerpt":{"rendered":"<p>&nbsp; Gabo Manchano Kutsub N\u00e4ituse Avamisele &nbsp; Teisip\u00e4eval, 31. m\u00e4rtsil kell 18:30 avatakse Londonis eesti kaasaegset kunsti esindava Gabo Manchano Galerii n\u00e4itus pealkirjaga \u201cERROR\u201d, mis keskendub k\u00f5igele &#8220;valele&#8221; teatud kontekstis, pannes vaatajat m\u00f5tisklema antud m\u00f5iste definitsioonile loomingulisest k\u00fcljest. N\u00e4itusel osalevad eesti kunstnikud\u00a0Lilian Hiob\u00a0(Tallinn),\u00a0Saskia J\u00e4rve\u00a0(Tallinn),\u00a0Mauri Gross\u00a0(Tallinn),\u00a0Gerli Kont\u00a0(Barcelona) ja\u00a0Ulla Juske\u00a0(London).\u00a0 N\u00e4ituse kuraatorid on Michael Channon ja Karolin &hellip;<\/p>\n<p class=\"read-more\"> <a class=\"\" href=\"https:\/\/www.estoniansociety.co.uk\/en\/uritused-gabo-manchano-kutsub-naituse-avamisele\/\"> <span class=\"screen-reader-text\">Arhiiv &#8211; 2015 &#8211; \u00dcritused &#8211; Gabo Manchano kutsub n\u00e4ituse avamisele<\/span> Read More &raquo;<\/a><\/p>","protected":false},"author":1,"featured_media":0,"parent":0,"menu_order":0,"comment_status":"closed","ping_status":"closed","template":"","meta":{"_mi_skip_tracking":false,"footnotes":""},"class_list":["post-977","page","type-page","status-publish","hentry"],"_links":{"self":[{"href":"https:\/\/www.estoniansociety.co.uk\/en\/wp-json\/wp\/v2\/pages\/977","targetHints":{"allow":["GET"]}}],"collection":[{"href":"https:\/\/www.estoniansociety.co.uk\/en\/wp-json\/wp\/v2\/pages"}],"about":[{"href":"https:\/\/www.estoniansociety.co.uk\/en\/wp-json\/wp\/v2\/types\/page"}],"author":[{"embeddable":true,"href":"https:\/\/www.estoniansociety.co.uk\/en\/wp-json\/wp\/v2\/users\/1"}],"replies":[{"embeddable":true,"href":"https:\/\/www.estoniansociety.co.uk\/en\/wp-json\/wp\/v2\/comments?post=977"}],"version-history":[{"count":4,"href":"https:\/\/www.estoniansociety.co.uk\/en\/wp-json\/wp\/v2\/pages\/977\/revisions"}],"predecessor-version":[{"id":2628,"href":"https:\/\/www.estoniansociety.co.uk\/en\/wp-json\/wp\/v2\/pages\/977\/revisions\/2628"}],"wp:attachment":[{"href":"https:\/\/www.estoniansociety.co.uk\/en\/wp-json\/wp\/v2\/media?parent=977"}],"curies":[{"name":"wp","href":"https:\/\/api.w.org\/{rel}","templated":true}]}}