{"id":974,"date":"2021-06-13T18:56:11","date_gmt":"2021-06-13T18:56:11","guid":{"rendered":"https:\/\/estoniansociety.co.uk\/?page_id=974"},"modified":"2021-10-18T06:10:42","modified_gmt":"2021-10-18T06:10:42","slug":"uritused-noorte-eesti-lati-ja-leedu-muusikute-traditsiooniline-uhiskontsert-baltimaade-noor-talent","status":"publish","type":"page","link":"https:\/\/www.estoniansociety.co.uk\/en\/uritused-noorte-eesti-lati-ja-leedu-muusikute-traditsiooniline-uhiskontsert-baltimaade-noor-talent\/","title":{"rendered":"Arhiiv &#8211; 2015 &#8211; \u00dcritused &#8211; Noorte Eesti, L\u00e4ti ja Leedu muusikute traditsiooniline \u00fchiskontsert &#8220;Baltimaade noor talent&#8221;"},"content":{"rendered":"<p>&nbsp;<\/p>\n<h3 style=\"text-align: center;\">Noorte Eesti, L\u00e4ti ja Leedu muusikute traditsiooniline \u00fchiskontsert &#8220;Baltimaade noor talent&#8221;<\/h3>\n<p>&nbsp;<\/p>\n<p><img loading=\"lazy\" decoding=\"async\" class=\"wp-image-975 aligncenter\" src=\"https:\/\/estoniansociety.co.uk\/wp-content\/uploads\/2021\/06\/youngbaltictalent_1-232x300.jpg\" alt=\"\" width=\"385\" height=\"498\" srcset=\"https:\/\/www.estoniansociety.co.uk\/wp-content\/uploads\/2021\/06\/youngbaltictalent_1-232x300.jpg 232w, https:\/\/www.estoniansociety.co.uk\/wp-content\/uploads\/2021\/06\/youngbaltictalent_1-791x1024.jpg 791w, https:\/\/www.estoniansociety.co.uk\/wp-content\/uploads\/2021\/06\/youngbaltictalent_1-768x994.jpg 768w, https:\/\/www.estoniansociety.co.uk\/wp-content\/uploads\/2021\/06\/youngbaltictalent_1-1187x1536.jpg 1187w, https:\/\/www.estoniansociety.co.uk\/wp-content\/uploads\/2021\/06\/youngbaltictalent_1.jpg 1275w\" sizes=\"auto, (max-width: 385px) 100vw, 385px\" \/><\/p>","protected":false},"excerpt":{"rendered":"<p>&nbsp; Noorte Eesti, L\u00e4ti ja Leedu muusikute traditsiooniline \u00fchiskontsert &#8220;Baltimaade noor talent&#8221; &nbsp;<\/p>","protected":false},"author":1,"featured_media":0,"parent":0,"menu_order":0,"comment_status":"closed","ping_status":"closed","template":"","meta":{"_mi_skip_tracking":false,"footnotes":""},"class_list":["post-974","page","type-page","status-publish","hentry"],"_links":{"self":[{"href":"https:\/\/www.estoniansociety.co.uk\/en\/wp-json\/wp\/v2\/pages\/974","targetHints":{"allow":["GET"]}}],"collection":[{"href":"https:\/\/www.estoniansociety.co.uk\/en\/wp-json\/wp\/v2\/pages"}],"about":[{"href":"https:\/\/www.estoniansociety.co.uk\/en\/wp-json\/wp\/v2\/types\/page"}],"author":[{"embeddable":true,"href":"https:\/\/www.estoniansociety.co.uk\/en\/wp-json\/wp\/v2\/users\/1"}],"replies":[{"embeddable":true,"href":"https:\/\/www.estoniansociety.co.uk\/en\/wp-json\/wp\/v2\/comments?post=974"}],"version-history":[{"count":4,"href":"https:\/\/www.estoniansociety.co.uk\/en\/wp-json\/wp\/v2\/pages\/974\/revisions"}],"predecessor-version":[{"id":5736,"href":"https:\/\/www.estoniansociety.co.uk\/en\/wp-json\/wp\/v2\/pages\/974\/revisions\/5736"}],"wp:attachment":[{"href":"https:\/\/www.estoniansociety.co.uk\/en\/wp-json\/wp\/v2\/media?parent=974"}],"curies":[{"name":"wp","href":"https:\/\/api.w.org\/{rel}","templated":true}]}}