{"id":971,"date":"2021-06-13T18:47:21","date_gmt":"2021-06-13T18:47:21","guid":{"rendered":"https:\/\/estoniansociety.co.uk\/?page_id=971"},"modified":"2021-10-18T06:13:19","modified_gmt":"2021-10-18T06:13:19","slug":"uritused-triinu-klubi-alustab-eesti-majas","status":"publish","type":"page","link":"https:\/\/www.estoniansociety.co.uk\/en\/uritused-triinu-klubi-alustab-eesti-majas\/","title":{"rendered":"Arhiiv &#8211; 2015 &#8211; \u00dcritused &#8211; Triinu Klubi Alustab Eesti Majas"},"content":{"rendered":"<p>&nbsp;<\/p>\n<h2 style=\"text-align: center;\">Triinu Klubi Alustab Eesti Majas<\/h2>\n<p>&nbsp;<\/p>\n<p style=\"text-align: center;\">\u00dchine meiega 7. novembril kell 14:00 Eesti Majas, et osa v\u00f5tta Muhu-teemalisest k\u00e4sit\u00f6\u00f6toast.<\/p>\n<p>&nbsp;<\/p>\n<p><img loading=\"lazy\" decoding=\"async\" class=\"wp-image-5738 aligncenter\" src=\"https:\/\/www.estoniansociety.co.uk\/wp-content\/uploads\/2021\/10\/Triinuklubi_2015_2-300x225.jpg\" alt=\"\" width=\"396\" height=\"297\" srcset=\"https:\/\/www.estoniansociety.co.uk\/wp-content\/uploads\/2021\/10\/Triinuklubi_2015_2-300x225.jpg 300w, https:\/\/www.estoniansociety.co.uk\/wp-content\/uploads\/2021\/10\/Triinuklubi_2015_2-16x12.jpg 16w, https:\/\/www.estoniansociety.co.uk\/wp-content\/uploads\/2021\/10\/Triinuklubi_2015_2.jpg 558w\" sizes=\"auto, (max-width: 396px) 100vw, 396px\" \/><\/p>","protected":false},"excerpt":{"rendered":"<p>&nbsp; Triinu Klubi Alustab Eesti Majas &nbsp; \u00dchine meiega 7. novembril kell 14:00 Eesti Majas, et osa v\u00f5tta Muhu-teemalisest k\u00e4sit\u00f6\u00f6toast. &nbsp;<\/p>","protected":false},"author":1,"featured_media":0,"parent":0,"menu_order":0,"comment_status":"closed","ping_status":"closed","template":"","meta":{"_mi_skip_tracking":false,"footnotes":""},"class_list":["post-971","page","type-page","status-publish","hentry"],"_links":{"self":[{"href":"https:\/\/www.estoniansociety.co.uk\/en\/wp-json\/wp\/v2\/pages\/971","targetHints":{"allow":["GET"]}}],"collection":[{"href":"https:\/\/www.estoniansociety.co.uk\/en\/wp-json\/wp\/v2\/pages"}],"about":[{"href":"https:\/\/www.estoniansociety.co.uk\/en\/wp-json\/wp\/v2\/types\/page"}],"author":[{"embeddable":true,"href":"https:\/\/www.estoniansociety.co.uk\/en\/wp-json\/wp\/v2\/users\/1"}],"replies":[{"embeddable":true,"href":"https:\/\/www.estoniansociety.co.uk\/en\/wp-json\/wp\/v2\/comments?post=971"}],"version-history":[{"count":5,"href":"https:\/\/www.estoniansociety.co.uk\/en\/wp-json\/wp\/v2\/pages\/971\/revisions"}],"predecessor-version":[{"id":5739,"href":"https:\/\/www.estoniansociety.co.uk\/en\/wp-json\/wp\/v2\/pages\/971\/revisions\/5739"}],"wp:attachment":[{"href":"https:\/\/www.estoniansociety.co.uk\/en\/wp-json\/wp\/v2\/media?parent=971"}],"curies":[{"name":"wp","href":"https:\/\/api.w.org\/{rel}","templated":true}]}}