{"id":959,"date":"2021-06-13T18:44:07","date_gmt":"2021-06-13T18:44:07","guid":{"rendered":"https:\/\/estoniansociety.co.uk\/?page_id=959"},"modified":"2021-10-18T06:13:57","modified_gmt":"2021-10-18T06:13:57","slug":"uritused-triinu-klubi-eesti-majas","status":"publish","type":"page","link":"https:\/\/www.estoniansociety.co.uk\/en\/uritused-triinu-klubi-eesti-majas\/","title":{"rendered":"Arhiiv &#8211; 2015 &#8211; \u00dcritused &#8211; Triinu Klubi Eesti Majas"},"content":{"rendered":"<p>&nbsp;<\/p>\n<h2 style=\"text-align: center;\"><span style=\"color: #5e5e61;\">Triinu Klubi Eesti Majas<\/span><\/h2>\n<p>&nbsp;<\/p>\n<p style=\"text-align: center;\"><span style=\"color: #5e5e61;\">\u00dchine meiega 28. novembril kell 13:00 Eesti Majas, et osa v\u00f5tta Muhu-teemalisest k\u00e4sit\u00f6\u00f6toast.<\/span><\/p>\n<p>&nbsp;<\/p>\n<p><img loading=\"lazy\" decoding=\"async\" class=\"wp-image-5737 aligncenter\" src=\"https:\/\/www.estoniansociety.co.uk\/wp-content\/uploads\/2021\/10\/Triinuklubi_2015-300x169.jpg\" alt=\"\" width=\"493\" height=\"278\" srcset=\"https:\/\/www.estoniansociety.co.uk\/wp-content\/uploads\/2021\/10\/Triinuklubi_2015-300x169.jpg 300w, https:\/\/www.estoniansociety.co.uk\/wp-content\/uploads\/2021\/10\/Triinuklubi_2015-18x10.jpg 18w, https:\/\/www.estoniansociety.co.uk\/wp-content\/uploads\/2021\/10\/Triinuklubi_2015.jpg 550w\" sizes=\"auto, (max-width: 493px) 100vw, 493px\" \/><\/p>\n<div class=\"article_header\"><\/div>","protected":false},"excerpt":{"rendered":"<p>&nbsp; Triinu Klubi Eesti Majas &nbsp; \u00dchine meiega 28. novembril kell 13:00 Eesti Majas, et osa v\u00f5tta Muhu-teemalisest k\u00e4sit\u00f6\u00f6toast. &nbsp;<\/p>","protected":false},"author":1,"featured_media":0,"parent":0,"menu_order":0,"comment_status":"closed","ping_status":"closed","template":"","meta":{"_mi_skip_tracking":false,"footnotes":""},"class_list":["post-959","page","type-page","status-publish","hentry"],"_links":{"self":[{"href":"https:\/\/www.estoniansociety.co.uk\/en\/wp-json\/wp\/v2\/pages\/959","targetHints":{"allow":["GET"]}}],"collection":[{"href":"https:\/\/www.estoniansociety.co.uk\/en\/wp-json\/wp\/v2\/pages"}],"about":[{"href":"https:\/\/www.estoniansociety.co.uk\/en\/wp-json\/wp\/v2\/types\/page"}],"author":[{"embeddable":true,"href":"https:\/\/www.estoniansociety.co.uk\/en\/wp-json\/wp\/v2\/users\/1"}],"replies":[{"embeddable":true,"href":"https:\/\/www.estoniansociety.co.uk\/en\/wp-json\/wp\/v2\/comments?post=959"}],"version-history":[{"count":4,"href":"https:\/\/www.estoniansociety.co.uk\/en\/wp-json\/wp\/v2\/pages\/959\/revisions"}],"predecessor-version":[{"id":5740,"href":"https:\/\/www.estoniansociety.co.uk\/en\/wp-json\/wp\/v2\/pages\/959\/revisions\/5740"}],"wp:attachment":[{"href":"https:\/\/www.estoniansociety.co.uk\/en\/wp-json\/wp\/v2\/media?parent=959"}],"curies":[{"name":"wp","href":"https:\/\/api.w.org\/{rel}","templated":true}]}}