{"id":953,"date":"2021-06-13T18:32:54","date_gmt":"2021-06-13T18:32:54","guid":{"rendered":"https:\/\/estoniansociety.co.uk\/?page_id=953"},"modified":"2021-07-05T06:02:12","modified_gmt":"2021-07-05T06:02:12","slug":"uritused-eesti-abistamise-komitee-joululouna","status":"publish","type":"page","link":"https:\/\/www.estoniansociety.co.uk\/en\/uritused-eesti-abistamise-komitee-joululouna\/","title":{"rendered":"Arhiiv &#8211; 2015 &#8211; \u00dcritused &#8211; Eesti Abistamise Komitee J\u00f5ulul\u00f5una"},"content":{"rendered":"<p>&nbsp;<\/p>\n<h2 style=\"text-align: center;\"><span style=\"color: #5e5e61;\">Eesti Abistamise Komitee J\u00f5ulul\u00f5una<\/span><\/h2>\n<p>&nbsp;<\/p>\n<p><span style=\"color: #5e5e61;\">Londoni Eesti Majas<\/span><\/p>\n<p><span style=\"color: #5e5e61;\">18 Chepstow Villas W11 2RB<\/span><\/p>\n<p><span style=\"color: #5e5e61;\">J\u00f5ulupalvuse peab Lagle Heinla,<\/span><\/p>\n<p><span style=\"color: #5e5e61;\">\u00fchislaul \u201cP\u00fcha \u00f6\u00f6\u201d Reet Kromeli klaverisaatel,<\/span><\/p>\n<p><span style=\"color: #5e5e61;\">esinevad Londoni Eesti Kooli lapsed.<\/span><\/p>\n<p>&nbsp;<\/p>\n<p><span style=\"color: #5e5e61;\">Pakutakse ahjukartuleid, hapukapsaid, sealiha, verivorsti ja lisaks klaas veini.<\/span><\/p>\n<p><span style=\"color: #5e5e61;\">Magustoit, kohv ja piparkoogid!!!<\/span><\/p>\n<p>&nbsp;<\/p>\n<p><span style=\"color: #5e5e61;\">J\u00f5ulul\u00f5una hind\u00a0 \u00a310<\/span><\/p>\n<p><span style=\"color: #5e5e61;\">Lapsed vanuses 11-16\u00a0 \u00a33.50<\/span><\/p>\n<p><span style=\"color: #5e5e61;\">Lapsed alla 10 aasta TASUTA<\/span><\/p>\n<p><span style=\"color: #5e5e61;\">Tuleb k\u00fclla j\u00f5uluvana!!!<\/span><\/p>\n<p>&nbsp;<\/p>\n<p><span style=\"color: #5e5e61;\">Osav\u00f5tust palutakse teatada hiljemalt neljap\u00e4evaks 10. detsembriks<\/span><\/p>\n<p><span style=\"color: #5e5e61;\">telefoni\u00a0 v\u00f5i e-posti teel<\/span><\/p>\n<p><span style=\"color: #5e5e61;\">Ida Lemsalu 02088933816 v\u00f5i<\/span><\/p>\n<p><span style=\"color: #5e5e61;\">Piret Randam\u00a0<a style=\"color: #5e5e61;\" href=\"mailto:piret@blueyonder.co.uk\">piret@blueyonder.co.uk<\/a><\/span><\/p>\n<p>&nbsp;<\/p>\n<p><span style=\"color: #5e5e61;\">Oodatud on annetused loteriiks!!!<\/span><\/p>\n<p><span style=\"color: #5e5e61;\">Lastele on m\u00e4ngutuba!!!<\/span><\/p>\n<p><span style=\"color: #5e5e61;\">K\u00f5ik on teretulnud!<\/span><\/p>","protected":false},"excerpt":{"rendered":"<p>&nbsp; Eesti Abistamise Komitee J\u00f5ulul\u00f5una &nbsp; Londoni Eesti Majas 18 Chepstow Villas W11 2RB J\u00f5ulupalvuse peab Lagle Heinla, \u00fchislaul \u201cP\u00fcha \u00f6\u00f6\u201d Reet Kromeli klaverisaatel, esinevad Londoni Eesti Kooli lapsed. &nbsp; Pakutakse ahjukartuleid, hapukapsaid, sealiha, verivorsti ja lisaks klaas veini. Magustoit, kohv ja piparkoogid!!! &nbsp; J\u00f5ulul\u00f5una hind\u00a0 \u00a310 Lapsed vanuses 11-16\u00a0 \u00a33.50 Lapsed alla 10 aasta &hellip;<\/p>\n<p class=\"read-more\"> <a class=\"\" href=\"https:\/\/www.estoniansociety.co.uk\/en\/uritused-eesti-abistamise-komitee-joululouna\/\"> <span class=\"screen-reader-text\">Arhiiv &#8211; 2015 &#8211; \u00dcritused &#8211; Eesti Abistamise Komitee J\u00f5ulul\u00f5una<\/span> Read More &raquo;<\/a><\/p>","protected":false},"author":1,"featured_media":0,"parent":0,"menu_order":0,"comment_status":"closed","ping_status":"closed","template":"","meta":{"_mi_skip_tracking":false,"footnotes":""},"class_list":["post-953","page","type-page","status-publish","hentry"],"_links":{"self":[{"href":"https:\/\/www.estoniansociety.co.uk\/en\/wp-json\/wp\/v2\/pages\/953","targetHints":{"allow":["GET"]}}],"collection":[{"href":"https:\/\/www.estoniansociety.co.uk\/en\/wp-json\/wp\/v2\/pages"}],"about":[{"href":"https:\/\/www.estoniansociety.co.uk\/en\/wp-json\/wp\/v2\/types\/page"}],"author":[{"embeddable":true,"href":"https:\/\/www.estoniansociety.co.uk\/en\/wp-json\/wp\/v2\/users\/1"}],"replies":[{"embeddable":true,"href":"https:\/\/www.estoniansociety.co.uk\/en\/wp-json\/wp\/v2\/comments?post=953"}],"version-history":[{"count":3,"href":"https:\/\/www.estoniansociety.co.uk\/en\/wp-json\/wp\/v2\/pages\/953\/revisions"}],"predecessor-version":[{"id":2625,"href":"https:\/\/www.estoniansociety.co.uk\/en\/wp-json\/wp\/v2\/pages\/953\/revisions\/2625"}],"wp:attachment":[{"href":"https:\/\/www.estoniansociety.co.uk\/en\/wp-json\/wp\/v2\/media?parent=953"}],"curies":[{"name":"wp","href":"https:\/\/api.w.org\/{rel}","templated":true}]}}