{"id":939,"date":"2021-06-13T18:18:08","date_gmt":"2021-06-13T18:18:08","guid":{"rendered":"https:\/\/estoniansociety.co.uk\/?page_id=939"},"modified":"2021-07-05T05:37:44","modified_gmt":"2021-07-05T05:37:44","slug":"uritused-eesti-vabariigi-99-pidulik-aastapaev-londonis","status":"publish","type":"page","link":"https:\/\/www.estoniansociety.co.uk\/en\/uritused-eesti-vabariigi-99-pidulik-aastapaev-londonis\/","title":{"rendered":"Arhiiv &#8211; 2017 &#8211; \u00dcritused &#8211; Eesti Vabariigi 99. pidulik aastap\u00e4ev Londonis"},"content":{"rendered":"<p>&nbsp;<\/p>\n<h2 style=\"text-align: center;\"><span style=\"color: #5e5e61;\">Eesti Vabariigi 99. pidulik aastap\u00e4ev Londonis<\/span><\/h2>\n<p>&nbsp;<\/p>\n<p style=\"font-weight: 400;\"><span style=\"color: #5e5e61;\">EV99 Londonis peetud piduliku aktuse artikkel on\u00a0<a style=\"color: #5e5e61;\" href=\"http:\/\/londonieestlased.blogspot.co.uk\/2017\/03\/eesti-vabariigi-99-aastapaev-londonis.html\">BLOGIS\u00a0<\/a>lugeda ja pildid\u00a0<a style=\"color: #5e5e61;\" href=\"https:\/\/www.facebook.com\/pg\/londonieestiselts\/photos\/?tab=album&amp;album_id=1214657725250814\">FACEBOOKIS<\/a>! \u00a0Artikkel ilmus ka &#8220;Eesti H\u00e4\u00e4l&#8221; m\u00e4rtsikuu, 2017 numbris.<\/span><\/p>\n<p style=\"font-weight: 400;\"><span style=\"color: #5e5e61;\">Pilt: Triinu Rajasalu\u00a0<\/span><\/p>\n<p style=\"font-weight: 400;\"><span style=\"color: #5e5e61;\"><b><strong><em>Eesti Vabariik 99. Aastp<\/em><\/strong><\/b><b><strong><em>\u00e4eva pidulik aktus<\/em><\/strong><\/b><\/span><\/p>\n<p style=\"font-weight: 400;\"><span style=\"color: #5e5e61;\"><em>Laup\u00e4eval, 25.veebruaril kell 17:00 (uksed avatakse kell 16:30)<\/em><\/span><\/p>\n<p style=\"font-weight: 400;\"><span style=\"color: #5e5e61;\"><em>Asukoht:\u00a0 Westminster Cathedral Hall,<\/em><\/span><\/p>\n<p style=\"font-weight: 400;\"><span style=\"color: #5e5e61;\"><a style=\"color: #5e5e61;\" href=\"https:\/\/www.google.co.uk\/maps\/place\/Ambrosden+Ave,+Westminster,+London+SW1P\/@51.4959625,-0.1412311,17z\/data=!3m1!4b1!4m5!3m4!1s0x487604dfa4a495b9:0x2181a1fb9079ad53!8m2!3d51.4959625!4d-0.1390424\">Ambrosden Ave, Westminster, London SW1P 1QW<\/a><\/span><\/p>\n<p style=\"font-weight: 400;\"><span style=\"color: #5e5e61;\"><em>******<\/em><\/span><\/p>\n<p style=\"font-weight: 400;\"><span style=\"color: #5e5e61;\"><em>Kontserdi peaesinejateks on\u00a0<b><strong>Kelli Uustani<\/strong><\/b>\u00a0ja\u00a0<b><strong>Kusti Lemba<\/strong><\/b>\u00a0Eestist.\u00a0<\/em><\/span><span style=\"color: #5e5e61;\"><em>Kontserdil astuvad \u00fcles<\/em><\/span><\/p>\n<p style=\"font-weight: 400;\"><span style=\"color: #5e5e61;\"><b><strong><em>Mirjam Mesak<\/em><\/strong><\/b><em>\u00a0ja\u00a0<b><strong>Heldur Harry P<\/strong><\/b><\/em><b><strong><em>\u00f5lda<\/em><\/strong><\/b><em>,<\/em><\/span><\/p>\n<p style=\"font-weight: 400;\"><span style=\"color: #5e5e61;\"><em>Londoni Eesti Kooli \u00f5pilane\u00a0<b><strong>Mirjam Ellesawi<\/strong><\/b>,<\/em><\/span><\/p>\n<p style=\"font-weight: 400;\"><span style=\"color: #5e5e61;\"><b><strong><em>Londoni Eesti Seltsi Rahvatantsur\u00fchm<\/em><\/strong><\/b><em>,<\/em><\/span><\/p>\n<p style=\"font-weight: 400;\"><span style=\"color: #5e5e61;\"><b><strong><em>Londoni Eesti Seltsi Segakoor.<\/em><\/strong><\/b><\/span><\/p>\n<p>Peok\u00f5ne peab\u00a0<b><strong>Eesti suursaadik Londonis<\/strong><\/b>\u00a0<b><strong>Lauri Bambus.<\/strong><\/b><\/p>\n<p style=\"font-weight: 400;\"><span style=\"color: #5e5e61;\"><em>Kontserdile j\u00e4rgneb vastuv\u00f5tt,<\/em><\/span><\/p>\n<p style=\"font-weight: 400;\"><span style=\"color: #5e5e61;\"><em>kus\u00a0pakume k\u00f5igile k\u00fclalistele vahuveini, sinna k\u00f5rvale rukkileiba kiluga ja eesti k\u00fcpsiseid.<\/em><\/span><\/p>\n<p style=\"font-weight: 400;\"><span style=\"color: #5e5e61;\"><em>\u00a0<\/em><\/span><\/p>\n<p style=\"font-weight: 400;\"><span style=\"color: #5e5e61;\"><em>Eeskava teadustamine on nii eesti kui inglise keeles,<\/em><\/span><\/p>\n<p style=\"font-weight: 400;\"><span style=\"color: #5e5e61;\"><em>nii et v\u00f5ite julgelt k\u00f5ik inglisekeelsed pereliikmed, s\u00f5brad ja kolleegid kaasa v\u00f5tta.<\/em><\/span><\/p>\n<p>Eesti Vabariigi 99. aastap\u00e4eva kontsertvastuv\u00f5tu peakorraldajateks on<\/p>\n<p style=\"font-weight: 400;\"><span style=\"color: #5e5e61;\"><em>\u00a0<b><strong>Londoni Eesti Selts, Eesti Gild Londonis\u00a0<\/strong><\/b>ja\u00a0<b><strong>Eesti Kool Londonis.<\/strong><\/b><\/em><\/span><\/p>\n<p style=\"font-weight: 400;\"><span style=\"color: #5e5e61;\"><em>\u00dcritust toetavad Eesti saatkond Londonis, Eesti Maja Londonis ja Eesti Abistamise Komitee.<\/em><\/span><\/p>\n<p style=\"font-weight: 400;\"><span style=\"color: #5e5e61;\"><em>******<\/em><\/span><\/p>\n<p style=\"font-weight: 400;\"><span style=\"color: #5e5e61;\"><em>\u00dcRITUSE KAVA<br \/>\n<\/em><\/span><\/p>\n<p style=\"font-weight: 400;\"><span style=\"color: #5e5e61;\"><em>16.30 Uksed avanevad.<\/em><\/span><\/p>\n<p style=\"font-weight: 400;\"><span style=\"color: #5e5e61;\"><em>17.00\u00a0 Eesti Vabariigi 99. aastap\u00e4evale p\u00fchendatud kontsert<br \/>\n18.15 Vastuv\u00f5tt koos vahuveini, kiluv\u00f5ileibade ja eesti k\u00fcpsistega.<\/em><\/span><span style=\"color: #5e5e61;\"><em>******<\/em><\/span><\/p>\n<p style=\"font-weight: 400;\"><span style=\"color: #5e5e61;\"><b><strong><em>NB!<\/em><\/strong><\/b><em>\u00a0Sissep\u00e4\u00e4s on k\u00f5igile tasuta, kuid p\u00e4rast \u00fcritust teeme korjanduse EV100. aastap\u00e4eva t\u00e4histamise kassasse.<\/em><\/span><\/p>\n<p style=\"font-weight: 400;\"><span style=\"color: #5e5e61;\"><em>Kui soovite Eesti Vabariigi iseseisvusp\u00e4evade t\u00e4histamist Londonis toetada, siis palun v\u00f5tke sularaha kaasa.<\/em><\/span><\/p>\n<p style=\"font-weight: 400;\">","protected":false},"excerpt":{"rendered":"<p>&nbsp; Eesti Vabariigi 99. pidulik aastap\u00e4ev Londonis &nbsp; EV99 Londonis peetud piduliku aktuse artikkel on\u00a0BLOGIS\u00a0lugeda ja pildid\u00a0FACEBOOKIS! \u00a0Artikkel ilmus ka &#8220;Eesti H\u00e4\u00e4l&#8221; m\u00e4rtsikuu, 2017 numbris. Pilt: Triinu Rajasalu\u00a0 Eesti Vabariik 99. Aastp\u00e4eva pidulik aktus Laup\u00e4eval, 25.veebruaril kell 17:00 (uksed avatakse kell 16:30) Asukoht:\u00a0 Westminster Cathedral Hall, Ambrosden Ave, Westminster, London SW1P 1QW ****** Kontserdi peaesinejateks &hellip;<\/p>\n<p class=\"read-more\"> <a class=\"\" href=\"https:\/\/www.estoniansociety.co.uk\/en\/uritused-eesti-vabariigi-99-pidulik-aastapaev-londonis\/\"> <span class=\"screen-reader-text\">Arhiiv &#8211; 2017 &#8211; \u00dcritused &#8211; Eesti Vabariigi 99. pidulik aastap\u00e4ev Londonis<\/span> Read More &raquo;<\/a><\/p>","protected":false},"author":1,"featured_media":0,"parent":0,"menu_order":0,"comment_status":"closed","ping_status":"closed","template":"","meta":{"_mi_skip_tracking":false,"footnotes":""},"class_list":["post-939","page","type-page","status-publish","hentry"],"_links":{"self":[{"href":"https:\/\/www.estoniansociety.co.uk\/en\/wp-json\/wp\/v2\/pages\/939","targetHints":{"allow":["GET"]}}],"collection":[{"href":"https:\/\/www.estoniansociety.co.uk\/en\/wp-json\/wp\/v2\/pages"}],"about":[{"href":"https:\/\/www.estoniansociety.co.uk\/en\/wp-json\/wp\/v2\/types\/page"}],"author":[{"embeddable":true,"href":"https:\/\/www.estoniansociety.co.uk\/en\/wp-json\/wp\/v2\/users\/1"}],"replies":[{"embeddable":true,"href":"https:\/\/www.estoniansociety.co.uk\/en\/wp-json\/wp\/v2\/comments?post=939"}],"version-history":[{"count":4,"href":"https:\/\/www.estoniansociety.co.uk\/en\/wp-json\/wp\/v2\/pages\/939\/revisions"}],"predecessor-version":[{"id":2589,"href":"https:\/\/www.estoniansociety.co.uk\/en\/wp-json\/wp\/v2\/pages\/939\/revisions\/2589"}],"wp:attachment":[{"href":"https:\/\/www.estoniansociety.co.uk\/en\/wp-json\/wp\/v2\/media?parent=939"}],"curies":[{"name":"wp","href":"https:\/\/api.w.org\/{rel}","templated":true}]}}