{"id":936,"date":"2021-06-13T18:13:33","date_gmt":"2021-06-13T18:13:33","guid":{"rendered":"https:\/\/estoniansociety.co.uk\/?page_id=936"},"modified":"2021-07-05T05:39:25","modified_gmt":"2021-07-05T05:39:25","slug":"uritused-kultuuriohtu-kohtumine-ene-rammeldiga-ja-filmiklassika-libahunt","status":"publish","type":"page","link":"https:\/\/www.estoniansociety.co.uk\/en\/uritused-kultuuriohtu-kohtumine-ene-rammeldiga-ja-filmiklassika-libahunt\/","title":{"rendered":"Arhiiv &#8211; 2017 &#8211; \u00dcritused &#8211; Kultuuri\u00f5htu: kohtumine Ene R\u00e4mmeldiga ja filmiklassika &#8220;Libahunt&#8221;"},"content":{"rendered":"<p>&nbsp;<\/p>\n<h2 style=\"text-align: center;\"><span style=\"color: #5e5e61;\">Kultuuri\u00f5htu: kohtumine Ene R\u00e4mmeldiga ja filmiklassika &#8220;Libahunt&#8221;<\/span><\/h2>\n<p>&nbsp;<\/p>\n<p style=\"font-weight: 400;\"><span style=\"color: #5e5e61;\"><b><strong>Kohtumine n\u00e4itlejaga ENE R\u00c4MMELD<\/strong><\/b><\/span><\/p>\n<p style=\"font-weight: 400;\"><span style=\"color: #5e5e61;\"><b><strong>filmiklassika \u201cLIBAHUNT\u201d 1968a.<\/strong><\/b><\/span><\/p>\n<p style=\"font-weight: 400;\"><span style=\"color: #5e5e61;\"><b><strong>Klaveril musitseerib REET KROMEL<\/strong><\/b><\/span><\/p>\n<p style=\"font-weight: 400;\"><span style=\"color: #5e5e61;\"><em>\u201cNaudime koos tassikest teed hubases milj\u00f6\u00f6s, \u00a0puhkame\u00a0 meeldivalt kaasahaarava vestluse saatel ja vaatame aegumatut eesti klassikat.\u201d<\/em><\/span><\/p>\n<p style=\"font-weight: 400;\"><span style=\"color: #5e5e61;\"><b><strong>See on \u00f5dus kohtumis\u00f5htu eesti kultuuritegelasega Ene R\u00e4mmeld, kus ta avab kuulajatele oma elu ilma keerutamata ja just sellisena nagu see oli ja on. Ta jutustab oma tegemistest Pariisis, mineviku s\u00fcndmustest Eestis,\u00a0 n\u00e4itlejat\u00f6\u00f6st, oma raamatutest ja elust ning vastab k\u00fcsimustele. Ene R\u00e4mmeld on energiast pulbitsev, aktiivne ja s\u00e4rasilmne mittetraditsiooniline eestlane, kes s\u00f5idab jalgrattaga m\u00f6\u00f6da Pariisi t\u00e4navaid ning k\u00e4ib kinos kasv\u00f5i mitu korda p\u00e4evas, kui tuju tuleb.<\/strong><\/b><\/span><\/p>\n<p style=\"font-weight: 400;\"><span style=\"color: #5e5e61;\"><b><strong>Ene R\u00e4mmeld juhatab ka sisse 1968a valminud filmi \u201cLibahunt\u201d, kus ta on \u00fcks peaosat\u00e4itjatest &#8211; Tiina. Saate kuulda, kuidas film valmis ja mille poolest see film on nii eriline. P\u00e4rast filmi on v\u00e4ike keskustelu vaadatud filmi kohta.<\/strong><\/b><\/span><\/p>\n<p style=\"font-weight: 400;\"><span style=\"color: #5e5e61;\">********************<\/span><\/p>\n<p style=\"font-weight: 400;\"><span style=\"color: #5e5e61;\">Ene R\u00e4mmeld on tuntud Tiinana filmist \u201cLibahunt\u201d 1968a, mis oli ta elu esimene filmiroll. Tema elu on olnud kirju: t\u00e4is seiklusi ja p\u00f5nevust. Ta on kirjutanud 4 raamatut ja on olnud aktiivne eesti kultuuri viljeleja \u00fcle maailma v\u00e4lis-eesti kogukondades, siis kui Eesti oli raudse eesriide taga, ning ka Eestis alates taasiseseisvumise ajast. Ta poeg Tarah Montbelialtz, kes on enamuse elu elanud Prantsusmaal, on luuletaja, t\u00f5lkija ja fotograaf.\u00a0 N\u00e4iteks on ta\u00a0t\u00f5lkinud\u00a0prantsuse keelde\u00a0<b><strong>Karl Ristikivi<\/strong><\/b>\u00a0ainsa luulekogu \u201eInimese teekond\u201d.<\/span><\/p>\n<p style=\"font-weight: 400;\"><span style=\"color: #5e5e61;\">Ene on teadnud juba lapsest peale, et tema suurim armastus on n\u00e4itlemine. Tal\u00a0on olnud mitmeid teatri \u2013ja filmirolle Eestis, sealhulgas\u00a0Illi Vladimir Karassev-Orgusaare telem\u00e4ngufilmis \u201eLindpriid\u201c 1971 a, mida keelati tookord n\u00e4idata ja seega film seisis riiulis aastak\u00fcmneid. Pariisis on ta teinud koos Liina Keevallikuga aastal 2010 dokumentaalfilmi \u201cWiiralti unen\u00e4gu\u201d.<\/span><\/p>\n<p style=\"font-weight: 400;\"><span style=\"color: #5e5e61;\">Kui ta abikaasa Vladimir Karassev-Orgussaare L\u00e4\u00e4nde j\u00e4i \u00a01976. aastal, siis taotles Ene R\u00e4mmeld luba asuda mehe juurde Prantsusmaale, kuid NSV Liit rahuldas palve alles 1981. aastal. Nelja ja poole aastase ooteaja kestel ei v\u00f5imaldatud R\u00e4mmeldile Eestis enam erialast t\u00f6\u00f6d ja ta oli pidevalt KGB huviorbiidis. Pariisis on ta elanud n\u00fc\u00fcd viimased aastak\u00fcmned.<\/span><\/p>\n<p><span style=\"color: #5e5e61;\">Kui k\u00fcsida, millega Ene R\u00e4mmeld praegu tegeleb, vastab\u00a0 ta pikemalt m\u00f5tlemata: \u201eTegelen elamisega.\u201d<\/span><\/p>\n<p>&nbsp;<\/p>\n<p><span style=\"color: #5e5e61;\">Eesti Kultuuri\u00f5htut korraldab Londoni Eesti Selts ja toetab Eesti Vabariigi Kultuuriministeerium ja v\u00e4liseesti kultuuri\u00fchingute konkursi l\u00e4biviija Integratsiooni ja\u00a0 Migratsiooni Sihtasutuse Meie Inimesed (MISA) seoses rahvuskaaslase programmiga.<\/span><\/p>\n<p><span style=\"color: #5e5e61;\"><em>Kuna Eesti Majas on kohtade arv piiratud, siis registreeri oma tulemine. Registreerunud saavad \u00fcrituse eel emailile t\u00e4psema info. V\u00f5ta kaasa ka \u00a35.00 annetuseks ja soovi korral pehme padi istumiseks. Kohtumiseni!<\/em><\/span><\/p>\n<p><span style=\"color: #5e5e61;\"><em>\u00a0<\/em><\/span><\/p>\n<p><a href=\"https:\/\/www.eventbrite.co.uk\/e\/kultuuriohtu-kohtumine-ene-rammeldiga-ja-filmiklassika-libahunt-tickets-32464450044\"><em>https:\/\/www.eventbrite.co.uk\/e\/kultuuriohtu-kohtumine-ene-rammeldiga-ja-filmiklassika-libahunt-tickets-32464450044<\/em><\/a><\/p>","protected":false},"excerpt":{"rendered":"<p>&nbsp; Kultuuri\u00f5htu: kohtumine Ene R\u00e4mmeldiga ja filmiklassika &#8220;Libahunt&#8221; &nbsp; Kohtumine n\u00e4itlejaga ENE R\u00c4MMELD filmiklassika \u201cLIBAHUNT\u201d 1968a. Klaveril musitseerib REET KROMEL \u201cNaudime koos tassikest teed hubases milj\u00f6\u00f6s, \u00a0puhkame\u00a0 meeldivalt kaasahaarava vestluse saatel ja vaatame aegumatut eesti klassikat.\u201d See on \u00f5dus kohtumis\u00f5htu eesti kultuuritegelasega Ene R\u00e4mmeld, kus ta avab kuulajatele oma elu ilma keerutamata ja just sellisena &hellip;<\/p>\n<p class=\"read-more\"> <a class=\"\" href=\"https:\/\/www.estoniansociety.co.uk\/en\/uritused-kultuuriohtu-kohtumine-ene-rammeldiga-ja-filmiklassika-libahunt\/\"> <span class=\"screen-reader-text\">Arhiiv &#8211; 2017 &#8211; \u00dcritused &#8211; Kultuuri\u00f5htu: kohtumine Ene R\u00e4mmeldiga ja filmiklassika &#8220;Libahunt&#8221;<\/span> Read More &raquo;<\/a><\/p>","protected":false},"author":1,"featured_media":0,"parent":0,"menu_order":0,"comment_status":"closed","ping_status":"closed","template":"","meta":{"_mi_skip_tracking":false,"footnotes":""},"class_list":["post-936","page","type-page","status-publish","hentry"],"_links":{"self":[{"href":"https:\/\/www.estoniansociety.co.uk\/en\/wp-json\/wp\/v2\/pages\/936","targetHints":{"allow":["GET"]}}],"collection":[{"href":"https:\/\/www.estoniansociety.co.uk\/en\/wp-json\/wp\/v2\/pages"}],"about":[{"href":"https:\/\/www.estoniansociety.co.uk\/en\/wp-json\/wp\/v2\/types\/page"}],"author":[{"embeddable":true,"href":"https:\/\/www.estoniansociety.co.uk\/en\/wp-json\/wp\/v2\/users\/1"}],"replies":[{"embeddable":true,"href":"https:\/\/www.estoniansociety.co.uk\/en\/wp-json\/wp\/v2\/comments?post=936"}],"version-history":[{"count":5,"href":"https:\/\/www.estoniansociety.co.uk\/en\/wp-json\/wp\/v2\/pages\/936\/revisions"}],"predecessor-version":[{"id":2595,"href":"https:\/\/www.estoniansociety.co.uk\/en\/wp-json\/wp\/v2\/pages\/936\/revisions\/2595"}],"wp:attachment":[{"href":"https:\/\/www.estoniansociety.co.uk\/en\/wp-json\/wp\/v2\/media?parent=936"}],"curies":[{"name":"wp","href":"https:\/\/api.w.org\/{rel}","templated":true}]}}