{"id":921,"date":"2021-06-13T18:01:21","date_gmt":"2021-06-13T18:01:21","guid":{"rendered":"https:\/\/estoniansociety.co.uk\/?page_id=921"},"modified":"2021-07-05T05:38:34","modified_gmt":"2021-07-05T05:38:34","slug":"uritused-emadepaeva-tahistamine-eesti-majas","status":"publish","type":"page","link":"https:\/\/www.estoniansociety.co.uk\/en\/uritused-emadepaeva-tahistamine-eesti-majas\/","title":{"rendered":"Arhiiv &#8211; 2017 &#8211; \u00dcritused &#8211; Emadep\u00e4eva t\u00e4histamine Eesti Majas"},"content":{"rendered":"<p>&nbsp;<\/p>\n<h2 style=\"text-align: center;\">Emadep\u00e4eva t\u00e4histamine Eesti Majas<\/h2>\n<p>&nbsp;<\/p>\n<p style=\"font-weight: 400;\"><img loading=\"lazy\" decoding=\"async\" class=\"size-medium wp-image-923 aligncenter\" src=\"https:\/\/estoniansociety.co.uk\/wp-content\/uploads\/2021\/06\/Emadepaev-14052017_1-300x168.png\" alt=\"\" width=\"300\" height=\"168\" srcset=\"https:\/\/www.estoniansociety.co.uk\/wp-content\/uploads\/2021\/06\/Emadepaev-14052017_1-300x168.png 300w, https:\/\/www.estoniansociety.co.uk\/wp-content\/uploads\/2021\/06\/Emadepaev-14052017_1-768x431.png 768w, https:\/\/www.estoniansociety.co.uk\/wp-content\/uploads\/2021\/06\/Emadepaev-14052017_1.png 1024w\" sizes=\"auto, (max-width: 300px) 100vw, 300px\" \/><\/p>\n<p>P\u00fchap\u00e4eval, 14.mail kell 14.00<\/p>\n<p style=\"font-weight: 400;\">KAVA!<\/p>\n<p style=\"font-weight: 400;\">14.00. Londoni Eesti Naiskammerkoori laulud emale<\/p>\n<p style=\"font-weight: 400;\">14.10. LASTEKONTSERT<\/p>\n<p style=\"font-weight: 400;\">14.40. T\u00c4NA OLEN LAPS kontsert<\/p>\n<p style=\"font-weight: 400;\">15.15. \u00dchislaualt nosimine.<\/p>\n<p style=\"font-weight: 400;\">15.35. T\u00c4NA OLEN LAPS m\u00e4ng!<\/p>\n<p style=\"font-weight: 400;\">16.00. Kaartide joonistamine emadele! M\u00e4ngimise aeg.<\/p>\n<p style=\"font-weight: 400;\">17.00. Kojuminek<\/p>\n<p style=\"font-weight: 400;\">Palume v\u00f5tta kaasa s\u00f6\u00f6gipoolist: k\u00f6\u00f6givilju, puuvilju, kooki ja muud sn\u00e4kki \u00dcHISLAUALE lastele ja emadele!<\/p>\n<p style=\"font-weight: 400;\">Palun\u00a0<a href=\"https:\/\/www.eventbrite.co.uk\/e\/emadepaev-eesti-majas-londonis-tickets-33832135829?aff=erelexpmlt\">REGISTREERI oma tulek<\/a>, sest Eesti Majas on tulijate arv piiratud! Sissep\u00e4\u00e4s TASUTA!<\/p>\n<p style=\"font-weight: 400;\">More information:<a href=\"https:\/\/www.facebook.com\/events\/1273959459384542\/?notif_t=plan_edited&amp;notif_id=1493120104122787\">\u00a0FACEBOOKIS!<\/a><\/p>\n<p style=\"font-weight: 400;\"><img loading=\"lazy\" decoding=\"async\" class=\"size-medium wp-image-924 aligncenter\" src=\"https:\/\/estoniansociety.co.uk\/wp-content\/uploads\/2021\/06\/Emadepaev-14052017_2-300x300.png\" alt=\"\" width=\"300\" height=\"300\" srcset=\"https:\/\/www.estoniansociety.co.uk\/wp-content\/uploads\/2021\/06\/Emadepaev-14052017_2-300x300.png 300w, https:\/\/www.estoniansociety.co.uk\/wp-content\/uploads\/2021\/06\/Emadepaev-14052017_2-1024x1024.png 1024w, https:\/\/www.estoniansociety.co.uk\/wp-content\/uploads\/2021\/06\/Emadepaev-14052017_2-150x150.png 150w, https:\/\/www.estoniansociety.co.uk\/wp-content\/uploads\/2021\/06\/Emadepaev-14052017_2-768x768.png 768w, https:\/\/www.estoniansociety.co.uk\/wp-content\/uploads\/2021\/06\/Emadepaev-14052017_2.png 1425w\" sizes=\"auto, (max-width: 300px) 100vw, 300px\" \/><\/p>\n<p style=\"font-weight: 400;\">HEAD EMADEP\u00c4EVA soovivad Londoni organisatsioonid:<\/p>\n<p style=\"font-weight: 400;\">*Londoni Eesti Selts * *Eesti Abistamise Komitee *Eesti Kool Londonis * *Londoni Eesti Naiskammerkoor *Eesti Maja Londonis*<\/p>\n<p style=\"font-weight: 400;\">EESTIST *Ansambel &#8220;T\u00c4NA OLEN LAPS&#8221; koosseisus; Astra Tikas, laps Eliisa ja kitarrist Markus<\/p>\n<p style=\"font-weight: 400;\">Astra laulab kitarrisaatel l\u00f5busaid muinasjutte. Laulude vahel jutustab Astra toredaid lugusid. Lood on teatraalsed ning kuulamist jagub k\u00f5ikidele. LISAKS: Fantastiline lendava pannkoogim\u00e4ng!<\/p>\n<p style=\"font-weight: 400;\"><img loading=\"lazy\" decoding=\"async\" class=\"size-medium wp-image-925 aligncenter\" src=\"https:\/\/estoniansociety.co.uk\/wp-content\/uploads\/2021\/06\/Emadepaev-14052017_3-225x300.png\" alt=\"\" width=\"225\" height=\"300\" srcset=\"https:\/\/www.estoniansociety.co.uk\/wp-content\/uploads\/2021\/06\/Emadepaev-14052017_3-225x300.png 225w, https:\/\/www.estoniansociety.co.uk\/wp-content\/uploads\/2021\/06\/Emadepaev-14052017_3.png 768w\" sizes=\"auto, (max-width: 225px) 100vw, 225px\" \/><\/p>\n<p style=\"font-weight: 400;\">T\u00e4psem info:<\/p>\n<p style=\"font-weight: 400;\">KAUNIST EMADEP\u00c4EVA!<\/p>\n<p style=\"font-weight: 400;\">Soovivad Londoni organisatsioonid j\u00e4rgmiselt:<\/p>\n<p style=\"font-weight: 400;\">*Eesti Maja Londonis soovib k\u00f5iki emadele TOREDAT EMADEP\u00c4EVA ja avab uksed emadep\u00e4eva \u00fcrituseks laup\u00e4eval, 14. Mail kell 13.00. Eesti Majas.<\/p>\n<p style=\"font-weight: 400;\">*EAK soovib kallitele emadele HEAD EMADEP\u00c4EVA! Ning kingib emmedele lilled. K\u00f5ik EMAD saavad kaunid Lille\u00f5ied rinda!<\/p>\n<p style=\"font-weight: 400;\">*Londoni Eesti Naiskammerkoor soovib KAUNIST EMADEP\u00c4EVA! Ja kingib s\u00fcdamliku emadep\u00e4eva laulu \u201cEma, kallis ema!\u201d<\/p>\n<p style=\"font-weight: 400;\">*Eesti Kool Londonis soovib KENA EMADEP\u00c4EVA! koos koolilaste esinemisega. Lisaks saavad lapsed joonistada Eesti Kooli \u00f5petajate kaasabil ja kinkida t\u00e4itsa omatehtud kaardi emale.<\/p>\n<p style=\"font-weight: 400;\">*Londoni Eesti Seltsi kingitus tuleb Eestist:<\/p>\n<p style=\"font-weight: 400;\">Vahva lastele m\u00f5eldud ansambel &#8220;T\u00c4NA OLEN LAPS&#8221; .<\/p>\n<p style=\"font-weight: 400;\">Esinevad Astra Tikas, laps Eliisa ja kitarrist Markus<\/p>\n<ol>\n<li style=\"font-weight: 400;\">Esinemine: Astra laulab kitarrisaatel l\u00f5busaid muinasjutte. Laulude vahel jutustab Astra toredaid lugusid. Lood on teatraalsed ning kuulamist jagub k\u00f5ikidele.<\/li>\n<li style=\"font-weight: 400;\">M\u00e4ng: Fantastiline lendava pannkoogim\u00e4ng!<\/li>\n<\/ol>\n<p style=\"font-weight: 400;\">Pannkoogim\u00e4ng on lustaka pannkoogiloo taustal. Lapsed joonistavad pannkoogi ja koos emmega endid sinna peale lendama. Siis minnakse pannkoogiga \u00fcle made ja merede lendama. Ikka kitarri ja laulu saatel.<\/p>\n<p style=\"font-weight: 400;\">Palun v\u00f5tke s\u00f6\u00f6gid kaasa. H\u00e4sti tore oleks, kui emmed tooksid k\u00fcpsetisi, kooke, sn\u00e4kke. Kohapeal on suur laud, kuhu saame panna k\u00f5igile \u00fchiselt nosimiseks. \u00dcritus on TASUTA ja eelregistreerimisega, sest kohtade arv on piiratud.<\/p>\n<p><img loading=\"lazy\" decoding=\"async\" class=\"size-medium wp-image-926 aligncenter\" src=\"https:\/\/estoniansociety.co.uk\/wp-content\/uploads\/2021\/06\/Emadepaev-14052017_4-300x300.png\" alt=\"\" width=\"300\" height=\"300\" srcset=\"https:\/\/www.estoniansociety.co.uk\/wp-content\/uploads\/2021\/06\/Emadepaev-14052017_4-300x300.png 300w, https:\/\/www.estoniansociety.co.uk\/wp-content\/uploads\/2021\/06\/Emadepaev-14052017_4-1024x1024.png 1024w, https:\/\/www.estoniansociety.co.uk\/wp-content\/uploads\/2021\/06\/Emadepaev-14052017_4-150x150.png 150w, https:\/\/www.estoniansociety.co.uk\/wp-content\/uploads\/2021\/06\/Emadepaev-14052017_4-768x768.png 768w, https:\/\/www.estoniansociety.co.uk\/wp-content\/uploads\/2021\/06\/Emadepaev-14052017_4.png 1425w\" sizes=\"auto, (max-width: 300px) 100vw, 300px\" \/><\/p>\n<p style=\"font-weight: 400;\">TUTVUSTUS Ansamblile T\u00c4NA OLEN LAPS:<\/p>\n<p style=\"font-weight: 400;\">Ansambel T\u00e4na Olen Laps esineb originaalloominguga lastele ja t\u00e4iskasvanutele. Eesm\u00e4rk on levitada optimismi ja lapselikkust l\u00e4bi muusika ning tuletada meile k\u00f5igile meelde, et lapselikkusel on nii palju h\u00e4id omadusi!<\/p>\n<p style=\"font-weight: 400;\">Astra on kirjutanud palju l\u00f5busaid lastelaule: kuulete lugusid kuivanud leivast, meremehest, oravatest, k\u00fclla tulnud roosast notsust. Laulus\u00f5nadel on suur roll &#8211; Astra ise nimetab oma laulusid muusikalisteks muinasjuttudeks.<\/p>\n<p style=\"font-weight: 400;\">Astra laulab teatraalselt ning m\u00e4ngib ja tutvustab erinevaid pille (kitarr, meloodika, suupill) ning iga laulu vahel on v\u00e4ike sissejuhatus. Kitarrist Markus saadab kitarril. Ansambli koosm\u00f5jul hakkavad need laulud t\u00f5eliselt elama! Kontsert sobib nii suurtele kui v\u00e4ikestele muusikahuvilistele alates 4a kuni t\u00e4iskasvanuteni v\u00e4lja.<\/p>\n<p style=\"font-weight: 400;\">&#8212;&#8212;&#8212;&#8212;&#8212;&#8212;&#8212;&#8211;<\/p>\n<p style=\"font-weight: 400;\"><b><strong>Emadep\u00e4eva ansambel &#8220;T\u00e4na olen laps&#8221; Londonisse tulekut toetab Eesti Vabariigi Kultuuriministeerium ja v\u00e4liseesti kultuuri\u00fchingute konkursi l\u00e4biviija Integratsiooni ja Migratsiooni Sihtasutuse Meie Inimesed (MISA) seoses rahvuskaaslase programmiga.<\/strong><\/b><\/p>\n<p style=\"font-weight: 400;\">&#8212;&#8212;&#8212;&#8212;&#8212;&#8212;&#8212;&#8211;<\/p>\n<p style=\"font-weight: 400;\"><em>KALLID LAPSED!! UUDIS TEILE!<\/em><\/p>\n<p style=\"font-weight: 400;\"><em>Kutsume teid lavale oma armastele emadele esinema. Esinemine peaks olema seotud emaga ja eestikeelne. See v\u00f5ib olla laul, luuletus, muusikapala, tants jne. Lapsed, kes soovivad esineda koos teistega, siis saate \u00fchineda Eesti Kooli lastega, kes \u00f5pivad \u00fche toreda laulu emadep\u00e4evaks. (LAULU pealkirja ja s\u00f5nad anname varsti teada!)<\/em><\/p>\n<p style=\"font-weight: 400;\"><em>Palun anna oma soovist teada 01. maiks 2017 aadressile: info@estoniansociety.co.uk<\/em><\/p>\n<p style=\"font-weight: 400;\"><em>Kirjuta: lapse nimi, vanus, kas soov esineda \u00fcksi v\u00f5i koos, esinemise stiil (luuletus, laul jne), loo pealkiri ja muusikanoodid (tuntud lastelaulude puhul pole noodid esmat\u00e4htsad). Harjutamine toimub kodus, kuid saame planeerida ka lavaproovi, kuid detailid t\u00e4psustame teiega juba otse kirja teel.<\/em><\/p>","protected":false},"excerpt":{"rendered":"<p>&nbsp; Emadep\u00e4eva t\u00e4histamine Eesti Majas &nbsp; P\u00fchap\u00e4eval, 14.mail kell 14.00 KAVA! 14.00. Londoni Eesti Naiskammerkoori laulud emale 14.10. LASTEKONTSERT 14.40. T\u00c4NA OLEN LAPS kontsert 15.15. \u00dchislaualt nosimine. 15.35. T\u00c4NA OLEN LAPS m\u00e4ng! 16.00. Kaartide joonistamine emadele! M\u00e4ngimise aeg. 17.00. Kojuminek Palume v\u00f5tta kaasa s\u00f6\u00f6gipoolist: k\u00f6\u00f6givilju, puuvilju, kooki ja muud sn\u00e4kki \u00dcHISLAUALE lastele ja emadele! Palun\u00a0REGISTREERI &hellip;<\/p>\n<p class=\"read-more\"> <a class=\"\" href=\"https:\/\/www.estoniansociety.co.uk\/en\/uritused-emadepaeva-tahistamine-eesti-majas\/\"> <span class=\"screen-reader-text\">Arhiiv &#8211; 2017 &#8211; \u00dcritused &#8211; Emadep\u00e4eva t\u00e4histamine Eesti Majas<\/span> Read More &raquo;<\/a><\/p>","protected":false},"author":1,"featured_media":0,"parent":0,"menu_order":0,"comment_status":"closed","ping_status":"closed","template":"","meta":{"_mi_skip_tracking":false,"footnotes":""},"class_list":["post-921","page","type-page","status-publish","hentry"],"_links":{"self":[{"href":"https:\/\/www.estoniansociety.co.uk\/en\/wp-json\/wp\/v2\/pages\/921","targetHints":{"allow":["GET"]}}],"collection":[{"href":"https:\/\/www.estoniansociety.co.uk\/en\/wp-json\/wp\/v2\/pages"}],"about":[{"href":"https:\/\/www.estoniansociety.co.uk\/en\/wp-json\/wp\/v2\/types\/page"}],"author":[{"embeddable":true,"href":"https:\/\/www.estoniansociety.co.uk\/en\/wp-json\/wp\/v2\/users\/1"}],"replies":[{"embeddable":true,"href":"https:\/\/www.estoniansociety.co.uk\/en\/wp-json\/wp\/v2\/comments?post=921"}],"version-history":[{"count":5,"href":"https:\/\/www.estoniansociety.co.uk\/en\/wp-json\/wp\/v2\/pages\/921\/revisions"}],"predecessor-version":[{"id":2591,"href":"https:\/\/www.estoniansociety.co.uk\/en\/wp-json\/wp\/v2\/pages\/921\/revisions\/2591"}],"wp:attachment":[{"href":"https:\/\/www.estoniansociety.co.uk\/en\/wp-json\/wp\/v2\/media?parent=921"}],"curies":[{"name":"wp","href":"https:\/\/api.w.org\/{rel}","templated":true}]}}