{"id":915,"date":"2021-06-13T17:38:02","date_gmt":"2021-06-13T17:38:02","guid":{"rendered":"https:\/\/estoniansociety.co.uk\/?page_id=915"},"modified":"2021-07-05T05:41:00","modified_gmt":"2021-07-05T05:41:00","slug":"uritused-londoni-eesti-seltsi-jaanipidu-2017","status":"publish","type":"page","link":"https:\/\/www.estoniansociety.co.uk\/en\/uritused-londoni-eesti-seltsi-jaanipidu-2017\/","title":{"rendered":"Arhiiv &#8211; 2017 &#8211; \u00dcritused &#8211; Londoni Eesti Seltsi Jaanipidu"},"content":{"rendered":"<p>&nbsp;<\/p>\n<h2 style=\"text-align: center;\"><span style=\"color: #5e5e61;\">Londoni Eesti Seltsi Jaanipidu 2017<\/span><\/h2>\n<p><span style=\"color: #5e5e61;\">\u00a0\u00a0<\/span><\/p>\n<p style=\"font-weight: 400;\"><span style=\"color: #5e5e61;\"><em>Londoni eestlased t\u00e4histasid jaanikut 17. juunil 2017 Londoni l\u00e4hedal, Essexis<\/em><em>.<\/em><em>\u00a0\u00a0<\/em><a style=\"color: #5e5e61;\" href=\"https:\/\/www.google.ee\/maps\/place\/West+Horndon,+Brentwood,+Essex+CM13+3LL,+Suurbritannia\/@51.5816228,0.3474839,16z\/data=!3m1!4b1!4m5!3m4!1s0x47d8b8bfa218f8eb:0xf886a9e4c8270c91!8m2!3d51.5799029!4d0.3555481\"><em>CM13 3LL<\/em><\/a>\u00a0<em><br \/>\n<\/em><\/span><\/p>\n<p style=\"font-weight: 400;\"><span style=\"color: #5e5e61;\"><em>Pildid \u00fcritusest\u00a0<span style=\"color: #dd9933;\"><a style=\"color: #dd9933;\" href=\"https:\/\/www.facebook.com\/pg\/londonieestiselts\/photos\/?tab=album&amp;album_id=1323608494355736\">SIIN!!<\/a>\u00a0<\/span>\u00a0ja\u00a0<span style=\"color: #dd9933;\"><a style=\"color: #dd9933;\" href=\"https:\/\/www.facebook.com\/pg\/londonieestiselts\/photos\/?tab=album&amp;album_id=1325670380816214\">SIIN!!<\/a><\/span>\u00a0 ja<span style=\"color: #dd9933;\">\u00a0<a style=\"color: #dd9933;\" href=\"https:\/\/www.flickr.com\/photos\/paddym01\/sets\/72157685198465175\">SIIN!<\/a>!<\/span><\/em><\/span><\/p>\n<p style=\"font-weight: 400;\"><span style=\"color: #5e5e61;\"><em>\u00d5htulehe kajastust jaanip\u00e4evast saab lugeda\u00a0<a style=\"color: #5e5e61;\" href=\"http:\/\/www.ohtuleht.ee\/811891\/galerii-kuigi-elame-inglismaal-eestlane-jaab-ikka-eestlaseks-seda-ei-muuda-miski-\"><span style=\"color: #dd9933;\">SIIT! &#8220;&#8230; eestlane j\u00e4\u00e4b ikka eestlaseks&#8230;.<\/span>&#8220;<\/a><\/em><\/span><\/p>\n<hr \/>\n<p style=\"font-weight: 400;\"><span style=\"color: #5e5e61;\"><em>Londoni eestlaste kogu perele m\u00f5eldud jaanipidu toimub seekord juba eelmisel aastal tuttavaks saanud kohas Essexis, kus k\u00f5igi piduliste p\u00e4ralt on<b><strong>\u00a0<\/strong><\/b><\/em><a style=\"color: #5e5e61;\" href=\"http:\/\/half-way.co.uk\/\"><b><strong><em>Half Way House\u00a0<\/em><\/strong><\/b><b><strong><em>pubi<\/em><\/strong><\/b><\/a><b><strong><em>\u00a0<\/em><\/strong><\/b><em>avar j<\/em><em>a rohelust t\u00e4is aed, kus\u00a0<\/em><em>on suur muruplats ning mahukas peotelk. L\u00f5kketuli tehakse keset hoovi ning tantsumuusika kestab pea s\u00fcda\u00f6\u00f6ni.<\/em><em>\u00a0<\/em><\/span><\/p>\n<p style=\"font-weight: 400;\"><span style=\"color: #5e5e61;\"><b><strong><em>Peaesinejad\u00a0Eestist\u00a0<\/em><em>DJ ONU BELLA \u00a0<\/em><em>ja\u00a0lastele\u00a0<\/em><span style=\"color: #dd9933;\"><a style=\"color: #dd9933;\" href=\"http:\/\/teadusteater.ee\/\"><em>TEADUSTEATER<\/em><\/a><\/span><\/strong><\/b><\/span><\/p>\n<p style=\"font-weight: 400;\"><span style=\"color: #5e5e61;\"><em>Jaanipeo kava:<\/em><\/span><\/p>\n<ul style=\"font-weight: 400;\">\n<li><span style=\"color: #5e5e61;\"><b><strong><em>DJ ONU BELLA<\/em><\/strong><\/b><em>\u00a0 m\u00e4ngib m\u00f5nusat eesti muusikat\u00a0<\/em><\/span><\/li>\n<li><span style=\"color: #5e5e61;\"><b><strong><em>TEADUSTEATER\u00a0<\/em><\/strong><\/b><em>\u00a0teeb keemiakatseid: etendus lastele, t\u00f6\u00f6tuba k\u00f5igile. Plahvatuslikke \u00fcllatusi jagub terveks p\u00e4evaks!!!<\/em><\/span><\/li>\n<li><span style=\"color: #5e5e61;\"><b><strong><em>SPORTM\u00c4NGUD.<\/em><\/strong><\/b><em>\u00a0V\u00f5istlused saapaloopimisest, k\u00f6ieveost kuni naisetassimiseni<\/em><\/span><\/li>\n<li><span style=\"color: #5e5e61;\"><em>Esinevad\u00a0<b><strong>Londoni Eesti Seltsi Rahvatantsur\u00fchm\u00a0<\/strong><\/b>ja\u00a0\u00a0<b><strong>lauljad<\/strong><\/b>\u00a0Reet Kromeli juhendamisel<\/em><\/span><\/li>\n<li><span style=\"color: #5e5e61;\"><b><strong><em>L\u00f5kketule<\/em><\/strong><\/b><em>\u00a0s\u00fc\u00fctamine paugu ja s\u00e4rinaga \u00a0<\/em><\/span><\/li>\n<li><span style=\"color: #5e5e61;\"><em>Avatud\u00a0<b><strong>Eesti Pood ESTOLINK<\/strong><\/b><\/em><\/span><\/li>\n<li><span style=\"color: #5e5e61;\"><b><strong><em>Loterii!<\/em><\/strong><\/b><em>\u00a0 Kuhjaga p\u00f5nevaid auhindu otse Eestist!<\/em><\/span><\/li>\n<\/ul>\n<p style=\"font-weight: 400;\"><span style=\"color: #5e5e61;\"><em>LASTEPROGRAMM<\/em><\/span><\/p>\n<ul style=\"font-weight: 400;\">\n<li><span style=\"color: #5e5e61;\"><em>Avatud<b><strong>\u00a0LASTETELK<\/strong><\/b><\/em><\/span><\/li>\n<li><span style=\"color: #5e5e61;\"><b><strong><em>TEADUSTEATRI<\/em><\/strong><\/b><em>\u00a0etendus \u201c<b><strong>Plahvatuslik keemialabor\u201d<\/strong><\/b><\/em><\/span><\/li>\n<li><span style=\"color: #5e5e61;\"><em>Teatejooks ja viskem\u00e4ngud.<\/em><\/span><\/li>\n<li><span style=\"color: #5e5e61;\"><em>N\u00e4omaalingud<\/em><\/span><\/li>\n<li><span style=\"color: #5e5e61;\"><em>Lasteloterii eriti p\u00f5nevate auhindadega Eestist.<\/em><\/span><\/li>\n<\/ul>\n<p style=\"font-weight: 400;\"><span style=\"color: #5e5e61;\"><em>***************************<\/em><\/span><\/p>\n<p style=\"font-weight: 400;\"><span style=\"color: #5e5e61;\"><em>TEADUSETEATER\u00a0 esineb teile mitu korda:<\/em><\/span><\/p>\n<p style=\"font-weight: 400;\"><span style=\"color: #5e5e61;\"><b><strong><em>P\u00c4EVANE ETENDUS\u00a0LASTELE!<\/em><\/strong><\/b><em>\u00a0 Teadusteatris tehakse p\u00f5nevaid ja lahedaid katseid, mis kindlasti k\u00f5igi laste meeleolu t\u00f5stavad ning\u00a0 huvi tekitavad, sest katsed\u00a0 on t\u00e4is suitsu, v\u00e4rve ja pauke.<\/em><\/span><\/p>\n<p style=\"font-weight: 400;\"><span style=\"color: #5e5e61;\"><b><strong><em>T\u00d6\u00d6TUBA K\u00d5IGILE!<\/em><\/strong><\/b><em>\u00a0T\u00f6\u00f6toas saavad k\u00f5ik soovijad\u00a0 meisterdada endale isikliku hologrammi tegemise seadme. Lisaks\u00a0 r\u00e4\u00e4gitakse, mis see hologramm on ning kuidas see meid\u00a0 t\u00e4nasel p\u00e4eval aidata saab.<\/em><\/span><\/p>\n<p style=\"font-weight: 400;\"><span style=\"color: #5e5e61;\"><em>***************************<\/em><\/span><\/p>\n<p style=\"font-weight: 400;\"><span style=\"color: #5e5e61;\"><b><strong><em>EESTI K\u00d6\u00d6K ja GRILL!\u00a0<\/em><\/strong><\/b><em>Toitlustamine on nagu tavaliselt k\u00f5ik piletihinna sees.<\/em><\/span><\/p>\n<p style=\"font-weight: 400;\"><span style=\"color: #5e5e61;\"><em>K\u00f5ik mis peol s\u00fc\u00fca pakutakse on eestimaine: sashl\u00f5kk ja grillvorstid otse Eestist,\u00a0 ehtne kartulisalat, rukkileib , otse pannilt mulgipuder suitsupeki ja praesibulaga. V\u00e4rskehapu kr\u00f5mpsuv soolakurk. Ja nagu ikka saad r\u00fc\u00fcbata eestimaist m\u00f5nusat kamajooki.<\/em><\/span><\/p>\n<p style=\"font-weight: 400;\"><span style=\"color: #5e5e61;\"><em>Eesti kaupa saab kaasa osta<\/em><b><strong><em>\u00a0ESTOLINK poest.<\/em><\/strong><\/b><\/span><\/p>\n<p style=\"font-weight: 400;\"><span style=\"color: #5e5e61;\"><em>Alkoholi saab osta pubi baarist. Kindlasti varuge sularaha!<\/em><\/span><\/p>\n<p style=\"font-weight: 400;\"><span style=\"color: #5e5e61;\"><em>Oma jookide tarbimine on keelatud, kuna selline on peokoha regulatsioon.<\/em><\/span><\/p>\n<p style=\"font-weight: 400;\"><span style=\"color: #5e5e61;\"><b><strong><em>\u00a0<\/em><\/strong><\/b><\/span><\/p>\n<p style=\"font-weight: 400;\"><span style=\"color: #5e5e61;\"><b><strong><em>PILETIM\u00dc\u00dcK!<\/em><\/strong><\/b><\/span><\/p>\n<p style=\"font-weight: 400;\"><span style=\"color: #5e5e61;\"><em>EELM\u00dc\u00dcGIST: T\u00e4iskasvanud \u00a316.00 \/ lapsed 13-17a \u00a310.00 \/ alla 12 a TASUTA<\/em><\/span><\/p>\n<p style=\"font-weight: 400;\"><span style=\"color: #5e5e61;\"><em>KOHAPEAL: T\u00e4iskasvanud,\u00a320.00\/ lapsed 13-17a \u00a310.00 \/ alla 12\u00a0TASUTA<\/em><\/span><\/p>\n<p><span style=\"color: #5e5e61;\"><em>Osta piletid eelm\u00fc\u00fcgist kaardiga l\u00e4bi Eventbrite maksus\u00fcsteemi (lisandub teenustasu \u00a31.58)\u00a0<\/em><a style=\"color: #5e5e61;\" href=\"https:\/\/www.eventbrite.co.uk\/e\/eestlaste-jaanipidu-londonis-tickets-34030066846\"><em>SIIT!\u00a0<\/em><\/a><em>\u00a0(eelm\u00fc\u00fck l\u00f5peb 15.06.17)<\/em><\/span><\/p>\n<p><span style=\"color: #5e5e61;\"><em>V\u00f5i tee \u00fclekanne\u00a0LES kontole m\u00e4rgus\u00f5naga: JAAN2017 (viimane maksev\u00f5imalus 13.06.17)<\/em><\/span><\/p>\n<p style=\"font-weight: 400;\"><span style=\"color: #5e5e61;\"><em>\u00a0<\/em><em>Kellele: Estonian Society\u00a0<\/em><\/span><\/p>\n<p style=\"font-weight: 400;\"><span style=\"color: #5e5e61;\"><em>Natwest konto nr\u00a0 68652704 \u00a0 \u00a0<\/em><\/span><\/p>\n<p style=\"font-weight: 400;\"><span style=\"color: #5e5e61;\"><em>kood 60-15-33<\/em><\/span><\/p>\n<p style=\"font-weight: 400;\"><span style=\"color: #5e5e61;\"><em>Lisainfo:\u00a0\u00a0<\/em><a style=\"color: #5e5e61;\" href=\"mailto:info@estoniansociety.co.uk\"><em>info@estoniansociety.co.uk<\/em><\/a><\/span><\/p>\n<p style=\"font-weight: 400;\"><span style=\"color: #5e5e61;\"><em>******************************<\/em><\/span><\/p>\n<p style=\"font-weight: 400;\"><span style=\"color: #5e5e61;\"><em>\u00a0<\/em><\/span><\/p>\n<p style=\"font-weight: 400;\"><span style=\"color: #5e5e61;\"><b><strong><em>KUIDAS TULLA<\/em><\/strong><\/b><\/span><\/p>\n<p style=\"font-weight: 400;\"><span style=\"color: #5e5e61;\"><em>Selleks, et k\u00f5ik jaanikulised peopaika kenasti kohale j\u00f5uaksid ja sealt \u00e4ra saaksid aitavad \u00fcrituse korraldajad Upminsteri rongijaamas teid jaanikutaksodele ja ka tagasi rongijaama. Autos\u00f5it peopaika kestab orienteeruvalt 10-12 minutit. Kui soovid kasutada jaanikutakso teenust on kindlasti vajalik eelregistreerimine (<\/em><em><a style=\"color: #5e5e61;\" href=\"mailto:andreas@estoniansociety.co.uk\">andreas@estoniansociety.co.uk<\/a>\u00a0<\/em><em>)<\/em><\/span><\/p>\n<p style=\"font-weight: 400;\"><span style=\"color: #5e5e61;\"><b><strong><em>Autoga<\/em><\/strong><\/b><\/span><\/p>\n<p style=\"font-weight: 400;\"><span style=\"color: #5e5e61;\"><em>Postikoodiks on CM13 3LL. Parkimiskohti on k\u00fcllalt (50+) ning parkimine on TASUTA. Kui sul on autos vaba ruumi, siis v\u00f5id \u00a0<u><a style=\"color: #5e5e61;\" href=\"https:\/\/www.facebook.com\/events\/1640100722964041\/\">\u00fcrituse Facebooki lehel\u00a0<\/a><\/u>julgelt v\u00e4lja h\u00f5igata.<\/em><\/span><\/p>\n<p style=\"font-weight: 400;\"><span style=\"color: #5e5e61;\"><b><strong><em>\u00dchistranspordiga Londonist:<\/em><\/strong><\/b><\/span><\/p>\n<p style=\"font-weight: 400;\"><span style=\"color: #5e5e61;\"><em>\u00dcrituse l\u00e4him rongipeatus on\u00a0<b><strong>UPMINSTER (<\/strong><\/b>tsoon 6, Oysterkaart)<\/em><\/span><\/p>\n<p style=\"font-weight: 400;\"><span style=\"color: #5e5e61;\"><em>Rongid: District Line (n\u00e4dalavahetuse graafikus v\u00f5imalikud muutused)<\/em><\/span><\/p>\n<p style=\"font-weight: 400;\"><span style=\"color: #5e5e61;\"><em>Ja C2C rong:\u00a0<\/em><\/span><\/p>\n<p style=\"font-weight: 400;\"><span style=\"color: #5e5e61;\"><b><strong><em>Fenchurch Street- Limehouse- West Ham- Barking- Upminster<\/em><\/strong><\/b><\/span><\/p>\n<p style=\"font-weight: 400;\"><span style=\"color: #5e5e61;\"><em>ja<\/em><\/span><\/p>\n<p><span style=\"color: #5e5e61;\"><b><strong><em>Liverpool Street-Stratford- Barking- Upminster<\/em><\/strong><\/b><\/span><\/p>\n<p style=\"font-weight: 400;\"><span style=\"color: #5e5e61;\"><b><strong><em>Upminster peatuse<\/em><\/strong><\/b><em>\u00a0ees autoparklas ootab teid eesti noormees Andreas (tunnete \u00e4ra, sest kannab eesti lippu), kes aitab ja juhatab k\u00fclalised lahkelt takso peale.\u00a0 JAANIKUTAKSO \u00a0(ainult eelregistreerimise alusel) s\u00f5idab marsruudil Upminster \u2013 JAANIPIDU 10-12 minutit. Jaaniku abiline on rongijaamas teid aitamas ja juhendamas ajavahemikus 14.00. -17.00. Kirjuta Andreasele\u00a0 oma jaanikutakso soov: \u00a0<\/em><em>emailil: \u00a0<\/em><a style=\"color: #5e5e61;\" href=\"mailto:andreas@estoniansociety.co.uk\"><em>andreas@estoniansociety.co.uk<\/em><\/a><u>\u00a0<\/u>\u00a0or\u00a0\u00a0<em>tekst:<\/em><b><strong><em>\u00a007754455110<\/em><\/strong><\/b><em>\u00a0\u00a0<\/em><em>Kirjuta oma nimi, kellaajad, mil soovid taksot Upminster rongipeatusesse ja tagasi peolt.<\/em><\/span><\/p>\n<p style=\"font-weight: 400;\"><span style=\"color: #5e5e61;\"><em>\u00a0TAGASI rongijaama UPMINSTERisse saab jaanipeolt samuti taksoga, mis teile tellitakse peokoha ukse ette teile sobival ajal. Palun eelregistreerida nii peole mineku kui ka tagasimineku kellaeg emailil:\u00a0<\/em><a style=\"color: #5e5e61;\" href=\"mailto:andreas@estoniansociety.co.uk\"><em>andreas@estoniansociety.co.uk<\/em><\/a><\/span><\/p>\n<p style=\"font-weight: 400;\"><span style=\"color: #5e5e61;\"><em>Teadmiseks, et viimased taksod s\u00f5idavad jaanipeolt kell 23.15. Upminster rongijaama (sealt l\u00e4hevad viimased rongid: 23.41, 23.45 ja 00.09.)<\/em><\/span><\/p>\n<p style=\"font-weight: 400;\"><span style=\"color: #5e5e61;\"><em>Rongijaamast v\u00f5ib v\u00f5tta ka ise tavatakso.\u00a0<\/em><a style=\"color: #5e5e61;\" href=\"https:\/\/www.google.co.uk\/search?q=upminster+taxi&amp;oq=upminster+taxi&amp;aqs=chrome..69i57j0l5.5857j0j4&amp;sourceid=chrome&amp;ie=UTF-8#q=upminster+taxi&amp;rflfq=1&amp;rlha=0&amp;rllag=51558936,242973,547&amp;tbm=lcl&amp;rldimm=4156254623774835899&amp;tbs=lrf:!2m1!1e2!3sEAE,lf:1,lf_ui:2&amp;rlfi=hd:;si:;mv:!1m3!1d3288.0668522336077!2d0.24791603491826208!3d51.55751177251114!3m2!1i860!2i509!4f13.1;tbs:lrf:!2m1!1e2!3s\"><em>Kohalike taksode<\/em><\/a><em>\u00a0telefoninumbrid on siin:\u00a0<\/em><\/span><\/p>\n<p style=\"font-weight: 400;\"><span style=\"color: #5e5e61;\"><em>Station Cars tel: 01708 229400 , Upminster Taxi Rank tel: 01708 225832 , Men in Black Cars tel: 01708 501069\u00a0<\/em><\/span><\/p>\n<p style=\"font-weight: 400;\"><span style=\"color: #5e5e61;\"><em>Transpordi hinnad:<\/em><\/span><\/p>\n<p style=\"font-weight: 400;\"><span style=\"color: #5e5e61;\"><em>JAANIKUTAKSO \u2013 \u00fchesuuna s\u00f5it maksab orienteeruvalt \u00a32.50.<\/em><\/span><\/p>\n<p style=\"font-weight: 400;\"><span style=\"color: #5e5e61;\"><em>Takso s\u00f5it (4-kohaline auto) \u2013 \u00fchesuunas\u00f5it maksab \u00a310-\u00a312.<\/em><\/span><\/p>\n<p style=\"font-weight: 400;\"><span style=\"color: #5e5e61;\"><b><strong><em>Lisainfo<\/em><\/strong><\/b><em>:<\/em><\/span><\/p>\n<p style=\"font-weight: 400;\"><span style=\"color: #5e5e61;\"><em>TEADUSTEATER (esineja):\u00a0<\/em><a style=\"color: #5e5e61;\" href=\"http:\/\/teadusteater.ee\/\"><em>http:\/\/teadusteater.ee\/<\/em><\/a><\/span><\/p>\n<p style=\"font-weight: 400;\"><span style=\"color: #5e5e61;\"><em>HALFWAY HOUSE (peokoha koduleht):\u00a0<\/em><a style=\"color: #5e5e61;\" href=\"http:\/\/half-way.co.uk\/\"><em>http:\/\/half-way.co.uk\/<\/em><\/a><\/span><\/p>\n<p style=\"font-weight: 400;\"><span style=\"color: #5e5e61;\"><em>Kohalikud Taksod:\u00a0<\/em><a style=\"color: #5e5e61;\" href=\"https:\/\/www.google.co.uk\/search?q=upminster+taxi&amp;oq=upminster+taxi&amp;aqs=chrome..69i57j0l5.5857j0j4&amp;sourceid=chrome&amp;ie=UTF-8#q=upminster+taxi&amp;rflfq=1&amp;rlha=0&amp;rllag=51558936,242973,547&amp;tbm=lcl&amp;rldimm=4156254623774835899&amp;tbs=lrf:!2m1!1e2!3sEAE,lf:1,lf_ui:2&amp;rlfi=hd:;si:;mv:!1m3!1d3288.0668522336077!2d0.24791603491826208!3d51.55751177251114!3m2!1i860!2i509!4f13.1;tbs:lrf:!2m1!1e2!3s\"><em>Link avaneb siin!<\/em><\/a><\/span><\/p>\n<p style=\"font-weight: 400;\"><span style=\"color: #5e5e61;\"><em>Jaaniku info t\u00e4ieneb pidevalt!<\/em><\/span><\/p>\n<p style=\"font-weight: 400;\"><span style=\"color: #5e5e61;\"><em>Kohtumiseni jaanipeol!<\/em><\/span><\/p>\n<p style=\"font-weight: 400;\"><span style=\"color: #5e5e61;\"><em>Peo toovad teieni Eesti organisatsioonid Londonis:<\/em><\/span><\/p>\n<p style=\"font-weight: 400;\"><span style=\"color: #5e5e61;\"><em>Londoni Eesti Selts, Eesti Gild Londonis ja\u00a0<\/em><em>Eesti Kool Londonis<\/em><\/span><\/p>\n<p>&nbsp;<\/p>","protected":false},"excerpt":{"rendered":"<p>&nbsp; Londoni Eesti Seltsi Jaanipidu 2017 \u00a0\u00a0 Londoni eestlased t\u00e4histasid jaanikut 17. juunil 2017 Londoni l\u00e4hedal, Essexis.\u00a0\u00a0CM13 3LL\u00a0 Pildid \u00fcritusest\u00a0SIIN!!\u00a0\u00a0ja\u00a0SIIN!!\u00a0 ja\u00a0SIIN!! \u00d5htulehe kajastust jaanip\u00e4evast saab lugeda\u00a0SIIT! &#8220;&#8230; eestlane j\u00e4\u00e4b ikka eestlaseks&#8230;.&#8220; Londoni eestlaste kogu perele m\u00f5eldud jaanipidu toimub seekord juba eelmisel aastal tuttavaks saanud kohas Essexis, kus k\u00f5igi piduliste p\u00e4ralt on\u00a0Half Way House\u00a0pubi\u00a0avar ja rohelust &hellip;<\/p>\n<p class=\"read-more\"> <a class=\"\" href=\"https:\/\/www.estoniansociety.co.uk\/en\/uritused-londoni-eesti-seltsi-jaanipidu-2017\/\"> <span class=\"screen-reader-text\">Arhiiv &#8211; 2017 &#8211; \u00dcritused &#8211; Londoni Eesti Seltsi Jaanipidu<\/span> Read More &raquo;<\/a><\/p>","protected":false},"author":1,"featured_media":0,"parent":0,"menu_order":0,"comment_status":"closed","ping_status":"closed","template":"","meta":{"_mi_skip_tracking":false,"footnotes":""},"class_list":["post-915","page","type-page","status-publish","hentry"],"_links":{"self":[{"href":"https:\/\/www.estoniansociety.co.uk\/en\/wp-json\/wp\/v2\/pages\/915","targetHints":{"allow":["GET"]}}],"collection":[{"href":"https:\/\/www.estoniansociety.co.uk\/en\/wp-json\/wp\/v2\/pages"}],"about":[{"href":"https:\/\/www.estoniansociety.co.uk\/en\/wp-json\/wp\/v2\/types\/page"}],"author":[{"embeddable":true,"href":"https:\/\/www.estoniansociety.co.uk\/en\/wp-json\/wp\/v2\/users\/1"}],"replies":[{"embeddable":true,"href":"https:\/\/www.estoniansociety.co.uk\/en\/wp-json\/wp\/v2\/comments?post=915"}],"version-history":[{"count":3,"href":"https:\/\/www.estoniansociety.co.uk\/en\/wp-json\/wp\/v2\/pages\/915\/revisions"}],"predecessor-version":[{"id":2598,"href":"https:\/\/www.estoniansociety.co.uk\/en\/wp-json\/wp\/v2\/pages\/915\/revisions\/2598"}],"wp:attachment":[{"href":"https:\/\/www.estoniansociety.co.uk\/en\/wp-json\/wp\/v2\/media?parent=915"}],"curies":[{"name":"wp","href":"https:\/\/api.w.org\/{rel}","templated":true}]}}