{"id":907,"date":"2021-06-13T17:26:08","date_gmt":"2021-06-13T17:26:08","guid":{"rendered":"https:\/\/estoniansociety.co.uk\/?page_id=907"},"modified":"2021-06-22T20:55:07","modified_gmt":"2021-06-22T20:55:07","slug":"uritused-kuuditamise-malestusteenistus-st-james-kirikus","status":"publish","type":"page","link":"https:\/\/www.estoniansociety.co.uk\/en\/uritused-kuuditamise-malestusteenistus-st-james-kirikus\/","title":{"rendered":"\u00dcritused &#8211; Toimunud \u00fcritused &#8211; K\u00fc\u00fcditamise m\u00e4lestusteenistus St James Kirikus"},"content":{"rendered":"<p>&nbsp;<\/p>\n<h2 style=\"text-align: center;\"><span style=\"color: #5e5e61;\">K\u00fc\u00fcditamise M\u00e4lestusteenistus St James Kirikus<\/span><\/h2>\n<p>&nbsp;<\/p>\n<p><span style=\"color: #5e5e61;\">Balti N\u00f5ukogu kutsub K\u00fc\u00fcditamise m\u00e4lestusteenistusele 11.juunil 2017 kell 14.30. St James Kirikusse, Piccadilly&#8217;s. Kohapeal on k\u00fc\u00fcditatute m\u00e4lestustest kokku pandud n\u00e4itus. Avatud 09-16.juuni 09.00-17.00. Londoni Eesti Seltsi Segakoor esineb koos L\u00e4ti ja Leedu kooridega. Sissep\u00e4\u00e4s on tasuta.\u00a0<a style=\"color: #5e5e61;\" href=\"https:\/\/www.facebook.com\/events\/1389350297822692\/?acontext=%7B%22ref%22%3A%223%22%2C%22ref_newsfeed_story_type%22%3A%22regular%22%2C%22action_history%22%3A%22null%22%7D\" target=\"_blank\" rel=\"noopener\"><span style=\"color: #dd9933;\">Rohkem infot SIIN<\/span>!\u00a0<\/a><\/span><\/p>\n<p><span style=\"color: #5e5e61;\">**<\/span><\/p>\n<p><span style=\"color: #5e5e61;\">The Baltic Council in Great Britain cordially invites you to our annual United Remembrance Service, 2.30pm Sunday 11th June, at St. James&#8217;s Church Piccadilly, to commemorate the deportations to Siberia of Estonians, Latvians and Lithuanians and to our exhibition, open daily, Saturday 9th June to Friday 16th June 9am-5pm. Free entrance!\u00a0<a style=\"color: #5e5e61;\" href=\"https:\/\/www.facebook.com\/events\/1389350297822692\/?acontext=%7B%22ref%22%3A%223%22%2C%22ref_newsfeed_story_type%22%3A%22regular%22%2C%22action_history%22%3A%22null%22%7D\" target=\"_blank\" rel=\"noopener\"><span style=\"color: #dd9933;\">More information here<\/span>!\u00a0<\/a><\/span><\/p>\n<p>&nbsp;<\/p>","protected":false},"excerpt":{"rendered":"<p>&nbsp; K\u00fc\u00fcditamise M\u00e4lestusteenistus St James Kirikus &nbsp; Balti N\u00f5ukogu kutsub K\u00fc\u00fcditamise m\u00e4lestusteenistusele 11.juunil 2017 kell 14.30. St James Kirikusse, Piccadilly&#8217;s. Kohapeal on k\u00fc\u00fcditatute m\u00e4lestustest kokku pandud n\u00e4itus. Avatud 09-16.juuni 09.00-17.00. Londoni Eesti Seltsi Segakoor esineb koos L\u00e4ti ja Leedu kooridega. Sissep\u00e4\u00e4s on tasuta.\u00a0Rohkem infot SIIN!\u00a0 ** The Baltic Council in Great Britain cordially invites you &hellip;<\/p>\n<p class=\"read-more\"> <a class=\"\" href=\"https:\/\/www.estoniansociety.co.uk\/en\/uritused-kuuditamise-malestusteenistus-st-james-kirikus\/\"> <span class=\"screen-reader-text\">\u00dcritused &#8211; Toimunud \u00fcritused &#8211; K\u00fc\u00fcditamise m\u00e4lestusteenistus St James Kirikus<\/span> Read More &raquo;<\/a><\/p>","protected":false},"author":1,"featured_media":0,"parent":0,"menu_order":0,"comment_status":"closed","ping_status":"closed","template":"","meta":{"_mi_skip_tracking":false,"footnotes":""},"class_list":["post-907","page","type-page","status-publish","hentry"],"_links":{"self":[{"href":"https:\/\/www.estoniansociety.co.uk\/en\/wp-json\/wp\/v2\/pages\/907","targetHints":{"allow":["GET"]}}],"collection":[{"href":"https:\/\/www.estoniansociety.co.uk\/en\/wp-json\/wp\/v2\/pages"}],"about":[{"href":"https:\/\/www.estoniansociety.co.uk\/en\/wp-json\/wp\/v2\/types\/page"}],"author":[{"embeddable":true,"href":"https:\/\/www.estoniansociety.co.uk\/en\/wp-json\/wp\/v2\/users\/1"}],"replies":[{"embeddable":true,"href":"https:\/\/www.estoniansociety.co.uk\/en\/wp-json\/wp\/v2\/comments?post=907"}],"version-history":[{"count":2,"href":"https:\/\/www.estoniansociety.co.uk\/en\/wp-json\/wp\/v2\/pages\/907\/revisions"}],"predecessor-version":[{"id":1446,"href":"https:\/\/www.estoniansociety.co.uk\/en\/wp-json\/wp\/v2\/pages\/907\/revisions\/1446"}],"wp:attachment":[{"href":"https:\/\/www.estoniansociety.co.uk\/en\/wp-json\/wp\/v2\/media?parent=907"}],"curies":[{"name":"wp","href":"https:\/\/api.w.org\/{rel}","templated":true}]}}