{"id":895,"date":"2021-06-13T17:20:04","date_gmt":"2021-06-13T17:20:04","guid":{"rendered":"https:\/\/estoniansociety.co.uk\/?page_id=895"},"modified":"2021-07-05T05:36:54","modified_gmt":"2021-07-05T05:36:54","slug":"uritused-eesti-kultuuripaev-londonis-ev100-avauritus","status":"publish","type":"page","link":"https:\/\/www.estoniansociety.co.uk\/en\/uritused-eesti-kultuuripaev-londonis-ev100-avauritus\/","title":{"rendered":"Arhiiv &#8211; 2017 &#8211; \u00dcritused &#8211; Eesti kultuurip\u00e4ev Londonis. EV100 ava\u00fcritus."},"content":{"rendered":"<p>&nbsp;<\/p>\n<h2 style=\"text-align: center;\"><span style=\"color: #5e5e61;\">Eesti kultuurip\u00e4ev Londonis. EV100 ava\u00fcritus.<\/span><\/h2>\n<p><span style=\"color: #5e5e61;\">\u00a0\u00a0<\/span><\/p>\n<p><span style=\"color: #5e5e61;\"><span class=\"text_exposed_show\">EV100 t\u00e4histamist alustame eesti kogukonnaga Londonis l\u00e4bi eesti kultuuri ja ajaloo tutvustamisega.<br \/>\nAeg: Laup\u00e4eval, 04.november . Uksed avatakse kell 14.00. Programm algab 15.00.<br \/>\nKoht: Eesti Maja Londonis, 18 Chepstow Villas, W11 2RB<br \/>\nP\u00e4ev on kakskeelne: eesti ja inglise keeles.<\/span><\/span><\/p>\n<p>EESTI KOHVIK on avatud 14:00 &#8211; 21:00.<br \/>\nPakutakse kiluv\u00f5ileiba, kartulisalatit, seljankat, rummikooki! Tee, kohv.<br \/>\nHaara kaasa sularaha:)<br \/>\n__________________________<wbr \/>______________<br \/>\n1.osa: kell 15.00.-17.00 EESTI RAHVA (AJA)LUGU<br \/>\nAjaloolane OTT SANDRAK loeng \u201cEesti rahvas Euroopas kui indiaanlased Ameerikas: Vanim kohalik p\u00e4risrahvas j\u00f5uab ametliku 100nda s\u00fcnnip\u00e4evani.\u201d ning muud p\u00f5nevad jutustused Eestist, \u00dchendkuningriigist ja paljust muust. (kohvipausid)<br \/>\nEvelin Siilak ( LES esinaine)kirjeldab lisaks eesti kogukonna ajalugu Londonis peale Teist Maailmas\u00f5da ja tegevustest ka l\u00e4hiajal.<br \/>\n__________________________<wbr \/>______________<br \/>\n2.osa: kell 18:00.-21:00. EESTI FILMIDE \u00d5HTU<br \/>\nFilmi\u00f5htu juhatab sisse rezhiss\u00f6\u00f6r Madli L\u00e4\u00e4ne-Metsalu (Eestist).<br \/>\nEesti l\u00fchifilmide programm: Madli L\u00e4\u00e4ne-Metsalu l\u00fchifilm \u201cKolm p\u00e4eva augustis\u201d (2017) millele j\u00e4rgnevad Moonika Siimetsa &#8221; Roosa Kampsun&#8221; ja &#8221; Viimane Romeo&#8221;.<br \/>\nKohvik on avatud!<br \/>\n__________________________<wbr \/>______________<br \/>\nEesti Kultuurip\u00e4ev on TASUTA, kuid vajalik eelregistreerimine, sest kohtade arv on piiratud!<br \/>\nKohvikus arveldamine sularahas.<br \/>\nOodatud annetused EV100 raames toimuva EESTI P\u00c4EV LONDONIS korraldamise toetuseks.<br \/>\nM\u00fc\u00fcgil SOODUSPILETID J\u00f5ulupeole! laup\u00e4eval, 02.detsembril, Wandsworthi suures saalis (nagu eelmisel aastal). J\u00e4lgi meid Facebookis v\u00f5i<a style=\"color: #5e5e61;\" href=\"https:\/\/l.facebook.com\/l.php?u=http%3A%2F%2Fwww.estoniansociety.co.uk%2F&amp;h=ATNSshHU3y_jMT7DmqO1rzuP7pOue6YfLV313_pXs6VX4kMOs9xGNJNfV7kEj8Ps_DpjHyXfo1IFuCdJ6qU_njPt7Bdhj5nMP6_vj7rbr15_-r4ek8M1pxv3nu9XbBcvgdBuWfEZUNyS457uJis2RvN6tsEG8k0Bp4V5a4FcQbwBEw\" target=\"_blank\" rel=\"noopener nofollow\" data-lynx-mode=\"async\">www.estoniansociety.co.uk<\/a><br \/>\nK\u00f5ikide tulevaste \u00fcrituste kohta on t\u00e4psem informatsioon kohapeal olemas! TULE KOHALE ja tutvu l\u00e4hemalt!<br \/>\n__________________________<wbr \/>______________<br \/>\n\u00dcritust toetavad:<br \/>\nEesti Saatkond Londonis<br \/>\nja<br \/>\nEesti Vabariigi Kultuuriministeerium ja v\u00e4liseesti kultuuri\u00fchingute konkursi l\u00e4biviija<br \/>\nIntegratsiooni ja Migratsiooni Sihtasutus Meie Inimesed (MISA) rahvuskaaslase programm.<br \/>\n__________________________<wbr \/>______________<br \/>\n\u00dcrituse toovad teieni:<br \/>\nLondoni Eesti Selts ja Eesti Gild Londonis koos vabatahtlikega.<\/p>\n<p>&nbsp;<\/p>\n<hr \/>\n<p><span style=\"color: #5e5e61;\">Reserve the place<a style=\"color: #5e5e61;\" href=\"https:\/\/www.eventbrite.co.uk\/e\/estonian-day-in-london-eesti-kultuuripaev-londonis-ev100-avauritus-registration-38482502200\" target=\"_blank\" rel=\"noopener\">\u00a0<span style=\"color: #dd9933;\">HERE!<\/span><\/a>\u00a0and\u00a0<a style=\"color: #5e5e61;\" href=\"https:\/\/www.facebook.com\/events\/1568394683242189\/?active_tab=about\"><span style=\"color: #dd9933;\">FACEBOOK event<\/span>!<\/a><\/span><\/p>\n<p><span style=\"color: #5e5e61;\">Estonia is celebrating the hundredth anniversary of its independence. As a part of these celebrations, we will run a series of events, involving Estonian history, cinema and, of course, food!<\/span><br \/>\n<span style=\"color: #5e5e61;\">We hope to see you at Estonian House on Saturday, 4th November from 2pm to 9pm. A traditional lunch of salted sprat sandwiches and seljanka soup will be served, and a delicatessen will sell food to take home.<\/span><br \/>\n<span style=\"color: #5e5e61;\">Entry is FREE, but as we have limited space, it is important to register if you wish to attend.<\/span><br \/>\n<span style=\"color: #5e5e61;\">We would ask that you make a voluntary donation towards supporting our work, and can only accept cash.<\/span><br \/>\n<span style=\"color: #5e5e61;\">Part 1: 15:00-17:00 &#8211; Estonian History<\/span><br \/>\n<span style=\"color: #5e5e61;\">Well know historian Ott Sandrak will deliver a fascinating lecture comp<span class=\"text_exposed_show\">aring and contrasting the culture and history of the Estonian people with the Native Americans.<br \/>\nEvelin Siilak, chairman of the Estonian Society in London will talk about the history and culture of the Estonian immigrant community in London.<br \/>\nPart 2: 18:00-20:00 &#8211; Estonian Short Films porgramme<br \/>\nDirector Madli L\u00e4\u00e4ne-Metsalu will introduce her short film &#8220;3 Days in August&#8221; (2017). Which will be followed by two shorts by Moonika Siimets &#8221; Roosa Kampsun&#8221; and &#8220;Viimane Romeo&#8221;<br \/>\nCafe is open!<br \/>\nMore information about Estonia 100:\u00a0<a style=\"color: #5e5e61;\" href=\"https:\/\/l.facebook.com\/l.php?u=https%3A%2F%2Fwww.ev100.ee%2Fen&amp;h=ATOCCClCTsSFyOkburxpZslOQ3OOxZcpQaXPkL1urOP1Ms--hoXgAt5c3wY6jXBc-juwDAJcxDcebmEG0nsVrz8IaqKM6-uSjzMSIMhOp8W_rcuOvnnOZ2kgf0xxB288RbXlval0GWpg2ObMOtMRPmukgaWsODGizQNvWkCwgGgU2A\" target=\"_blank\" rel=\"noopener nofollow\" data-lynx-mode=\"async\">https:\/\/www.ev100.ee\/en<\/a><\/span><\/span><\/p>","protected":false},"excerpt":{"rendered":"<p>&nbsp; Eesti kultuurip\u00e4ev Londonis. EV100 ava\u00fcritus. \u00a0\u00a0 EV100 t\u00e4histamist alustame eesti kogukonnaga Londonis l\u00e4bi eesti kultuuri ja ajaloo tutvustamisega. Aeg: Laup\u00e4eval, 04.november . Uksed avatakse kell 14.00. Programm algab 15.00. Koht: Eesti Maja Londonis, 18 Chepstow Villas, W11 2RB P\u00e4ev on kakskeelne: eesti ja inglise keeles. EESTI KOHVIK on avatud 14:00 &#8211; 21:00. Pakutakse kiluv\u00f5ileiba, &hellip;<\/p>\n<p class=\"read-more\"> <a class=\"\" href=\"https:\/\/www.estoniansociety.co.uk\/en\/uritused-eesti-kultuuripaev-londonis-ev100-avauritus\/\"> <span class=\"screen-reader-text\">Arhiiv &#8211; 2017 &#8211; \u00dcritused &#8211; Eesti kultuurip\u00e4ev Londonis. EV100 ava\u00fcritus.<\/span> Read More &raquo;<\/a><\/p>","protected":false},"author":1,"featured_media":0,"parent":0,"menu_order":0,"comment_status":"closed","ping_status":"closed","template":"","meta":{"_mi_skip_tracking":false,"footnotes":""},"class_list":["post-895","page","type-page","status-publish","hentry"],"_links":{"self":[{"href":"https:\/\/www.estoniansociety.co.uk\/en\/wp-json\/wp\/v2\/pages\/895","targetHints":{"allow":["GET"]}}],"collection":[{"href":"https:\/\/www.estoniansociety.co.uk\/en\/wp-json\/wp\/v2\/pages"}],"about":[{"href":"https:\/\/www.estoniansociety.co.uk\/en\/wp-json\/wp\/v2\/types\/page"}],"author":[{"embeddable":true,"href":"https:\/\/www.estoniansociety.co.uk\/en\/wp-json\/wp\/v2\/users\/1"}],"replies":[{"embeddable":true,"href":"https:\/\/www.estoniansociety.co.uk\/en\/wp-json\/wp\/v2\/comments?post=895"}],"version-history":[{"count":4,"href":"https:\/\/www.estoniansociety.co.uk\/en\/wp-json\/wp\/v2\/pages\/895\/revisions"}],"predecessor-version":[{"id":2588,"href":"https:\/\/www.estoniansociety.co.uk\/en\/wp-json\/wp\/v2\/pages\/895\/revisions\/2588"}],"wp:attachment":[{"href":"https:\/\/www.estoniansociety.co.uk\/en\/wp-json\/wp\/v2\/media?parent=895"}],"curies":[{"name":"wp","href":"https:\/\/api.w.org\/{rel}","templated":true}]}}