{"id":888,"date":"2021-06-13T17:14:39","date_gmt":"2021-06-13T17:14:39","guid":{"rendered":"https:\/\/estoniansociety.co.uk\/?page_id=888"},"modified":"2021-07-05T05:36:00","modified_gmt":"2021-07-05T05:36:00","slug":"uritused-tantsimise-alused-phdr-iivi-zajedova-juhendamisel","status":"publish","type":"page","link":"https:\/\/www.estoniansociety.co.uk\/en\/uritused-tantsimise-alused-phdr-iivi-zajedova-juhendamisel\/","title":{"rendered":"Arhiiv &#8211; 2017 &#8211; \u00dcritused &#8211; Tantsimise alused PhDr Iivi Zajedova juhendamisel"},"content":{"rendered":"<p>&nbsp;<\/p>\n<h2 style=\"text-align: center;\"><span style=\"color: #5e5e61;\">Tantsimise alused PhDr Iivi Zajedova juhendamisel<\/span><\/h2>\n<p>&nbsp;<\/p>\n<p style=\"font-weight: 400;\"><span style=\"color: #5e5e61;\"><b><strong>Londoni Eesti Selts<\/strong><\/b>\u00a0koos\u00a0<b><strong>Londoni Eesti Seltsi Rahvantsur\u00fchm<\/strong><\/b>aga kutsuvad k\u00f5iki tantsuhuvilisi kuulama ja osa saama tantsut\u00f6\u00f6toast:<\/span><\/p>\n<p style=\"font-weight: 400;\"><span style=\"color: #5e5e61;\"><b><strong>TANTSIMISE ALUSED.<\/strong><\/b><\/span><\/p>\n<p style=\"font-weight: 400;\"><span style=\"color: #5e5e61;\"><b><strong>teooria ja praktika<\/strong><\/b><\/span><\/p>\n<p style=\"font-weight: 400;\"><span style=\"color: #5e5e61;\">Eesti Majas\u00a0<a style=\"color: #5e5e61;\" href=\"https:\/\/maps.google.com\/?q=Londonis,+18+Chepstow+Villas&amp;entry=gmail&amp;source=g\">Londonis, 18 Chepstow Villas<\/a>, W18 2RB<\/span><\/p>\n<p style=\"font-weight: 400;\"><span style=\"color: #5e5e61;\"><b><strong>Teisip\u00e4eval: 31.okt kell 19.00. Tantsut\u00f6\u00f6tuba K\u00d5IGILE!<\/strong><\/b><\/span><\/p>\n<p style=\"font-weight: 400;\"><span style=\"color: #5e5e61;\"><b><strong>Kolmap\u00e4eval: 01.nov\u00a0kell 19:00 \u00a0Tantsutund: ettevalmistus EV 100 aastap\u00e4evaks.<\/strong><\/b><\/span><\/p>\n<p style=\"font-weight: 400;\"><span style=\"color: #5e5e61;\">Tantsut\u00f6\u00f6tubasid juhendab \u00a0PhDr.<b><strong>\u00a0IIVI ZAJEDOVA<\/strong><\/b>\u00a0Tshehhist<\/span><\/p>\n<p style=\"font-weight: 400;\"><span style=\"color: #5e5e61;\">ja kohapeal aitab\u00a0<b><strong>Marje Remmet<\/strong><\/b>\u00a0(LES Rahvantsur\u00fchma juhendaja, Estonians Folks asutaja).<\/span><\/p>\n<p style=\"font-weight: 400;\"><span style=\"color: #5e5e61;\"><b><strong>Teisip\u00e4eval \u00a0kell 19:00.\u00a0<\/strong><\/b>\u00a0Tantsutund K\u00d5IGILE! Teooria ja treening.<\/span><\/p>\n<p style=\"font-weight: 400;\"><span style=\"color: #5e5e61;\"><b><strong>TANTSIMISE ALUSED<\/strong><\/b>.<\/span><\/p>\n<p style=\"font-weight: 400;\"><span style=\"color: #5e5e61;\">Rahvatants. Ballett. Poppfolk. &#8211; iga tantsimine on liikumine. Liikumistehnika nippe ja v\u00f5tteid tutvustab tuntud kutseline baleriin \u00a0ja filosoofiadoktor\u00a0\u00a0Iivi Zajedova (valdkond:\u00a0\u00dchiskonnateadused ja kultuur;\u00a0Kultuuriantropoloogia, etnoloogia,\u00a0p\u00f5hisuund\u00a0Riigiteadused; tantsuantropoloogia)<\/span><\/p>\n<p style=\"font-weight: 400;\"><span style=\"color: #5e5e61;\"><b><strong>Tund sisaldab:<\/strong><\/b>\u00a0\u00a0Tantsu teooria, p\u00f5hit\u00f5ed, millele j\u00e4rgneb treening.,\u00a0Tantsutunnis naidatakse tantsu tehnikaid ja votteid. Keskendutakse tantsija keha ettevalmistamisele tantsimiseks. T\u00e4helepanu p\u00f6\u00f6ratakse \u00f5igele kehajoondumisele, hingamisele,\u00a0 tasakaalule, vastupidavusele. Lisaks \u00f5pitakse \u00a0p\u00f6\u00f6rdeid, tosteid ja teisi tantsulisi elemente. Tantsutehnika tundmine arendab \u00fcle\u00fcldist kehalist intelligentsust ja on kehale v\u00e4ga oluline, ennetamaks vigastuste teket.\u00a0Tund sobib nii algajatele kui ka edasij\u00f5udnutele.<\/span><\/p>\n<p style=\"font-weight: 400;\"><span style=\"color: #5e5e61;\"><b><strong>Kolmap\u00e4eval \u00a0kell 19:00<\/strong><\/b>\u00a0\u00a0Tantsutund: tantsuetenduse ettevalmistus EV 100 aastap\u00e4evaks. See tund on m\u00f5eldud tantsuhuvilistele, kel on soov regulaarselt igal n\u00e4dalal alustada tantsutreeningutega. Juhendab Iivi Zajedova. Oma tulekust palun anda teada kas teisip\u00e4evases tunnis v\u00f5i kirjutada: marje@estonianfolks.com<\/span><\/p>\n<p style=\"font-weight: 400;\"><span style=\"color: #5e5e61;\"><b><strong>Tantsut\u00f6\u00f6tubade juhendajast.<\/strong><\/b><\/span><\/p>\n<p style=\"font-weight: 400;\"><span style=\"color: #5e5e61;\"><b><strong>Iivi Zajedova\u00a0<\/strong><\/b>t\u00f6\u00f6tab Praha Karli \u00dclikoolis ning on t\u00f6\u00f6tanud mitmes Tallinna \u00dclikooli lnstituudis (2000-2016). Kirjutanud artikleid ning koostanud ja toimetanud tantsualast ajakirja Res Artis. Loodus- ja terviseteaduse instituudi vanemteadurina juhtis grandiuuringuid eesti rahvatantsuharrastuste teemal \u00fcle maailma. Elab Tsehhis ja on tantsinud professionaalse balleriinina nii Tsehhi kui ka Eesti Rahvusteatrites. On kauaaegne eestluse eestvedaja Tsehhis. On t\u00f6\u00f6tanud Tallinna Tsehhi Suursaatkonna pressilauas ja kutuuri alal. Uurimist\u00f6\u00f6de k\u00f5rval tegeles TL\u00dc Kunstide Instituudis kunstiteraapiliste liikumistehnikate koolitustega. \u00d5petab klassikalist balletti, karaktertantsu ning seatud ja t\u00f6\u00f6deldud eesti rahvatantsu.<\/span><\/p>\n<p style=\"font-weight: 400;\"><span style=\"color: #5e5e61;\"><b><strong>Tantsu\u00f5petajate kommentaarid!<\/strong><\/b><\/span><\/p>\n<p style=\"font-weight: 400;\"><span style=\"color: #5e5e61;\">Iivi Zajedova: \u201cMulle meeldib igasugune tants, eriti kui seda tehakse h\u00e4sti ja r\u00f5\u00f5muga. Tuntud baleriin Maja Plissetskaja \u00fctles, et liigutus oli enne kui s\u00f5na! Tantsimine on mulle \u00a0s\u00fcdamel\u00e4hedane, sest siin v\u00f5ib n\u00e4ha korraga nii kehade tehnikat, liikumisilu, tundeid ja veel midagi, mida s\u00f5nadega pole alati v\u00f5imalik edasi anda &#8211; ning seda k\u00f5ike suurep\u00e4rase muusika saatel.&#8221;<\/span><\/p>\n<p style=\"font-weight: 400;\"><span style=\"color: #5e5e61;\">Marje Remmet: &#8220;Londonis on tulemas erakordne v\u00f5imalus \u00fchineda tantsuhuvilistel mitmeks \u00f5htuks Eesti Majja. Teame, et on olemas toredaid tantsusopru, kes regulaarselt tantsutrennidega \u00fchineda ei saa erip\u00f5hjustel, kuid igal suurpeol hea meelega t\u00f6\u00f6tubasid kaasa teevad. Seekord pakume tanstutundi omaette \u00f5htuna. Just meile tuleb Prahast kohale tantsutunde andma kauaaegne tantsija Iivi Zajedova. Ootame k\u00f5ikide osav\u00f5ttu! \u00d5htu tuleb uudne ja hoogne.&#8221;<\/span><\/p>\n<p style=\"font-weight: 400;\"><span style=\"color: #5e5e61;\"><b><strong>Kaasa v\u00f5tta! Tantsusussid, veepudel ja vahetusriided. Hea tuju!<\/strong><\/b><\/span><\/p>\n<p style=\"font-weight: 400;\"><span style=\"color: #5e5e61;\">Palume kultuuri tegevuse toetuseks kaasa v\u00f5tta \u00a35.00. Oleme t\u00e4nulikud annetuste eest, millega toetate eesti rahvatantsu tegevust Londonis.<\/span><\/p>\n<p style=\"font-weight: 400;\"><span style=\"color: #dd9933;\"><a style=\"color: #dd9933;\" href=\"https:\/\/www.eventbrite.co.uk\/e\/tantsimise-alused-iivi-zajedova-tickets-38482087961\">REGISTREERI END SIIN!<\/a><\/span><\/p>\n<p style=\"font-weight: 400;\"><span style=\"color: #5e5e61;\"><em><b><strong>\u00dcritust toetab Eesti Vabariigi Kultuuriministeerium ja \u00a0v\u00e4liseesti kultuuri\u00fchingute konkursi l\u00e4biviija \u00a0Integratsiooni ja \u00a0Migratsiooni Sihtasutuse Meie Inimesed (MISA) seoses rahvuskaaslase programmiga<\/strong><\/b><\/em><\/span><\/p>\n<p style=\"font-weight: 400;\"><span style=\"color: #5e5e61;\"><b><strong>\u00a0 \u00a0 \u00a0 \u00a0 \u00a0 \u00a0 \u00a0 \u00a0<\/strong><\/b><\/span><\/p>","protected":false},"excerpt":{"rendered":"<p>&nbsp; Tantsimise alused PhDr Iivi Zajedova juhendamisel &nbsp; Londoni Eesti Selts\u00a0koos\u00a0Londoni Eesti Seltsi Rahvantsur\u00fchmaga kutsuvad k\u00f5iki tantsuhuvilisi kuulama ja osa saama tantsut\u00f6\u00f6toast: TANTSIMISE ALUSED. teooria ja praktika Eesti Majas\u00a0Londonis, 18 Chepstow Villas, W18 2RB Teisip\u00e4eval: 31.okt kell 19.00. Tantsut\u00f6\u00f6tuba K\u00d5IGILE! Kolmap\u00e4eval: 01.nov\u00a0kell 19:00 \u00a0Tantsutund: ettevalmistus EV 100 aastap\u00e4evaks. Tantsut\u00f6\u00f6tubasid juhendab \u00a0PhDr.\u00a0IIVI ZAJEDOVA\u00a0Tshehhist ja kohapeal aitab\u00a0Marje &hellip;<\/p>\n<p class=\"read-more\"> <a class=\"\" href=\"https:\/\/www.estoniansociety.co.uk\/en\/uritused-tantsimise-alused-phdr-iivi-zajedova-juhendamisel\/\"> <span class=\"screen-reader-text\">Arhiiv &#8211; 2017 &#8211; \u00dcritused &#8211; Tantsimise alused PhDr Iivi Zajedova juhendamisel<\/span> Read More &raquo;<\/a><\/p>","protected":false},"author":1,"featured_media":0,"parent":0,"menu_order":0,"comment_status":"closed","ping_status":"closed","template":"","meta":{"_mi_skip_tracking":false,"footnotes":""},"class_list":["post-888","page","type-page","status-publish","hentry"],"_links":{"self":[{"href":"https:\/\/www.estoniansociety.co.uk\/en\/wp-json\/wp\/v2\/pages\/888","targetHints":{"allow":["GET"]}}],"collection":[{"href":"https:\/\/www.estoniansociety.co.uk\/en\/wp-json\/wp\/v2\/pages"}],"about":[{"href":"https:\/\/www.estoniansociety.co.uk\/en\/wp-json\/wp\/v2\/types\/page"}],"author":[{"embeddable":true,"href":"https:\/\/www.estoniansociety.co.uk\/en\/wp-json\/wp\/v2\/users\/1"}],"replies":[{"embeddable":true,"href":"https:\/\/www.estoniansociety.co.uk\/en\/wp-json\/wp\/v2\/comments?post=888"}],"version-history":[{"count":4,"href":"https:\/\/www.estoniansociety.co.uk\/en\/wp-json\/wp\/v2\/pages\/888\/revisions"}],"predecessor-version":[{"id":2587,"href":"https:\/\/www.estoniansociety.co.uk\/en\/wp-json\/wp\/v2\/pages\/888\/revisions\/2587"}],"wp:attachment":[{"href":"https:\/\/www.estoniansociety.co.uk\/en\/wp-json\/wp\/v2\/media?parent=888"}],"curies":[{"name":"wp","href":"https:\/\/api.w.org\/{rel}","templated":true}]}}