{"id":884,"date":"2021-06-13T17:05:52","date_gmt":"2021-06-13T17:05:52","guid":{"rendered":"https:\/\/estoniansociety.co.uk\/?page_id=884"},"modified":"2021-07-05T05:35:04","modified_gmt":"2021-07-05T05:35:04","slug":"londoni-eesti-seltsi-joulupidu-2017","status":"publish","type":"page","link":"https:\/\/www.estoniansociety.co.uk\/en\/londoni-eesti-seltsi-joulupidu-2017\/","title":{"rendered":"Arhiiv &#8211; 2017 &#8211; \u00dcritused &#8211; Londoni Eesti Seltsi J\u00f5ulupidu"},"content":{"rendered":"<h2 style=\"text-align: center;\"><span style=\"color: #5e5e61;\">Londoni Eesti Seltsi J\u00f5ulupidu 2017 <\/span><\/h2>\n<p>&nbsp;<\/p>\n<p style=\"font-weight: 400; text-align: center;\"><span style=\"color: #5e5e61;\">Laup\u00e4eval, 02. detsember 2017, kell 17:00<\/span><br \/>\n<span style=\"color: #5e5e61;\">Wandsworth Council. The Town Hall, Wandsworth High Street, London SW18 2PU<\/span><\/p>\n<p style=\"font-weight: 400; text-align: left;\"><span style=\"color: #5e5e61;\"><b><strong>Eestist<\/strong><\/b>:<\/span><\/p>\n<ul style=\"font-weight: 400;\">\n<li><span style=\"color: #5e5e61;\"><b><strong>PEAESINEJAD: \u00a0\u00a0KARL MADIS ja CARL-PHILIP MADIS<\/strong><\/b><\/span><\/li>\n<li><span style=\"color: #5e5e61;\"><b><strong>Artist \u00a0MIKK KAASIK<\/strong><\/b><\/span><\/li>\n<li><span style=\"color: #5e5e61;\"><b><strong>J\u00d5ULUDISKO\u00a0\u00a0<\/strong><\/b>\u00a0<b><strong>DJ onu BELLAga<\/strong><\/b>\u00a0\u00a0\u00a0\u00a0\u00a0\u00a0\u00a0\u00a0\u00a0<\/span><\/li>\n<\/ul>\n<p style=\"font-weight: 400;\"><span style=\"color: #5e5e61;\"><b><strong>Londonist:<\/strong><\/b><\/span><\/p>\n<ul style=\"font-weight: 400;\">\n<li><span style=\"color: #5e5e61;\"><b><strong>Eesti Suursaatkond Londonis.<\/strong><\/b><\/span><\/li>\n<li><span style=\"color: #5e5e61;\"><b><strong>Londoni Naiskammerkoor<\/strong><\/b><\/span><\/li>\n<li><span style=\"color: #5e5e61;\"><b><strong>Londoni Eesti Seltsi Rahvatantsur\u00fchm<\/strong><\/b><\/span><\/li>\n<\/ul>\n<p style=\"font-weight: 400;\"><span style=\"color: #5e5e61;\"><b><strong>LASTELE:<\/strong><\/b><\/span><\/p>\n<ul style=\"font-weight: 400;\">\n<li><span style=\"color: #5e5e61;\"><b><strong>Lapsi ootab j\u00f5uluvana koos kommikotiga<\/strong><\/b><\/span><\/li>\n<li><span style=\"color: #5e5e61;\"><b><strong>Meisterdamise ja \u00a0joonistamise t\u00f6\u00f6toad.\u00a0 Eesti Kool Londonis.<\/strong><\/b><\/span><\/li>\n<li><span style=\"color: #5e5e61;\"><b><strong>MIKK KAASIKU MUSTKUNSTIETENDUS.\u00a0 J<\/strong><\/b><b><strong>\u00e4rgneb t\u00f6\u00f6tuba, kus \u00f5petatakse lasetele \u00fcks mustkunstitrikk selgeks.<\/strong><\/b><\/span><\/li>\n<\/ul>\n<p style=\"font-weight: 400;\"><span style=\"color: #5e5e61;\">\u00a0PILET*:\u00a0<\/span><\/p>\n<p style=\"font-weight: 400;\"><span style=\"color: #5e5e61;\">\u00a0 \u00a328.00 \u00a0Eelm\u00fc\u00fck. \u00a0\u00a0(t\u00e4iskasvanud 16+)<\/span><\/p>\n<p style=\"font-weight: 400;\"><span style=\"color: #5e5e61;\">\u00a0 \u00a335.00 \u00a0\u00a0kohapeal (sularahas) 02. detsembril 2017<\/span><\/p>\n<p style=\"font-weight: 400;\"><span style=\"color: #5e5e61;\">6-15a. \u00a310, alates 16.a t\u00e4iskasvanu pilet (eelm\u00fc\u00fcgis ja kohapeal)<\/span><\/p>\n<p style=\"font-weight: 400;\"><span style=\"color: #5e5e61;\">Lastepilet kuni 5.a tasuta,<\/span><\/p>\n<p style=\"font-weight: 400;\"><span style=\"color: #5e5e61;\">\u00dcLI\u00d5PILASED \u00a320.00 (eelm\u00fc\u00fcgis ja kohapeal)<\/span><\/p>\n<p style=\"font-weight: 400;\"><span style=\"color: #5e5e61;\">Osta pilet kaardiga (teenustasu lisandub)\u00a0<a style=\"color: #5e5e61;\" href=\"https:\/\/www.eventbrite.co.uk\/e\/eestlaste-joulupidu-estonian-christmas-party-tickets-39354265668\">EVENTBRITE lehelt\u00a0<\/a>v\u00f5i maksa \u00fclekandega:<\/span><br \/>\n<span style=\"color: #5e5e61;\">To: Estonian Society in London<\/span><br \/>\n<span style=\"color: #5e5e61;\">Reference: JOUL2017<\/span><br \/>\n<span style=\"color: #5e5e61;\">NATWEST Acc number 68652704 Sort code 60-15-33<\/span><br \/>\n<span style=\"color: #5e5e61;\">Palun saada kinnitusemail:\u00a0<a style=\"color: #5e5e61;\" href=\"mailto:info@estoniansociety.co.uk\">info@estoniansociety.co.uk<\/a>\u00a0 ja lisa: nmitu piletit\/tulijate nimed\/maksja nimi ja\u00a0 \u00fclekande summa). Kaardiga saab maksta kuni 30.Nov 2017<\/span><\/p>\n<p style=\"font-weight: 400;\"><span style=\"color: #5e5e61;\">NB! J\u00f5uluvana toob eesti kommipakid ainult eelnevalt registreeritud lastele! Palun saada oma lapse nimi ja vanus emailile:\u00a0<span style=\"color: #dd9933;\"><a style=\"color: #dd9933;\" href=\"mailto:info@estoniansociety.co.uk\">info@estoniansociety.co.uk<\/a><\/span>\u00a0\u00a0 or\u00a0<a style=\"color: #5e5e61;\" href=\"http:\/\/www.facebook.com\/londonieestiselts\">Facebooki<\/a>\u00a0privaatse s\u00f5numina.<\/span><\/p>\n<p style=\"font-weight: 400;\"><span style=\"color: #5e5e61;\"><b><strong>J\u00d5ULUBUFEE on hinna sees! Eestimaised s\u00f6\u00f6gid.<\/strong><\/b><\/span><\/p>\n<p style=\"font-weight: 400;\"><span style=\"color: #5e5e61;\"><b><strong>Soetoit<\/strong><\/b>: \u00a0traditsiooniline seapraad, eesti verivorst, kr\u00f5be ahjukartul, praekapsas<\/span><\/p>\n<p style=\"font-weight: 400;\"><span style=\"color: #5e5e61;\"><b><strong>K\u00fclmalud:<\/strong><\/b>\u00a0kartulisalat, k\u00f5rvitsasalat, Felixi kurk, P\u00f5ltsamaa pohlamoos, must leib<\/span><\/p>\n<p style=\"font-weight: 400;\"><span style=\"color: #5e5e61;\"><b><strong>Joogid<\/strong><\/b>: Kohv, tee ja vesi<\/span><\/p>\n<p style=\"font-weight: 400;\"><span style=\"color: #5e5e61;\">J\u00f5ulubufee eestimaiste h\u00f5rgutistega avatakse 18.30 , suletakse 22.00<\/span><\/p>\n<p style=\"font-weight: 400;\"><span style=\"color: #5e5e61;\">J\u00d5ULUKOOKE SAAB OSTA EESTI KOOLI KOOGILETIST!<\/span><\/p>\n<p style=\"font-weight: 400;\"><span style=\"color: #5e5e61;\">AVATUD BAAR \u00a0\u00a0kell 17.00-23.00<\/span><\/p>\n<p style=\"font-weight: 400;\"><span style=\"color: #5e5e61;\">Joogivalik baaris: P\u00f5ltsamaa J\u00f5ulugl\u00f6gi \u00a0<\/span><\/p>\n<p style=\"font-weight: 400;\"><span style=\"color: #5e5e61;\">Eesti \u00f5lled!\u00a0 Veinide ja mahlade valik<\/span><\/p>\n<p style=\"font-weight: 400;\"><span style=\"color: #5e5e61;\">EESTI KAUPADEGA M\u00dc\u00dcGILETT! \u00a0ESTOLINK m\u00fc\u00fcb s\u00f6\u00f6gikaupu koju kaasa otse Eestist .<\/span><\/p>\n<p style=\"font-weight: 400;\"><span style=\"color: #5e5e61;\">Traditsiooniline LOTERII laud, kus enamus piletid v\u00f5idavad.<\/span><\/p>\n<p style=\"font-weight: 400;\"><span style=\"color: #5e5e61;\">Kutsume teid \u00fcheskoos nautima eestlaste j\u00f5ulupidu!<\/span><\/p>\n<p style=\"font-weight: 400;\"><span style=\"color: #5e5e61;\">Veedame j\u00f5ulud \u00fcheskoos!<\/span><\/p>\n<p style=\"font-weight: 400;\"><span style=\"color: #5e5e61;\">Meie toetajad sel j\u00f5ulupeol:<\/span><\/p>\n<p style=\"font-weight: 400;\"><span style=\"color: #5e5e61;\">ESTOLINK<\/span><\/p>\n<p style=\"font-weight: 400;\"><span style=\"color: #5e5e61;\">\u00a0 \u00a0 \u00a0 \u00a0 \u00a0 \u00a0<\/span><\/p>\n<hr \/>\n<h2 style=\"font-weight: 400; text-align: center;\"><span style=\"color: #5e5e61;\"><strong>Estonian Christmas Party<\/strong><\/span><\/h2>\n<p style=\"font-weight: 400; text-align: center;\"><span style=\"color: #5e5e61;\">Doors open at 17.00.(Program 18.00-23.00) Saturday, 02. December 2017<\/span><br \/>\n<span style=\"color: #5e5e61;\">Wandsworth Council. The Town Hall, Wandsworth High Street, London SW18 2PU<\/span><\/p>\n<p style=\"font-weight: 400; text-align: left;\"><span style=\"color: #5e5e61;\">Estonian Christmas party event for all family. The ticket includes:<\/span><br \/>\n<span style=\"color: #5e5e61;\">* Children area! Santa helpers\u2019 Post office! Workshops: drawings, makings. Children can meet Santa Claus.\u00a0<\/span><br \/>\n<span style=\"color: #5e5e61;\">* Evening program!\u00a0<\/span><br \/>\n<span style=\"color: #5e5e61;\">Estonian famous singer KARL MADIS and son CARL-PHILIP MADIS.\u00a0 And\u00a0 MIKK KAASIK.<\/span><br \/>\n<span style=\"color: #5e5e61;\">* A choir: \u00a0London Naiskammerkoor\u00a0<\/span><br \/>\n<span style=\"color: #5e5e61;\">*Estonian Folk Dance performance<\/span><br \/>\n<span style=\"color: #5e5e61;\">*Estonian Embassy in London<\/span><br \/>\n<span style=\"color: #5e5e61;\">*Estonian Christmas Buffee! Various hot and cold Estonian Christmas specialities.<\/span><br \/>\n<span style=\"color: #5e5e61;\">*Estonian School of London is offering Estonian Christmas delicatessen.\u00a0<\/span><br \/>\n<span style=\"color: #5e5e61;\">*Estonian Bar with Estonian mulled wine and Estonian beers.\u00a0<\/span><\/p>\n<p><span style=\"color: #5e5e61;\">Please buy tickets in Eventbrite page or online!\u00a0<\/span><br \/>\n<span style=\"color: #5e5e61;\">Early Bird ticket \u00a328.00.\u00a0<\/span><br \/>\n<span style=\"color: #5e5e61;\">On door \u00a335.00\u00a0<\/span><br \/>\n<span style=\"color: #5e5e61;\">Students \u00a320.00. Children till 5 years FREE, 6-15 years \u00a310.00<\/span><br \/>\n<span style=\"color: #5e5e61;\">Buy ticket with card here:\u00a0<a style=\"color: #5e5e61;\" href=\"https:\/\/www.eventbrite.co.uk\/e\/eestlaste-joulupidu-estonian-christmas-party-tickets-39354265668\">EVENTBRITE<\/a>\u00a0(includes fees)<\/span><\/p>\n<p style=\"font-weight: 400; text-align: left;\"><span style=\"color: #5e5e61;\">or Online:<\/span><br \/>\n<span style=\"color: #5e5e61;\">To: Estonian Society in London<\/span><br \/>\n<span style=\"color: #5e5e61;\">Reference: JOUL2017<\/span><br \/>\n<span style=\"color: #5e5e61;\">NATWEST Acc number 68652704 Sort code 60-15-33<\/span><br \/>\n<span style=\"color: #5e5e61;\">Please send confirmation email to register <a href=\"mailto:info@estoniansociety.co.uk\"><span style=\"color: #dd9933;\">info@estoniansociety.co.uk <\/span><\/a>(name\/amount\/date\/how many tickets). Online transfers will be taken till 30.Nov 2017<\/span><\/p>\n<hr \/>\n<p style=\"font-weight: 400; text-align: center;\"><strong><span style=\"color: #5e5e61;\">Korduma kippuvad k\u00fcsimused<\/span><\/strong><\/p>\n<p style=\"font-weight: 400; text-align: left;\"><strong><span style=\"color: #5e5e61;\">Kuidas tulla peole?<\/span><\/strong><\/p>\n<p style=\"font-weight: 400; text-align: left;\"><span style=\"color: #5e5e61;\">Wandsworth Civic Suite hoovis on tasuta parkimisplats, mis mahutab umbes 50 autot. \u00a0\u00a0Kaart tulekul!<\/span><\/p>\n<p style=\"font-weight: 400; text-align: left;\"><span style=\"color: #5e5e61;\">Rongid: L\u00e4him rongijaam : Wandsworth Town (6 min jalutamist), Clapham Junction<\/span><\/p>\n<p style=\"font-weight: 400; text-align: left;\"><span style=\"color: #5e5e61;\">Bussid: 170 (13 min Clapham Junctionist)<\/span><\/p>\n<p style=\"font-weight: 400; text-align: left;\"><span style=\"color: #5e5e61;\">Maja ees peatuvad: 37, 39, 87, 156, 170, 337, 639, 670, N87<\/span><\/p>\n<p style=\"font-weight: 400; text-align: left;\"><strong><span style=\"color: #5e5e61;\">Mida ma v\u00f5in\/ei tohi kaasa v\u00f5tta?<\/span><\/strong><\/p>\n<p style=\"font-weight: 400; text-align: left;\"><span style=\"color: #5e5e61;\">Oma alkoholi ei ole lubatud kaasa v\u00f5tta.<\/span><\/p>\n<p style=\"font-weight: 400; text-align: left;\"><strong><span style=\"color: #5e5e61;\">Kus ma leian kontaktinfo?<\/span><\/strong><\/p>\n<p style=\"font-weight: 400; text-align: left;\"><span style=\"color: #5e5e61;\">Meie email on <span style=\"color: #dd9933;\">info@estoniansociety.co.uk<\/span> \u00a0\u00a0Vastame k\u00f5igile k\u00fcsimustele \u00a024h jooksul. \u00a0<\/span><\/p>\n<p style=\"font-weight: 400; text-align: left;\"><strong><span style=\"color: #5e5e61;\">Kas nime pileti peal on v\u00f5imalik muuta?<\/span><\/strong><\/p>\n<p style=\"font-weight: 400; text-align: left;\"><span style=\"color: #5e5e61;\">Kui soovite nime piletil muuta, siis palun v\u00f5tke meiega \u00fchendust info@estoniansociety.co.uk<\/span><\/p>\n<p style=\"font-weight: 400; text-align: left;\"><strong><span style=\"color: #5e5e61;\">Kas ma pean prinditud pileti kaasa v\u00f5tma?<\/span><\/strong><\/p>\n<p style=\"font-weight: 400; text-align: left;\"><span style=\"color: #5e5e61;\">Soovitame kaasa v\u00f5tta prinditud pileti \/ maksekinnituse. See kiirendab teenindust piletlauas.<\/span><\/p>\n<p style=\"font-weight: 400; text-align: left;\"><strong><span style=\"color: #5e5e61;\">Kui ma ei saa tulla, kas ma saan piletiraha tagasi?<\/span><\/strong><\/p>\n<p style=\"font-weight: 400; text-align: left;\"><span style=\"color: #5e5e61;\">Me ei tagasta pileteid, mis on ostetud l\u00e4bi Eventbrite. \u00a0Piletitele, mis on ostetud l\u00e4bi Natwesti ja enne 28. novembrit, on v\u00f5imalik teha tagasimakse.<\/span><\/p>\n<p style=\"font-weight: 400; text-align: left;\"><span style=\"color: #5e5e61;\">PS! Selle peo toob teieni Londoni Eesti Seltsi vabatahtlike meeskond, kes panustavad oma aja, energia ja oskused, et eestlastel oleks v\u00f5imalik pidada \u00fcks uhke ja korralik j\u00f5ulupidu Londonis. Kui soovid meiega \u00fchineda, siis palun v\u00f5ta \u00a0\u00fchendust info@estoniansociety.co.uk<\/span><\/p>\n<p style=\"font-weight: 400; text-align: left;\"><span style=\"color: #5e5e61;\">*Piletiostuga toetad Londoni Eesti Seltsi tegevust ja j\u00e4tkusuutlikust Londonis.\u00a0<\/span><\/p>\n<p style=\"font-weight: 400; text-align: left;\"><span style=\"color: #5e5e61;\"><b><i><strong><em>J\u00f5ulupidu toetab Eesti Vabariigi Kultuuriministeerium ja v\u00e4liseesti kultuuri\u00fchingute konkursi l\u00e4biviija Integratsiooni ja\u00a0 Migratsiooni Sihtasutuse Meie Inimesed (MISA) seoses rahvuskaaslase programmiga.<\/em><\/strong><\/i><\/b><\/span><\/p>\n<p style=\"font-weight: 400; text-align: left;\"><span style=\"color: #5e5e61;\">\u00a0 \u00a0 \u00a0 \u00a0<\/span><\/p>\n<p>&nbsp;<\/p>\n<p style=\"font-weight: 400; text-align: left;\">","protected":false},"excerpt":{"rendered":"<p>Londoni Eesti Seltsi J\u00f5ulupidu 2017 &nbsp; Laup\u00e4eval, 02. detsember 2017, kell 17:00 Wandsworth Council. The Town Hall, Wandsworth High Street, London SW18 2PU Eestist: PEAESINEJAD: \u00a0\u00a0KARL MADIS ja CARL-PHILIP MADIS Artist \u00a0MIKK KAASIK J\u00d5ULUDISKO\u00a0\u00a0\u00a0DJ onu BELLAga\u00a0\u00a0\u00a0\u00a0\u00a0\u00a0\u00a0\u00a0\u00a0 Londonist: Eesti Suursaatkond Londonis. Londoni Naiskammerkoor Londoni Eesti Seltsi Rahvatantsur\u00fchm LASTELE: Lapsi ootab j\u00f5uluvana koos kommikotiga Meisterdamise ja \u00a0joonistamise &hellip;<\/p>\n<p class=\"read-more\"> <a class=\"\" href=\"https:\/\/www.estoniansociety.co.uk\/en\/londoni-eesti-seltsi-joulupidu-2017\/\"> <span class=\"screen-reader-text\">Arhiiv &#8211; 2017 &#8211; \u00dcritused &#8211; Londoni Eesti Seltsi J\u00f5ulupidu<\/span> Read More &raquo;<\/a><\/p>","protected":false},"author":1,"featured_media":0,"parent":0,"menu_order":0,"comment_status":"closed","ping_status":"closed","template":"","meta":{"_mi_skip_tracking":false,"footnotes":""},"class_list":["post-884","page","type-page","status-publish","hentry"],"_links":{"self":[{"href":"https:\/\/www.estoniansociety.co.uk\/en\/wp-json\/wp\/v2\/pages\/884","targetHints":{"allow":["GET"]}}],"collection":[{"href":"https:\/\/www.estoniansociety.co.uk\/en\/wp-json\/wp\/v2\/pages"}],"about":[{"href":"https:\/\/www.estoniansociety.co.uk\/en\/wp-json\/wp\/v2\/types\/page"}],"author":[{"embeddable":true,"href":"https:\/\/www.estoniansociety.co.uk\/en\/wp-json\/wp\/v2\/users\/1"}],"replies":[{"embeddable":true,"href":"https:\/\/www.estoniansociety.co.uk\/en\/wp-json\/wp\/v2\/comments?post=884"}],"version-history":[{"count":5,"href":"https:\/\/www.estoniansociety.co.uk\/en\/wp-json\/wp\/v2\/pages\/884\/revisions"}],"predecessor-version":[{"id":2586,"href":"https:\/\/www.estoniansociety.co.uk\/en\/wp-json\/wp\/v2\/pages\/884\/revisions\/2586"}],"wp:attachment":[{"href":"https:\/\/www.estoniansociety.co.uk\/en\/wp-json\/wp\/v2\/media?parent=884"}],"curies":[{"name":"wp","href":"https:\/\/api.w.org\/{rel}","templated":true}]}}