{"id":875,"date":"2021-06-13T16:49:22","date_gmt":"2021-06-13T16:49:22","guid":{"rendered":"https:\/\/estoniansociety.co.uk\/?page_id=875"},"modified":"2021-10-18T06:27:55","modified_gmt":"2021-10-18T06:27:55","slug":"uritused-ev100-tahistamine","status":"publish","type":"page","link":"https:\/\/www.estoniansociety.co.uk\/en\/uritused-ev100-tahistamine\/","title":{"rendered":"Arhiiv &#8211; 2018 &#8211; \u00dcritused &#8211; EV100 T\u00e4histamine"},"content":{"rendered":"<p>&nbsp;<\/p>\n<h2 style=\"text-align: center;\"><span style=\"color: #5e5e61;\">EV100 T\u00e4histamine<\/span><\/h2>\n<p><span style=\"color: #5e5e61;\">\u00a0 \u00a0 \u00a0 \u00a0 \u00a0 \u00a0\u00a0<\/span><\/p>\n<p style=\"font-weight: 400; text-align: center;\"><span style=\"color: #5e5e61;\">Westminster Cathedral Hall.<\/span><br \/>\n<span style=\"color: #5e5e61;\"><a style=\"color: #5e5e61;\" href=\"https:\/\/www.google.ee\/maps\/place\/Westminster+Cathedral+Hall\/@51.495549,-0.138788,15z\/data=!4m2!3m1!1s0x0:0xe4dd6877bc7aad3f?sa=X&amp;ved=0ahUKEwjivc_LnfDYAhWMh6YKHZiLCCkQ_BIIlAEwDg\">Ambrosden Ave, Westminster, London SW1P 1QW<\/a><\/span><\/p>\n<p><span style=\"color: #5e5e61;\">Uksed avatakse kell 14.00.<\/span><\/p>\n<p style=\"font-weight: 400;\"><span style=\"color: #5e5e61;\">Sissep\u00e4\u00e4s TASUTA<\/span><\/p>\n<p style=\"font-weight: 400;\"><span style=\"color: #5e5e61;\">*Eesti h\u00f5rgutistega KOHVIK<\/span><\/p>\n<p style=\"font-weight: 400;\"><span style=\"color: #5e5e61;\">*Eestimaine KINGITUSTE POOD<\/span><\/p>\n<p style=\"font-weight: 400;\"><span style=\"color: #5e5e61;\">*Eesti s\u00f6\u00f6kidega TOIDUPOOD<\/span><\/p>\n<p style=\"font-weight: 400;\"><span style=\"color: #5e5e61;\">ERIPAKKUMINE!\u00a0 ASTELPALJU mahl ja sellest valmistatud segujoogid.<\/span><\/p>\n<p style=\"font-weight: 400;\"><span style=\"color: #5e5e61;\">T\u00d6\u00d6TOAD:<\/span><\/p>\n<ul>\n<li style=\"font-weight: 400;\"><span style=\"color: #5e5e61;\">Eesti rahvatantsu t\u00f6\u00f6toad<\/span><\/li>\n<li style=\"font-weight: 400;\"><span style=\"color: #5e5e61;\">Eesti regilaulude t\u00f6\u00f6toad<\/span><\/li>\n<li style=\"font-weight: 400;\"><span style=\"color: #5e5e61;\">Eesti k\u00e4sit\u00f6\u00f6 t\u00f6\u00f6toad<\/span><\/li>\n<\/ul>\n<p style=\"font-weight: 400;\"><span style=\"color: #5e5e61;\">V\u00c4LJAPANEKUD:<\/span><\/p>\n<ul>\n<li style=\"font-weight: 400;\"><span style=\"color: #5e5e61;\">Galerii: Kuntsnik Piret Randami autorigalerii \u201cM\u00f5eldes Eestimaale\u201d (London)<\/span><\/li>\n<li style=\"font-weight: 400;\"><span style=\"color: #5e5e61;\">N\u00e4itus: Eesti rahvar\u00f5ivad Londonis. (London)<\/span><\/li>\n<\/ul>\n<p><b style=\"color: #5e5e61; font-style: inherit;\"><strong>Kell 18.00. pidulik KONTSERT \u201cEV 100\u201d<\/strong><\/b><\/p>\n<p style=\"font-weight: 400;\"><span style=\"color: #5e5e61;\">Esinevad:<\/span><br \/>\n<span style=\"color: #5e5e61;\">Mirjam Mesak (London)<\/span><br \/>\n<span style=\"color: #5e5e61;\">Kristiina Rokasevich\u00a0<\/span><br \/>\n<span style=\"color: #5e5e61;\">Kelli Uustani, Kusti Lemba, Keio Vutt (Estonia)<\/span><br \/>\n<span style=\"color: #5e5e61;\">Londoni Eesti Seltsi Rahvatantsur\u00fchm<\/span><br \/>\n<span style=\"color: #5e5e61;\">London Naiskammerkoor<\/span><\/p>\n<p style=\"font-weight: 400;\"><span style=\"color: #5e5e61;\">Tulge t\u00e4histama Eesti Vabariigi 100.juubelit Londonis!<\/span><\/p>\n<p style=\"font-weight: 400;\"><span style=\"color: #5e5e61;\">Rahastajad: Riigikantselei (EV100), Integratsiooni ja Migratsiooni Sihtasutust Meie Inimesed. \u00dcritus viiakse l\u00e4bi seoses arengukavaga \u201eRahvuskaaslaste programm 2014-2020\u201c.<\/span><\/p>\n<p style=\"font-weight: 400;\"><span style=\"color: #5e5e61;\">Koost\u00f6\u00f6partnerid: SEMU MAHL, ESTOLINK, Eesti Suursaatkond Londonis<\/span><\/p>\n<p style=\"font-weight: 400;\"><span style=\"color: #5e5e61;\">Korraldajad: Londoni Eesti Selts, Eesti Guild Londonis<\/span><\/p>\n<p>&nbsp;<\/p>","protected":false},"excerpt":{"rendered":"<p>&nbsp; EV100 T\u00e4histamine \u00a0 \u00a0 \u00a0 \u00a0 \u00a0 \u00a0\u00a0 Westminster Cathedral Hall. Ambrosden Ave, Westminster, London SW1P 1QW Uksed avatakse kell 14.00. Sissep\u00e4\u00e4s TASUTA *Eesti h\u00f5rgutistega KOHVIK *Eestimaine KINGITUSTE POOD *Eesti s\u00f6\u00f6kidega TOIDUPOOD ERIPAKKUMINE!\u00a0 ASTELPALJU mahl ja sellest valmistatud segujoogid. T\u00d6\u00d6TOAD: Eesti rahvatantsu t\u00f6\u00f6toad Eesti regilaulude t\u00f6\u00f6toad Eesti k\u00e4sit\u00f6\u00f6 t\u00f6\u00f6toad V\u00c4LJAPANEKUD: Galerii: Kuntsnik Piret Randami &hellip;<\/p>\n<p class=\"read-more\"> <a class=\"\" href=\"https:\/\/www.estoniansociety.co.uk\/en\/uritused-ev100-tahistamine\/\"> <span class=\"screen-reader-text\">Arhiiv &#8211; 2018 &#8211; \u00dcritused &#8211; EV100 T\u00e4histamine<\/span> Read More &raquo;<\/a><\/p>","protected":false},"author":1,"featured_media":0,"parent":0,"menu_order":0,"comment_status":"closed","ping_status":"closed","template":"","meta":{"_mi_skip_tracking":false,"footnotes":""},"class_list":["post-875","page","type-page","status-publish","hentry"],"_links":{"self":[{"href":"https:\/\/www.estoniansociety.co.uk\/en\/wp-json\/wp\/v2\/pages\/875","targetHints":{"allow":["GET"]}}],"collection":[{"href":"https:\/\/www.estoniansociety.co.uk\/en\/wp-json\/wp\/v2\/pages"}],"about":[{"href":"https:\/\/www.estoniansociety.co.uk\/en\/wp-json\/wp\/v2\/types\/page"}],"author":[{"embeddable":true,"href":"https:\/\/www.estoniansociety.co.uk\/en\/wp-json\/wp\/v2\/users\/1"}],"replies":[{"embeddable":true,"href":"https:\/\/www.estoniansociety.co.uk\/en\/wp-json\/wp\/v2\/comments?post=875"}],"version-history":[{"count":4,"href":"https:\/\/www.estoniansociety.co.uk\/en\/wp-json\/wp\/v2\/pages\/875\/revisions"}],"predecessor-version":[{"id":5759,"href":"https:\/\/www.estoniansociety.co.uk\/en\/wp-json\/wp\/v2\/pages\/875\/revisions\/5759"}],"wp:attachment":[{"href":"https:\/\/www.estoniansociety.co.uk\/en\/wp-json\/wp\/v2\/media?parent=875"}],"curies":[{"name":"wp","href":"https:\/\/api.w.org\/{rel}","templated":true}]}}