{"id":868,"date":"2021-06-13T16:43:52","date_gmt":"2021-06-13T16:43:52","guid":{"rendered":"https:\/\/estoniansociety.co.uk\/?page_id=868"},"modified":"2021-10-18T06:29:08","modified_gmt":"2021-10-18T06:29:08","slug":"uritused-londoni-eesti-seltsi-jaanipidu-2018","status":"publish","type":"page","link":"https:\/\/www.estoniansociety.co.uk\/en\/uritused-londoni-eesti-seltsi-jaanipidu-2018\/","title":{"rendered":"Arhiiv &#8211; 2018 &#8211; \u00dcritused &#8211; Londoni Eesti Seltsi Jaanipidu 2018"},"content":{"rendered":"<p>&nbsp;<\/p>\n<h2 style=\"text-align: center;\"><span style=\"color: #5e5e61;\">Londoni Eesti Seltsi Jaanipidu 2018<\/span><\/h2>\n<p><span style=\"color: #5e5e61;\">\u00a0 \u00a0 \u00a0 \u00a0 \u00a0 \u00a0 \u00a0 \u00a0 \u00a0 \u00a0 \u00a0 \u00a0 \u00a0 \u00a0<\/span><\/p>\n<p style=\"font-weight: 400; text-align: center;\"><span style=\"color: #5e5e61;\">09.juunil 2018<\/span><br \/>\n<span style=\"color: #5e5e61;\">Kell 14.00-23.00<\/span><br \/>\n<span style=\"color: #5e5e61;\">The Halfway House, Essex, CM13 3LL<\/span><\/p>\n<p style=\"font-weight: 400;\"><span style=\"color: #5e5e61;\">Londoni eestlaste kogupere jaanipidu\u00a0toimub juba tuttavas kohas Essexis\u00a09. Juunil.\u00a0JAANIKUL ON JUUBEL! T\u00e4histame 15 aastat JAANIPIDUSID Londonis.<\/span><\/p>\n<p style=\"font-weight: 400;\"><span style=\"color: #5e5e61;\"><b><strong>Kallite piduliste p\u00e4ralt on Half Way House pubi avar ja rohelust t\u00e4is aed suure muruplatsi ja mahuka peotelgiga.<\/strong><\/b><\/span><\/p>\n<p style=\"font-weight: 400;\"><span style=\"color: #5e5e61;\"><b><strong>L\u00f5kketuli<\/strong><\/b>\u00a0tehakse keset hoovi ning tantsumuusika kestab pea s\u00fcda\u00f6\u00f6ni.<\/span><\/p>\n<p style=\"font-weight: 400;\"><span style=\"color: #5e5e61;\"><b><strong>Uksed avatud 14.00-23.00.\u00a0<\/strong><\/b><\/span><\/p>\n<p style=\"font-weight: 400;\"><span style=\"color: #5e5e61;\"><b><strong>J\u00e4tkame samuti Eesti 100nda s\u00fcnnip\u00e4eva t\u00e4histamist jaanipeol ning seega on selle aasta programm veidi erilisem!<\/strong><\/b>\u00a0<\/span><\/p>\n<p style=\"font-weight: 400;\"><span style=\"color: #5e5e61;\">EV100\u00a0 PEAESINEJA LONDONIS on<\/span><\/p>\n<p style=\"font-weight: 400;\"><span style=\"color: #5e5e61;\"><b><strong>MARJU L\u00c4NIK<\/strong><\/b><\/span><\/p>\n<p style=\"font-weight: 400;\"><span style=\"color: #5e5e61;\">MARJU L\u00c4NIK on l\u00e4bi aegade tuntud ja armastatud naisartist kelle repertuaaris k\u00f5lavad \u201cKarikakar\u201d, \u201cIkka j\u00e4lle\u201d, \u201cVarjude m\u00e4ng\u201d, \u201cNaerdes ja naeratades\u201d, \u201cMa olen ju naine\u201d, \u201cVaid \u00fcks mees\u201d ja paljud teised tuttavad lood toovad naeratuse n\u00e4ole nii vanematele kui noorematele. 2017 aasta s\u00fcgisel valiti tema \u00fclimalt populaarne lugu \u201c Karikakar\u201d ka Eesti parimaks hitiks.<\/span><\/p>\n<p style=\"font-weight: 400;\"><span style=\"color: #5e5e61;\">JAANIPIDU\u00a0<\/span><\/p>\n<ul style=\"font-weight: 400;\">\n<li><span style=\"color: #5e5e61;\"><b><strong>peaesineja\u00a0MARJU L\u00c4NIK<\/strong><\/b><\/span><\/li>\n<li><span style=\"color: #5e5e61;\">M\u00f5nus Eesti muusika<\/span><\/li>\n<li><span style=\"color: #5e5e61;\">SPORTM\u00c4NGUD suurtele ja v\u00e4ikestele<\/span><\/li>\n<li><span style=\"color: #5e5e61;\">Londoni Eesti Seltsi Rahvatantsur\u00fchm<\/span><\/li>\n<li><span style=\"color: #5e5e61;\">Londoni Naiskammerkoor<\/span><\/li>\n<li><span style=\"color: #5e5e61;\">L\u00f5kketule s\u00fc\u00fctamine \u00a0<\/span><\/li>\n<li><span style=\"color: #5e5e61;\">Avatud Eesti Pood ESTOLINK<\/span><\/li>\n<li><span style=\"color: #5e5e61;\">Loterii.\u00a0<\/span><\/li>\n<li><span style=\"color: #5e5e61;\">Talendioksjon<\/span><\/li>\n<li><span style=\"color: #5e5e61;\">V\u00e4ike Eesti Jaanilaat<\/span><\/li>\n<\/ul>\n<p style=\"font-weight: 400;\"><span style=\"color: #5e5e61;\">LASTEPROGRAMM<\/span><\/p>\n<p style=\"font-weight: 400;\"><span style=\"color: #5e5e61;\">Lastele esineb toreda etendusega otse Eestist\u00a0<b><strong>SEASAARE N\u00c4ITEM\u00c4NGU SELTS<\/strong><\/b><\/span><\/p>\n<ul style=\"font-weight: 400;\">\n<li><span style=\"color: #5e5e61;\">Lastetelgis tegutsevad Keelekindluse noorteklubi ja Londoni Eesti Kool kning saab meisterdada, m\u00e4ngida\u00a0<\/span><\/li>\n<li><span style=\"color: #5e5e61;\">Teatejooks ja v\u00f5istlused<\/span><\/li>\n<li><span style=\"color: #5e5e61;\">N\u00e4omaalingud<\/span><\/li>\n<li><span style=\"color: #5e5e61;\">Igale lapsele eesti\u00a0j\u00e4\u00e4tis!<\/span><\/li>\n<li><span style=\"color: #5e5e61;\">Jaaniusside leidmise m\u00e4ng! V\u00f5imalus meisterdada ise \u00fcks jaaniuss.<\/span><\/li>\n<\/ul>\n<p style=\"font-weight: 400;\"><span style=\"color: #5e5e61;\"><b><strong>Rahvatantsu t\u00f6\u00f6tuba lastele<\/strong><\/b>, mille viib l\u00e4bi\u00a0<b><strong>Marje Remmet<\/strong><\/b>, Estonian Folks ja LES Rahvatantsur\u00fchma eestvedaja.<\/span><\/p>\n<p style=\"font-weight: 400;\"><span style=\"color: #5e5e61;\">Eesti kaupa saab kaasa osta\u00a0<b><strong>ESTOLINK<\/strong><\/b>\u00a0poest ja<b><strong>\u00a0Eesti jaanilaadalt.<\/strong><\/b><\/span><\/p>\n<p style=\"font-weight: 400;\"><span style=\"color: #5e5e61;\">Kohapeal\u00a0<b><strong>JAANIKU GRILL!<\/strong><\/b><\/span><\/p>\n<p style=\"font-weight: 400;\"><span style=\"color: #5e5e61;\">Grillkohvikus ootavad taskukohaste hindadega jaaniku\u00a0pidus\u00f6\u00f6gid, mida seekord saad valida just enda maitse-eelistuse j\u00e4rgi !\u00a0<b><strong>Pidus\u00f6\u00f6mingu men\u00fc\u00fcga\u00a0<\/strong><\/b>saab eelnevalt tutvuda\u00a0<a style=\"color: #5e5e61;\" href=\"https:\/\/www.facebook.com\/londonieestiselts\/photos\/a.142445709138693.21879.115408708509060\/1600245633358686\/?type=3&amp;theater\">\u00a0SIIN!\u00a0<\/a><\/span><\/p>\n<p style=\"font-weight: 400;\"><span style=\"color: #5e5e61;\"><b><strong>Baaris eesti \u00f5lu!<\/strong><\/b><\/span><\/p>\n<p style=\"font-weight: 400;\"><span style=\"color: #5e5e61;\">Arveldatakse sularahas, baaris ka kaardimaksega kuid palume igaks juhuks varuda piisavalt sularaha.<\/span><\/p>\n<p style=\"font-weight: 400;\"><span style=\"color: #5e5e61;\">Oma s\u00f6\u00f6kide, jookide tarbimine on keelatud.<\/span><\/p>\n<p style=\"font-weight: 400;\"><span style=\"color: #5e5e61;\">PILETIM\u00dc\u00dcK:<\/span><\/p>\n<p style=\"font-weight: 400;\"><span style=\"color: #5e5e61;\"><b><strong>Sissep\u00e4\u00e4s peole:<\/strong><\/b><\/span><\/p>\n<p style=\"font-weight: 400;\"><span style=\"color: #5e5e61;\">Eelm\u00fc\u00fck: T\u00e4ispilet: \u00a35.00 kuni 09.mai s\u00fcda\u00f6\u00f6ni; \u00a310.00 kuni 08.juuni s\u00fcda\u00f6\u00f6ni. Kohapeal: \u00a315.00.<\/span><\/p>\n<p style=\"font-weight: 400;\"><span style=\"color: #5e5e61;\">Sooduspilet: \u00a35.00 eelm\u00fc\u00fcgis\/kohapeal. Sooduspilet on lastele 8 a-17 a (kaasa arvatud), \u00fcli\u00f5pilastele (\u00fcli\u00f5pilaskaardi alusel ainult), pension\u00e4ridele.<\/span><\/p>\n<p style=\"font-weight: 400;\"><span style=\"color: #5e5e61;\">Lastele alla 7 a (k a ) TASUTA sissep\u00e4\u00e4s.<\/span><\/p>\n<p style=\"font-weight: 400;\"><span style=\"color: #5e5e61;\">Lastele on<b><strong>\u00a0tasuta j\u00e4\u00e4tis<\/strong><\/b>\u00a0nagu igal aastal! Palun registreeri laps, et saaksime vajaliku koguse j\u00e4\u00e4tised Eestist teele saata.<\/span><\/p>\n<p style=\"font-weight: 400;\"><span style=\"color: #5e5e61;\"><b><strong>NB! Peo sissep\u00e4\u00e4s ei sisalda s\u00f6\u00f6ki.<\/strong><\/b>\u00a0<\/span><\/p>\n<p style=\"font-weight: 400;\"><span style=\"color: #5e5e61;\">Osta piletid eelm\u00fc\u00fcgist kaardiga l\u00e4bi\u00a0<a style=\"color: #5e5e61;\" href=\"https:\/\/www.eventbrite.co.uk\/e\/londoni-eestlaste-jaanipidu-ja-marju-lanik-estonians-midsummer-festival-ev100-tickets-45491295690\">Eventbrite maksus\u00fcsteemi SIIN!\u00a0<\/a>(lisandub teenustasu)<\/span><\/p>\n<p style=\"font-weight: 400;\"><span style=\"color: #5e5e61;\">V\u00f5i tee \u00fclekanne LES kontole m\u00e4rgus\u00f5naga JAAN2018<\/span><\/p>\n<p style=\"font-weight: 400;\"><span style=\"color: #5e5e61;\">Natwest konto nr 68652704\u00a0\u00a0\u00a0\u00a0 kood 60-15-33 Adressaat: Estonian Society in London (kuna kogu nimi ei mahu reale \u00e4ra, siis kirjutage palju mahub)<\/span><\/p>\n<p style=\"font-weight: 400;\"><span style=\"color: #5e5e61;\">Palun saatke email\u00a0<span style=\"color: #dd9933;\"><a style=\"color: #dd9933;\" href=\"mailto:info@estoniansociety.co.uk\">info@estoniansociety.co.uk<\/a><\/span>\u00a0koos pangakinnitusega v\u00f5i maksja nime ning summaga. M\u00e4rkige juurde nimeliselt, kes tulevad peole. Peo uksel saavad k\u00fclalised k\u00e4epaelad nimede alusel.<\/span><\/p>\n<p style=\"font-weight: 400;\"><span style=\"color: #5e5e61;\">NB!\u00a0<b><strong>Viimane panga\u00fclekanne<\/strong><\/b>, mida arvestame, on 5 p\u00e4eva enne pidu: esmasp\u00e4eval, 04.juunil. Eventbrite viimane \u00fclekanne on v\u00f5imalik teha reedel, 08.juunil kell 18.00.<\/span><\/p>\n<p style=\"font-weight: 400;\"><span style=\"color: #5e5e61;\">******************************<\/span><\/p>\n<p style=\"font-weight: 400;\"><span style=\"color: #5e5e61;\">KUIDAS TULLA<\/span><\/p>\n<p style=\"font-weight: 400;\"><span style=\"color: #5e5e61;\"><b><strong>Autoga<\/strong><\/b><\/span><\/p>\n<p style=\"font-weight: 400;\"><span style=\"color: #5e5e61;\">Postikoodiks on CM13 3LL. Parkimiskohti on k\u00fcllalt (50+) ning parkimine on TASUTA.\u00a0<\/span><\/p>\n<p style=\"font-weight: 400;\"><span style=\"color: #5e5e61;\"><b><strong>\u00dchistranspordiga Londonist<\/strong><\/b>:<\/span><\/p>\n<p style=\"font-weight: 400;\"><span style=\"color: #5e5e61;\"><b><strong><em>(NB! Peokohta saab rongijaamast AINULT autoga\/taksoga)<\/em><\/strong><\/b><\/span><\/p>\n<p style=\"font-weight: 400;\"><span style=\"color: #5e5e61;\">\u00dcrituse l\u00e4him rongipeatus on\u00a0UPMINSTER (tsoon 6, Oyster kaart)<\/span><\/p>\n<p style=\"font-weight: 400;\"><span style=\"color: #5e5e61;\">Rongid: District Line (n\u00e4dalavahetuse graafikus v\u00f5imalikud muutused)<\/span><\/p>\n<p style=\"font-weight: 400;\"><span style=\"color: #5e5e61;\">Ja C2C rong:<\/span><\/p>\n<p style=\"font-weight: 400;\"><span style=\"color: #5e5e61;\">Fenchurch Street- Limehouse- West Ham- Barking- Upminster<\/span><\/p>\n<p style=\"font-weight: 400;\"><span style=\"color: #5e5e61;\">ja<\/span><\/p>\n<p style=\"font-weight: 400;\"><span style=\"color: #5e5e61;\">Liverpool Street-Stratford- Barking- Upminster<\/span><\/p>\n<p style=\"font-weight: 400;\"><span style=\"color: #5e5e61;\">TAGASI Upminster rongijaamast v\u00e4ljuvad viimased rongid: 23.41, 23.45 ja 00.09.<\/span><\/p>\n<p style=\"font-weight: 400;\"><span style=\"color: #5e5e61;\"><b><strong>TAKSOGA:<\/strong><\/b><\/span><\/p>\n<p style=\"font-weight: 400;\"><span style=\"color: #5e5e61;\"><b><strong><em>NB! Peokohta saab AINULT autoga\/taksoga.<\/em><\/strong><\/b><\/span><\/p>\n<p style=\"font-weight: 400;\"><span style=\"color: #5e5e61;\">Palun tellige taksod aegsasti. \u00d5htune tagasiminek rongijaama tellige kindlasti juba hommikul \u00e4ra.<\/span><\/p>\n<p style=\"font-weight: 400;\"><span style=\"color: #5e5e61;\"><em>Station Cars tel: 01708 229400 , Upminster Taxi Rank tel: 01708 225832 , Men in Black Cars tel: 01708 501069\u00a0 \u00a0KOHALIKUD TAKSOD:\u00a0<\/em><a style=\"color: #5e5e61;\" href=\"https:\/\/www.google.co.uk\/search?q=upminster+taxi&amp;oq=upminster+taxi&amp;aqs=chrome..69i57j0l5.5857j0j4&amp;sourceid=chrome&amp;ie=UTF-8#q=upminster+taxi&amp;rflfq=1&amp;rlha=0&amp;rllag=51558936,242973,547&amp;tbm=lcl&amp;rldimm=4156254623774835899&amp;tbs=lrf:!2m1!1e2!3sEAE,lf:1,lf_ui:2&amp;rlfi=hd:;si:;mv:!1m3!1d3288.0668522336077!2d0.24791603491826208!3d51.55751177251114!3m2!1i860!2i509!4f13.1;tbs:lrf:!2m1!1e2!3s\"><em>Link avaneb siin!<\/em><\/a><\/span><\/p>\n<p style=\"font-weight: 400;\"><span style=\"color: #5e5e61;\"><a style=\"color: #5e5e61;\" href=\"https:\/\/www.google.co.uk\/search?q=upminster+taxi&amp;oq=upminster+taxi&amp;aqs=chrome..69i57j0l5.5857j0j4&amp;sourceid=chrome&amp;ie=UTF-8#q=upminster+taxi&amp;rflfq=1&amp;rlha=0&amp;rllag=51558936,242973,547&amp;tbm=lcl&amp;rldimm=4156254623774835899&amp;tbs=lrf:!2m1!1e2!3sEAE,lf:1,lf_ui:2&amp;rlfi=hd:;si:;mv:!1m3!1d3288.0668522336077!2d0.24791603491826208!3d51.55751177251114!3m2!1i860!2i509!4f13.1;tbs:lrf:!2m1!1e2!3s\">Kohalike taksode<\/a>\u00a0telefoninumbrid.<\/span><\/p>\n<p>&nbsp;<\/p>\n<hr \/>\n<h2 style=\"font-weight: 400; text-align: center;\"><span style=\"color: #5e5e61;\">London Estonians will celebrate Mid Summer\u2019s Day<\/span><\/h2>\n<p>&nbsp;<\/p>\n<p style=\"font-weight: 400; text-align: center;\"><span style=\"color: #5e5e61;\"><b><strong><em>9th June 2018<br \/>\nCM13 3LL<\/em><\/strong><\/b><\/span><\/p>\n<p style=\"font-weight: 400;\"><span style=\"color: #5e5e61;\"><em>The Midsummer\u2019s Eve party is meant for\u00a0the entire\u00a0London Estonian family\u00a0and is happening in Essex\u00a0at the ground of the\u00a0Half Way House Pub with a spacious\u00a0green garden, large lawn and a grand party tent.\u00a0A bonfire will be lit in the middle of the yard and dance music will last\u00a0until almost midnight.<\/em><\/span><\/p>\n<p style=\"font-weight: 400;\"><span style=\"color: #5e5e61;\"><b><strong><em>Midsummer\u2019s Eve Party Plan:<\/em><\/strong><\/b><\/span><\/p>\n<p style=\"font-weight: 400;\"><span style=\"color: #5e5e61;\"><em>We present the famous Estonian Singer MARJU L\u00c4NIK<\/em><\/span><\/p>\n<ul style=\"font-weight: 400;\">\n<li><span style=\"color: #5e5e61;\"><em>The day program will be carried out in two languages: Estonian and English<\/em><\/span><\/li>\n<li><span style=\"color: #5e5e61;\"><em>Play Estonian SPORT\u00a0GAMES!\u00a0Competitions &#8211; boot throwing, rope pull, wife carrying.<\/em><\/span><\/li>\n<li><span style=\"color: #5e5e61;\"><em>London Estonian Society Traditional Folk Dance Group\u00a0performance and workshop. Estonian singers, conducted by Reet Kromel.<\/em><\/span><\/li>\n<li><span style=\"color: #5e5e61;\"><em>Bonfire lightning\u00a0with bang and sparkle!<\/em><\/span><\/li>\n<li><span style=\"color: #5e5e61;\"><em>Estonian\u00a0Shop\u00a0<\/em>by<em>\u00a0ESTOLINK\u00a0is open!<\/em><\/span><\/li>\n<li><span style=\"color: #5e5e61;\"><em>Lottery!\u00a0\u00a0With a pile of exciting prizes straight from Estonia!<\/em><\/span><\/li>\n<li><span style=\"color: #5e5e61;\"><em>DJ\u00a0will play pleasant Estonian music\u00a0<\/em><\/span><\/li>\n<\/ul>\n<p style=\"font-weight: 400;\"><span style=\"color: #5e5e61;\"><b><strong><em>CHILDREN\u2019S PROGRAMME<\/em><\/strong><\/b><\/span><\/p>\n<ul style=\"font-weight: 400;\">\n<li><span style=\"color: #5e5e61;\"><b><strong><em>CHILDREN\u2019S TENT<\/em><\/strong><\/b><\/span><\/li>\n<li><span style=\"color: #5e5e61;\"><em>Theatre group SEASAARE from Estonia<\/em><\/span><\/li>\n<li><span style=\"color: #5e5e61;\"><em>Relay run and throwing games<\/em><\/span><\/li>\n<li><span style=\"color: #5e5e61;\"><em>Face painting<\/em><\/span><\/li>\n<li><span style=\"color: #5e5e61;\"><em>Lots of fun<\/em><\/span><\/li>\n<\/ul>\n<p style=\"font-weight: 400;\"><span style=\"color: #5e5e61;\"><em>***************************<\/em><\/span><\/p>\n<p style=\"font-weight: 400;\"><span style=\"color: #5e5e61;\"><em>ESTONIAN BBQ!\u00a0Catering is NOT inlcuded.\u00a0 It is reasonably priced food from Estonia.\u00a0<\/em><\/span><\/p>\n<p style=\"font-weight: 400;\"><span style=\"color: #5e5e61;\"><em>All food offered at the party will be Estonian in character: grilled sausage straight from Estonia, genuine potato salad, rye bread, barley porridge with smoked bacon and fried onions straight from the pan. Freshly made cruncy salted gherkins. And, as usual, you can sip pleasant estonian kama drink.\u00a0<\/em><\/span><\/p>\n<p style=\"font-weight: 400;\"><span style=\"color: #5e5e61;\"><em>Alcohol can be bought from the pub bar. Estonian BEER!\u00a0Certainly bring change!<\/em><\/span><\/p>\n<p style=\"font-weight: 400;\"><span style=\"color: #5e5e61;\"><em>Consumption of your own drinks and food is forbidden, as per the venue\u2019s regulations.<\/em><\/span><\/p>\n<p style=\"font-weight: 400;\"><span style=\"color: #5e5e61;\"><em>TICKET SALES!<\/em><\/span><\/p>\n<p style=\"font-weight: 400;\"><span style=\"color: #5e5e61;\"><em>PRESALES:\u00a0Adults\u00a0\u00a35.00 \/\u00a0children\u00a013-17yrs\u00a0\u00a35.00 \/\u00a0under\u00a012yrs\u00a0FREE till 09.05.18<\/em><\/span><\/p>\n<p style=\"font-weight: 400;\"><span style=\"color: #5e5e61;\"><em>From 10th May till 08th June: Adults\u00a0\u00a310.00 \/\u00a0children\u00a013-17yrs\u00a0\u00a35.00 \/\u00a0under\u00a012yrs\u00a0FREE<\/em><\/span><\/p>\n<p style=\"font-weight: 400;\"><span style=\"color: #5e5e61;\"><em>ON SITE:\u00a0Adults,\u00a315.00\/\u00a0children\u00a013-17yrs\u00a0\u00a35.00 \/\u00a0under\u00a012yrs\u00a0FREE<\/em><\/span><\/p>\n<p style=\"font-weight: 400;\"><span style=\"color: #5e5e61;\"><em>Buy tickets in advance by card through the\u00a0<a style=\"color: #5e5e61;\" href=\"https:\/\/www.eventbrite.co.uk\/e\/londoni-eestlaste-jaanipidu-ja-marju-lanik-estonians-midsummer-festival-ev100-tickets-45491295690\">Eventbrite payment system HERE!\u00a0<\/a>(adds\u00a0service charge)\u00a0<\/em><\/span><\/p>\n<p style=\"font-weight: 400;\"><span style=\"color: #5e5e61;\"><em>Or make a transfer to the London Estonian Society account with the reference:\u00a0JAAN2018 (last opportunity to pay\u00a004.06.17 strickly)<\/em><\/span><\/p>\n<p style=\"font-weight: 400;\"><span style=\"color: #5e5e61;\"><em>\u00a0To who: Estonian Society\u00a0<\/em><\/span><\/p>\n<p style=\"font-weight: 400;\"><span style=\"color: #5e5e61;\"><em>Natwest\u00a0account\u00a0nr\u00a0 68652704 \u00a0 \u00a0<\/em><\/span><\/p>\n<p style=\"font-weight: 400;\"><span style=\"color: #5e5e61;\"><em>code\u00a060-15-33<\/em><\/span><\/p>\n<p style=\"font-weight: 400;\"><span style=\"color: #5e5e61;\"><em>Additional Info:\u00a0\u00a0<\/em><a style=\"color: #5e5e61;\" href=\"mailto:info@estoniansociety.co.uk\"><em>info@estoniansociety.co.uk<\/em><\/a><\/span><\/p>\n<p style=\"font-weight: 400;\"><span style=\"color: #5e5e61;\"><em>******************************<\/em><\/span><\/p>\n<p style=\"font-weight: 400;\"><span style=\"color: #5e5e61;\"><em>HOW TO GET THERE<\/em><\/span><\/p>\n<p style=\"font-weight: 400;\"><span style=\"color: #5e5e61;\"><em>By car<\/em><\/span><\/p>\n<p style=\"font-weight: 400;\"><span style=\"color: #5e5e61;\"><em>Postcode is CM13 3LL. There are plenty of parking spaces (+50) and parking is free.<\/em><\/span><\/p>\n<p style=\"font-weight: 400;\"><span style=\"color: #5e5e61;\"><em>By public transport from London:<\/em><\/span><\/p>\n<p style=\"font-weight: 400;\"><span style=\"color: #5e5e61;\">NB! NO ACCESS TO EVENT PLACE BY FOOT!\u00a0Please book taxi from Upminster station to CM13 3LL, the Halfway House. NOTE! We suggsest to order taxi in the evening back to trainstation in advance. The last train back to town from UPMINSTER is about midngiht.<\/span><\/p>\n<p style=\"font-weight: 400;\"><span style=\"color: #5e5e61;\"><em>The closest station to the event is\u00a0UPMINSTER (zone\u00a06, Oystercard)<\/em><\/span><\/p>\n<p style=\"font-weight: 400;\"><span style=\"color: #5e5e61;\"><em>Trains: District Line and\u00a0C2C\u00a0train\u00a0(quicker).<\/em><\/span><\/p>\n<p style=\"font-weight: 400;\"><span style=\"color: #5e5e61;\">Train:\u00a0District Line\u00a0to UPMINSTER.<\/span><\/p>\n<p style=\"font-weight: 400;\"><span style=\"color: #5e5e61;\">C2C Rail:<\/span><\/p>\n<p style=\"font-weight: 400;\"><span style=\"color: #5e5e61;\">Fenchurch Street\u00a0\u2013 Limehouse \u2013 West Ham\u00a0<em>(jubilee \u2013 change to railway platform 7)\u00a0<\/em>\u2013 Barking \u2013 Upminster<\/span><\/p>\n<p style=\"font-weight: 400;\"><span style=\"color: #5e5e61;\">Or\u00a0Liverpool Street\u00a0\u2013 Stratford \u2013 Barking \u2013 Upminster<\/span><\/p>\n<p style=\"font-weight: 400;\"><span style=\"color: #5e5e61;\"><em>\u00a0\u00a0The local taxi numbers are here:\u00a0Station Cars tel: 01708 229400 , Upminster Taxi Rank tel: 01708 225832 , Men in Black Cars tel: 01708 501069\u00a0<\/em><\/span><\/p>\n<p style=\"font-weight: 400;\"><span style=\"color: #5e5e61;\"><em>Local taxis:\u00a0<\/em><span style=\"color: #dd9933;\"><a style=\"color: #dd9933;\" href=\"https:\/\/www.google.co.uk\/search?q=upminster+taxi&amp;oq=upminster+taxi&amp;aqs=chrome..69i57j0l5.5857j0j4&amp;sourceid=chrome&amp;ie=UTF-8#q=upminster+taxi&amp;rflfq=1&amp;rlha=0&amp;rllag=51558936,242973,547&amp;tbm=lcl&amp;rldimm=4156254623774835899&amp;tbs=lrf:!2m1!1e2!3sEAE,lf:1,lf_ui:2&amp;rlfi=hd:;si:;mv:!1m3!1d3288.0668522336077!2d0.24791603491826208!3d51.55751177251114!3m2!1i860!2i509!4f13.1;tbs:lrf:!2m1!1e2!3s\"><em>Link avaneb siin!<\/em><\/a><em>\/Link is opening here!<\/em><\/span><\/span><\/p>\n<p style=\"font-weight: 400;\"><span style=\"color: #5e5e61;\"><em>\u00a0Midsummer\u2019s Eve Info:<\/em><\/span><\/p>\n<p style=\"font-weight: 400;\"><span style=\"color: #5e5e61;\"><em>LES\u00a0web page:\u00a0<\/em><span style=\"color: #dd9933;\"><a style=\"color: #dd9933;\" href=\"https:\/\/estoniansociety.co.uk\/index.php\/\"><em>www.estoniansociety.co.uk<\/em><\/a><\/span><em><span style=\"color: #dd9933;\">\u00a0\u00a0<\/span>\u00a0<\/em><\/span><\/p>\n<p style=\"font-weight: 400;\"><span style=\"color: #5e5e61;\"><em>HALFWAY HOUSE (venue homepage):\u00a0<\/em><span style=\"color: #dd9933;\"><a style=\"color: #dd9933;\" href=\"http:\/\/half-way.co.uk\/\"><em>http:\/\/half-way.co.uk\/<\/em><\/a><\/span><\/span><\/p>\n<p style=\"font-weight: 400; text-align: center;\"><span style=\"color: #5e5e61;\"><em>See you at the Midsummer\u2019s Eve party!<\/em><\/span><\/p>\n<p style=\"font-weight: 400; text-align: center;\"><span style=\"color: #5e5e61;\"><em>The party is brought to you by London Estonian Society<\/em><\/span><\/p>\n<p>&nbsp;<\/p>\n<p>&nbsp;<\/p>\n<p style=\"font-weight: 400;\">","protected":false},"excerpt":{"rendered":"<p>&nbsp; Londoni Eesti Seltsi Jaanipidu 2018 \u00a0 \u00a0 \u00a0 \u00a0 \u00a0 \u00a0 \u00a0 \u00a0 \u00a0 \u00a0 \u00a0 \u00a0 \u00a0 \u00a0 09.juunil 2018 Kell 14.00-23.00 The Halfway House, Essex, CM13 3LL Londoni eestlaste kogupere jaanipidu\u00a0toimub juba tuttavas kohas Essexis\u00a09. Juunil.\u00a0JAANIKUL ON JUUBEL! T\u00e4histame 15 aastat JAANIPIDUSID Londonis. Kallite piduliste p\u00e4ralt on Half Way House pubi avar &hellip;<\/p>\n<p class=\"read-more\"> <a class=\"\" href=\"https:\/\/www.estoniansociety.co.uk\/en\/uritused-londoni-eesti-seltsi-jaanipidu-2018\/\"> <span class=\"screen-reader-text\">Arhiiv &#8211; 2018 &#8211; \u00dcritused &#8211; Londoni Eesti Seltsi Jaanipidu 2018<\/span> Read More &raquo;<\/a><\/p>","protected":false},"author":1,"featured_media":0,"parent":0,"menu_order":0,"comment_status":"closed","ping_status":"closed","template":"","meta":{"_mi_skip_tracking":false,"footnotes":""},"class_list":["post-868","page","type-page","status-publish","hentry"],"_links":{"self":[{"href":"https:\/\/www.estoniansociety.co.uk\/en\/wp-json\/wp\/v2\/pages\/868","targetHints":{"allow":["GET"]}}],"collection":[{"href":"https:\/\/www.estoniansociety.co.uk\/en\/wp-json\/wp\/v2\/pages"}],"about":[{"href":"https:\/\/www.estoniansociety.co.uk\/en\/wp-json\/wp\/v2\/types\/page"}],"author":[{"embeddable":true,"href":"https:\/\/www.estoniansociety.co.uk\/en\/wp-json\/wp\/v2\/users\/1"}],"replies":[{"embeddable":true,"href":"https:\/\/www.estoniansociety.co.uk\/en\/wp-json\/wp\/v2\/comments?post=868"}],"version-history":[{"count":5,"href":"https:\/\/www.estoniansociety.co.uk\/en\/wp-json\/wp\/v2\/pages\/868\/revisions"}],"predecessor-version":[{"id":5763,"href":"https:\/\/www.estoniansociety.co.uk\/en\/wp-json\/wp\/v2\/pages\/868\/revisions\/5763"}],"wp:attachment":[{"href":"https:\/\/www.estoniansociety.co.uk\/en\/wp-json\/wp\/v2\/media?parent=868"}],"curies":[{"name":"wp","href":"https:\/\/api.w.org\/{rel}","templated":true}]}}