{"id":859,"date":"2021-06-13T16:29:40","date_gmt":"2021-06-13T16:29:40","guid":{"rendered":"https:\/\/estoniansociety.co.uk\/?page_id=859"},"modified":"2021-10-18T06:29:26","modified_gmt":"2021-10-18T06:29:26","slug":"uritused-kontsert-eesti-majas-uhisnaitusega-eesti-tantsu-hoidja","status":"publish","type":"page","link":"https:\/\/www.estoniansociety.co.uk\/en\/uritused-kontsert-eesti-majas-uhisnaitusega-eesti-tantsu-hoidja\/","title":{"rendered":"Arhiiv &#8211; 2018 &#8211; \u00dcritused &#8211; Kontsert Eesti Majas \u00fchisn\u00e4itusega \u201cEesti Tantsu Hoidja\u201d"},"content":{"rendered":"<p>&nbsp;<\/p>\n<h2 style=\"text-align: center;\"><span style=\"color: #5e5e61;\">Kontsert Eesti Majas \u00fchisn\u00e4itusega \u201cEesti Tantsu Hoidja\u201d<\/span><\/h2>\n<p><span style=\"color: #5e5e61;\">\u00a0 \u00a0 \u00a0 \u00a0<\/span><\/p>\n<p style=\"font-weight: 400;\"><span style=\"color: #5e5e61;\">05.septembril on Eesti Majas Londonis \u00fcleval \u00fchisn\u00e4itus \u201cEesti tantsu hoidja\u201d. See h\u00f5lmab kahte n\u00e4itust: \u201cEesti rahva riided Londonis\u201d ja \u201cEesti rahvatantsuansamblid l\u00e4bi aegade\u201d. Kohal on m\u00f5lemate n\u00e4ituste korraldajad ja loojad: Marje Remmet, Evelin Siilak (Eesti rahva riided Londonis) ja Angela Arraste, \u00dclo Luht (Eesti rahvatantsuansamblid l\u00e4bi sajandi).<\/span><\/p>\n<p style=\"font-weight: 400;\"><span style=\"color: #5e5e61;\"><b><strong>N\u00e4itus \u201cEESTI RAHVA RIIDED LONDONIS\u201d<\/strong><\/b><\/span><\/p>\n<p style=\"font-weight: 400;\"><span style=\"color: #5e5e61;\">See on lugu kuidas eestlastest s\u00f5jap\u00f5genikud, peale Teist Maailmas\u00f5da, l\u00e4bi suure tahte ja vaeva valmistasid r\u00fchmat\u00e4ie kauneid rahvariideid. Oli hetki, kui materjalideks kasutati vanu voodilinu, \u00f5mmelda tuli \u00f6\u00f6siti ja mustreid tuli teha m\u00e4lu j\u00e4rgi. N\u00e4ituse enamus lood on jutustanud\u00a0kaua-aegne eesti rahvatantsu\u00f5petaja Aili Eistrat, kes oli Londoni Eesti Seltsi rahvatantsugrupi \u00f5petaja \u00fcle 40 aasta. Selle aja jooksul astuti \u00fcles arvukate esinemistega nii Londonis, \u00fcle \u00dchendkuningriigi ja ka Iirimaal. \u201cIga kord kui esinesime, pidime selgitama kes me oleme, kust me tuleme ja miks me tulime\u201c, meenutab Aili Eistrat.\u00a0Proua Eistratil t\u00e4itus t\u00e4navu 97 eluaastat. Tansijate kantud rahvariideid ja\u00a0\u00a0riiete p\u00f5nevaid valmimislugusid n\u00e4itab EV100 kingituse raames valminud n\u00e4itus \u201eEesti rahva riided Londonis\u201c, mis on Londoni Eesti Seltsi ja Estonian Folks International koost\u00f6\u00f6.<\/span><\/p>\n<p style=\"font-weight: 400;\"><span style=\"color: #5e5e61;\"><b><strong>N\u00e4itus \u201cEESTI RAHVATANTSUANSAMBLID L\u00c4BI SAJANDI\u201d.<\/strong><\/b><\/span><\/p>\n<p style=\"font-weight: 400;\"><span style=\"color: #5e5e61;\">Rahvatantsuga tegelevate r\u00fchmade koostantsimise ajalugu ulatub aastasse 1926, kui\u00a0 Eestis toimusid Esimesed Omakultuuri p\u00e4evad.\u00a0K\u00e4esoleval n\u00e4itusel\u00a0 on esmakordselt k\u00f5ik Eesti Tantsuansamblite Liidu (ERTAL) kollektiivid \u00fchiselt koos. \u201cS\u00f5prus\u201d, \u201d Kuljus\u201d, \u201cTuisuline\u201d, \u201cLeigarid\u201d on vaid m\u00f5ned neist tuntumatest, kellest saab l\u00e4hemalt lugeda. N\u00e4ituse autorid Angela Arraste ja \u00dclo Luht tunnevad k\u00f5iki r\u00fchmitusi isiklikult. \u00dclo Luht on olnud pikki aastaid Tallinna Tehnika\u00fclikooli tantsuansambli Kuljus juht, Angala Arraste aga juhendanud Tallunna \u00dclikooli tantsukollektiivi Soveldaja. N\u00e4ituse on koostanud Tantsupeomuuseum koost\u00f6\u00f6s k\u00f5igi tantsuansamblitega. Varasemalt on loodud n\u00e4itused \u201c80 aastat Eesti tantsupidusid\u201d, \u201cAnna Raudkats -130\u201d, \u201eEST-LAT-LIT \u2013 Baltiriikide noorte tantsupeod ja \u00e4sja valmis \u201cRichard T\u00f5nnus -100 \u2013 tantsu\u00f5petaja, uurija, skaut)\u201d.<\/span><\/p>\n<p style=\"font-weight: 400;\"><span style=\"color: #5e5e61;\">Lisaks \u00dcHISN\u00c4ITUSELE leiab asset\u00a0ainulaadne kohtumine: \u00a0<b><strong>rahvatantsujuhid Eestist kohtuvad rahvatantsujuhiga Londonis<\/strong><\/b>. Kohtuvad rahvatantsutegelased Angela Arraste ja Aili Eistrat taas ning heietavad m\u00f6\u00f6dunust.<\/span><\/p>\n<p style=\"font-weight: 400;\"><span style=\"color: #5e5e61;\">Muuhulgas meenutatakse p\u00f5nevaimat sajandi lugu: Ullo Toomi vanaema pottm\u00fctsi lugu. 1940.aastate paiku oli Ullo Toomi kinkinud oma vanaema pottm\u00fctsi Aili Eistratile, kes selle p\u00f5genemisel \u00fches v\u00f5ttis ning hoidis Londonis aastak\u00fcmneid kui reliikviat. Aastal 2014 annetas Aili Eistrat selle Tantsupeomuuseumile. M\u00f5lemal eelmainitud n\u00e4itusel on pottm\u00fcts \u00fcleval olnud koos kinkimise looga.\u00a0\u00a0<\/span><\/p>\n<p style=\"font-weight: 400;\"><span style=\"color: #5e5e61;\">Rohkem n\u00e4itusest\u00a0<a style=\"color: #5e5e61;\" href=\"https:\/\/rahvariided.wordpress.com\/2018\/08\/31\/5-sept-uhisnaitus-eesti-tantsu-hoidjad-londonis\/\"><span style=\"color: #dd9933;\">kodulehel<\/span>,<\/a><a style=\"color: #5e5e61;\" href=\"https:\/\/www.ev100.ee\/et\/naitus-eesti-rahva-riided-londonis\">\u00a0<span style=\"color: #dd9933;\">EV100 lehel<\/span>\u00a0<\/a>\u00a0ja\u00a0<span style=\"color: #dd9933;\"><a style=\"color: #dd9933;\" href=\"https:\/\/www.facebook.com\/events\/233794110631064\/\">Facebookis.<\/a><\/span><\/span><\/p>\n<p style=\"font-weight: 400;\"><span style=\"color: #5e5e61;\">N\u00e4ituse teostust \u201cEesti rahva riided Londonis\u201d toetab Eesti Rahvusarhiiv. N\u00e4itust \u201cEesti rahvatantsuansamblid l\u00e4bi aegade\u201d toetab Tallinna Kultuuriamet. \u00dchisn\u00e4ituse reisimist Inglismaale toetab Eesti Kultuurkapital.<\/span><\/p>\n<p><span style=\"color: #5e5e61;\"><strong>Kontsert<\/strong><\/span><\/p>\n<p><span style=\"color: #5e5e61;\">Septembri alguses saabub V Euroopa Eestlaste Laulupeo raames Londonisse Haaslava Meeskoor, \u00a0Kalev Lindali juhendamisel.\u00a0 30 s\u00fcdikat meeslauljat annavad kontserdi Eesti Majas ning suunduvad edasi Leicesteri 07.-09. Septembril toimuvale\u00a0V Euroopa Eestlaste Laulupeole. Haaslava Meeskoori \u00a0tegemistest-toimetustest saad lugeda:\u00a0<a style=\"color: #5e5e61;\" title=\"siit\" href=\"https:\/\/estoniansociety.co.uk\/index.php\/menu\/36\/%20http:\/www.hame.ee\" target=\"_blank\" rel=\"noopener\"><span style=\"color: #dd9933;\">koduleht SIIN<\/span>!<\/a><\/span><\/p>\n<p><span style=\"color: #5e5e61;\">Kontsert\u00f5htul esinevad lisaks Haaslava Meeskoorile Londoni Naiskammerkoor Reet Kromeli juhendamisele, klaveripalad esitab Tristjan Taal, tantsib Estonian Folks, eksootiline tervitus tantsugrupilt Las Madres\u00a0&amp; Madis.<\/span><\/p>\n<p><span style=\"color: #5e5e61;\">Peale kontserti koosviibimine koos laulu, lusti ja m\u00e4nguga.<\/span><\/p>\n<p><span style=\"color: #5e5e61;\">Sissep\u00e4\u00e4s \u00fcritusele sisaldab \u00f5htueinet: Eestimaine ahjuvorst kartulisalatiga, kodune mustikakook.<\/span><\/p>\n<p><span style=\"color: #5e5e61;\">Piletihind koos \u00f5htus\u00f6\u00f6giga uksel: T\u00e4iskasvanu \u00a35,\u00a0\u00a0Lapsed \u00a33 ,\u00a0Lapsed alla 10 aasta tasuta. (Arveldame sularahas)\u00a0<\/span><\/p>\n<p><span style=\"color: #5e5e61;\">NB! Sissep\u00e4\u00e4suks palun\u00a0<a style=\"color: #5e5e61;\" href=\"https:\/\/www.eventbrite.co.uk\/e\/haaslava-meeskoori-kontsertohtu-koos-ohtusoogiga-londonis-tickets-48393315710\" target=\"_blank\" rel=\"noopener\"><span style=\"color: #dd9933;\">REGISTREERI SIIN<\/span>!<\/a>, et saaksime sulle koha ja maitsva s\u00f6\u00f6gi arvestada.<\/span><\/p>\n<p><span style=\"color: #5e5e61;\">Teadmiseks, et kohtade arv on piiratud!<\/span><\/p>\n<p>&nbsp;<\/p>\n<p>&nbsp;<\/p>","protected":false},"excerpt":{"rendered":"<p>&nbsp; Kontsert Eesti Majas \u00fchisn\u00e4itusega \u201cEesti Tantsu Hoidja\u201d \u00a0 \u00a0 \u00a0 \u00a0 05.septembril on Eesti Majas Londonis \u00fcleval \u00fchisn\u00e4itus \u201cEesti tantsu hoidja\u201d. See h\u00f5lmab kahte n\u00e4itust: \u201cEesti rahva riided Londonis\u201d ja \u201cEesti rahvatantsuansamblid l\u00e4bi aegade\u201d. Kohal on m\u00f5lemate n\u00e4ituste korraldajad ja loojad: Marje Remmet, Evelin Siilak (Eesti rahva riided Londonis) ja Angela Arraste, \u00dclo Luht &hellip;<\/p>\n<p class=\"read-more\"> <a class=\"\" href=\"https:\/\/www.estoniansociety.co.uk\/en\/uritused-kontsert-eesti-majas-uhisnaitusega-eesti-tantsu-hoidja\/\"> <span class=\"screen-reader-text\">Arhiiv &#8211; 2018 &#8211; \u00dcritused &#8211; Kontsert Eesti Majas \u00fchisn\u00e4itusega \u201cEesti Tantsu Hoidja\u201d<\/span> Read More &raquo;<\/a><\/p>","protected":false},"author":1,"featured_media":0,"parent":0,"menu_order":0,"comment_status":"closed","ping_status":"closed","template":"","meta":{"_mi_skip_tracking":false,"footnotes":""},"class_list":["post-859","page","type-page","status-publish","hentry"],"_links":{"self":[{"href":"https:\/\/www.estoniansociety.co.uk\/en\/wp-json\/wp\/v2\/pages\/859","targetHints":{"allow":["GET"]}}],"collection":[{"href":"https:\/\/www.estoniansociety.co.uk\/en\/wp-json\/wp\/v2\/pages"}],"about":[{"href":"https:\/\/www.estoniansociety.co.uk\/en\/wp-json\/wp\/v2\/types\/page"}],"author":[{"embeddable":true,"href":"https:\/\/www.estoniansociety.co.uk\/en\/wp-json\/wp\/v2\/users\/1"}],"replies":[{"embeddable":true,"href":"https:\/\/www.estoniansociety.co.uk\/en\/wp-json\/wp\/v2\/comments?post=859"}],"version-history":[{"count":5,"href":"https:\/\/www.estoniansociety.co.uk\/en\/wp-json\/wp\/v2\/pages\/859\/revisions"}],"predecessor-version":[{"id":5764,"href":"https:\/\/www.estoniansociety.co.uk\/en\/wp-json\/wp\/v2\/pages\/859\/revisions\/5764"}],"wp:attachment":[{"href":"https:\/\/www.estoniansociety.co.uk\/en\/wp-json\/wp\/v2\/media?parent=859"}],"curies":[{"name":"wp","href":"https:\/\/api.w.org\/{rel}","templated":true}]}}