{"id":8447,"date":"2026-02-08T15:50:12","date_gmt":"2026-02-08T15:50:12","guid":{"rendered":"https:\/\/www.estoniansociety.co.uk\/?page_id=8447"},"modified":"2026-02-08T15:57:58","modified_gmt":"2026-02-08T15:57:58","slug":"uudised-ev108","status":"publish","type":"page","link":"https:\/\/www.estoniansociety.co.uk\/en\/uudised-ev108\/","title":{"rendered":"Uudised &#8211; EV108"},"content":{"rendered":"<div data-elementor-type=\"wp-page\" data-elementor-id=\"8447\" class=\"elementor elementor-8447\">\n\t\t\t\t\t\t\t\t\t<section class=\"elementor-section elementor-top-section elementor-element elementor-element-e92a9c6 elementor-section-boxed elementor-section-height-default elementor-section-height-default\" data-id=\"e92a9c6\" data-element_type=\"section\">\n\t\t\t\t\t\t<div class=\"elementor-container elementor-column-gap-default\">\n\t\t\t\t\t<div class=\"elementor-column elementor-col-100 elementor-top-column elementor-element elementor-element-3f96b8c\" data-id=\"3f96b8c\" data-element_type=\"column\">\n\t\t\t<div class=\"elementor-widget-wrap elementor-element-populated\">\n\t\t\t\t\t\t\t\t<div class=\"elementor-element elementor-element-7aa2feb elementor-widget elementor-widget-text-editor\" data-id=\"7aa2feb\" data-element_type=\"widget\" data-widget_type=\"text-editor.default\">\n\t\t\t\t<div class=\"elementor-widget-container\">\n\t\t\t\t\t\t\t\t\t\t\t\t\t<\/div>\n\t\t\t\t<\/div>\n\t\t\t\t\t<\/div>\n\t\t<\/div>\n\t\t\t\t\t\t\t<\/div>\n\t\t<\/section>\n\t\t\t\t<section class=\"elementor-section elementor-top-section elementor-element elementor-element-c0ef823 elementor-section-boxed elementor-section-height-default elementor-section-height-default\" data-id=\"c0ef823\" data-element_type=\"section\">\n\t\t\t\t\t\t<div class=\"elementor-container elementor-column-gap-default\">\n\t\t\t\t\t<div class=\"elementor-column elementor-col-100 elementor-top-column elementor-element elementor-element-e8bd7b6\" data-id=\"e8bd7b6\" data-element_type=\"column\">\n\t\t\t<div class=\"elementor-widget-wrap elementor-element-populated\">\n\t\t\t\t\t\t\t\t<div class=\"elementor-element elementor-element-e85ac88 elementor-widget elementor-widget-heading\" data-id=\"e85ac88\" data-element_type=\"widget\" data-widget_type=\"heading.default\">\n\t\t\t\t<div class=\"elementor-widget-container\">\n\t\t\t<h2 class=\"elementor-heading-title elementor-size-default\"><br><br><br>EESTI VABARIIK 108 T\u00c4HISTAMINE<\/h2>\t\t<\/div>\n\t\t\t\t<\/div>\n\t\t\t\t\t<\/div>\n\t\t<\/div>\n\t\t\t\t\t\t\t<\/div>\n\t\t<\/section>\n\t\t\t\t<section class=\"elementor-section elementor-top-section elementor-element elementor-element-32a7caa elementor-section-boxed elementor-section-height-default elementor-section-height-default\" data-id=\"32a7caa\" data-element_type=\"section\">\n\t\t\t\t\t\t<div class=\"elementor-container elementor-column-gap-default\">\n\t\t\t\t\t<div class=\"elementor-column elementor-col-100 elementor-top-column elementor-element elementor-element-7ee2ef6\" data-id=\"7ee2ef6\" data-element_type=\"column\">\n\t\t\t<div class=\"elementor-widget-wrap elementor-element-populated\">\n\t\t\t\t\t\t\t\t<div class=\"elementor-element elementor-element-84be3b8 elementor-widget elementor-widget-image\" data-id=\"84be3b8\" data-element_type=\"widget\" data-widget_type=\"image.default\">\n\t\t\t\t<div class=\"elementor-widget-container\">\n\t\t\t\t\t\t\t\t\t\t\t\t\t\t\t<img loading=\"lazy\" decoding=\"async\" width=\"768\" height=\"432\" src=\"https:\/\/www.estoniansociety.co.uk\/wp-content\/uploads\/2026\/02\/Ev108-768x432.jpg\" class=\"attachment-medium_large size-medium_large wp-image-8448\" alt=\"\" srcset=\"https:\/\/www.estoniansociety.co.uk\/wp-content\/uploads\/2026\/02\/Ev108-768x432.jpg 768w, https:\/\/www.estoniansociety.co.uk\/wp-content\/uploads\/2026\/02\/Ev108-300x169.jpg 300w, https:\/\/www.estoniansociety.co.uk\/wp-content\/uploads\/2026\/02\/Ev108-1024x576.jpg 1024w, https:\/\/www.estoniansociety.co.uk\/wp-content\/uploads\/2026\/02\/Ev108-1536x864.jpg 1536w, https:\/\/www.estoniansociety.co.uk\/wp-content\/uploads\/2026\/02\/Ev108-18x10.jpg 18w, https:\/\/www.estoniansociety.co.uk\/wp-content\/uploads\/2026\/02\/Ev108.jpg 1920w\" sizes=\"auto, (max-width: 768px) 100vw, 768px\" \/>\t\t\t\t\t\t\t\t\t\t\t\t\t\t\t<\/div>\n\t\t\t\t<\/div>\n\t\t\t\t\t<\/div>\n\t\t<\/div>\n\t\t\t\t\t\t\t<\/div>\n\t\t<\/section>\n\t\t\t\t<section class=\"elementor-section elementor-top-section elementor-element elementor-element-4dc47c1 elementor-section-boxed elementor-section-height-default elementor-section-height-default\" data-id=\"4dc47c1\" data-element_type=\"section\">\n\t\t\t\t\t\t<div class=\"elementor-container elementor-column-gap-default\">\n\t\t\t\t\t<div class=\"elementor-column elementor-col-100 elementor-top-column elementor-element elementor-element-a666cd1\" data-id=\"a666cd1\" data-element_type=\"column\">\n\t\t\t<div class=\"elementor-widget-wrap elementor-element-populated\">\n\t\t\t\t\t\t\t\t<div class=\"elementor-element elementor-element-3b822ea elementor-widget elementor-widget-text-editor\" data-id=\"3b822ea\" data-element_type=\"widget\" data-widget_type=\"text-editor.default\">\n\t\t\t\t<div class=\"elementor-widget-container\">\n\t\t\t\t\t\t\t<p><b>Londoni Eesti Selts kutsub t\u00e4histama EV108 aastap\u00e4eva, Londoni Eesti Majas, 18 Chepstow Villas, London W11 2RB<\/b><br class=\"html-br\" \/><b>01. m\u00e4rtsil 2026 kell 15.00<\/b><\/p><p>\u00a0<\/p><p>Tervitusk\u00f5ne Eesti Suursaatkonnalt Londonis<br class=\"html-br\" \/>Palves\u00f5na pastor Lagle Heinla<\/p><p><br class=\"html-br\" \/>ESINEJAD:<br class=\"html-br\" \/>esineb Eesti Kooli Lastekoor, dirigeerivad Reet Kromel Williams ja Annaliisa Asveit<br class=\"html-br\" \/>esineb Londoni Eesti Segakoor, dirigeerib Martina Telgmaa.<\/p><p><br class=\"html-br\" \/>Tervitusjook<br class=\"html-br\" \/>Traditsiooniliste eesti suupistetga peolaud.<\/p><p><br class=\"html-br\" \/>Osav\u00f5tutasu: \u00a315 t\u00e4iskasvanu<br class=\"html-br\" \/>Kids 11-16y \u00a35<br class=\"html-br\" \/>Kids under 10 go free<br class=\"html-br\" \/>Pension\u00e4r \u00a35<\/p><p><br class=\"html-br\" \/>Tee \u00fclekanne LES kontole m\u00e4rgus\u00f5naga EV108<br class=\"html-br\" \/>Transfer includes two parts:<br class=\"html-br\" \/>1. \u00dcLEKANNE : Natwest konto nr 68652704 kood 60-15-33 Adressaat: Estonian Society in London (kuna kogu nimi ei mahu reale \u00e4ra, siis kirjutage palju mahub)<br class=\"html-br\" \/>2. CONFIRMATION: Please send an email to info@estoniansociety.co.uk with the payer's name and amount. Mark the names of attendees. NB! Last payment to be includes is on 3. December 2025.<br class=\"html-br\" \/>NB! Viimane panga\u00fclekanne, mida arvestame palun tee hiljemalt 27. veebruaril.<br class=\"html-br\" \/>Osta piletid eelm\u00fc\u00fcgist l\u00e4bi Eventbrite makses\u00fcsteemi! (lisandub teenustasu):<br class=\"html-br\" \/><a class=\"x1i10hfl xjbqb8w x1ejq31n x18oe1m7 x1sy0etr xstzfhl x972fbf x10w94by x1qhh985 x14e42zd x9f619 x1ypdohk xt0psk2 x3ct3a4 xdj266r x14z9mp xat24cr x1lziwak xexx8yu xyri2b x18d9i69 x1c1uobl x16tdsg8 x1hl2dhg xggy1nq x1a2a7pz xkrqix3 x1sur9pj x1fey0fg x1s688f\" tabindex=\"0\" role=\"link\" href=\"https:\/\/l.facebook.com\/l.php?u=https%3A%2F%2Fev108.eventbrite.co.uk%2F%3Ffbclid%3DIwZXh0bgNhZW0CMTAAYnJpZBExWnoxbzZGdXhDT0NwRU1od3NydGMGYXBwX2lkEDIyMjAzOTE3ODgyMDA4OTIAAR5oej-jXZ26u5AS6xJqq1UfcjlYNbw_UxYhEzWVFKE-1N4M15jyltLeErGu4g_aem_tIAzapc49MIWmUNHj5NtGA&amp;h=AT0ATESxHq-V0RxCcMdhcBDM0f-4_vIFX8JXiLGF8Bze7oE2DA1yqcbGAvryfQe-0jUdtoY2TN_NYnxCId1uYuLxPG182fQRQJPixV7zGVVjgQG8wsjlWCoz8eeSoq9G2A0R7SF_FMsH2-Yn&amp;__tn__=q&amp;c[0]=AT2-2HM7B1ciI758apeNkms8CGE6apxxlzYG8jex-BrGX3IzzCpDOcIqhBIvLu62yz_g2mKgCSWRYdpnHY-WfaeMtfVmBtpX2rfsdW3Dvn0kv-3284e99ERXa3e2PGtOmIerNhHAi9gEQuTUIWBinU7RL2rnVWbjI9k\" target=\"_blank\" rel=\"nofollow noopener noreferrer\">https:\/\/ev108.eventbrite.co.uk<\/a><br class=\"html-br\" \/>L\u00e4bi Eventbrite makses\u00fcsteemi on v\u00f5imalik pileteid osta kuni 27. veebruar kella 18.00-ni.<br class=\"html-br\" \/>OSAV\u00d5TT ainult piletiga v\u00f5i eelregistreerimise alusel.<\/p>\t\t\t\t\t\t<\/div>\n\t\t\t\t<\/div>\n\t\t\t\t\t<\/div>\n\t\t<\/div>\n\t\t\t\t\t\t\t<\/div>\n\t\t<\/section>\n\t\t\t\t\t\t\t<\/div>","protected":false},"excerpt":{"rendered":"<p>EESTI VABARIIK 108 T\u00c4HISTAMINE Londoni Eesti Selts kutsub t\u00e4histama EV108 aastap\u00e4eva, Londoni Eesti Majas, 18 Chepstow Villas, London W11 2RB01. m\u00e4rtsil 2026 kell 15.00 \u00a0 Tervitusk\u00f5ne Eesti Suursaatkonnalt LondonisPalves\u00f5na pastor Lagle Heinla ESINEJAD:esineb Eesti Kooli Lastekoor, dirigeerivad Reet Kromel Williams ja Annaliisa Asveitesineb Londoni Eesti Segakoor, dirigeerib Martina Telgmaa. TervitusjookTraditsiooniliste eesti suupistetga peolaud. Osav\u00f5tutasu: \u00a315 &hellip;<\/p>\n<p class=\"read-more\"> <a class=\"\" href=\"https:\/\/www.estoniansociety.co.uk\/en\/uudised-ev108\/\"> <span class=\"screen-reader-text\">Uudised &#8211; EV108<\/span> Read More &raquo;<\/a><\/p>","protected":false},"author":3,"featured_media":0,"parent":0,"menu_order":0,"comment_status":"closed","ping_status":"closed","template":"","meta":{"_mi_skip_tracking":false,"footnotes":""},"class_list":["post-8447","page","type-page","status-publish","hentry"],"_links":{"self":[{"href":"https:\/\/www.estoniansociety.co.uk\/en\/wp-json\/wp\/v2\/pages\/8447","targetHints":{"allow":["GET"]}}],"collection":[{"href":"https:\/\/www.estoniansociety.co.uk\/en\/wp-json\/wp\/v2\/pages"}],"about":[{"href":"https:\/\/www.estoniansociety.co.uk\/en\/wp-json\/wp\/v2\/types\/page"}],"author":[{"embeddable":true,"href":"https:\/\/www.estoniansociety.co.uk\/en\/wp-json\/wp\/v2\/users\/3"}],"replies":[{"embeddable":true,"href":"https:\/\/www.estoniansociety.co.uk\/en\/wp-json\/wp\/v2\/comments?post=8447"}],"version-history":[{"count":5,"href":"https:\/\/www.estoniansociety.co.uk\/en\/wp-json\/wp\/v2\/pages\/8447\/revisions"}],"predecessor-version":[{"id":8465,"href":"https:\/\/www.estoniansociety.co.uk\/en\/wp-json\/wp\/v2\/pages\/8447\/revisions\/8465"}],"wp:attachment":[{"href":"https:\/\/www.estoniansociety.co.uk\/en\/wp-json\/wp\/v2\/media?parent=8447"}],"curies":[{"name":"wp","href":"https:\/\/api.w.org\/{rel}","templated":true}]}}