{"id":8378,"date":"2025-11-12T14:45:08","date_gmt":"2025-11-12T14:45:08","guid":{"rendered":"https:\/\/www.estoniansociety.co.uk\/?page_id=8378"},"modified":"2025-11-12T14:55:27","modified_gmt":"2025-11-12T14:55:27","slug":"joulukontsert-jumalateenistus-2025","status":"publish","type":"page","link":"https:\/\/www.estoniansociety.co.uk\/en\/joulukontsert-jumalateenistus-2025\/","title":{"rendered":"Christmas Concert and Church Service"},"content":{"rendered":"<div data-elementor-type=\"wp-page\" data-elementor-id=\"8378\" class=\"elementor elementor-8378\">\n\t\t\t\t\t\t\t\t\t<section class=\"elementor-section elementor-top-section elementor-element elementor-element-497eea8 elementor-section-boxed elementor-section-height-default elementor-section-height-default\" data-id=\"497eea8\" data-element_type=\"section\">\n\t\t\t\t\t\t<div class=\"elementor-container elementor-column-gap-default\">\n\t\t\t\t\t<div class=\"elementor-column elementor-col-100 elementor-top-column elementor-element elementor-element-a2c8c8c\" data-id=\"a2c8c8c\" data-element_type=\"column\">\n\t\t\t<div class=\"elementor-widget-wrap elementor-element-populated\">\n\t\t\t\t\t\t\t\t<div class=\"elementor-element elementor-element-1e428de elementor-widget elementor-widget-heading\" data-id=\"1e428de\" data-element_type=\"widget\" data-widget_type=\"heading.default\">\n\t\t\t\t<div class=\"elementor-widget-container\">\n\t\t\t<h2 class=\"elementor-heading-title elementor-size-default\"><br><br><br>Christmas Concert and Church Service<\/h2>\t\t<\/div>\n\t\t\t\t<\/div>\n\t\t\t\t\t<\/div>\n\t\t<\/div>\n\t\t\t\t\t\t\t<\/div>\n\t\t<\/section>\n\t\t\t\t<section class=\"elementor-section elementor-top-section elementor-element elementor-element-6a6ba3d elementor-section-boxed elementor-section-height-default elementor-section-height-default\" data-id=\"6a6ba3d\" data-element_type=\"section\">\n\t\t\t\t\t\t<div class=\"elementor-container elementor-column-gap-default\">\n\t\t\t\t\t<div class=\"elementor-column elementor-col-100 elementor-top-column elementor-element elementor-element-df56145\" data-id=\"df56145\" data-element_type=\"column\">\n\t\t\t<div class=\"elementor-widget-wrap elementor-element-populated\">\n\t\t\t\t\t\t\t\t<div class=\"elementor-element elementor-element-ce9ec6f elementor-widget elementor-widget-image\" data-id=\"ce9ec6f\" data-element_type=\"widget\" data-widget_type=\"image.default\">\n\t\t\t\t<div class=\"elementor-widget-container\">\n\t\t\t\t\t\t\t\t\t\t\t\t\t\t\t\t<a href=\"https:\/\/www.eventbrite.co.uk\/e\/joulu-kontsert-jumalateenistus-tickets-1964897166318?aff=oddtdtcreator\">\n\t\t\t\t\t\t\t<img loading=\"lazy\" decoding=\"async\" width=\"1024\" height=\"576\" src=\"https:\/\/www.estoniansociety.co.uk\/wp-content\/uploads\/2025\/11\/LONDONI-EESTI-SELTS-KUTSUB-1024x576.jpeg\" class=\"attachment-large size-large wp-image-8379\" alt=\"\" srcset=\"https:\/\/www.estoniansociety.co.uk\/wp-content\/uploads\/2025\/11\/LONDONI-EESTI-SELTS-KUTSUB-1024x576.jpeg 1024w, https:\/\/www.estoniansociety.co.uk\/wp-content\/uploads\/2025\/11\/LONDONI-EESTI-SELTS-KUTSUB-300x169.jpeg 300w, https:\/\/www.estoniansociety.co.uk\/wp-content\/uploads\/2025\/11\/LONDONI-EESTI-SELTS-KUTSUB-768x432.jpeg 768w, https:\/\/www.estoniansociety.co.uk\/wp-content\/uploads\/2025\/11\/LONDONI-EESTI-SELTS-KUTSUB-1536x864.jpeg 1536w, https:\/\/www.estoniansociety.co.uk\/wp-content\/uploads\/2025\/11\/LONDONI-EESTI-SELTS-KUTSUB-18x10.jpeg 18w, https:\/\/www.estoniansociety.co.uk\/wp-content\/uploads\/2025\/11\/LONDONI-EESTI-SELTS-KUTSUB.jpeg 1920w\" sizes=\"auto, (max-width: 1024px) 100vw, 1024px\" \/>\t\t\t\t\t\t\t\t<\/a>\n\t\t\t\t\t\t\t\t\t\t\t\t\t\t\t<\/div>\n\t\t\t\t<\/div>\n\t\t\t\t<div class=\"elementor-element elementor-element-812c5b2 elementor-widget elementor-widget-text-editor\" data-id=\"812c5b2\" data-element_type=\"widget\" data-widget_type=\"text-editor.default\">\n\t\t\t\t<div class=\"elementor-widget-container\">\n\t\t\t\t\t\t\t<div><p class=\" translation-block\">Estonian Society in London invites you to Christmas Concert and Church Mass at St Anne's Lutheran Church (St Mary-at-Hill Church), Lovat Lane, London EC3R 8EE on 7th December 2025 at 4pm.<\/p><\/div><div><p class=\" translation-block\">Christmas Service from pastor Lagle Heinla \n\nWelcome from the Estonian Embassy in London\n\nPerforming:\nChildren's choir with Reet Kromel-Williams and Annaliisa Asveit, \nLondon Estonian Mixed Choir with Martina Telgma\nSolos from Annaliisa Asveit with Reet Kromel-Williams on piano.<\/p><p>Santa will bring sweets to all the good children.<br \/>********************************************************************<br \/>Ticket includes:<\/p><p>Savory and sweet Christmas snack buffet<br \/>Please send us the name of the child who would like the sweets from Santa: info@estoniansociety.co.uk<br \/>info@estoniansociety.co.uk<\/p><p>\u00a0<\/p><p><strong>Ticket<\/strong>\u00a320 adult<br \/>Kids 11-16y \u00a35<br \/>Kids under 10 go free<br \/>Elderly \u00a310<br \/>Student \u00a315<\/p><p>\u00a0<\/p><p class=\" translation-block\">Buy tickets from Eventbrite<\/p><p>Through Eventbrite it is possible to buy tickets until 5th December 6pm.<\/p><p>\u00a0<\/p><p>OR make the payment via bank with the title \"JOUL2025\".<br \/>Transfer includes two parts:<br \/>Transfer: Natwest account no 68652704 code 60-15-33 Name: Estonian Society in London<br \/>2. CONFIRMATION: Please send an email to info@estoniansociety.co.uk with the payer's name and amount. Mark the names of attendees. NB! Last payment to be includes is on 3. December 2025.<br \/>NB! Viimane panga\u00fclekanne, mida arvestame palun tee hiljemalt 03.detsembril 2025<\/p><p>\u00a0<\/p><p>OSAV\u00d5TT ainult piletiga v\u00f5i eelregistreerimise alusel.<br \/>MEIE TOETAJAD: ESTOLINK, Eesti Suursaatkond Londonis.<\/p><\/div>\t\t\t\t\t\t<\/div>\n\t\t\t\t<\/div>\n\t\t\t\t\t<\/div>\n\t\t<\/div>\n\t\t\t\t\t\t\t<\/div>\n\t\t<\/section>\n\t\t\t\t\t\t\t<\/div>","protected":false},"excerpt":{"rendered":"<p>J\u00d5ULUKONTSERT-JUMALATEENISTUS 2025 Londoni Eesti Selts kutsub J\u00f5ulukontsert-jumalateenistusele St Anne\u2019s Lutheran Church (St Mary-at-Hill Church), Lovat Lane, London EC3R 8EE\u00a07. detsembril 2025 kell 16.00.\u00a0 J\u00f5ulus\u00f5num pastor Lagle HeinlaJ\u00f5ulutervitus Eesti Suursaatkonnalt LondonisESINEVAD:Lastekoor, juhatavad Reet Kromel-Williams ja Annaliisa AsveitLondoni Eestlaste Segakoor, juhatab Martina TelgmaSoololauludega esineb Annaliisa Asveit, klaveril Reet Kromel-Williams Lastele kommipakid j\u00f5uluvanalt********************************************************************Pileti hinna sees: Soolased ja magusad &hellip;<\/p>\n<p class=\"read-more\"> <a class=\"\" href=\"https:\/\/www.estoniansociety.co.uk\/en\/joulukontsert-jumalateenistus-2025\/\"> <span class=\"screen-reader-text\">Christmas Concert and Church Service<\/span> Read More &raquo;<\/a><\/p>","protected":false},"author":3,"featured_media":0,"parent":0,"menu_order":0,"comment_status":"closed","ping_status":"closed","template":"","meta":{"_mi_skip_tracking":false,"footnotes":""},"class_list":["post-8378","page","type-page","status-publish","hentry"],"_links":{"self":[{"href":"https:\/\/www.estoniansociety.co.uk\/en\/wp-json\/wp\/v2\/pages\/8378","targetHints":{"allow":["GET"]}}],"collection":[{"href":"https:\/\/www.estoniansociety.co.uk\/en\/wp-json\/wp\/v2\/pages"}],"about":[{"href":"https:\/\/www.estoniansociety.co.uk\/en\/wp-json\/wp\/v2\/types\/page"}],"author":[{"embeddable":true,"href":"https:\/\/www.estoniansociety.co.uk\/en\/wp-json\/wp\/v2\/users\/3"}],"replies":[{"embeddable":true,"href":"https:\/\/www.estoniansociety.co.uk\/en\/wp-json\/wp\/v2\/comments?post=8378"}],"version-history":[{"count":5,"href":"https:\/\/www.estoniansociety.co.uk\/en\/wp-json\/wp\/v2\/pages\/8378\/revisions"}],"predecessor-version":[{"id":8385,"href":"https:\/\/www.estoniansociety.co.uk\/en\/wp-json\/wp\/v2\/pages\/8378\/revisions\/8385"}],"wp:attachment":[{"href":"https:\/\/www.estoniansociety.co.uk\/en\/wp-json\/wp\/v2\/media?parent=8378"}],"curies":[{"name":"wp","href":"https:\/\/api.w.org\/{rel}","templated":true}]}}