{"id":8244,"date":"2024-12-13T14:55:52","date_gmt":"2024-12-13T14:55:52","guid":{"rendered":"https:\/\/www.estoniansociety.co.uk\/?page_id=8244"},"modified":"2024-12-13T15:04:37","modified_gmt":"2024-12-13T15:04:37","slug":"uritused-joulupidu-2024","status":"publish","type":"page","link":"https:\/\/www.estoniansociety.co.uk\/en\/uritused-joulupidu-2024\/","title":{"rendered":"\u00dcritused &#8211; J\u00f5ulupidu 2024"},"content":{"rendered":"<div data-elementor-type=\"wp-page\" data-elementor-id=\"8244\" class=\"elementor elementor-8244\">\n\t\t\t\t\t\t\t\t\t<section class=\"elementor-section elementor-top-section elementor-element elementor-element-72e329f elementor-section-boxed elementor-section-height-default elementor-section-height-default\" data-id=\"72e329f\" data-element_type=\"section\">\n\t\t\t\t\t\t<div class=\"elementor-container elementor-column-gap-default\">\n\t\t\t\t\t<div class=\"elementor-column elementor-col-100 elementor-top-column elementor-element elementor-element-358a5c1\" data-id=\"358a5c1\" data-element_type=\"column\">\n\t\t\t<div class=\"elementor-widget-wrap elementor-element-populated\">\n\t\t\t\t\t\t\t\t<div class=\"elementor-element elementor-element-2da946d elementor-widget elementor-widget-text-editor\" data-id=\"2da946d\" data-element_type=\"widget\" data-widget_type=\"text-editor.default\">\n\t\t\t\t<div class=\"elementor-widget-container\">\n\t\t\t\t\t\t\t<div><h2 style=\"box-sizing: border-box; border: 0px; font-size: 5rem; font-style: inherit; font-weight: 400; margin: 0px 0px 20px; outline: 0px; padding: 0px; vertical-align: baseline; clear: both; color: #5e5e61; line-height: 1; font-family: Balthazar, serif; text-align: center;\"><span style=\"box-sizing: border-box; color: #47494a;\">\u00a0<\/span><\/h2><h2 style=\"box-sizing: border-box; border: 0px; font-size: 5rem; font-style: inherit; font-weight: 400; margin: 0px 0px 20px; outline: 0px; padding: 0px; vertical-align: baseline; clear: both; color: #5e5e61; line-height: 1; font-family: Balthazar, serif; text-align: center;\"><span style=\"box-sizing: border-box; color: #47494a;\">\u00a0<\/span><\/h2><h2 style=\"box-sizing: border-box; border: 0px; font-size: 5rem; font-style: inherit; font-weight: 400; margin: 0px 0px 20px; outline: 0px; padding: 0px; vertical-align: baseline; clear: both; color: #5e5e61; line-height: 1; font-family: Balthazar, serif; text-align: center;\"><span style=\"box-sizing: border-box; color: #47494a;\">J\u00d5ULUPIDU 2024<\/span><\/h2><div style=\"font-family: Montserrat, sans-serif; font-size: 14px;\">\u00a0Soovime seltsiga t\u00e4nada k\u00f5iki k\u00fclalisi, esinejaid, j\u00f5uluvana, toetajaid ja seltsi tiimi. Oli tore koos teiega j\u00f5ule t\u00e4histada Eesti moodi.\u00a0<\/div><div style=\"font-family: Montserrat, sans-serif; font-size: 14px;\"><span style=\"font-style: inherit; font-weight: inherit;\">\u00a0<\/span><\/div><div style=\"font-family: Montserrat, sans-serif; font-size: 14px;\"><div>Esinesid:\u00a0Annaliisa Anvelt, Eesti Kooli lapsed, klaveril m\u00e4ngis Reet Kromel-Williams.<\/div><div>\u00a0<\/div><div>J\u00f5ulus\u00f5numi esitas pastor Meelis S\u00fcld, k\u00f5ne pidas ka Eesti Saatkonna asejuht Kati Laus . Kingitusi t\u00f5i ka j\u00f5uluvana otse Lapimaalt.<\/div><div>\u00a0<\/div><\/div><\/div>\t\t\t\t\t\t<\/div>\n\t\t\t\t<\/div>\n\t\t\t\t\t<\/div>\n\t\t<\/div>\n\t\t\t\t\t\t\t<\/div>\n\t\t<\/section>\n\t\t\t\t<section class=\"elementor-section elementor-top-section elementor-element elementor-element-e342621 elementor-section-full_width elementor-section-height-default elementor-section-height-default\" data-id=\"e342621\" data-element_type=\"section\">\n\t\t\t\t\t\t<div class=\"elementor-container elementor-column-gap-narrow\">\n\t\t\t\t\t<div class=\"elementor-column elementor-col-100 elementor-top-column elementor-element elementor-element-197d7c8\" data-id=\"197d7c8\" data-element_type=\"column\">\n\t\t\t<div class=\"elementor-widget-wrap elementor-element-populated\">\n\t\t\t\t\t\t\t\t<section class=\"elementor-section elementor-inner-section elementor-element elementor-element-0033adf elementor-section-boxed elementor-section-height-default elementor-section-height-default\" data-id=\"0033adf\" data-element_type=\"section\">\n\t\t\t\t\t\t<div class=\"elementor-container elementor-column-gap-default\">\n\t\t\t\t\t<div class=\"elementor-column elementor-col-33 elementor-inner-column elementor-element elementor-element-50fc469\" data-id=\"50fc469\" data-element_type=\"column\">\n\t\t\t<div class=\"elementor-widget-wrap elementor-element-populated\">\n\t\t\t\t\t\t\t\t<div class=\"elementor-element elementor-element-b8169bd elementor-widget elementor-widget-image\" data-id=\"b8169bd\" data-element_type=\"widget\" data-widget_type=\"image.default\">\n\t\t\t\t<div class=\"elementor-widget-container\">\n\t\t\t\t\t\t\t\t\t\t\t\t<figure class=\"wp-caption\">\n\t\t\t\t\t\t\t\t\t\t<img loading=\"lazy\" decoding=\"async\" width=\"768\" height=\"1024\" src=\"https:\/\/www.estoniansociety.co.uk\/wp-content\/uploads\/2024\/12\/IMG_4438-768x1024.jpg\" class=\"attachment-large size-large wp-image-8248\" alt=\"\" srcset=\"https:\/\/www.estoniansociety.co.uk\/wp-content\/uploads\/2024\/12\/IMG_4438-768x1024.jpg 768w, https:\/\/www.estoniansociety.co.uk\/wp-content\/uploads\/2024\/12\/IMG_4438-225x300.jpg 225w, https:\/\/www.estoniansociety.co.uk\/wp-content\/uploads\/2024\/12\/IMG_4438-1152x1536.jpg 1152w, https:\/\/www.estoniansociety.co.uk\/wp-content\/uploads\/2024\/12\/IMG_4438-1536x2048.jpg 1536w, https:\/\/www.estoniansociety.co.uk\/wp-content\/uploads\/2024\/12\/IMG_4438-9x12.jpg 9w, https:\/\/www.estoniansociety.co.uk\/wp-content\/uploads\/2024\/12\/IMG_4438-scaled.jpg 1920w\" sizes=\"auto, (max-width: 768px) 100vw, 768px\" \/>\t\t\t\t\t\t\t\t\t\t\t<figcaption class=\"widget-image-caption wp-caption-text\">Kati Laus Eesti Saatkonnast<\/figcaption>\n\t\t\t\t\t\t\t\t\t\t<\/figure>\n\t\t\t\t\t\t\t\t\t<\/div>\n\t\t\t\t<\/div>\n\t\t\t\t\t<\/div>\n\t\t<\/div>\n\t\t\t\t<div class=\"elementor-column elementor-col-33 elementor-inner-column elementor-element elementor-element-2b353f8\" data-id=\"2b353f8\" data-element_type=\"column\">\n\t\t\t<div class=\"elementor-widget-wrap elementor-element-populated\">\n\t\t\t\t\t\t\t\t<div class=\"elementor-element elementor-element-0691372 elementor-widget elementor-widget-image\" data-id=\"0691372\" data-element_type=\"widget\" data-widget_type=\"image.default\">\n\t\t\t\t<div class=\"elementor-widget-container\">\n\t\t\t\t\t\t\t\t\t\t\t\t<figure class=\"wp-caption\">\n\t\t\t\t\t\t\t\t\t\t<img loading=\"lazy\" decoding=\"async\" width=\"768\" height=\"1024\" src=\"https:\/\/www.estoniansociety.co.uk\/wp-content\/uploads\/2024\/12\/IMG_4440-768x1024.jpg\" class=\"attachment-large size-large wp-image-8249\" alt=\"\" srcset=\"https:\/\/www.estoniansociety.co.uk\/wp-content\/uploads\/2024\/12\/IMG_4440-768x1024.jpg 768w, https:\/\/www.estoniansociety.co.uk\/wp-content\/uploads\/2024\/12\/IMG_4440-225x300.jpg 225w, https:\/\/www.estoniansociety.co.uk\/wp-content\/uploads\/2024\/12\/IMG_4440-1152x1536.jpg 1152w, https:\/\/www.estoniansociety.co.uk\/wp-content\/uploads\/2024\/12\/IMG_4440-1536x2048.jpg 1536w, https:\/\/www.estoniansociety.co.uk\/wp-content\/uploads\/2024\/12\/IMG_4440-9x12.jpg 9w, https:\/\/www.estoniansociety.co.uk\/wp-content\/uploads\/2024\/12\/IMG_4440-scaled.jpg 1920w\" sizes=\"auto, (max-width: 768px) 100vw, 768px\" \/>\t\t\t\t\t\t\t\t\t\t\t<figcaption class=\"widget-image-caption wp-caption-text\">Meelis S\u00fcldi j\u00f5ulutervitus<\/figcaption>\n\t\t\t\t\t\t\t\t\t\t<\/figure>\n\t\t\t\t\t\t\t\t\t<\/div>\n\t\t\t\t<\/div>\n\t\t\t\t\t<\/div>\n\t\t<\/div>\n\t\t\t\t<div class=\"elementor-column elementor-col-33 elementor-inner-column elementor-element elementor-element-b2a2eb3\" data-id=\"b2a2eb3\" data-element_type=\"column\">\n\t\t\t<div class=\"elementor-widget-wrap elementor-element-populated\">\n\t\t\t\t\t\t\t\t<div class=\"elementor-element elementor-element-c43bfce elementor-widget elementor-widget-image\" data-id=\"c43bfce\" data-element_type=\"widget\" data-widget_type=\"image.default\">\n\t\t\t\t<div class=\"elementor-widget-container\">\n\t\t\t\t\t\t\t\t\t\t\t\t<figure class=\"wp-caption\">\n\t\t\t\t\t\t\t\t\t\t<img loading=\"lazy\" decoding=\"async\" width=\"768\" height=\"1024\" src=\"https:\/\/www.estoniansociety.co.uk\/wp-content\/uploads\/2024\/12\/IMG_4446-768x1024.jpg\" class=\"attachment-large size-large wp-image-8252\" alt=\"\" srcset=\"https:\/\/www.estoniansociety.co.uk\/wp-content\/uploads\/2024\/12\/IMG_4446-768x1024.jpg 768w, https:\/\/www.estoniansociety.co.uk\/wp-content\/uploads\/2024\/12\/IMG_4446-225x300.jpg 225w, https:\/\/www.estoniansociety.co.uk\/wp-content\/uploads\/2024\/12\/IMG_4446-1152x1536.jpg 1152w, https:\/\/www.estoniansociety.co.uk\/wp-content\/uploads\/2024\/12\/IMG_4446-1536x2048.jpg 1536w, https:\/\/www.estoniansociety.co.uk\/wp-content\/uploads\/2024\/12\/IMG_4446-9x12.jpg 9w, https:\/\/www.estoniansociety.co.uk\/wp-content\/uploads\/2024\/12\/IMG_4446-scaled.jpg 1920w\" sizes=\"auto, (max-width: 768px) 100vw, 768px\" \/>\t\t\t\t\t\t\t\t\t\t\t<figcaption class=\"widget-image-caption wp-caption-text\">\u00d5htujuht Ragne Aaviste<\/figcaption>\n\t\t\t\t\t\t\t\t\t\t<\/figure>\n\t\t\t\t\t\t\t\t\t<\/div>\n\t\t\t\t<\/div>\n\t\t\t\t\t<\/div>\n\t\t<\/div>\n\t\t\t\t\t\t\t<\/div>\n\t\t<\/section>\n\t\t\t\t\t<\/div>\n\t\t<\/div>\n\t\t\t\t\t\t\t<\/div>\n\t\t<\/section>\n\t\t\t\t<section class=\"elementor-section elementor-top-section elementor-element elementor-element-b337d3b elementor-section-boxed elementor-section-height-default elementor-section-height-default\" data-id=\"b337d3b\" data-element_type=\"section\">\n\t\t\t\t\t\t<div class=\"elementor-container elementor-column-gap-default\">\n\t\t\t\t\t<div class=\"elementor-column elementor-col-100 elementor-top-column elementor-element elementor-element-5442edf\" data-id=\"5442edf\" data-element_type=\"column\">\n\t\t\t<div class=\"elementor-widget-wrap elementor-element-populated\">\n\t\t\t\t\t\t\t\t<section class=\"elementor-section elementor-inner-section elementor-element elementor-element-2c5a512 elementor-section-boxed elementor-section-height-default elementor-section-height-default\" data-id=\"2c5a512\" data-element_type=\"section\">\n\t\t\t\t\t\t<div class=\"elementor-container elementor-column-gap-default\">\n\t\t\t\t\t<div class=\"elementor-column elementor-col-50 elementor-inner-column elementor-element elementor-element-60ce4a8\" data-id=\"60ce4a8\" data-element_type=\"column\">\n\t\t\t<div class=\"elementor-widget-wrap elementor-element-populated\">\n\t\t\t\t\t\t\t\t<div class=\"elementor-element elementor-element-df9fd8c elementor-widget elementor-widget-image\" data-id=\"df9fd8c\" data-element_type=\"widget\" data-widget_type=\"image.default\">\n\t\t\t\t<div class=\"elementor-widget-container\">\n\t\t\t\t\t\t\t\t\t\t\t\t<figure class=\"wp-caption\">\n\t\t\t\t\t\t\t\t\t\t<img loading=\"lazy\" decoding=\"async\" width=\"768\" height=\"1024\" src=\"https:\/\/www.estoniansociety.co.uk\/wp-content\/uploads\/2024\/12\/IMG_4516-768x1024.jpg\" class=\"attachment-large size-large wp-image-8263\" alt=\"\" srcset=\"https:\/\/www.estoniansociety.co.uk\/wp-content\/uploads\/2024\/12\/IMG_4516-768x1024.jpg 768w, https:\/\/www.estoniansociety.co.uk\/wp-content\/uploads\/2024\/12\/IMG_4516-225x300.jpg 225w, https:\/\/www.estoniansociety.co.uk\/wp-content\/uploads\/2024\/12\/IMG_4516-1152x1536.jpg 1152w, https:\/\/www.estoniansociety.co.uk\/wp-content\/uploads\/2024\/12\/IMG_4516-1536x2048.jpg 1536w, https:\/\/www.estoniansociety.co.uk\/wp-content\/uploads\/2024\/12\/IMG_4516-9x12.jpg 9w, https:\/\/www.estoniansociety.co.uk\/wp-content\/uploads\/2024\/12\/IMG_4516-scaled.jpg 1920w\" sizes=\"auto, (max-width: 768px) 100vw, 768px\" \/>\t\t\t\t\t\t\t\t\t\t\t<figcaption class=\"widget-image-caption wp-caption-text\">J\u00f5uluvana<\/figcaption>\n\t\t\t\t\t\t\t\t\t\t<\/figure>\n\t\t\t\t\t\t\t\t\t<\/div>\n\t\t\t\t<\/div>\n\t\t\t\t\t<\/div>\n\t\t<\/div>\n\t\t\t\t<div class=\"elementor-column elementor-col-50 elementor-inner-column elementor-element elementor-element-f008c98\" data-id=\"f008c98\" data-element_type=\"column\">\n\t\t\t<div class=\"elementor-widget-wrap elementor-element-populated\">\n\t\t\t\t\t\t\t\t<div class=\"elementor-element elementor-element-edfa64e elementor-widget elementor-widget-image\" data-id=\"edfa64e\" data-element_type=\"widget\" data-widget_type=\"image.default\">\n\t\t\t\t<div class=\"elementor-widget-container\">\n\t\t\t\t\t\t\t\t\t\t\t\t<figure class=\"wp-caption\">\n\t\t\t\t\t\t\t\t\t\t<img loading=\"lazy\" decoding=\"async\" width=\"768\" height=\"1024\" src=\"https:\/\/www.estoniansociety.co.uk\/wp-content\/uploads\/2024\/12\/IMG_4471-768x1024.jpg\" class=\"attachment-large size-large wp-image-8257\" alt=\"\" srcset=\"https:\/\/www.estoniansociety.co.uk\/wp-content\/uploads\/2024\/12\/IMG_4471-768x1024.jpg 768w, https:\/\/www.estoniansociety.co.uk\/wp-content\/uploads\/2024\/12\/IMG_4471-225x300.jpg 225w, https:\/\/www.estoniansociety.co.uk\/wp-content\/uploads\/2024\/12\/IMG_4471-1152x1536.jpg 1152w, https:\/\/www.estoniansociety.co.uk\/wp-content\/uploads\/2024\/12\/IMG_4471-1536x2048.jpg 1536w, https:\/\/www.estoniansociety.co.uk\/wp-content\/uploads\/2024\/12\/IMG_4471-9x12.jpg 9w, https:\/\/www.estoniansociety.co.uk\/wp-content\/uploads\/2024\/12\/IMG_4471-scaled.jpg 1920w\" sizes=\"auto, (max-width: 768px) 100vw, 768px\" \/>\t\t\t\t\t\t\t\t\t\t\t<figcaption class=\"widget-image-caption wp-caption-text\">K\u00f6\u00f6gitoimkond<\/figcaption>\n\t\t\t\t\t\t\t\t\t\t<\/figure>\n\t\t\t\t\t\t\t\t\t<\/div>\n\t\t\t\t<\/div>\n\t\t\t\t\t<\/div>\n\t\t<\/div>\n\t\t\t\t\t\t\t<\/div>\n\t\t<\/section>\n\t\t\t\t<section class=\"elementor-section elementor-inner-section elementor-element elementor-element-c4b9a6c elementor-section-boxed elementor-section-height-default elementor-section-height-default\" data-id=\"c4b9a6c\" data-element_type=\"section\">\n\t\t\t\t\t\t<div class=\"elementor-container elementor-column-gap-default\">\n\t\t\t\t\t<div class=\"elementor-column elementor-col-50 elementor-inner-column elementor-element elementor-element-0208fa6\" data-id=\"0208fa6\" data-element_type=\"column\">\n\t\t\t<div class=\"elementor-widget-wrap elementor-element-populated\">\n\t\t\t\t\t\t\t\t<div class=\"elementor-element elementor-element-fdf9827 elementor-widget elementor-widget-image\" data-id=\"fdf9827\" data-element_type=\"widget\" data-widget_type=\"image.default\">\n\t\t\t\t<div class=\"elementor-widget-container\">\n\t\t\t\t\t\t\t\t\t\t\t\t<figure class=\"wp-caption\">\n\t\t\t\t\t\t\t\t\t\t<img loading=\"lazy\" decoding=\"async\" width=\"768\" height=\"1024\" src=\"https:\/\/www.estoniansociety.co.uk\/wp-content\/uploads\/2024\/12\/IMG_4482-768x1024.jpg\" class=\"attachment-large size-large wp-image-8260\" alt=\"\" srcset=\"https:\/\/www.estoniansociety.co.uk\/wp-content\/uploads\/2024\/12\/IMG_4482-768x1024.jpg 768w, https:\/\/www.estoniansociety.co.uk\/wp-content\/uploads\/2024\/12\/IMG_4482-225x300.jpg 225w, https:\/\/www.estoniansociety.co.uk\/wp-content\/uploads\/2024\/12\/IMG_4482-1152x1536.jpg 1152w, https:\/\/www.estoniansociety.co.uk\/wp-content\/uploads\/2024\/12\/IMG_4482-1536x2048.jpg 1536w, https:\/\/www.estoniansociety.co.uk\/wp-content\/uploads\/2024\/12\/IMG_4482-9x12.jpg 9w, https:\/\/www.estoniansociety.co.uk\/wp-content\/uploads\/2024\/12\/IMG_4482-scaled.jpg 1920w\" sizes=\"auto, (max-width: 768px) 100vw, 768px\" \/>\t\t\t\t\t\t\t\t\t\t\t<figcaption class=\"widget-image-caption wp-caption-text\">Annaliisa Asveit<\/figcaption>\n\t\t\t\t\t\t\t\t\t\t<\/figure>\n\t\t\t\t\t\t\t\t\t<\/div>\n\t\t\t\t<\/div>\n\t\t\t\t\t<\/div>\n\t\t<\/div>\n\t\t\t\t<div class=\"elementor-column elementor-col-50 elementor-inner-column elementor-element elementor-element-019b79f\" data-id=\"019b79f\" data-element_type=\"column\">\n\t\t\t<div class=\"elementor-widget-wrap elementor-element-populated\">\n\t\t\t\t\t\t\t\t<div class=\"elementor-element elementor-element-016cc7f elementor-widget elementor-widget-image\" data-id=\"016cc7f\" data-element_type=\"widget\" data-widget_type=\"image.default\">\n\t\t\t\t<div class=\"elementor-widget-container\">\n\t\t\t\t\t\t\t\t\t\t\t\t<figure class=\"wp-caption\">\n\t\t\t\t\t\t\t\t\t\t<img loading=\"lazy\" decoding=\"async\" width=\"768\" height=\"1024\" src=\"https:\/\/www.estoniansociety.co.uk\/wp-content\/uploads\/2024\/12\/IMG_4449-768x1024.jpg\" class=\"attachment-large size-large wp-image-8254\" alt=\"\" srcset=\"https:\/\/www.estoniansociety.co.uk\/wp-content\/uploads\/2024\/12\/IMG_4449-768x1024.jpg 768w, https:\/\/www.estoniansociety.co.uk\/wp-content\/uploads\/2024\/12\/IMG_4449-225x300.jpg 225w, https:\/\/www.estoniansociety.co.uk\/wp-content\/uploads\/2024\/12\/IMG_4449-1152x1536.jpg 1152w, https:\/\/www.estoniansociety.co.uk\/wp-content\/uploads\/2024\/12\/IMG_4449-1536x2048.jpg 1536w, https:\/\/www.estoniansociety.co.uk\/wp-content\/uploads\/2024\/12\/IMG_4449-9x12.jpg 9w, https:\/\/www.estoniansociety.co.uk\/wp-content\/uploads\/2024\/12\/IMG_4449-scaled.jpg 1920w\" sizes=\"auto, (max-width: 768px) 100vw, 768px\" \/>\t\t\t\t\t\t\t\t\t\t\t<figcaption class=\"widget-image-caption wp-caption-text\">Eesti Kooli lapsed<\/figcaption>\n\t\t\t\t\t\t\t\t\t\t<\/figure>\n\t\t\t\t\t\t\t\t\t<\/div>\n\t\t\t\t<\/div>\n\t\t\t\t\t<\/div>\n\t\t<\/div>\n\t\t\t\t\t\t\t<\/div>\n\t\t<\/section>\n\t\t\t\t\t<\/div>\n\t\t<\/div>\n\t\t\t\t\t\t\t<\/div>\n\t\t<\/section>\n\t\t\t\t<section class=\"elementor-section elementor-top-section elementor-element elementor-element-6a368f4 elementor-section-boxed elementor-section-height-default elementor-section-height-default\" data-id=\"6a368f4\" data-element_type=\"section\">\n\t\t\t\t\t\t<div class=\"elementor-container elementor-column-gap-default\">\n\t\t\t\t\t<div class=\"elementor-column elementor-col-100 elementor-top-column elementor-element elementor-element-e05ce01\" data-id=\"e05ce01\" data-element_type=\"column\">\n\t\t\t<div class=\"elementor-widget-wrap elementor-element-populated\">\n\t\t\t\t\t\t\t\t<section class=\"elementor-section elementor-inner-section elementor-element elementor-element-10f6e53 elementor-section-boxed elementor-section-height-default elementor-section-height-default\" data-id=\"10f6e53\" data-element_type=\"section\">\n\t\t\t\t\t\t<div class=\"elementor-container elementor-column-gap-default\">\n\t\t\t\t\t<div class=\"elementor-column elementor-col-33 elementor-inner-column elementor-element elementor-element-3a68079\" data-id=\"3a68079\" data-element_type=\"column\">\n\t\t\t<div class=\"elementor-widget-wrap elementor-element-populated\">\n\t\t\t\t\t\t\t\t<div class=\"elementor-element elementor-element-4d57bac elementor-widget elementor-widget-image\" data-id=\"4d57bac\" data-element_type=\"widget\" data-widget_type=\"image.default\">\n\t\t\t\t<div class=\"elementor-widget-container\">\n\t\t\t\t\t\t\t\t\t\t\t\t\t\t\t<img loading=\"lazy\" decoding=\"async\" width=\"768\" height=\"1024\" src=\"https:\/\/www.estoniansociety.co.uk\/wp-content\/uploads\/2024\/12\/IMG_4502-768x1024.jpg\" class=\"attachment-large size-large wp-image-8261\" alt=\"\" srcset=\"https:\/\/www.estoniansociety.co.uk\/wp-content\/uploads\/2024\/12\/IMG_4502-768x1024.jpg 768w, https:\/\/www.estoniansociety.co.uk\/wp-content\/uploads\/2024\/12\/IMG_4502-225x300.jpg 225w, https:\/\/www.estoniansociety.co.uk\/wp-content\/uploads\/2024\/12\/IMG_4502-1152x1536.jpg 1152w, https:\/\/www.estoniansociety.co.uk\/wp-content\/uploads\/2024\/12\/IMG_4502-1536x2048.jpg 1536w, https:\/\/www.estoniansociety.co.uk\/wp-content\/uploads\/2024\/12\/IMG_4502-9x12.jpg 9w, https:\/\/www.estoniansociety.co.uk\/wp-content\/uploads\/2024\/12\/IMG_4502-scaled.jpg 1920w\" sizes=\"auto, (max-width: 768px) 100vw, 768px\" \/>\t\t\t\t\t\t\t\t\t\t\t\t\t\t\t<\/div>\n\t\t\t\t<\/div>\n\t\t\t\t\t<\/div>\n\t\t<\/div>\n\t\t\t\t<div class=\"elementor-column elementor-col-33 elementor-inner-column elementor-element elementor-element-838e33e\" data-id=\"838e33e\" data-element_type=\"column\">\n\t\t\t<div class=\"elementor-widget-wrap elementor-element-populated\">\n\t\t\t\t\t\t\t\t<div class=\"elementor-element elementor-element-91028ab elementor-widget elementor-widget-image\" data-id=\"91028ab\" data-element_type=\"widget\" data-widget_type=\"image.default\">\n\t\t\t\t<div class=\"elementor-widget-container\">\n\t\t\t\t\t\t\t\t\t\t\t\t\t\t\t<img loading=\"lazy\" decoding=\"async\" width=\"768\" height=\"1024\" src=\"https:\/\/www.estoniansociety.co.uk\/wp-content\/uploads\/2024\/12\/IMG_4512-768x1024.jpg\" class=\"attachment-large size-large wp-image-8262\" alt=\"\" srcset=\"https:\/\/www.estoniansociety.co.uk\/wp-content\/uploads\/2024\/12\/IMG_4512-768x1024.jpg 768w, https:\/\/www.estoniansociety.co.uk\/wp-content\/uploads\/2024\/12\/IMG_4512-225x300.jpg 225w, https:\/\/www.estoniansociety.co.uk\/wp-content\/uploads\/2024\/12\/IMG_4512-1152x1536.jpg 1152w, https:\/\/www.estoniansociety.co.uk\/wp-content\/uploads\/2024\/12\/IMG_4512-1536x2048.jpg 1536w, https:\/\/www.estoniansociety.co.uk\/wp-content\/uploads\/2024\/12\/IMG_4512-9x12.jpg 9w, https:\/\/www.estoniansociety.co.uk\/wp-content\/uploads\/2024\/12\/IMG_4512-scaled.jpg 1920w\" sizes=\"auto, (max-width: 768px) 100vw, 768px\" \/>\t\t\t\t\t\t\t\t\t\t\t\t\t\t\t<\/div>\n\t\t\t\t<\/div>\n\t\t\t\t\t<\/div>\n\t\t<\/div>\n\t\t\t\t<div class=\"elementor-column elementor-col-33 elementor-inner-column elementor-element elementor-element-cfea3db\" data-id=\"cfea3db\" data-element_type=\"column\">\n\t\t\t<div class=\"elementor-widget-wrap elementor-element-populated\">\n\t\t\t\t\t\t\t\t<div class=\"elementor-element elementor-element-ae5cd47 elementor-widget elementor-widget-image\" data-id=\"ae5cd47\" data-element_type=\"widget\" data-widget_type=\"image.default\">\n\t\t\t\t<div class=\"elementor-widget-container\">\n\t\t\t\t\t\t\t\t\t\t\t\t\t\t\t<img loading=\"lazy\" decoding=\"async\" width=\"768\" height=\"1024\" src=\"https:\/\/www.estoniansociety.co.uk\/wp-content\/uploads\/2024\/12\/IMG_4456-768x1024.jpg\" class=\"attachment-large size-large wp-image-8255\" alt=\"\" srcset=\"https:\/\/www.estoniansociety.co.uk\/wp-content\/uploads\/2024\/12\/IMG_4456-768x1024.jpg 768w, https:\/\/www.estoniansociety.co.uk\/wp-content\/uploads\/2024\/12\/IMG_4456-225x300.jpg 225w, https:\/\/www.estoniansociety.co.uk\/wp-content\/uploads\/2024\/12\/IMG_4456-1152x1536.jpg 1152w, https:\/\/www.estoniansociety.co.uk\/wp-content\/uploads\/2024\/12\/IMG_4456-1536x2048.jpg 1536w, https:\/\/www.estoniansociety.co.uk\/wp-content\/uploads\/2024\/12\/IMG_4456-9x12.jpg 9w, https:\/\/www.estoniansociety.co.uk\/wp-content\/uploads\/2024\/12\/IMG_4456-scaled.jpg 1920w\" sizes=\"auto, (max-width: 768px) 100vw, 768px\" \/>\t\t\t\t\t\t\t\t\t\t\t\t\t\t\t<\/div>\n\t\t\t\t<\/div>\n\t\t\t\t\t<\/div>\n\t\t<\/div>\n\t\t\t\t\t\t\t<\/div>\n\t\t<\/section>\n\t\t\t\t\t<\/div>\n\t\t<\/div>\n\t\t\t\t\t\t\t<\/div>\n\t\t<\/section>\n\t\t\t\t<section class=\"elementor-section elementor-top-section elementor-element elementor-element-5136f55 elementor-section-boxed elementor-section-height-default elementor-section-height-default\" data-id=\"5136f55\" data-element_type=\"section\">\n\t\t\t\t\t\t<div class=\"elementor-container elementor-column-gap-default\">\n\t\t\t\t\t<div class=\"elementor-column elementor-col-100 elementor-top-column elementor-element elementor-element-2c98e5c\" data-id=\"2c98e5c\" data-element_type=\"column\">\n\t\t\t<div class=\"elementor-widget-wrap elementor-element-populated\">\n\t\t\t\t\t\t\t\t<section class=\"elementor-section elementor-inner-section elementor-element elementor-element-d6bc879 elementor-section-boxed elementor-section-height-default elementor-section-height-default\" data-id=\"d6bc879\" data-element_type=\"section\">\n\t\t\t\t\t\t<div class=\"elementor-container elementor-column-gap-default\">\n\t\t\t\t\t<div class=\"elementor-column elementor-col-100 elementor-inner-column elementor-element elementor-element-9ae702f\" data-id=\"9ae702f\" data-element_type=\"column\">\n\t\t\t<div class=\"elementor-widget-wrap elementor-element-populated\">\n\t\t\t\t\t\t\t\t<div class=\"elementor-element elementor-element-eda35e5 elementor-widget elementor-widget-image\" data-id=\"eda35e5\" data-element_type=\"widget\" data-widget_type=\"image.default\">\n\t\t\t\t<div class=\"elementor-widget-container\">\n\t\t\t\t\t\t\t\t\t\t\t\t<figure class=\"wp-caption\">\n\t\t\t\t\t\t\t\t\t\t<img loading=\"lazy\" decoding=\"async\" width=\"768\" height=\"1024\" src=\"https:\/\/www.estoniansociety.co.uk\/wp-content\/uploads\/2024\/12\/114eab8d-80d9-4476-b5c9-cd8c9b2a7eb1-768x1024.jpg\" class=\"attachment-large size-large wp-image-8246\" alt=\"\" srcset=\"https:\/\/www.estoniansociety.co.uk\/wp-content\/uploads\/2024\/12\/114eab8d-80d9-4476-b5c9-cd8c9b2a7eb1-768x1024.jpg 768w, https:\/\/www.estoniansociety.co.uk\/wp-content\/uploads\/2024\/12\/114eab8d-80d9-4476-b5c9-cd8c9b2a7eb1-225x300.jpg 225w, https:\/\/www.estoniansociety.co.uk\/wp-content\/uploads\/2024\/12\/114eab8d-80d9-4476-b5c9-cd8c9b2a7eb1-1152x1536.jpg 1152w, https:\/\/www.estoniansociety.co.uk\/wp-content\/uploads\/2024\/12\/114eab8d-80d9-4476-b5c9-cd8c9b2a7eb1-9x12.jpg 9w, https:\/\/www.estoniansociety.co.uk\/wp-content\/uploads\/2024\/12\/114eab8d-80d9-4476-b5c9-cd8c9b2a7eb1.jpg 1536w\" sizes=\"auto, (max-width: 768px) 100vw, 768px\" \/>\t\t\t\t\t\t\t\t\t\t\t<figcaption class=\"widget-image-caption wp-caption-text\">Seltsi juhtkonnaliikmed<\/figcaption>\n\t\t\t\t\t\t\t\t\t\t<\/figure>\n\t\t\t\t\t\t\t\t\t<\/div>\n\t\t\t\t<\/div>\n\t\t\t\t\t<\/div>\n\t\t<\/div>\n\t\t\t\t\t\t\t<\/div>\n\t\t<\/section>\n\t\t\t\t\t<\/div>\n\t\t<\/div>\n\t\t\t\t\t\t\t<\/div>\n\t\t<\/section>\n\t\t\t\t\t\t\t<\/div>","protected":false},"excerpt":{"rendered":"<p>\u00a0 \u00a0 J\u00d5ULUPIDU 2024 \u00a0Soovime seltsiga t\u00e4nada k\u00f5iki k\u00fclalisi, esinejaid, j\u00f5uluvana, toetajaid ja seltsi tiimi. Oli tore koos teiega j\u00f5ule t\u00e4histada Eesti moodi.\u00a0\u00a0Esinesid:\u00a0Annaliisa Anvelt, Eesti Kooli lapsed, klaveril m\u00e4ngis Reet Kromel-Williams.\u00a0J\u00f5ulus\u00f5numi esitas pastor Meelis S\u00fcld, k\u00f5ne pidas ka Eesti Saatkonna asejuht Kati Laus . Kingitusi t\u00f5i ka j\u00f5uluvana otse Lapimaalt.\u00a0 Kati Laus Eesti Saatkonnast Meelis &hellip;<\/p>\n<p class=\"read-more\"> <a class=\"\" href=\"https:\/\/www.estoniansociety.co.uk\/en\/uritused-joulupidu-2024\/\"> <span class=\"screen-reader-text\">\u00dcritused &#8211; J\u00f5ulupidu 2024<\/span> Read More &raquo;<\/a><\/p>","protected":false},"author":3,"featured_media":0,"parent":0,"menu_order":0,"comment_status":"closed","ping_status":"closed","template":"","meta":{"_mi_skip_tracking":false,"footnotes":""},"class_list":["post-8244","page","type-page","status-publish","hentry"],"_links":{"self":[{"href":"https:\/\/www.estoniansociety.co.uk\/en\/wp-json\/wp\/v2\/pages\/8244","targetHints":{"allow":["GET"]}}],"collection":[{"href":"https:\/\/www.estoniansociety.co.uk\/en\/wp-json\/wp\/v2\/pages"}],"about":[{"href":"https:\/\/www.estoniansociety.co.uk\/en\/wp-json\/wp\/v2\/types\/page"}],"author":[{"embeddable":true,"href":"https:\/\/www.estoniansociety.co.uk\/en\/wp-json\/wp\/v2\/users\/3"}],"replies":[{"embeddable":true,"href":"https:\/\/www.estoniansociety.co.uk\/en\/wp-json\/wp\/v2\/comments?post=8244"}],"version-history":[{"count":5,"href":"https:\/\/www.estoniansociety.co.uk\/en\/wp-json\/wp\/v2\/pages\/8244\/revisions"}],"predecessor-version":[{"id":8397,"href":"https:\/\/www.estoniansociety.co.uk\/en\/wp-json\/wp\/v2\/pages\/8244\/revisions\/8397"}],"wp:attachment":[{"href":"https:\/\/www.estoniansociety.co.uk\/en\/wp-json\/wp\/v2\/media?parent=8244"}],"curies":[{"name":"wp","href":"https:\/\/api.w.org\/{rel}","templated":true}]}}