{"id":8117,"date":"2024-03-03T18:17:02","date_gmt":"2024-03-03T18:17:02","guid":{"rendered":"https:\/\/www.estoniansociety.co.uk\/?page_id=8117"},"modified":"2024-03-03T18:36:35","modified_gmt":"2024-03-03T18:36:35","slug":"uritused-joulupidu-2023","status":"publish","type":"page","link":"https:\/\/www.estoniansociety.co.uk\/en\/uritused-joulupidu-2023\/","title":{"rendered":"\u00dcritused &#8211; J\u00f5ulupidu 2023"},"content":{"rendered":"<div data-elementor-type=\"wp-page\" data-elementor-id=\"8117\" class=\"elementor elementor-8117\">\n\t\t\t\t\t\t\t\t\t<section class=\"elementor-section elementor-top-section elementor-element elementor-element-2adf269 elementor-section-boxed elementor-section-height-default elementor-section-height-default\" data-id=\"2adf269\" data-element_type=\"section\">\n\t\t\t\t\t\t<div class=\"elementor-container elementor-column-gap-default\">\n\t\t\t\t\t<div class=\"elementor-column elementor-col-100 elementor-top-column elementor-element elementor-element-b840c56\" data-id=\"b840c56\" data-element_type=\"column\">\n\t\t\t<div class=\"elementor-widget-wrap elementor-element-populated\">\n\t\t\t\t\t\t\t\t<div class=\"elementor-element elementor-element-27cff56 elementor-widget elementor-widget-text-editor\" data-id=\"27cff56\" data-element_type=\"widget\" data-widget_type=\"text-editor.default\">\n\t\t\t\t<div class=\"elementor-widget-container\">\n\t\t\t\t\t\t\t<div>\n<h2 style=\"box-sizing: border-box; border: 0px; font-size: 5rem; font-style: inherit; font-weight: 400; margin: 0px 0px 20px; outline: 0px; padding: 0px; vertical-align: baseline; clear: both; color: #5e5e61; line-height: 1; font-family: Balthazar, serif; text-align: center;\"><span style=\"box-sizing: border-box; color: #47494a;\">&nbsp;<\/span><\/h2>\n<h2 style=\"box-sizing: border-box; border: 0px; font-size: 5rem; font-style: inherit; font-weight: 400; margin: 0px 0px 20px; outline: 0px; padding: 0px; vertical-align: baseline; clear: both; color: #5e5e61; line-height: 1; font-family: Balthazar, serif; text-align: center;\"><span style=\"box-sizing: border-box; color: #47494a;\">&nbsp;<\/span><\/h2>\n<h2 style=\"box-sizing: border-box; border: 0px; font-size: 5rem; font-style: inherit; font-weight: 400; margin: 0px 0px 20px; outline: 0px; padding: 0px; vertical-align: baseline; clear: both; color: #5e5e61; line-height: 1; font-family: Balthazar, serif; text-align: center;\"><span style=\"box-sizing: border-box; color: #47494a;\">J\u00d5ULUPIDU LONDONI EESTI MAJAS 2023<\/span><\/h2>\n<div style=\"font-family: Montserrat, sans-serif; font-size: 14px;\">&nbsp;<\/div>\n<div style=\"font-family: Montserrat, sans-serif; font-size: 14px;\">&nbsp;<span style=\"font-style: inherit; font-weight: inherit;\">Suur t\u00e4nu k\u00fclalistele, esinejatele, j\u00f5uluvanale, toetajatele ja meie supertiimile! K\u00f5ikidele, kes meie j\u00f5ulupeo kordaminekule kaasa aitasid.&nbsp;<\/span><\/div>\n<div style=\"font-family: Montserrat, sans-serif; font-size: 14px;\"><span style=\"font-style: inherit; font-weight: inherit;\">&nbsp;<\/span><\/div>\n<div style=\"font-family: Montserrat, sans-serif; font-size: 14px;\">\n<div>Esinesid:&nbsp;Londoni Eesti Segakoor, klaveril m\u00e4ngis Reet Kromel-Williams ja j\u00f5ululaule esitas Annaliisa Anvelt.&nbsp;<\/div>\n<div>&nbsp;<\/div>\n<div>Reet, Krsitiina ja Annaliisa esitasid j\u00f5uluswingi ning j\u00f5ulus\u00f5numi esitas pastor Meelis S\u00fcld. Kingitusi t\u00f5i ka j\u00f5uluvana.&nbsp;<\/div>\n<div>&nbsp;<\/div>\n<div>\n<p style=\"font-size: 14px;\">\n<\/p><\/div>\n<div>More photos on our <a href=\"https:\/\/www.facebook.com\/londonieestiselts\/posts\/pfbid02jMSBWRL5RdE4KVB4pRacbRwQgcjqHtoev2zLcbdWUNaeK5nQHKwrJr5pDiyBuT1l\">Facebookis.<\/a><\/div>\n<\/div>\n<\/div>\t\t\t\t\t\t<\/div>\n\t\t\t\t<\/div>\n\t\t\t\t\t<\/div>\n\t\t<\/div>\n\t\t\t\t\t\t\t<\/div>\n\t\t<\/section>\n\t\t\t\t<section class=\"elementor-section elementor-top-section elementor-element elementor-element-92df47c elementor-section-boxed elementor-section-height-default elementor-section-height-default\" data-id=\"92df47c\" data-element_type=\"section\">\n\t\t\t\t\t\t<div class=\"elementor-container elementor-column-gap-default\">\n\t\t\t\t\t<div class=\"elementor-column elementor-col-100 elementor-top-column elementor-element elementor-element-0c2f1a7\" data-id=\"0c2f1a7\" data-element_type=\"column\">\n\t\t\t<div class=\"elementor-widget-wrap elementor-element-populated\">\n\t\t\t\t\t\t\t\t<div class=\"elementor-element elementor-element-f3ddc12 elementor-widget elementor-widget-image-gallery\" data-id=\"f3ddc12\" data-element_type=\"widget\" data-widget_type=\"image-gallery.default\">\n\t\t\t\t<div class=\"elementor-widget-container\">\n\t\t\t\t\t<div class=\"elementor-image-gallery\">\n\t\t\t<div id='gallery-1' class='gallery galleryid-8117 gallery-columns-3 gallery-size-medium'><figure class='gallery-item'>\n\t\t\t<div class='gallery-icon landscape'>\n\t\t\t\t<a data-elementor-open-lightbox=\"yes\" data-elementor-lightbox-slideshow=\"f3ddc12\" data-elementor-lightbox-title=\"J\u00f5uluvana\" data-e-action-hash=\"#elementor-action%3Aaction%3Dlightbox%26settings%3DeyJpZCI6ODEyOCwidXJsIjoiaHR0cHM6XC9cL3d3dy5lc3RvbmlhbnNvY2lldHkuY28udWtcL3dwLWNvbnRlbnRcL3VwbG9hZHNcLzIwMjRcLzAzXC80MDY4NTQzNjNfNzYwNDczNTcyNzgyMzI4Xzc3MzA2NDQ3OTEwMzE4MTU3MTFfbi5qcGciLCJzbGlkZXNob3ciOiJmM2RkYzEyIn0%3D\" href='https:\/\/www.estoniansociety.co.uk\/wp-content\/uploads\/2024\/03\/406854363_760473572782328_7730644791031815711_n.jpg'><img loading=\"lazy\" decoding=\"async\" width=\"300\" height=\"250\" src=\"https:\/\/www.estoniansociety.co.uk\/wp-content\/uploads\/2024\/03\/406854363_760473572782328_7730644791031815711_n-300x250.jpg\" class=\"attachment-medium size-medium\" alt=\"\" srcset=\"https:\/\/www.estoniansociety.co.uk\/wp-content\/uploads\/2024\/03\/406854363_760473572782328_7730644791031815711_n-300x250.jpg 300w, https:\/\/www.estoniansociety.co.uk\/wp-content\/uploads\/2024\/03\/406854363_760473572782328_7730644791031815711_n-14x12.jpg 14w, https:\/\/www.estoniansociety.co.uk\/wp-content\/uploads\/2024\/03\/406854363_760473572782328_7730644791031815711_n.jpg 718w\" sizes=\"auto, (max-width: 300px) 100vw, 300px\" \/><\/a>\n\t\t\t<\/div><\/figure><figure class='gallery-item'>\n\t\t\t<div class='gallery-icon landscape'>\n\t\t\t\t<a data-elementor-open-lightbox=\"yes\" data-elementor-lightbox-slideshow=\"f3ddc12\" data-elementor-lightbox-title=\"Koor\" data-e-action-hash=\"#elementor-action%3Aaction%3Dlightbox%26settings%3DeyJpZCI6ODEzMCwidXJsIjoiaHR0cHM6XC9cL3d3dy5lc3RvbmlhbnNvY2lldHkuY28udWtcL3dwLWNvbnRlbnRcL3VwbG9hZHNcLzIwMjRcLzAzXC8zLmpwZyIsInNsaWRlc2hvdyI6ImYzZGRjMTIifQ%3D%3D\" href='https:\/\/www.estoniansociety.co.uk\/wp-content\/uploads\/2024\/03\/3.jpg'><img loading=\"lazy\" decoding=\"async\" width=\"300\" height=\"200\" src=\"https:\/\/www.estoniansociety.co.uk\/wp-content\/uploads\/2024\/03\/3-300x200.jpg\" class=\"attachment-medium size-medium\" alt=\"\" srcset=\"https:\/\/www.estoniansociety.co.uk\/wp-content\/uploads\/2024\/03\/3-300x200.jpg 300w, https:\/\/www.estoniansociety.co.uk\/wp-content\/uploads\/2024\/03\/3-1024x683.jpg 1024w, https:\/\/www.estoniansociety.co.uk\/wp-content\/uploads\/2024\/03\/3-768x512.jpg 768w, https:\/\/www.estoniansociety.co.uk\/wp-content\/uploads\/2024\/03\/3-1536x1024.jpg 1536w, https:\/\/www.estoniansociety.co.uk\/wp-content\/uploads\/2024\/03\/3-18x12.jpg 18w, https:\/\/www.estoniansociety.co.uk\/wp-content\/uploads\/2024\/03\/3.jpg 1920w\" sizes=\"auto, (max-width: 300px) 100vw, 300px\" \/><\/a>\n\t\t\t<\/div><\/figure><figure class='gallery-item'>\n\t\t\t<div class='gallery-icon landscape'>\n\t\t\t\t<a data-elementor-open-lightbox=\"yes\" data-elementor-lightbox-slideshow=\"f3ddc12\" data-elementor-lightbox-title=\"K\u00fcllised\" data-e-action-hash=\"#elementor-action%3Aaction%3Dlightbox%26settings%3DeyJpZCI6ODEyMywidXJsIjoiaHR0cHM6XC9cL3d3dy5lc3RvbmlhbnNvY2lldHkuY28udWtcL3dwLWNvbnRlbnRcL3VwbG9hZHNcLzIwMjRcLzAzXC80MTAyNzQwODVfNzYwNzE4MzUyNzU3ODUwXzQ0NTkyNTgzOTYwMDkwOTA0ODRfbi5qcGciLCJzbGlkZXNob3ciOiJmM2RkYzEyIn0%3D\" href='https:\/\/www.estoniansociety.co.uk\/wp-content\/uploads\/2024\/03\/410274085_760718352757850_4459258396009090484_n.jpg'><img loading=\"lazy\" decoding=\"async\" width=\"300\" height=\"200\" src=\"https:\/\/www.estoniansociety.co.uk\/wp-content\/uploads\/2024\/03\/410274085_760718352757850_4459258396009090484_n-300x200.jpg\" class=\"attachment-medium size-medium\" alt=\"\" srcset=\"https:\/\/www.estoniansociety.co.uk\/wp-content\/uploads\/2024\/03\/410274085_760718352757850_4459258396009090484_n-300x200.jpg 300w, https:\/\/www.estoniansociety.co.uk\/wp-content\/uploads\/2024\/03\/410274085_760718352757850_4459258396009090484_n-1024x682.jpg 1024w, https:\/\/www.estoniansociety.co.uk\/wp-content\/uploads\/2024\/03\/410274085_760718352757850_4459258396009090484_n-768x512.jpg 768w, https:\/\/www.estoniansociety.co.uk\/wp-content\/uploads\/2024\/03\/410274085_760718352757850_4459258396009090484_n-18x12.jpg 18w, https:\/\/www.estoniansociety.co.uk\/wp-content\/uploads\/2024\/03\/410274085_760718352757850_4459258396009090484_n.jpg 1280w\" sizes=\"auto, (max-width: 300px) 100vw, 300px\" \/><\/a>\n\t\t\t<\/div><\/figure><figure class='gallery-item'>\n\t\t\t<div class='gallery-icon landscape'>\n\t\t\t\t<a data-elementor-open-lightbox=\"yes\" data-elementor-lightbox-slideshow=\"f3ddc12\" data-elementor-lightbox-title=\"Kultuurin\u00f5unik Marika Goldman\" data-e-action-hash=\"#elementor-action%3Aaction%3Dlightbox%26settings%3DeyJpZCI6ODEyNCwidXJsIjoiaHR0cHM6XC9cL3d3dy5lc3RvbmlhbnNvY2lldHkuY28udWtcL3dwLWNvbnRlbnRcL3VwbG9hZHNcLzIwMjRcLzAzXC80MTAzMjUzNjVfNzYwNzE3Njc5NDI0NTg0Xzc0ODk3NTM5ODM5OTQxMDIzOTlfbi5qcGciLCJzbGlkZXNob3ciOiJmM2RkYzEyIn0%3D\" href='https:\/\/www.estoniansociety.co.uk\/wp-content\/uploads\/2024\/03\/410325365_760717679424584_7489753983994102399_n.jpg'><img loading=\"lazy\" decoding=\"async\" width=\"300\" height=\"200\" src=\"https:\/\/www.estoniansociety.co.uk\/wp-content\/uploads\/2024\/03\/410325365_760717679424584_7489753983994102399_n-300x200.jpg\" class=\"attachment-medium size-medium\" alt=\"\" srcset=\"https:\/\/www.estoniansociety.co.uk\/wp-content\/uploads\/2024\/03\/410325365_760717679424584_7489753983994102399_n-300x200.jpg 300w, https:\/\/www.estoniansociety.co.uk\/wp-content\/uploads\/2024\/03\/410325365_760717679424584_7489753983994102399_n-1024x683.jpg 1024w, https:\/\/www.estoniansociety.co.uk\/wp-content\/uploads\/2024\/03\/410325365_760717679424584_7489753983994102399_n-768x512.jpg 768w, https:\/\/www.estoniansociety.co.uk\/wp-content\/uploads\/2024\/03\/410325365_760717679424584_7489753983994102399_n-1536x1024.jpg 1536w, https:\/\/www.estoniansociety.co.uk\/wp-content\/uploads\/2024\/03\/410325365_760717679424584_7489753983994102399_n-18x12.jpg 18w, https:\/\/www.estoniansociety.co.uk\/wp-content\/uploads\/2024\/03\/410325365_760717679424584_7489753983994102399_n.jpg 1920w\" sizes=\"auto, (max-width: 300px) 100vw, 300px\" \/><\/a>\n\t\t\t<\/div><\/figure><figure class='gallery-item'>\n\t\t\t<div class='gallery-icon landscape'>\n\t\t\t\t<a data-elementor-open-lightbox=\"yes\" data-elementor-lightbox-slideshow=\"f3ddc12\" data-elementor-lightbox-title=\"K\u00fclalised\" data-e-action-hash=\"#elementor-action%3Aaction%3Dlightbox%26settings%3DeyJpZCI6ODEyNSwidXJsIjoiaHR0cHM6XC9cL3d3dy5lc3RvbmlhbnNvY2lldHkuY28udWtcL3dwLWNvbnRlbnRcL3VwbG9hZHNcLzIwMjRcLzAzXC80MTAzOTE0NjVfNzYwNzE3NTc5NDI0NTk0Xzc1NzgyOTYwNDE0NTQxNjkzOTJfbi5qcGciLCJzbGlkZXNob3ciOiJmM2RkYzEyIn0%3D\" href='https:\/\/www.estoniansociety.co.uk\/wp-content\/uploads\/2024\/03\/410391465_760717579424594_7578296041454169392_n.jpg'><img loading=\"lazy\" decoding=\"async\" width=\"300\" height=\"200\" src=\"https:\/\/www.estoniansociety.co.uk\/wp-content\/uploads\/2024\/03\/410391465_760717579424594_7578296041454169392_n-300x200.jpg\" class=\"attachment-medium size-medium\" alt=\"\" srcset=\"https:\/\/www.estoniansociety.co.uk\/wp-content\/uploads\/2024\/03\/410391465_760717579424594_7578296041454169392_n-300x200.jpg 300w, https:\/\/www.estoniansociety.co.uk\/wp-content\/uploads\/2024\/03\/410391465_760717579424594_7578296041454169392_n-1024x682.jpg 1024w, https:\/\/www.estoniansociety.co.uk\/wp-content\/uploads\/2024\/03\/410391465_760717579424594_7578296041454169392_n-768x512.jpg 768w, https:\/\/www.estoniansociety.co.uk\/wp-content\/uploads\/2024\/03\/410391465_760717579424594_7578296041454169392_n-18x12.jpg 18w, https:\/\/www.estoniansociety.co.uk\/wp-content\/uploads\/2024\/03\/410391465_760717579424594_7578296041454169392_n.jpg 1280w\" sizes=\"auto, (max-width: 300px) 100vw, 300px\" \/><\/a>\n\t\t\t<\/div><\/figure><figure class='gallery-item'>\n\t\t\t<div class='gallery-icon landscape'>\n\t\t\t\t<a data-elementor-open-lightbox=\"yes\" data-elementor-lightbox-slideshow=\"f3ddc12\" data-elementor-lightbox-title=\"Prae ettevalmistus\" data-e-action-hash=\"#elementor-action%3Aaction%3Dlightbox%26settings%3DeyJpZCI6ODEyNiwidXJsIjoiaHR0cHM6XC9cL3d3dy5lc3RvbmlhbnNvY2lldHkuY28udWtcL3dwLWNvbnRlbnRcL3VwbG9hZHNcLzIwMjRcLzAzXC80MTA0Nzg1MjdfNzYwNzE3MjgyNzU3OTU3XzI4MzY2NDY3NTUxOTk0Mjc4NDRfbi5qcGciLCJzbGlkZXNob3ciOiJmM2RkYzEyIn0%3D\" href='https:\/\/www.estoniansociety.co.uk\/wp-content\/uploads\/2024\/03\/410478527_760717282757957_2836646755199427844_n.jpg'><img loading=\"lazy\" decoding=\"async\" width=\"300\" height=\"218\" src=\"https:\/\/www.estoniansociety.co.uk\/wp-content\/uploads\/2024\/03\/410478527_760717282757957_2836646755199427844_n-300x218.jpg\" class=\"attachment-medium size-medium\" alt=\"\" srcset=\"https:\/\/www.estoniansociety.co.uk\/wp-content\/uploads\/2024\/03\/410478527_760717282757957_2836646755199427844_n-300x218.jpg 300w, https:\/\/www.estoniansociety.co.uk\/wp-content\/uploads\/2024\/03\/410478527_760717282757957_2836646755199427844_n-1024x742.jpg 1024w, https:\/\/www.estoniansociety.co.uk\/wp-content\/uploads\/2024\/03\/410478527_760717282757957_2836646755199427844_n-768x557.jpg 768w, https:\/\/www.estoniansociety.co.uk\/wp-content\/uploads\/2024\/03\/410478527_760717282757957_2836646755199427844_n-1536x1114.jpg 1536w, https:\/\/www.estoniansociety.co.uk\/wp-content\/uploads\/2024\/03\/410478527_760717282757957_2836646755199427844_n-18x12.jpg 18w, https:\/\/www.estoniansociety.co.uk\/wp-content\/uploads\/2024\/03\/410478527_760717282757957_2836646755199427844_n.jpg 1920w\" sizes=\"auto, (max-width: 300px) 100vw, 300px\" \/><\/a>\n\t\t\t<\/div><\/figure><figure class='gallery-item'>\n\t\t\t<div class='gallery-icon portrait'>\n\t\t\t\t<a data-elementor-open-lightbox=\"yes\" data-elementor-lightbox-slideshow=\"f3ddc12\" data-elementor-lightbox-title=\"J\u00f5ulupraad\" data-e-action-hash=\"#elementor-action%3Aaction%3Dlightbox%26settings%3DeyJpZCI6ODEyOSwidXJsIjoiaHR0cHM6XC9cL3d3dy5lc3RvbmlhbnNvY2lldHkuY28udWtcL3dwLWNvbnRlbnRcL3VwbG9hZHNcLzIwMjRcLzAzXC91bm5hbWVkLXNjYWxlZC5qcGciLCJzbGlkZXNob3ciOiJmM2RkYzEyIn0%3D\" href='https:\/\/www.estoniansociety.co.uk\/wp-content\/uploads\/2024\/03\/unnamed-scaled.jpg'><img loading=\"lazy\" decoding=\"async\" width=\"225\" height=\"300\" src=\"https:\/\/www.estoniansociety.co.uk\/wp-content\/uploads\/2024\/03\/unnamed-225x300.jpg\" class=\"attachment-medium size-medium\" alt=\"\" srcset=\"https:\/\/www.estoniansociety.co.uk\/wp-content\/uploads\/2024\/03\/unnamed-225x300.jpg 225w, https:\/\/www.estoniansociety.co.uk\/wp-content\/uploads\/2024\/03\/unnamed-768x1024.jpg 768w, https:\/\/www.estoniansociety.co.uk\/wp-content\/uploads\/2024\/03\/unnamed-1152x1536.jpg 1152w, https:\/\/www.estoniansociety.co.uk\/wp-content\/uploads\/2024\/03\/unnamed-1536x2048.jpg 1536w, https:\/\/www.estoniansociety.co.uk\/wp-content\/uploads\/2024\/03\/unnamed-9x12.jpg 9w, https:\/\/www.estoniansociety.co.uk\/wp-content\/uploads\/2024\/03\/unnamed-scaled.jpg 1920w\" sizes=\"auto, (max-width: 225px) 100vw, 225px\" \/><\/a>\n\t\t\t<\/div><\/figure><figure class='gallery-item'>\n\t\t\t<div class='gallery-icon landscape'>\n\t\t\t\t<a data-elementor-open-lightbox=\"yes\" data-elementor-lightbox-slideshow=\"f3ddc12\" data-elementor-lightbox-title=\"Seltsi liikmed j\u00f5uluvanaga\" data-e-action-hash=\"#elementor-action%3Aaction%3Dlightbox%26settings%3DeyJpZCI6ODEyMiwidXJsIjoiaHR0cHM6XC9cL3d3dy5lc3RvbmlhbnNvY2lldHkuY28udWtcL3dwLWNvbnRlbnRcL3VwbG9hZHNcLzIwMjRcLzAzXC80MTAzNDYyMDNfNzYwNzIyMjU2MDkwNzkzXzg4Mzc0ODEyMTA1MTgyMzIxODFfbi5qcGciLCJzbGlkZXNob3ciOiJmM2RkYzEyIn0%3D\" href='https:\/\/www.estoniansociety.co.uk\/wp-content\/uploads\/2024\/03\/410346203_760722256090793_8837481210518232181_n.jpg'><img loading=\"lazy\" decoding=\"async\" width=\"300\" height=\"200\" src=\"https:\/\/www.estoniansociety.co.uk\/wp-content\/uploads\/2024\/03\/410346203_760722256090793_8837481210518232181_n-300x200.jpg\" class=\"attachment-medium size-medium\" alt=\"\" srcset=\"https:\/\/www.estoniansociety.co.uk\/wp-content\/uploads\/2024\/03\/410346203_760722256090793_8837481210518232181_n-300x200.jpg 300w, https:\/\/www.estoniansociety.co.uk\/wp-content\/uploads\/2024\/03\/410346203_760722256090793_8837481210518232181_n-1024x682.jpg 1024w, https:\/\/www.estoniansociety.co.uk\/wp-content\/uploads\/2024\/03\/410346203_760722256090793_8837481210518232181_n-768x512.jpg 768w, https:\/\/www.estoniansociety.co.uk\/wp-content\/uploads\/2024\/03\/410346203_760722256090793_8837481210518232181_n-18x12.jpg 18w, https:\/\/www.estoniansociety.co.uk\/wp-content\/uploads\/2024\/03\/410346203_760722256090793_8837481210518232181_n.jpg 1280w\" sizes=\"auto, (max-width: 300px) 100vw, 300px\" \/><\/a>\n\t\t\t<\/div><\/figure><figure class='gallery-item'>\n\t\t\t<div class='gallery-icon landscape'>\n\t\t\t\t<a data-elementor-open-lightbox=\"yes\" data-elementor-lightbox-slideshow=\"f3ddc12\" data-elementor-lightbox-title=\"J\u00f5ulud 2023\" data-e-action-hash=\"#elementor-action%3Aaction%3Dlightbox%26settings%3DeyJpZCI6ODEzMSwidXJsIjoiaHR0cHM6XC9cL3d3dy5lc3RvbmlhbnNvY2lldHkuY28udWtcL3dwLWNvbnRlbnRcL3VwbG9hZHNcLzIwMjRcLzAzXC8yLmpwZyIsInNsaWRlc2hvdyI6ImYzZGRjMTIifQ%3D%3D\" href='https:\/\/www.estoniansociety.co.uk\/wp-content\/uploads\/2024\/03\/2.jpg'><img loading=\"lazy\" decoding=\"async\" width=\"300\" height=\"200\" src=\"https:\/\/www.estoniansociety.co.uk\/wp-content\/uploads\/2024\/03\/2-300x200.jpg\" class=\"attachment-medium size-medium\" alt=\"\" srcset=\"https:\/\/www.estoniansociety.co.uk\/wp-content\/uploads\/2024\/03\/2-300x200.jpg 300w, https:\/\/www.estoniansociety.co.uk\/wp-content\/uploads\/2024\/03\/2-1024x683.jpg 1024w, https:\/\/www.estoniansociety.co.uk\/wp-content\/uploads\/2024\/03\/2-768x512.jpg 768w, https:\/\/www.estoniansociety.co.uk\/wp-content\/uploads\/2024\/03\/2-1536x1024.jpg 1536w, https:\/\/www.estoniansociety.co.uk\/wp-content\/uploads\/2024\/03\/2-18x12.jpg 18w, https:\/\/www.estoniansociety.co.uk\/wp-content\/uploads\/2024\/03\/2.jpg 1920w\" sizes=\"auto, (max-width: 300px) 100vw, 300px\" \/><\/a>\n\t\t\t<\/div><\/figure>\n\t\t<\/div>\n\t\t<\/div>\n\t\t\t\t<\/div>\n\t\t\t\t<\/div>\n\t\t\t\t\t<\/div>\n\t\t<\/div>\n\t\t\t\t\t\t\t<\/div>\n\t\t<\/section>\n\t\t\t\t\t\t\t<\/div>","protected":false},"excerpt":{"rendered":"<p>&nbsp; &nbsp; J\u00d5ULUPIDU LONDONI EESTI MAJAS 2023 &nbsp; &nbsp;Suur t\u00e4nu k\u00fclalistele, esinejatele, j\u00f5uluvanale, toetajatele ja meie supertiimile! K\u00f5ikidele, kes meie j\u00f5ulupeo kordaminekule kaasa aitasid.&nbsp; &nbsp; Esinesid:&nbsp;Londoni Eesti Segakoor, klaveril m\u00e4ngis Reet Kromel-Williams ja j\u00f5ululaule esitas Annaliisa Anvelt.&nbsp; &nbsp; Reet, Krsitiina ja Annaliisa esitasid j\u00f5uluswingi ning j\u00f5ulus\u00f5numi esitas pastor Meelis S\u00fcld. Kingitusi t\u00f5i ka j\u00f5uluvana.&nbsp; &nbsp; &hellip;<\/p>\n<p class=\"read-more\"> <a class=\"\" href=\"https:\/\/www.estoniansociety.co.uk\/en\/uritused-joulupidu-2023\/\"> <span class=\"screen-reader-text\">\u00dcritused &#8211; J\u00f5ulupidu 2023<\/span> Read More &raquo;<\/a><\/p>","protected":false},"author":3,"featured_media":0,"parent":0,"menu_order":0,"comment_status":"closed","ping_status":"closed","template":"","meta":{"_mi_skip_tracking":false,"footnotes":""},"class_list":["post-8117","page","type-page","status-publish","hentry"],"_links":{"self":[{"href":"https:\/\/www.estoniansociety.co.uk\/en\/wp-json\/wp\/v2\/pages\/8117","targetHints":{"allow":["GET"]}}],"collection":[{"href":"https:\/\/www.estoniansociety.co.uk\/en\/wp-json\/wp\/v2\/pages"}],"about":[{"href":"https:\/\/www.estoniansociety.co.uk\/en\/wp-json\/wp\/v2\/types\/page"}],"author":[{"embeddable":true,"href":"https:\/\/www.estoniansociety.co.uk\/en\/wp-json\/wp\/v2\/users\/3"}],"replies":[{"embeddable":true,"href":"https:\/\/www.estoniansociety.co.uk\/en\/wp-json\/wp\/v2\/comments?post=8117"}],"version-history":[{"count":5,"href":"https:\/\/www.estoniansociety.co.uk\/en\/wp-json\/wp\/v2\/pages\/8117\/revisions"}],"predecessor-version":[{"id":8245,"href":"https:\/\/www.estoniansociety.co.uk\/en\/wp-json\/wp\/v2\/pages\/8117\/revisions\/8245"}],"wp:attachment":[{"href":"https:\/\/www.estoniansociety.co.uk\/en\/wp-json\/wp\/v2\/media?parent=8117"}],"curies":[{"name":"wp","href":"https:\/\/api.w.org\/{rel}","templated":true}]}}