{"id":8066,"date":"2024-02-13T18:34:18","date_gmt":"2024-02-13T18:34:18","guid":{"rendered":"https:\/\/www.estoniansociety.co.uk\/?page_id=8066"},"modified":"2024-02-13T19:00:39","modified_gmt":"2024-02-13T19:00:39","slug":"uudised-ev106","status":"publish","type":"page","link":"https:\/\/www.estoniansociety.co.uk\/en\/uudised-ev106\/","title":{"rendered":"Uudised &#8211; EV106"},"content":{"rendered":"<div data-elementor-type=\"wp-page\" data-elementor-id=\"8066\" class=\"elementor elementor-8066\">\n\t\t\t\t\t\t\t\t\t<section class=\"elementor-section elementor-top-section elementor-element elementor-element-e79aad5 elementor-section-boxed elementor-section-height-default elementor-section-height-default\" data-id=\"e79aad5\" data-element_type=\"section\">\n\t\t\t\t\t\t<div class=\"elementor-container elementor-column-gap-default\">\n\t\t\t\t\t<div class=\"elementor-column elementor-col-100 elementor-top-column elementor-element elementor-element-aba9274\" data-id=\"aba9274\" data-element_type=\"column\">\n\t\t\t<div class=\"elementor-widget-wrap elementor-element-populated\">\n\t\t\t\t\t\t\t\t<div class=\"elementor-element elementor-element-372fd2a elementor-widget elementor-widget-heading\" data-id=\"372fd2a\" data-element_type=\"widget\" data-widget_type=\"heading.default\">\n\t\t\t\t<div class=\"elementor-widget-container\">\n\t\t\t<h2 class=\"elementor-heading-title elementor-size-default\"><br><br><br>ESTONIA 106 CHURCH CONCERT<\/h2>\t\t<\/div>\n\t\t\t\t<\/div>\n\t\t\t\t\t<\/div>\n\t\t<\/div>\n\t\t\t\t\t\t\t<\/div>\n\t\t<\/section>\n\t\t\t\t<section class=\"elementor-section elementor-top-section elementor-element elementor-element-a120475 elementor-section-boxed elementor-section-height-default elementor-section-height-default\" data-id=\"a120475\" data-element_type=\"section\">\n\t\t\t\t\t\t<div class=\"elementor-container elementor-column-gap-default\">\n\t\t\t\t\t<div class=\"elementor-column elementor-col-100 elementor-top-column elementor-element elementor-element-8dd1682\" data-id=\"8dd1682\" data-element_type=\"column\">\n\t\t\t<div class=\"elementor-widget-wrap elementor-element-populated\">\n\t\t\t\t\t\t\t\t<div class=\"elementor-element elementor-element-6f868fe elementor-widget elementor-widget-image\" data-id=\"6f868fe\" data-element_type=\"widget\" data-widget_type=\"image.default\">\n\t\t\t\t<div class=\"elementor-widget-container\">\n\t\t\t\t\t\t\t\t\t\t\t\t\t\t\t<img loading=\"lazy\" decoding=\"async\" width=\"974\" height=\"550\" src=\"https:\/\/www.estoniansociety.co.uk\/wp-content\/uploads\/2024\/02\/422299924_787859980043687_4211289710646200575_n-1.jpg\" class=\"attachment-large size-large wp-image-8057\" alt=\"\" srcset=\"https:\/\/www.estoniansociety.co.uk\/wp-content\/uploads\/2024\/02\/422299924_787859980043687_4211289710646200575_n-1.jpg 974w, https:\/\/www.estoniansociety.co.uk\/wp-content\/uploads\/2024\/02\/422299924_787859980043687_4211289710646200575_n-1-300x169.jpg 300w, https:\/\/www.estoniansociety.co.uk\/wp-content\/uploads\/2024\/02\/422299924_787859980043687_4211289710646200575_n-1-768x434.jpg 768w, https:\/\/www.estoniansociety.co.uk\/wp-content\/uploads\/2024\/02\/422299924_787859980043687_4211289710646200575_n-1-18x10.jpg 18w\" sizes=\"auto, (max-width: 974px) 100vw, 974px\" \/>\t\t\t\t\t\t\t\t\t\t\t\t\t\t\t<\/div>\n\t\t\t\t<\/div>\n\t\t\t\t<div class=\"elementor-element elementor-element-17af0b6 elementor-widget elementor-widget-text-editor\" data-id=\"17af0b6\" data-element_type=\"widget\" data-widget_type=\"text-editor.default\">\n\t\t\t\t<div class=\"elementor-widget-container\">\n\t\t\t\t\t\t\t<div class=\"xdj266r x11i5rnm xat24cr x1mh8g0r x1vvkbs\">\n<p><strong>Londoni Eesti Selts kutsub t\u00e4histama EV106 aastap\u00e4eva,<\/strong> St Anne\u2019s Lutheran Church (St Mary-at-Hill Church), Lovat Lane , London EC3R 8EE<br>24. veebruaril 2024 kell 15.00<\/p>\n<p><span style=\"font-size: 16px;\">ESINEVAD:<\/span><\/p>\n<\/div>\n<p>Londoni Eesti Segakoor<br>Eesti Kooli lapsed<br>Annaliisa Asveit<br>Laura P\u00e4hkel fl\u00f6\u00f6dil<br>Palves\u00f5na edastab pastor Lagle Heinla<br>Eesti Suursaatkond Londonis tervitusk\u00f5ne<\/p><p><br><\/p>\n<p>Ticket includes:<br>Tervitusjook<br>Traditsiooniliste eesti suupistetga k\u00fclmalaud. Kartulisalat, kiluv\u00f5ileivad. Pidup\u00e4eva kook.<\/p>\n<div class=\"x11i5rnm xat24cr x1mh8g0r x1vvkbs xtlvy1s\">Osav\u00f5tutasu: \u00a315 t\u00e4iskasvanu<br>Kids 11-16y \u00a35<br>Kids under 10 go free<br>Elderly \u00a310<\/div>\n<div class=\"x11i5rnm xat24cr x1mh8g0r x1vvkbs xtlvy1s\">&nbsp;<\/div>\n<div class=\"x11i5rnm xat24cr x1mh8g0r x1vvkbs xtlvy1s\">Tee \u00fclekanne LES kontole m\u00e4rgus\u00f5naga EV106<br>Transfer includes two parts:<br>1. \u00dcLEKANNE : Natwest konto nr 68652704 kood 60-15-33 Adressaat: Estonian Society in London (kuna kogu nimi ei mahu reale \u00e4ra, siis kirjutage palju mahub)<br>2. CONFIRMATION: Please send an email to info@estoniansociety.co.uk with the payer's name and amount. Mark the names of attendees. NB! Last payment to be includes is on 3. December 2025.<br>NB! Viimane panga\u00fclekanne, mida arvestame palun tee hiljemalt 23. veebruaril.<\/div>\n<div>&nbsp;<\/div>\n<div class=\"x11i5rnm xat24cr x1mh8g0r x1vvkbs xtlvy1s\">V\u00f5i osta piletid eelm\u00fc\u00fcgist l\u00e4bi <a href=\"https:\/\/www.eventbrite.co.uk\/e\/estonian-independents-dayeesti-vabariigi-106aastapaev-tickets-809017712757?fbclid=IwAR3EYTz9i_hPezMA63-RoHSgQ0rzLEnbsdHbZXDBHbJQybNtQFDZ6uDd_Wo\">Eventbrite makses\u00fcsteemi!<\/a> (lisandub teenustasu).<br>L\u00e4bi Eventbrite makses\u00fcsteemi on v\u00f5imalik pileteid osta kuni 23. veebruar kella 18.00-ni.<\/div>\n<div class=\"x11i5rnm xat24cr x1mh8g0r x1vvkbs xtlvy1s\">OSAV\u00d5TT ainult piletiga v\u00f5i eelregistreerimise alusel.<\/div>\n<div class=\"x11i5rnm xat24cr x1mh8g0r x1vvkbs xtlvy1s\">MEIE TOETAJAD: ESTOLINK, Eesti Suursaatkond Londonis.<\/div>\n<div>&nbsp;<\/div>\n<div class=\"x11i5rnm xat24cr x1mh8g0r x1vvkbs xtlvy1s\">PS! Selle peo toob teieni Londoni Eesti Seltsi vabatahtlike meeskond. Kui soovid meie tegemistega \u00fchineda, siis palun v\u00f5ta \u00fchendust info@estoniansociety.co.uk<\/div>\n<div class=\"x11i5rnm xat24cr x1mh8g0r x1vvkbs xtlvy1s\">*Piletiostuga toetad Londoni Eesti Seltsi tegevust ja j\u00e4tkusuutlikust Londonis<\/div>\t\t\t\t\t\t<\/div>\n\t\t\t\t<\/div>\n\t\t\t\t\t<\/div>\n\t\t<\/div>\n\t\t\t\t\t\t\t<\/div>\n\t\t<\/section>\n\t\t\t\t\t\t\t<\/div>","protected":false},"excerpt":{"rendered":"<p>EV106 AASTAP\u00c4EVALE P\u00dcHENDATUD JUMALATEENISTUS Londoni Eesti Selts kutsub t\u00e4histama EV106 aastap\u00e4eva, St Anne\u2019s Lutheran Church (St Mary-at-Hill Church), Lovat Lane , London EC3R 8EE24. veebruaril 2024 kell 15.00 ESINEVAD: Londoni Eesti SegakoorEesti Kooli lapsedAnnaliisa AsveitLaura P\u00e4hkel fl\u00f6\u00f6dilPalves\u00f5na edastab pastor Lagle HeinlaEesti Suursaatkond Londonis tervitusk\u00f5ne Pileti hinna sees:TervitusjookTraditsiooniliste eesti suupistetga k\u00fclmalaud. Kartulisalat, kiluv\u00f5ileivad. Pidup\u00e4eva kook. Osav\u00f5tutasu: &hellip;<\/p>\n<p class=\"read-more\"> <a class=\"\" href=\"https:\/\/www.estoniansociety.co.uk\/en\/uudised-ev106\/\"> <span class=\"screen-reader-text\">Uudised &#8211; EV106<\/span> Read More &raquo;<\/a><\/p>","protected":false},"author":3,"featured_media":0,"parent":0,"menu_order":0,"comment_status":"closed","ping_status":"closed","template":"","meta":{"_mi_skip_tracking":false,"footnotes":""},"class_list":["post-8066","page","type-page","status-publish","hentry"],"_links":{"self":[{"href":"https:\/\/www.estoniansociety.co.uk\/en\/wp-json\/wp\/v2\/pages\/8066","targetHints":{"allow":["GET"]}}],"collection":[{"href":"https:\/\/www.estoniansociety.co.uk\/en\/wp-json\/wp\/v2\/pages"}],"about":[{"href":"https:\/\/www.estoniansociety.co.uk\/en\/wp-json\/wp\/v2\/types\/page"}],"author":[{"embeddable":true,"href":"https:\/\/www.estoniansociety.co.uk\/en\/wp-json\/wp\/v2\/users\/3"}],"replies":[{"embeddable":true,"href":"https:\/\/www.estoniansociety.co.uk\/en\/wp-json\/wp\/v2\/comments?post=8066"}],"version-history":[{"count":5,"href":"https:\/\/www.estoniansociety.co.uk\/en\/wp-json\/wp\/v2\/pages\/8066\/revisions"}],"predecessor-version":[{"id":8287,"href":"https:\/\/www.estoniansociety.co.uk\/en\/wp-json\/wp\/v2\/pages\/8066\/revisions\/8287"}],"wp:attachment":[{"href":"https:\/\/www.estoniansociety.co.uk\/en\/wp-json\/wp\/v2\/media?parent=8066"}],"curies":[{"name":"wp","href":"https:\/\/api.w.org\/{rel}","templated":true}]}}