{"id":8028,"date":"2023-11-19T13:11:51","date_gmt":"2023-11-19T13:11:51","guid":{"rendered":"https:\/\/www.estoniansociety.co.uk\/?page_id=8028"},"modified":"2023-11-19T13:21:48","modified_gmt":"2023-11-19T13:21:48","slug":"uudised-joulupidu","status":"publish","type":"page","link":"https:\/\/www.estoniansociety.co.uk\/en\/uudised-joulupidu\/","title":{"rendered":"Uudised &#8211; J\u00f5ulupidu"},"content":{"rendered":"<div data-elementor-type=\"wp-page\" data-elementor-id=\"8028\" class=\"elementor elementor-8028\">\n\t\t\t\t\t\t\t\t\t<section class=\"elementor-section elementor-top-section elementor-element elementor-element-be28fbb elementor-section-boxed elementor-section-height-default elementor-section-height-default\" data-id=\"be28fbb\" data-element_type=\"section\">\n\t\t\t\t\t\t<div class=\"elementor-container elementor-column-gap-default\">\n\t\t\t\t\t<div class=\"elementor-column elementor-col-100 elementor-top-column elementor-element elementor-element-4327a38\" data-id=\"4327a38\" data-element_type=\"column\">\n\t\t\t<div class=\"elementor-widget-wrap elementor-element-populated\">\n\t\t\t\t\t\t\t\t<section class=\"elementor-section elementor-inner-section elementor-element elementor-element-520ec17 elementor-section-boxed elementor-section-height-default elementor-section-height-default\" data-id=\"520ec17\" data-element_type=\"section\">\n\t\t\t\t\t\t<div class=\"elementor-container elementor-column-gap-default\">\n\t\t\t\t\t<div class=\"elementor-column elementor-col-50 elementor-inner-column elementor-element elementor-element-1ba6adc\" data-id=\"1ba6adc\" data-element_type=\"column\">\n\t\t\t<div class=\"elementor-widget-wrap\">\n\t\t\t\t\t\t\t\t\t<\/div>\n\t\t<\/div>\n\t\t\t\t<div class=\"elementor-column elementor-col-50 elementor-inner-column elementor-element elementor-element-53c4c3c\" data-id=\"53c4c3c\" data-element_type=\"column\">\n\t\t\t<div class=\"elementor-widget-wrap\">\n\t\t\t\t\t\t\t\t\t<\/div>\n\t\t<\/div>\n\t\t\t\t\t\t\t<\/div>\n\t\t<\/section>\n\t\t\t\t\t<\/div>\n\t\t<\/div>\n\t\t\t\t\t\t\t<\/div>\n\t\t<\/section>\n\t\t\t\t<section class=\"elementor-section elementor-top-section elementor-element elementor-element-462f700 elementor-section-boxed elementor-section-height-default elementor-section-height-default\" data-id=\"462f700\" data-element_type=\"section\">\n\t\t\t\t\t\t<div class=\"elementor-container elementor-column-gap-default\">\n\t\t\t\t\t<div class=\"elementor-column elementor-col-100 elementor-top-column elementor-element elementor-element-3cf446d\" data-id=\"3cf446d\" data-element_type=\"column\">\n\t\t\t<div class=\"elementor-widget-wrap elementor-element-populated\">\n\t\t\t\t\t\t\t\t<div class=\"elementor-element elementor-element-d835c5a elementor-widget elementor-widget-text-editor\" data-id=\"d835c5a\" data-element_type=\"widget\" data-widget_type=\"text-editor.default\">\n\t\t\t\t<div class=\"elementor-widget-container\">\n\t\t\t\t\t\t\t<div><h1>\u00a0<\/h1><hr \/><h1>\u00a0<\/h1><h2 style=\"text-align: center;\"><span style=\"color: #47494a;\">J\u00d5ULUPIDU LONDONI EESTI MAJAS 2023<\/span><\/h2><p style=\"text-align: right;\"><span style=\"color: #47494a;\"><em>\u00a0 \u00a0 \u00a0\u00a0<\/em><\/span><span style=\"font-size: 1rem;\">\u00a0<\/span><\/p><\/div><div><div class=\"xdj266r x11i5rnm xat24cr x1mh8g0r x1vvkbs\">\u00a0<\/div><\/div>\t\t\t\t\t\t<\/div>\n\t\t\t\t<\/div>\n\t\t\t\t\t<\/div>\n\t\t<\/div>\n\t\t\t\t\t\t\t<\/div>\n\t\t<\/section>\n\t\t\t\t<section class=\"elementor-section elementor-top-section elementor-element elementor-element-612c768 elementor-section-boxed elementor-section-height-default elementor-section-height-default\" data-id=\"612c768\" data-element_type=\"section\">\n\t\t\t\t\t\t<div class=\"elementor-container elementor-column-gap-default\">\n\t\t\t\t\t<div class=\"elementor-column elementor-col-100 elementor-top-column elementor-element elementor-element-5398ac1\" data-id=\"5398ac1\" data-element_type=\"column\">\n\t\t\t<div class=\"elementor-widget-wrap elementor-element-populated\">\n\t\t\t\t\t\t\t\t<div class=\"elementor-element elementor-element-cdd62cc elementor-widget elementor-widget-text-editor\" data-id=\"cdd62cc\" data-element_type=\"widget\" data-widget_type=\"text-editor.default\">\n\t\t\t\t<div class=\"elementor-widget-container\">\n\t\t\t\t\t\t\t<p><img loading=\"lazy\" decoding=\"async\" class=\"aligncenter size-large wp-image-8029\" src=\"https:\/\/www.estoniansociety.co.uk\/wp-content\/uploads\/2023\/11\/Blue-Illustration-Stars-Merry-Christmas-Facebook-Cover-1-1024x577.png\" alt=\"\" width=\"1024\" height=\"577\" srcset=\"https:\/\/www.estoniansociety.co.uk\/wp-content\/uploads\/2023\/11\/Blue-Illustration-Stars-Merry-Christmas-Facebook-Cover-1-1024x577.png 1024w, https:\/\/www.estoniansociety.co.uk\/wp-content\/uploads\/2023\/11\/Blue-Illustration-Stars-Merry-Christmas-Facebook-Cover-1-300x169.png 300w, https:\/\/www.estoniansociety.co.uk\/wp-content\/uploads\/2023\/11\/Blue-Illustration-Stars-Merry-Christmas-Facebook-Cover-1-768x433.png 768w, https:\/\/www.estoniansociety.co.uk\/wp-content\/uploads\/2023\/11\/Blue-Illustration-Stars-Merry-Christmas-Facebook-Cover-1-1536x865.png 1536w, https:\/\/www.estoniansociety.co.uk\/wp-content\/uploads\/2023\/11\/Blue-Illustration-Stars-Merry-Christmas-Facebook-Cover-1-18x10.png 18w, https:\/\/www.estoniansociety.co.uk\/wp-content\/uploads\/2023\/11\/Blue-Illustration-Stars-Merry-Christmas-Facebook-Cover-1.png 1640w\" sizes=\"auto, (max-width: 1024px) 100vw, 1024px\" \/><\/p>\t\t\t\t\t\t<\/div>\n\t\t\t\t<\/div>\n\t\t\t\t\t<\/div>\n\t\t<\/div>\n\t\t\t\t\t\t\t<\/div>\n\t\t<\/section>\n\t\t\t\t<section class=\"elementor-section elementor-top-section elementor-element elementor-element-c746900 elementor-section-boxed elementor-section-height-default elementor-section-height-default\" data-id=\"c746900\" data-element_type=\"section\">\n\t\t\t\t\t\t<div class=\"elementor-container elementor-column-gap-default\">\n\t\t\t\t\t<div class=\"elementor-column elementor-col-100 elementor-top-column elementor-element elementor-element-331bec6\" data-id=\"331bec6\" data-element_type=\"column\">\n\t\t\t<div class=\"elementor-widget-wrap elementor-element-populated\">\n\t\t\t\t\t\t\t\t<div class=\"elementor-element elementor-element-c20cafb elementor-widget elementor-widget-text-editor\" data-id=\"c20cafb\" data-element_type=\"widget\" data-widget_type=\"text-editor.default\">\n\t\t\t\t<div class=\"elementor-widget-container\">\n\t\t\t\t\t\t\t<div>\n<div class=\"xdj266r x11i5rnm xat24cr x1mh8g0r x1vvkbs\">KUTSUME TEID J\u00d5ULUPEOLE <strong>10.detsembril 2023 kell 15.00<\/strong><\/div>\n<div>&nbsp;<\/div>\n<div class=\"xdj266r x11i5rnm xat24cr x1mh8g0r x1vvkbs\">Address: 18 Chepstow Villas, London W11 2RB<\/div>\n<div>&nbsp;<\/div>\n<div class=\"xdj266r x11i5rnm xat24cr x1mh8g0r x1vvkbs translation-block\">PERFORMING:<br>London Estonian Mixed Choir<br> Reet Kromel-Williams on piano<br> ANNALIISA ASVEIT singing Christmas carols<\/div>\n<div class=\"xdj266r x11i5rnm xat24cr x1mh8g0r x1vvkbs\">Christmas Swing performed by Reet, Kristiina and Annaliisa.<\/div>\n<div class=\"x11i5rnm xat24cr x1mh8g0r x1vvkbs xtlvy1s\">\n<p>J\u00f5ulus\u00f5num pastor Lagle Heinlalt<\/p>\n<p><\/p>\n<\/div>\n<div class=\"x11i5rnm xat24cr x1mh8g0r x1vvkbs xtlvy1s\">SANTA WILL BE VISITNG! Every child will receive a bag of candy.<\/div>\n<div class=\"x11i5rnm xat24cr x1mh8g0r x1vvkbs xtlvy1s\">CHRISTMAS LOTTERY, most tickets will win.<\/div>\n<div>&nbsp;<\/div>\n<div class=\"x11i5rnm xat24cr x1mh8g0r x1vvkbs xtlvy1s\">Peolaual traditsiooniline eesti j\u00f5ulupraad: seapraad, verivorst ahjukartuli ja hapukapsaga. Klaas veini. J\u00f5ulu -magustoit.<br>J\u00f5ulupraad on pileti hinna sees.<\/div>\n<div class=\"x11i5rnm xat24cr x1mh8g0r x1vvkbs xtlvy1s\">&nbsp;<\/div>\n<div class=\"x11i5rnm xat24cr x1mh8g0r x1vvkbs xtlvy1s\">Osav\u00f5tutasu: \u00a325 t\u00e4iskasvanu<br>lapsed 6-15a \u00a310<br>lapsed alla 6 tasuta<br>Pension\u00e4r, tudeng \u00a315<\/div>\n<div class=\"x11i5rnm xat24cr x1mh8g0r x1vvkbs xtlvy1s\"><br><\/div>\n<div class=\"x11i5rnm xat24cr x1mh8g0r x1vvkbs xtlvy1s\">\n<div class=\"x11i5rnm xat24cr x1mh8g0r x1vvkbs xtlvy1s\">Osta piletid&nbsp;<a href=\"https:\/\/www.eventbrite.co.uk\/e\/estonian-christmas-partyjoulupidu-londoni-eesti-majas-tickets-757143455457?fbclid=IwAR3R2gxgaXwVcRJL3Cj3sqwfp31XTdxI0RqllVctIal6SOyzDahDot4hvsM\" target=\"_blank\">eelm\u00fc\u00fcgist l\u00e4bi Eventbrite<\/a>&nbsp;makses\u00fcsteemi! (lisandub teenustasu).&nbsp;<span style=\"font-size: 1rem;\">L\u00e4bi Eventbrite makses\u00fcsteemi on v\u00f5imalik pileteid osta kuni 09. detsember kella 18.00-ni.<\/span><\/div><div class=\"x11i5rnm xat24cr x1mh8g0r x1vvkbs xtlvy1s\"><span style=\"font-size: 1rem;\"><br><\/span><\/div>\n<\/div>\n<div class=\"x11i5rnm xat24cr x1mh8g0r x1vvkbs xtlvy1s\">V\u00d5I tee \u00fclekanne LES kontole m\u00e4rgus\u00f5naga :J\u00d5UL<\/div><div class=\"x11i5rnm xat24cr x1mh8g0r x1vvkbs xtlvy1s\"><br>Transfer includes two parts:<br>1. \u00dcLEKANNE : Natwest konto nr 68652704 kood 60-15-33 Adressaat: Estonian Society in London (kuna kogu nimi ei mahu reale \u00e4ra, siis kirjutage palju mahub)<br>2. EMAILI KINNITUSKIRI: Palun saatke email: info@estoniansociety.co.uk koos maksja nime ning summaga. M\u00e4rkige juurde nimeliselt, kes tulevad peole, samuti laste nimed, kes soovivad saada j\u00f5uluvanalt kommikotti.<br>NB! Viimane panga\u00fclekanne, mida arvestame palun tee hiljemalt 08. detsembril.<br><\/div><div class=\"x11i5rnm xat24cr x1mh8g0r x1vvkbs xtlvy1s\"><br><\/div>\n<div class=\"x11i5rnm xat24cr x1mh8g0r x1vvkbs xtlvy1s\">OSAV\u00d5TT ainult piletiga v\u00f5i eelregistreerimise alusel.<\/div>\n<div class=\"x11i5rnm xat24cr x1mh8g0r x1vvkbs xtlvy1s\">&nbsp;<\/div>\n<\/div>\n<div>&nbsp;<\/div>\n<div class=\"xdj266r x11i5rnm xat24cr x1mh8g0r x1vvkbs\">&nbsp;<\/div>\t\t\t\t\t\t<\/div>\n\t\t\t\t<\/div>\n\t\t\t\t\t<\/div>\n\t\t<\/div>\n\t\t\t\t\t\t\t<\/div>\n\t\t<\/section>\n\t\t\t\t\t\t\t<\/div>","protected":false},"excerpt":{"rendered":"<p>\u00a0 \u00a0 J\u00d5ULUPIDU LONDONI EESTI MAJAS 2023 \u00a0 \u00a0 \u00a0\u00a0\u00a0 \u00a0 KUTSUME TEID J\u00d5ULUPEOLE 10.detsembril 2023 kell 15.00 &nbsp; Address: 18 Chepstow Villas, London W11 2RB &nbsp; ESINEVAD:Londoni Eesti SegakoorKlaveril loob j\u00f5ulumeeleolu Reet Kromel-WilliamsJ\u00f5ululaule esitab ANNALIISA ASVEIT J\u00f5uluswingi esitavad trio Reet, Kristiina, Annaliisa. J\u00f5ulus\u00f5num pastor Lagle Heinlalt K\u00dcLLA TULEB J\u00d5ULUVANA, igale lapsele kommikott! J\u00d5ULULOTERII, kus &hellip;<\/p>\n<p class=\"read-more\"> <a class=\"\" href=\"https:\/\/www.estoniansociety.co.uk\/en\/uudised-joulupidu\/\"> <span class=\"screen-reader-text\">Uudised &#8211; J\u00f5ulupidu<\/span> Read More &raquo;<\/a><\/p>","protected":false},"author":3,"featured_media":0,"parent":0,"menu_order":0,"comment_status":"closed","ping_status":"closed","template":"","meta":{"_mi_skip_tracking":false,"footnotes":""},"class_list":["post-8028","page","type-page","status-publish","hentry"],"_links":{"self":[{"href":"https:\/\/www.estoniansociety.co.uk\/en\/wp-json\/wp\/v2\/pages\/8028","targetHints":{"allow":["GET"]}}],"collection":[{"href":"https:\/\/www.estoniansociety.co.uk\/en\/wp-json\/wp\/v2\/pages"}],"about":[{"href":"https:\/\/www.estoniansociety.co.uk\/en\/wp-json\/wp\/v2\/types\/page"}],"author":[{"embeddable":true,"href":"https:\/\/www.estoniansociety.co.uk\/en\/wp-json\/wp\/v2\/users\/3"}],"replies":[{"embeddable":true,"href":"https:\/\/www.estoniansociety.co.uk\/en\/wp-json\/wp\/v2\/comments?post=8028"}],"version-history":[{"count":4,"href":"https:\/\/www.estoniansociety.co.uk\/en\/wp-json\/wp\/v2\/pages\/8028\/revisions"}],"predecessor-version":[{"id":8033,"href":"https:\/\/www.estoniansociety.co.uk\/en\/wp-json\/wp\/v2\/pages\/8028\/revisions\/8033"}],"wp:attachment":[{"href":"https:\/\/www.estoniansociety.co.uk\/en\/wp-json\/wp\/v2\/media?parent=8028"}],"curies":[{"name":"wp","href":"https:\/\/api.w.org\/{rel}","templated":true}]}}