{"id":7977,"date":"2023-06-25T20:46:54","date_gmt":"2023-06-25T20:46:54","guid":{"rendered":"https:\/\/www.estoniansociety.co.uk\/?page_id=7977"},"modified":"2023-06-25T20:48:53","modified_gmt":"2023-06-25T20:48:53","slug":"uritused-eesti-valistudengite-kokkusaamine-londoni-eesti-majas","status":"publish","type":"page","link":"https:\/\/www.estoniansociety.co.uk\/en\/uritused-eesti-valistudengite-kokkusaamine-londoni-eesti-majas\/","title":{"rendered":"\u00dcritused &#8211; Eesti v\u00e4listudengite kokkusaamine Londoni Eesti Majas"},"content":{"rendered":"<div data-elementor-type=\"wp-page\" data-elementor-id=\"7977\" class=\"elementor elementor-7977\">\n\t\t\t\t\t\t\t\t\t<section class=\"elementor-section elementor-top-section elementor-element elementor-element-231a399 elementor-section-boxed elementor-section-height-default elementor-section-height-default\" data-id=\"231a399\" data-element_type=\"section\">\n\t\t\t\t\t\t<div class=\"elementor-container elementor-column-gap-default\">\n\t\t\t\t\t<div class=\"elementor-column elementor-col-100 elementor-top-column elementor-element elementor-element-c4dcc23\" data-id=\"c4dcc23\" data-element_type=\"column\">\n\t\t\t<div class=\"elementor-widget-wrap elementor-element-populated\">\n\t\t\t\t\t\t\t\t<div class=\"elementor-element elementor-element-98443b4 elementor-widget elementor-widget-text-editor\" data-id=\"98443b4\" data-element_type=\"widget\" data-widget_type=\"text-editor.default\">\n\t\t\t\t<div class=\"elementor-widget-container\">\n\t\t\t\t\t\t\t<div><h1>\u00a0<\/h1><hr \/><h1>\u00a0<\/h1><h2 style=\"text-align: center;\"><span style=\"color: #47494a;\">EESTI V\u00c4LISTUDENGITE KOKKUSAAMINE LONDONI EESTI MAJAS<\/span><\/h2><\/div><div>\u00a0<\/div><div>07. mail 2023 toimus Londoni Eesti Majas Imperial College ning Londoni Eesti Seltsi \u00fchis\u00fcritus Eesti V\u00e4listudengite kokkusaamine.<br \/>\u00dcritusest v\u00f5tsid osa eestlastest v\u00e4lismaal \u00f5ppivad tudengid ning ka vilistlased. Veedeti \u00fcheskoos hubane \u00f5htuti ning vahetati kontakte.<\/div><div>Sn\u00e4kilaual olid maitsvad eesti suupisted.<\/div><div>\u00a0<\/div><div><h1><img loading=\"lazy\" decoding=\"async\" class=\"aligncenter wp-image-7979 size-large\" src=\"https:\/\/www.estoniansociety.co.uk\/wp-content\/uploads\/2023\/06\/tud-e1687726090623-1024x743.png\" alt=\"\" width=\"1024\" height=\"743\" srcset=\"https:\/\/www.estoniansociety.co.uk\/wp-content\/uploads\/2023\/06\/tud-e1687726090623-1024x743.png 1024w, https:\/\/www.estoniansociety.co.uk\/wp-content\/uploads\/2023\/06\/tud-e1687726090623-300x218.png 300w, https:\/\/www.estoniansociety.co.uk\/wp-content\/uploads\/2023\/06\/tud-e1687726090623-768x557.png 768w, https:\/\/www.estoniansociety.co.uk\/wp-content\/uploads\/2023\/06\/tud-e1687726090623-18x12.png 18w, https:\/\/www.estoniansociety.co.uk\/wp-content\/uploads\/2023\/06\/tud-e1687726090623.png 1162w\" sizes=\"auto, (max-width: 1024px) 100vw, 1024px\" \/><\/h1><\/div><div>\u00a0<\/div>\t\t\t\t\t\t<\/div>\n\t\t\t\t<\/div>\n\t\t\t\t\t<\/div>\n\t\t<\/div>\n\t\t\t\t\t\t\t<\/div>\n\t\t<\/section>\n\t\t\t\t\t\t\t<\/div>","protected":false},"excerpt":{"rendered":"<p>\u00a0 \u00a0 EESTI V\u00c4LISTUDENGITE KOKKUSAAMINE LONDONI EESTI MAJAS \u00a007. mail 2023 toimus Londoni Eesti Majas Imperial College ning Londoni Eesti Seltsi \u00fchis\u00fcritus Eesti V\u00e4listudengite kokkusaamine.\u00dcritusest v\u00f5tsid osa eestlastest v\u00e4lismaal \u00f5ppivad tudengid ning ka vilistlased. Veedeti \u00fcheskoos hubane \u00f5htuti ning vahetati kontakte.Sn\u00e4kilaual olid maitsvad eesti suupisted.\u00a0 \u00a0<\/p>","protected":false},"author":3,"featured_media":0,"parent":0,"menu_order":0,"comment_status":"closed","ping_status":"closed","template":"","meta":{"_mi_skip_tracking":false,"footnotes":""},"class_list":["post-7977","page","type-page","status-publish","hentry"],"_links":{"self":[{"href":"https:\/\/www.estoniansociety.co.uk\/en\/wp-json\/wp\/v2\/pages\/7977","targetHints":{"allow":["GET"]}}],"collection":[{"href":"https:\/\/www.estoniansociety.co.uk\/en\/wp-json\/wp\/v2\/pages"}],"about":[{"href":"https:\/\/www.estoniansociety.co.uk\/en\/wp-json\/wp\/v2\/types\/page"}],"author":[{"embeddable":true,"href":"https:\/\/www.estoniansociety.co.uk\/en\/wp-json\/wp\/v2\/users\/3"}],"replies":[{"embeddable":true,"href":"https:\/\/www.estoniansociety.co.uk\/en\/wp-json\/wp\/v2\/comments?post=7977"}],"version-history":[{"count":3,"href":"https:\/\/www.estoniansociety.co.uk\/en\/wp-json\/wp\/v2\/pages\/7977\/revisions"}],"predecessor-version":[{"id":7982,"href":"https:\/\/www.estoniansociety.co.uk\/en\/wp-json\/wp\/v2\/pages\/7977\/revisions\/7982"}],"wp:attachment":[{"href":"https:\/\/www.estoniansociety.co.uk\/en\/wp-json\/wp\/v2\/media?parent=7977"}],"curies":[{"name":"wp","href":"https:\/\/api.w.org\/{rel}","templated":true}]}}