{"id":7375,"date":"2022-03-05T09:27:37","date_gmt":"2022-03-05T09:27:37","guid":{"rendered":"https:\/\/www.estoniansociety.co.uk\/?page_id=7375"},"modified":"2022-03-05T16:01:10","modified_gmt":"2022-03-05T16:01:10","slug":"uudised-soe-ja-sudamlik-eesti-vabariigi-104-aastapaeva-pidu-londoni-eesti-majas","status":"publish","type":"page","link":"https:\/\/www.estoniansociety.co.uk\/en\/uudised-soe-ja-sudamlik-eesti-vabariigi-104-aastapaeva-pidu-londoni-eesti-majas\/","title":{"rendered":"Uudised &#8211; Soe ja s\u00fcdamlik Eesti Vabariigi 104. aastap\u00e4eva pidu Londoni Eesti Majas"},"content":{"rendered":"<p>&nbsp;<\/p>\n<p>&nbsp;<\/p>\n<hr \/>\n<h3><\/h3>\n<p>&nbsp;<\/p>\n<p>&nbsp;<\/p>\n<h3 style=\"text-align: center;\"><span style=\"color: #535557;\"><strong>Soe ja s\u00fcdamlik Eesti Vabariigi 104. aastap\u00e4eva pidu Londoni Eesti Majas<\/strong><\/span><\/h3>\n<p>&nbsp;<\/p>\n<p><span style=\"color: #535557;\">Londonis t\u00e4histati Eesti Vabariigi 104. aastap\u00e4eva laup\u00e4eval, 26. veebruaril koosviibimisega Londoni Eesti Majas. Oli s\u00fcdantsoojendav \u00fcle pika aja j\u00e4lle koos eestlastega koos olla eriti kuna seda ei ole pikalt pandeemia t\u00f5ttu saanud teha. \u00dcritus t\u00f5i kokku \u00fcle poolesaja inimese, mitte ainult Londonist vaid ka kaugemalt.<\/span><\/p>\n<p><span style=\"color: #535557;\">Oma suure panuse \u00fcrituse korraldusse andsid Londoni Eesti Seltsi vabatahtlikud, kes osad juba p\u00e4evad varem k\u00f5ike paremat Londonist otsisid, mida pidulistele pakkuda ja peole eelnevalt ka koduse kartulisalati ning peo p\u00e4eval traditsionaalsed kiluv\u00f5ilevad meisterdasid, sest kuidas muudmoodi saaks v\u00e4lismaal kodumaa s\u00fcnnip\u00e4eva t\u00e4histada. Eesti Maja saal oli kaetud laudadega ning Londoni Eesti Saatkond kandis lahkelt hoolt ka selle eest, et k\u00f5ik pidulikult veiniklaasiga ka kokku saaks l\u00fc\u00fca.<\/span><\/p>\n<p><img loading=\"lazy\" decoding=\"async\" class=\"wp-image-7397 aligncenter\" src=\"https:\/\/www.estoniansociety.co.uk\/wp-content\/uploads\/2022\/03\/P1290517-300x225.jpg\" alt=\"\" width=\"420\" height=\"315\" srcset=\"https:\/\/www.estoniansociety.co.uk\/wp-content\/uploads\/2022\/03\/P1290517-300x225.jpg 300w, https:\/\/www.estoniansociety.co.uk\/wp-content\/uploads\/2022\/03\/P1290517-1024x769.jpg 1024w, https:\/\/www.estoniansociety.co.uk\/wp-content\/uploads\/2022\/03\/P1290517-768x577.jpg 768w, https:\/\/www.estoniansociety.co.uk\/wp-content\/uploads\/2022\/03\/P1290517-1536x1153.jpg 1536w, https:\/\/www.estoniansociety.co.uk\/wp-content\/uploads\/2022\/03\/P1290517-2048x1538.jpg 2048w, https:\/\/www.estoniansociety.co.uk\/wp-content\/uploads\/2022\/03\/P1290517-16x12.jpg 16w\" sizes=\"auto, (max-width: 420px) 100vw, 420px\" \/><\/p>\n<p><span style=\"color: #535557;\">P\u00e4eva programm algas traditisooniliselt Eesti Vabariigi h\u00fcmniga, millele j\u00e4rgnesid nii EV Suursaadik Londonis, hr Viljar Lubi kui ka Londoni Eesti kogukonna Pastor Lagle Heinla k\u00f5ned ning p\u00f6\u00f6rdumised publiku poole. Musikaalse kontserdiosa poole eest kandsid hoolt Londoni Eesti Segakoor ning imelise muusikaelamuse pakkusid ka fl\u00f6\u00f6dil Laura P\u00e4hkel, keda saatis klaveril Oliver Cuttriss.<\/span><\/p>\n<p><img loading=\"lazy\" decoding=\"async\" class=\"wp-image-7402 aligncenter\" src=\"https:\/\/www.estoniansociety.co.uk\/wp-content\/uploads\/2022\/03\/P1290533-300x225.jpg\" alt=\"\" width=\"425\" height=\"319\" srcset=\"https:\/\/www.estoniansociety.co.uk\/wp-content\/uploads\/2022\/03\/P1290533-300x225.jpg 300w, https:\/\/www.estoniansociety.co.uk\/wp-content\/uploads\/2022\/03\/P1290533-1024x769.jpg 1024w, https:\/\/www.estoniansociety.co.uk\/wp-content\/uploads\/2022\/03\/P1290533-768x577.jpg 768w, https:\/\/www.estoniansociety.co.uk\/wp-content\/uploads\/2022\/03\/P1290533-1536x1153.jpg 1536w, https:\/\/www.estoniansociety.co.uk\/wp-content\/uploads\/2022\/03\/P1290533-2048x1538.jpg 2048w, https:\/\/www.estoniansociety.co.uk\/wp-content\/uploads\/2022\/03\/P1290533-16x12.jpg 16w\" sizes=\"auto, (max-width: 425px) 100vw, 425px\" \/><\/p>\n<p><span style=\"color: #535557;\">T\u00e4navune pidup\u00e4ev pakkus justkui kahetisi tundeid, \u00fchelt poolt \u00f5nnetunnet ja uhkust oma vaba isamaa eest, kuid samas ka kurbust just seet\u00f5ttu, mis meie \u00fcmber maailmas toimub. Suursaadik Hr Viljar Lubi r\u00f5hus ka oma k\u00f5nes sellele, et kuigi me oleme vabad ja \u00f5ppinud palju oma ajaloost ja minevikust ja teadlikult valime olla vabad ning iseseisvad, siis see ei t\u00e4henda, et meil pole s\u00f5pru. Lisaks enda rahva j\u00e4rjepidevale t\u00f6\u00f6le parema tuleviku nimel, oleme ka t\u00e4nulikud teiste riikide s\u00f5prusele ja toele. Sestap, kutsuski suursaadik \u00fcritusele tulnuid minema ja n\u00e4itama oma s\u00f5prust, toetust ning solidaarsust ka Ukrainlastele ning Ukraina Majas koos ukrainlaste, eesti kiluv\u00f5ileibade ning ukraina kasuka salatiga me selleaastase vabariigi aastap\u00e4eva \u00fcrituse l\u00f5petasimegi. Nagu suursaadik k\u00f5ne l\u00f5petas: \u201cPeame v\u00f5tma tihedamini selleks aega ja m\u00f5tlema, milline \u00f5nn on tegelikult olla vaba riik, elada vabal maal, tunda turvatunnet enda ja oma pere \u00fcmber. Meil on uhke v\u00e4ike vabariik, ja seda ei muuda mitte miski! Elagu Eesti!\u201d<\/span><\/p>\n<p><img loading=\"lazy\" decoding=\"async\" class=\"wp-image-7407 aligncenter\" src=\"https:\/\/www.estoniansociety.co.uk\/wp-content\/uploads\/2022\/03\/P1290556-300x225.jpg\" alt=\"\" width=\"419\" height=\"314\" srcset=\"https:\/\/www.estoniansociety.co.uk\/wp-content\/uploads\/2022\/03\/P1290556-300x225.jpg 300w, https:\/\/www.estoniansociety.co.uk\/wp-content\/uploads\/2022\/03\/P1290556-1024x769.jpg 1024w, https:\/\/www.estoniansociety.co.uk\/wp-content\/uploads\/2022\/03\/P1290556-768x577.jpg 768w, https:\/\/www.estoniansociety.co.uk\/wp-content\/uploads\/2022\/03\/P1290556-1536x1153.jpg 1536w, https:\/\/www.estoniansociety.co.uk\/wp-content\/uploads\/2022\/03\/P1290556-2048x1538.jpg 2048w, https:\/\/www.estoniansociety.co.uk\/wp-content\/uploads\/2022\/03\/P1290556-16x12.jpg 16w\" sizes=\"auto, (max-width: 419px) 100vw, 419px\" \/><\/p>\n<p>&nbsp;<\/p>\n<p style=\"text-align: center;\"><strong><a href=\"https:\/\/www.estoniansociety.co.uk\/en\/uritused-galerii-eesti-vabariigi-104-aastapaeva-pidu-londoni-eesti-majas\/\">Vaata tervet galeriid siit&#8230;<\/a><\/strong><\/p>\n<p>&nbsp;<\/p>\n<p>&nbsp;<\/p>","protected":false},"excerpt":{"rendered":"<p>&nbsp; &nbsp; &nbsp; &nbsp; Soe ja s\u00fcdamlik Eesti Vabariigi 104. aastap\u00e4eva pidu Londoni Eesti Majas &nbsp; Londonis t\u00e4histati Eesti Vabariigi 104. aastap\u00e4eva laup\u00e4eval, 26. veebruaril koosviibimisega Londoni Eesti Majas. Oli s\u00fcdantsoojendav \u00fcle pika aja j\u00e4lle koos eestlastega koos olla eriti kuna seda ei ole pikalt pandeemia t\u00f5ttu saanud teha. \u00dcritus t\u00f5i kokku \u00fcle poolesaja inimese, &hellip;<\/p>\n<p class=\"read-more\"> <a class=\"\" href=\"https:\/\/www.estoniansociety.co.uk\/en\/uudised-soe-ja-sudamlik-eesti-vabariigi-104-aastapaeva-pidu-londoni-eesti-majas\/\"> <span class=\"screen-reader-text\">Uudised &#8211; Soe ja s\u00fcdamlik Eesti Vabariigi 104. aastap\u00e4eva pidu Londoni Eesti Majas<\/span> Read More &raquo;<\/a><\/p>","protected":false},"author":2,"featured_media":0,"parent":0,"menu_order":0,"comment_status":"closed","ping_status":"closed","template":"","meta":{"_mi_skip_tracking":false,"footnotes":""},"class_list":["post-7375","page","type-page","status-publish","hentry"],"_links":{"self":[{"href":"https:\/\/www.estoniansociety.co.uk\/en\/wp-json\/wp\/v2\/pages\/7375","targetHints":{"allow":["GET"]}}],"collection":[{"href":"https:\/\/www.estoniansociety.co.uk\/en\/wp-json\/wp\/v2\/pages"}],"about":[{"href":"https:\/\/www.estoniansociety.co.uk\/en\/wp-json\/wp\/v2\/types\/page"}],"author":[{"embeddable":true,"href":"https:\/\/www.estoniansociety.co.uk\/en\/wp-json\/wp\/v2\/users\/2"}],"replies":[{"embeddable":true,"href":"https:\/\/www.estoniansociety.co.uk\/en\/wp-json\/wp\/v2\/comments?post=7375"}],"version-history":[{"count":3,"href":"https:\/\/www.estoniansociety.co.uk\/en\/wp-json\/wp\/v2\/pages\/7375\/revisions"}],"predecessor-version":[{"id":7425,"href":"https:\/\/www.estoniansociety.co.uk\/en\/wp-json\/wp\/v2\/pages\/7375\/revisions\/7425"}],"wp:attachment":[{"href":"https:\/\/www.estoniansociety.co.uk\/en\/wp-json\/wp\/v2\/media?parent=7375"}],"curies":[{"name":"wp","href":"https:\/\/api.w.org\/{rel}","templated":true}]}}