{"id":640,"date":"2021-06-13T11:52:46","date_gmt":"2021-06-13T11:52:46","guid":{"rendered":"https:\/\/estoniansociety.co.uk\/?page_id=640"},"modified":"2021-06-25T14:09:06","modified_gmt":"2021-06-25T14:09:06","slug":"lahkunud-on-aili-eistrat-uudised","status":"publish","type":"page","link":"https:\/\/www.estoniansociety.co.uk\/en\/lahkunud-on-aili-eistrat-uudised\/","title":{"rendered":"Uudised &#8211; Lahkunud on Aili Eistrat"},"content":{"rendered":"<hr \/>\n<h2 style=\"text-align: center;\">Remembring Aili Eistrat<\/h2>\n<p>&nbsp;<\/p>\n<p>London Estonian Society's honorary member Aili Eistrat saddly passed away on 10th April 2021 in London. Over decades Aili taught Estonian Folk Dance in London.<\/p>\n<p><img loading=\"lazy\" decoding=\"async\" class=\"size-medium wp-image-639 aligncenter\" src=\"https:\/\/estoniansociety.co.uk\/wp-content\/uploads\/2021\/06\/Aili_Estrat-300x278.png\" alt=\"Aili Estrat\" width=\"300\" height=\"278\" srcset=\"https:\/\/www.estoniansociety.co.uk\/wp-content\/uploads\/2021\/06\/Aili_Estrat-300x278.png 300w, https:\/\/www.estoniansociety.co.uk\/wp-content\/uploads\/2021\/06\/Aili_Estrat-1024x948.png 1024w, https:\/\/www.estoniansociety.co.uk\/wp-content\/uploads\/2021\/06\/Aili_Estrat-768x711.png 768w, https:\/\/www.estoniansociety.co.uk\/wp-content\/uploads\/2021\/06\/Aili_Estrat-1536x1423.png 1536w, https:\/\/www.estoniansociety.co.uk\/wp-content\/uploads\/2021\/06\/Aili_Estrat-2048x1897.png 2048w\" sizes=\"auto, (max-width: 300px) 100vw, 300px\" \/><\/p>\n<p>Aili lapsep\u00f5lv ja kooliaastad m\u00f6\u00f6dusid Emmaste vallas Hiiumaal. \u00d5pingud j\u00e4tkusid Tallinna T\u00fctarlaste \u00c4rikoolis ja seej\u00e4rel Tartu \u00dclikoolis. Aastatel 1934\u20131944 osales Aili \u00dcEN\u00dcTO (\u00dclemaaline Eesti Noorsoo \u00dchenduse Tallinna Osakond) t\u00f6\u00f6s, tantsides tantsu\u00f5petaja Ullo Toomi k\u00e4e all esindus- ehk musterr\u00fchmas. Tallinna \u00c4rikoolis oli Aili kehalise kasvatuse \u00f5petajaks, tantsu \u201eTuljak\u201c autor Anna Raudkats. Nii puutus Aili kokku kahe, tollel ajal eesti rahvatantsu ajalugu kujundavate oluliste inimestega. Ullo Toomilt sai noor neiu oskusi rahvatantsu \u00f5petamiseks ja esitamiseks, A. Raudkatsilt lisandusid mitmek\u00fclgsed v\u00f5imlemisalased teadmised.<\/p>\n<p>Aili \u00f5pingud \u00fclikoolis katkestas 1944. aasta septembri suur-p\u00f5genemine. Aili tee viis Saksamaa p\u00f5genikelaagrisse ning sealt 1947. aastal t\u00f6\u00f6liste projekti \u201eValged luiged\u201c raames Londonisse. Kui p\u00f5genedes arvati, et j\u00f5utakse j\u00f5uluks koju, siis ajapikku see lootus h\u00e4\u00e4bus.<\/p>\n<p style=\"text-align: center;\"><img loading=\"lazy\" decoding=\"async\" class=\"wp-image-641 aligncenter\" src=\"https:\/\/estoniansociety.co.uk\/wp-content\/uploads\/2021\/06\/Aili-Estrat-189x300.jpg\" alt=\"\" width=\"377\" height=\"598\" srcset=\"https:\/\/www.estoniansociety.co.uk\/wp-content\/uploads\/2021\/06\/Aili-Estrat-189x300.jpg 189w, https:\/\/www.estoniansociety.co.uk\/wp-content\/uploads\/2021\/06\/Aili-Estrat.jpg 605w\" sizes=\"auto, (max-width: 377px) 100vw, 377px\" \/><em>Pilt Juhan Eistrati erakogust<\/em><\/p>\n<p>Londonis organiseeris eestlaste koosk\u00e4imisi Londoni Eesti Selts. Aili oli aktiivne Seltsi liige, alustades r\u00fchmas tantsimist, sai temast peagi Londoni Eesti Seltsi rahvatantsur\u00fchma tantsu\u00f5petaja ning v\u00f5imlemisr\u00fchma juhendaja.<\/p>\n<p>Aili Eistrati tantsu\u00f5petaja karj\u00e4\u00e4r on aukartust \u00e4ratav \u2013 50 aastat (1947\u20131997) segar\u00fchma juhina ning 14 aastat (1966\u20131980) v\u00f5imlemisr\u00fchma treenerina on hindamatu panus v\u00e4liseestlaste kultuurilikku p\u00e4randusse.<\/p>\n<p>Aili Tatterist ja Edgar Eistratist sai perekond, kus kasvasid poeg Juhani ja t\u00fctar Karin. M\u00f5lemad lapsed tantsisid rahvatantsur\u00fchmas ning olid hiljem kaasatud ka r\u00fchma juhendamisse.<\/p>\n<p>Aili Eistrat meenutab oma tantsu\u00f5petaja Ullo Toomi s\u00f5nu: \u201cTantsima peab sisemise pingega\u201c ning j\u00e4tkab, \u201eiga kord kui Londonis, Inglismaal ja Iirimaal esinesime, pidime selgitama kes me oleme, kust me tuleme ja miks me tulime. Rahvar\u00f5ivad, mida kandsime, olid meie endi k\u00e4tet\u00f6\u00f6\/k\u00e4sit\u00f6\u00f6, mis \u00f5mmeldud vanadest sobivatest materjalidest, tikandid ja mustrid pluusidel valmisid m\u00e4lu j\u00e4rgi eesti motiividele m\u00f5eldes\u201c.<\/p>\n<p>Esinemisi oli palju, neid saatis alati huvi ja edu \u2013 \u201eRahvatantsur\u00fchma sagedased esinemised igal aastal mitmetuhandese rahvahulga sees Royal Albert Hallis ja mujal \u00fches teiste rahvaste tantsijatega on Eesti hea nime ning kultuuri tutvustamiseks palju kaasa aidanud.\u201c (Nigul Hindo, 1971).<\/p>\n<p>2017. aastal toimus Aili Eistrati, Londoni Eesti Seltsi ja Eesti Suursaatkonna abiga ning Londoni rahvatantsu-\u00fchenduse Estonian Folks algatusel, kogumisaktsiooni n\u00e4ituse \u201cEesti rahva riided Londonis\u201d koostamiseks. Koguti 7 rahvariidekomplekti, mida olid rahvatantsijad r\u00fchma algusaastatel Londonis kandnud ning rahvar\u00f5ivad, mida Aili Eistrat oli Saksamaal p\u00f5genikelaagris esinemise jaoks ise valmistanud.<\/p>\n<p>Aili Eistrat oli Londoni Eesti Maja juhatuse liige, Eesti H\u00e4\u00e4le toimetaja (1993\u20132008) ja EELK\u2019i (Eesti Evangeelse Luterlik Kirik) esinaine, Londoni Eesti Seltsi auliige. Ta on p\u00e4lvinud kolm teeneteristi.<\/p>\n<p>Aili Eistrat oli \u00fcks tegusamaid Eesti kultuuri hoidjaid ja Eestimaa tutvustajad Londonis.<\/p>\n<p>Kaastunne Eesti Kultuuriseltside \u00dchenduse poolt!<\/p>\n<hr \/>\n<p><em>Originaalartikkel <span style=\"color: #ff9900;\">www.kultuuriseltsid.ee<\/span> 19\/04\/2021<\/em><\/p>","protected":false},"excerpt":{"rendered":"<p>Lahkunud on Aili Eistrat &nbsp; Meie hulgast on lahkunud Londoni Eesti Seltsi auliige, kauaaegne eestlaste rahvatantsu hoidja Londonis AILI EISTRAT (Tatter) (31.07.1921 Hiiumaa -10. 04. 2021 London). Aili lapsep\u00f5lv ja kooliaastad m\u00f6\u00f6dusid Emmaste vallas Hiiumaal. \u00d5pingud j\u00e4tkusid Tallinna T\u00fctarlaste \u00c4rikoolis ja seej\u00e4rel Tartu \u00dclikoolis. Aastatel 1934\u20131944 osales Aili \u00dcEN\u00dcTO (\u00dclemaaline Eesti Noorsoo \u00dchenduse Tallinna Osakond) &hellip;<\/p>\n<p class=\"read-more\"> <a class=\"\" href=\"https:\/\/www.estoniansociety.co.uk\/en\/lahkunud-on-aili-eistrat-uudised\/\"> <span class=\"screen-reader-text\">Uudised &#8211; Lahkunud on Aili Eistrat<\/span> Read More &raquo;<\/a><\/p>","protected":false},"author":1,"featured_media":0,"parent":0,"menu_order":0,"comment_status":"closed","ping_status":"closed","template":"","meta":{"_mi_skip_tracking":false,"footnotes":""},"class_list":["post-640","page","type-page","status-publish","hentry"],"_links":{"self":[{"href":"https:\/\/www.estoniansociety.co.uk\/en\/wp-json\/wp\/v2\/pages\/640","targetHints":{"allow":["GET"]}}],"collection":[{"href":"https:\/\/www.estoniansociety.co.uk\/en\/wp-json\/wp\/v2\/pages"}],"about":[{"href":"https:\/\/www.estoniansociety.co.uk\/en\/wp-json\/wp\/v2\/types\/page"}],"author":[{"embeddable":true,"href":"https:\/\/www.estoniansociety.co.uk\/en\/wp-json\/wp\/v2\/users\/1"}],"replies":[{"embeddable":true,"href":"https:\/\/www.estoniansociety.co.uk\/en\/wp-json\/wp\/v2\/comments?post=640"}],"version-history":[{"count":5,"href":"https:\/\/www.estoniansociety.co.uk\/en\/wp-json\/wp\/v2\/pages\/640\/revisions"}],"predecessor-version":[{"id":1512,"href":"https:\/\/www.estoniansociety.co.uk\/en\/wp-json\/wp\/v2\/pages\/640\/revisions\/1512"}],"wp:attachment":[{"href":"https:\/\/www.estoniansociety.co.uk\/en\/wp-json\/wp\/v2\/media?parent=640"}],"curies":[{"name":"wp","href":"https:\/\/api.w.org\/{rel}","templated":true}]}}