{"id":628,"date":"2021-06-13T11:25:51","date_gmt":"2021-06-13T11:25:51","guid":{"rendered":"https:\/\/estoniansociety.co.uk\/?page_id=628"},"modified":"2021-10-18T06:20:06","modified_gmt":"2021-10-18T06:20:06","slug":"les-rahvatantsijad-tegid-video-estonian-girls-in-london-kevad-2016","status":"publish","type":"page","link":"https:\/\/www.estoniansociety.co.uk\/en\/les-rahvatantsijad-tegid-video-estonian-girls-in-london-kevad-2016\/","title":{"rendered":"Arhiiv &#8211; 2016 &#8211; \u00dcritused &#8211; LES Rahvatantsijad tegid Video &#8220;Estonian Girls in London&#8221;"},"content":{"rendered":"<hr \/>\n<h3 style=\"text-align: center;\"><span style=\"color: #5e5e61;\">Londoni Eesti Seltsi Rahvatantsijate video &#8220;Estonian Girls in London&#8221;<\/span><\/h3>\n<p><span style=\"color: #5e5e61;\">\u00a0 \u00a0 \u00a0<\/span><\/p>\n<p style=\"font-weight: 400;\"><span style=\"font-weight: 400; color: #5e5e61;\">Nahast pastlad, valgest linasest s\u00e4rgid ning Muhu tikandiga seelik \u2013 Eesti naised on liikvel!<\/span><\/p>\n<p style=\"font-weight: 400;\"><span style=\"color: #5e5e61;\"><span style=\"font-weight: 400;\">Kell on 8 hommikul kui \u00fcksteise j\u00e4rel tammuvad massid t\u00f5mbavad oma<\/span><i><span style=\"font-weight: 400;\"> Oyster<\/span><\/i><span style=\"font-weight: 400;\"> kaardi l\u00e4bi piletimasinate, et metroosse suunduda. Iga endast lugupidav \u20189-st 5-ni\u2019 t\u00f6\u00f6tav palgaline teab <\/span><b>London<\/b><span style=\"font-weight: 400;\"> Undergroundi kirjutamata reegleid \u2013 \u00e4ra k\u00f5va h\u00e4\u00e4lega r\u00e4\u00e4gi ega sega enda k\u00f5rval olevaid inimesi. Heites k\u00f5rvale k\u00f5ik<\/span>\u00a0<span style=\"font-weight: 400;\">m\u00e4\u00e4rused, tormasid rahvar\u00f5ivaid kandvad Eesti t\u00fcdrukud huilates l\u00e4bi tuubide. Punased huuled kelmikaid naeratusi raamimas ning silmad s\u00e4hvimas. See luulelennuline hetk sai v\u00f5etud linti<\/span><b> Ott Erik Eendra<\/b><span style=\"font-weight: 400;\"> poolt, kelle professionaalsete filmide loomise, tootmise ja levitamisega tegelev ettev\u00f5te \u2018<\/span><b>JUSTFILMIN.<\/b><span style=\"font-weight: 400;\">\u2019 on Londonis hoogu kogumas.<\/span><\/span><\/p>\n<p>&nbsp;<\/p>\n<div class=\"ast-oembed-container\"><iframe loading=\"lazy\" title=\"Estonian Girls in London\" width=\"500\" height=\"281\" src=\"https:\/\/www.youtube.com\/embed\/L9Zne2PoiI0?feature=oembed\" frameborder=\"0\" allow=\"accelerometer; autoplay; clipboard-write; encrypted-media; gyroscope; picture-in-picture; web-share\" referrerpolicy=\"strict-origin-when-cross-origin\" allowfullscreen><\/iframe><\/div>\n<p>&nbsp;<\/p>\n<p style=\"font-weight: 400;\"><span style=\"color: #5e5e61;\"><b>Marje Viilu<\/b><span style=\"font-weight: 400;\">, leidnud ennast \u00fclerahvastatud keskkonnas, \u00fcmbritsetud gigantse vaateratta, pilvel\u00f5hkujate ning 96-meetrise kellaga, otsustas <\/span><b>Londonis <\/b><span style=\"font-weight: 400;\">tutvustada oma p\u00e4ritolumaa <\/span><b>rahvatantsu<\/b><span style=\"font-weight: 400;\">.<\/span><\/span><\/p>\n<p style=\"font-weight: 400;\"><span style=\"color: #5e5e61;\"><span style=\"font-weight: 400;\">\u00dchine huvi kaasas <\/span><b>Suurbritannia<\/b><span style=\"font-weight: 400;\"> eripaikadest nii eestlasi kui ka teiste rahvuste esindajaid.<\/span><\/span><\/p>\n<p style=\"font-weight: 400;\"><span style=\"color: #5e5e61;\"><span style=\"font-weight: 400;\">Kaunid Eesti naisted \u00a0k\u00e4ivad koos tantsu harjutamas pea iga n\u00e4dal. Nende r\u00f5kkav naer suudab panna ka k\u00f5ige antisotsiaalsema inimese seltskonda nautima. Hetkel on Londonis tegutsemas 2 rahvatantsugruppi. \u00dcks m\u00f5eldud vaid <\/span><b>naistele<\/b><span style=\"font-weight: 400;\">, teine aga <\/span><b>segar\u00fchm<\/b><span style=\"font-weight: 400;\">. M\u00f5lemad r\u00fchmad on tugevas koosseisus alati esindatud ka \u2018<\/span><b>Eestlased Londonis<\/b><span style=\"font-weight: 400;\">\u2019 \u00fcritustel. Olgu siis selleks kas j\u00f5ulupidu v6i Jaanip\u00e4ev. Nende entusiasmi ning m\u00e4ngulise kavaga on v\u00f5imatu istuma j\u00e4\u00e4da.<\/span><\/span><\/p>\n<p style=\"font-weight: 400;\"><span style=\"font-weight: 400; color: #5e5e61;\">T\u00e4nu Marje Viilu julgele pealehakkamisele on r\u00fchmad kutsutud esinema erinevatel rahvusvahelistel festivalidel, sealhulgas Octoberfest Saksamaal ja Baltica Baltikumis.<\/span><\/p>\n<p style=\"font-weight: 400;\"><span style=\"color: #5e5e61;\"><span style=\"font-weight: 400;\">Marje kutsub teid k\u00f5iki endaga \u00fchinema sel teekonnal<\/span><b> tutvustamaks Eesti rahvatantsu \u00fcle maailma<\/b><span style=\"font-weight: 400;\">. Hoolimata kui palju v6i v\u00e4he olete oma elus tantsuga kokku puutunud. <\/span><\/span><\/p>\n<p style=\"font-weight: 400; text-align: center;\"><span style=\"color: #ff9900;\"><a style=\"color: #ff9900;\" href=\"https:\/\/www.youtube.com\/watch?v=L9Zne2PoiI0\">\u00a0Vaata YouTube&#8217;s&#8230;<\/a><\/span><\/p>\n<p style=\"font-weight: 400;\"><span style=\"color: #5e5e61;\"><b>Ole julge, tantsi folki!<\/b><\/span><\/p>\n<hr \/>\n<p style=\"font-weight: 400; text-align: right;\"><em><span style=\"font-weight: 400; color: #5e5e61;\">Kirjutas Sirje Viilu<\/span><\/em><\/p>\n<p>&nbsp;<\/p>","protected":false},"excerpt":{"rendered":"<p>Londoni Eesti Seltsi Rahvatantsijate video &#8220;Estonian Girls in London&#8221; \u00a0 \u00a0 \u00a0 Nahast pastlad, valgest linasest s\u00e4rgid ning Muhu tikandiga seelik \u2013 Eesti naised on liikvel! Kell on 8 hommikul kui \u00fcksteise j\u00e4rel tammuvad massid t\u00f5mbavad oma Oyster kaardi l\u00e4bi piletimasinate, et metroosse suunduda. Iga endast lugupidav \u20189-st 5-ni\u2019 t\u00f6\u00f6tav palgaline teab London Undergroundi kirjutamata &hellip;<\/p>\n<p class=\"read-more\"> <a class=\"\" href=\"https:\/\/www.estoniansociety.co.uk\/en\/les-rahvatantsijad-tegid-video-estonian-girls-in-london-kevad-2016\/\"> <span class=\"screen-reader-text\">Arhiiv &#8211; 2016 &#8211; \u00dcritused &#8211; LES Rahvatantsijad tegid Video &#8220;Estonian Girls in London&#8221;<\/span> Read More &raquo;<\/a><\/p>","protected":false},"author":1,"featured_media":0,"parent":0,"menu_order":0,"comment_status":"closed","ping_status":"closed","template":"","meta":{"_mi_skip_tracking":false,"footnotes":""},"class_list":["post-628","page","type-page","status-publish","hentry"],"_links":{"self":[{"href":"https:\/\/www.estoniansociety.co.uk\/en\/wp-json\/wp\/v2\/pages\/628","targetHints":{"allow":["GET"]}}],"collection":[{"href":"https:\/\/www.estoniansociety.co.uk\/en\/wp-json\/wp\/v2\/pages"}],"about":[{"href":"https:\/\/www.estoniansociety.co.uk\/en\/wp-json\/wp\/v2\/types\/page"}],"author":[{"embeddable":true,"href":"https:\/\/www.estoniansociety.co.uk\/en\/wp-json\/wp\/v2\/users\/1"}],"replies":[{"embeddable":true,"href":"https:\/\/www.estoniansociety.co.uk\/en\/wp-json\/wp\/v2\/comments?post=628"}],"version-history":[{"count":5,"href":"https:\/\/www.estoniansociety.co.uk\/en\/wp-json\/wp\/v2\/pages\/628\/revisions"}],"predecessor-version":[{"id":5746,"href":"https:\/\/www.estoniansociety.co.uk\/en\/wp-json\/wp\/v2\/pages\/628\/revisions\/5746"}],"wp:attachment":[{"href":"https:\/\/www.estoniansociety.co.uk\/en\/wp-json\/wp\/v2\/media?parent=628"}],"curies":[{"name":"wp","href":"https:\/\/api.w.org\/{rel}","templated":true}]}}