{"id":620,"date":"2021-06-13T11:23:47","date_gmt":"2021-06-13T11:23:47","guid":{"rendered":"https:\/\/estoniansociety.co.uk\/?page_id=620"},"modified":"2021-10-18T06:27:40","modified_gmt":"2021-10-18T06:27:40","slug":"ev100-kingitus-i","status":"publish","type":"page","link":"https:\/\/www.estoniansociety.co.uk\/en\/ev100-kingitus-i\/","title":{"rendered":"Arhiiv &#8211; 2018 &#8211; Uudised &#8211; EV100 Kingitus"},"content":{"rendered":"<hr \/>\n<h2 style=\"text-align: center;\"><span style=\"color: #5e5e61;\">EV100 Kingitus<\/span><\/h2>\n<p>&nbsp;<\/p>\n<p style=\"font-weight: 400;\"><span style=\"color: #5e5e61;\">L\u00fchifilm &#8220;EV100. Eestluse eestvedajad Londonis&#8221; (2018).\u00a0Ida Lemsalu ja Aili Eistrat on tegelenud eestlusega Londonis ajast kui tuldi Saksamaa p\u00f5genikelaagrist 1947 aastal. Prouad on aktiivsed t\u00e4nap\u00e4evani.\u00a0 Katkend Londoni Eesti Seltsi projektist \u201cV\u00e4liseesti kultuurielu Londonis: intervjuud kolme p\u00e4rast Teist maailmas\u00f5da Londonisse elama asunud eesti kultuuri edendajaga\u201d (2017).<\/span><\/p>\n<p>&nbsp;<\/p>\n<div class=\"ast-oembed-container\"><iframe loading=\"lazy\" title=\"EV100. Eestluse eestvedajad Londonis\" width=\"500\" height=\"281\" src=\"https:\/\/www.youtube.com\/embed\/Yvff6pQZn3E?start=2&#038;feature=oembed\" frameborder=\"0\" allow=\"accelerometer; autoplay; clipboard-write; encrypted-media; gyroscope; picture-in-picture; web-share\" referrerpolicy=\"strict-origin-when-cross-origin\" allowfullscreen><\/iframe><\/div>\n<p>&nbsp;<\/p>\n<p style=\"font-weight: 400;\"><span style=\"color: #5e5e61;\">Projekti toetas Eesti Rahvusarhiiv seoses rahvuskaaslase programmiga.<\/span><\/p>\n<p style=\"font-weight: 400;\"><span style=\"color: #5e5e61;\">Kasutati katkendeid dokfilmist &#8220;Eesti rahvariided Londonis&#8221; (2018, Estonian Folks, Londoni Eesti Selts).<\/span><\/p>\n<p style=\"font-weight: 400;\"><span style=\"color: #5e5e61;\">Filmitud: Eesti Majas Londonis, Londoni erinevates paikades.<\/span><\/p>\n<p>&nbsp;<\/p>\n<hr \/>\n<p style=\"font-weight: 400; text-align: center;\"><span style=\"color: #ff9900;\">Vaata YouTube&#8217;s<a style=\"color: #ff9900;\" href=\"https:\/\/www.youtube.com\/watch?v=Yvff6pQZn3E&amp;t=2s\">: EV100. Eestluste eestvedajad Londonis.<\/a><\/span><\/p>\n<p style=\"font-weight: 400; text-align: center;\"><span style=\"color: #ff9900;\">Loe edasi meie blogis:<a style=\"color: #ff9900;\" href=\"http:\/\/londonieestlased.blogspot.com.ee\/2017\/06\/les-auliikmed-kes-on-eestlusega.html\"> Londoni Eesti Seltsi auliikmed<\/a><\/span><\/p>\n<p>&nbsp;<\/p>\n<p style=\"font-weight: 400;\">","protected":false},"excerpt":{"rendered":"<p>EV100 Kingitus &nbsp; L\u00fchifilm &#8220;EV100. Eestluse eestvedajad Londonis&#8221; (2018).\u00a0Ida Lemsalu ja Aili Eistrat on tegelenud eestlusega Londonis ajast kui tuldi Saksamaa p\u00f5genikelaagrist 1947 aastal. Prouad on aktiivsed t\u00e4nap\u00e4evani.\u00a0 Katkend Londoni Eesti Seltsi projektist \u201cV\u00e4liseesti kultuurielu Londonis: intervjuud kolme p\u00e4rast Teist maailmas\u00f5da Londonisse elama asunud eesti kultuuri edendajaga\u201d (2017). &nbsp; &nbsp; Projekti toetas Eesti Rahvusarhiiv seoses &hellip;<\/p>\n<p class=\"read-more\"> <a class=\"\" href=\"https:\/\/www.estoniansociety.co.uk\/en\/ev100-kingitus-i\/\"> <span class=\"screen-reader-text\">Arhiiv &#8211; 2018 &#8211; Uudised &#8211; EV100 Kingitus<\/span> Read More &raquo;<\/a><\/p>","protected":false},"author":1,"featured_media":0,"parent":0,"menu_order":0,"comment_status":"closed","ping_status":"closed","template":"","meta":{"_mi_skip_tracking":false,"footnotes":""},"class_list":["post-620","page","type-page","status-publish","hentry"],"_links":{"self":[{"href":"https:\/\/www.estoniansociety.co.uk\/en\/wp-json\/wp\/v2\/pages\/620","targetHints":{"allow":["GET"]}}],"collection":[{"href":"https:\/\/www.estoniansociety.co.uk\/en\/wp-json\/wp\/v2\/pages"}],"about":[{"href":"https:\/\/www.estoniansociety.co.uk\/en\/wp-json\/wp\/v2\/types\/page"}],"author":[{"embeddable":true,"href":"https:\/\/www.estoniansociety.co.uk\/en\/wp-json\/wp\/v2\/users\/1"}],"replies":[{"embeddable":true,"href":"https:\/\/www.estoniansociety.co.uk\/en\/wp-json\/wp\/v2\/comments?post=620"}],"version-history":[{"count":5,"href":"https:\/\/www.estoniansociety.co.uk\/en\/wp-json\/wp\/v2\/pages\/620\/revisions"}],"predecessor-version":[{"id":5758,"href":"https:\/\/www.estoniansociety.co.uk\/en\/wp-json\/wp\/v2\/pages\/620\/revisions\/5758"}],"wp:attachment":[{"href":"https:\/\/www.estoniansociety.co.uk\/en\/wp-json\/wp\/v2\/media?parent=620"}],"curies":[{"name":"wp","href":"https:\/\/api.w.org\/{rel}","templated":true}]}}