{"id":617,"date":"2021-06-13T11:23:31","date_gmt":"2021-06-13T11:23:31","guid":{"rendered":"https:\/\/estoniansociety.co.uk\/?page_id=617"},"modified":"2021-10-18T06:26:51","modified_gmt":"2021-10-18T06:26:51","slug":"naitus-eesti-rahva-riided-londonis-randab-ringi","status":"publish","type":"page","link":"https:\/\/www.estoniansociety.co.uk\/en\/naitus-eesti-rahva-riided-londonis-randab-ringi\/","title":{"rendered":"Arhiiv &#8211; 2018 &#8211; \u00dcritused &#8211; N\u00e4itus &#8220;Eesti rahva riided Londonis&#8221; r\u00e4ndab ringi"},"content":{"rendered":"<hr \/>\n<p>&nbsp;<\/p>\n<p>&nbsp;<\/p>\n<h3 class=\"elementor-image-box-title elementor-inline-editing pen\" style=\"text-align: center;\" contenteditable=\"true\" data-elementor-setting-key=\"title_text\" data-elementor-inline-editing-toolbar=\"none\" data-pen-placeholder=\"Type Here...\"><span style=\"color: #5e5e61;\">N\u00e4itus &#8220;Eesti rahva riided Londonis&#8221; r\u00e4ndab ringi<\/span><\/h3>\n<p>&nbsp;<\/p>\n<p><span style=\"color: #5e5e61;\">N\u00e4itus on Londoni Eesti Seltsi ja\u00a0<a style=\"color: #5e5e61;\" href=\"http:\/\/www.estonianfolks.com\/\" target=\"_blank\" rel=\"noopener\">Estonian Folks International<\/a>\u00a0koost\u00f6\u00f6.<\/span><\/p>\n<p><span style=\"color: #5e5e61;\">See on lugu kuidas eestlastest s\u00f5jap\u00f5genikud, peale Teist Maailmas\u00f5da, l\u00e4bi suure tahte ja vaeva valmistasid r\u00fchmat\u00e4ie kauneid rahvariideid. Oli hetki, kui materjalideks kasutati vanu voodilinu, \u00f5mmelda tuli \u00f6\u00f6siti ja mustreid tuli teha m\u00e4lu j\u00e4rgi.<\/span><\/p>\n<p><span style=\"color: #5e5e61;\">Inspireeritud Aili Eistrat (s\u00fcnd 1921) memuaaridest, kes on tantsinud Anna Raudkatsi ja Ullo Toomi k\u00e4e all ning olnud rahvatantsu\u00f5petaja Londonis aastatel 1947-1987.<\/span><\/p>\n<p><span style=\"color: #5e5e61;\">N\u00e4itus avatakse pidulikult Eesti Rahva Muuseumis 4. augustil, kell 11, festivali &#8220;Sajaga Seltsis&#8221; raames.<\/span><br \/>\n<span style=\"color: #5e5e61;\">N\u00e4itus r\u00e4ndab Londonis 24.veebruar ja 05.sept 2018.<\/span><\/p>\n<p><span style=\"color: #5e5e61;\">Eestis: Mulgimaal pealinnas Karksi-Nuia muuseumis avamine koos mulgipudru s\u00f6\u00f6misega 03.oktoobril 2018,<\/span><\/p>\n<p><span style=\"color: #5e5e61;\">03.novembril 2018 pidulik avamine Eesti Tantsupeomuuseumis Tallinnas.<\/span><\/p>\n<p><span style=\"color: #5e5e61;\">N\u00e4ituse korraldajateks on\u00a0<a class=\"profileLink\" style=\"color: #5e5e61;\" href=\"https:\/\/www.facebook.com\/evelinsiilak?fref=mentions\" data-hovercard=\"\/ajax\/hovercard\/user.php?id=1064107423&amp;extragetparams=%7B%22fref%22%3A%22mentions%22%7D\" data-hovercard-prefer-more-content-show=\"1\">Evelin Siilak<\/a>(Londoni Eesti Selts) ja\u00a0<a class=\"profileLink\" style=\"color: #5e5e61;\" href=\"https:\/\/www.facebook.com\/marje.remmet?fref=mentions\" data-hovercard=\"\/ajax\/hovercard\/user.php?id=100000521719168&amp;extragetparams=%7B%22fref%22%3A%22mentions%22%7D\" data-hovercard-prefer-more-content-show=\"1\">Marje Remmet<\/a>\u00a0(Estonian Folks International).<\/span><br \/>\n<span style=\"color: #5e5e61;\">Kaunid fotod riietest t\u00e4nu\u00a0<a class=\"profileLink\" style=\"color: #5e5e61;\" href=\"https:\/\/www.facebook.com\/helen.sau.1?fref=mentions\" data-hovercard=\"\/ajax\/hovercard\/user.php?id=100000555768093&amp;extragetparams=%7B%22fref%22%3A%22mentions%22%7D\" data-hovercard-prefer-more-content-show=\"1\">Helen Sau<\/a>\u00a0ja Marje Remmet koost\u00f6\u00f6le.<\/span><\/p>\n<p><span style=\"color: #5e5e61;\">Tule vaatama ja osa saama Londoni eestlaste rahvatantsu ajaloost.<\/span><\/p>\n<p><em><span style=\"color: #5e5e61;\">N\u00e4itust toetavad Eesti Rahvusarhiiv ja Eesti Kultuurkapital.<\/span><\/em><\/p>\n<hr \/>\n<p style=\"text-align: center;\"><span style=\"color: #5e5e61;\">T\u00e4psem info:\u00a0<span style=\"color: #ff9900;\"><a style=\"color: #ff9900;\" href=\"http:\/\/rahvariided.wordpress.com\/\" target=\"_blank\" rel=\"noopener nofollow\" data-ft=\"{\" data-lynx-mode=\"asynclazy\" data-lynx-uri=\"https:\/\/l.facebook.com\/l.php?u=http%3A%2F%2Frahvariided.wordpress.com%2F&amp;h=AT2nF-2CAsCxBzlKPRfmO3g2MArzx-2y1gAV1N_1eAXlqQ7M8NZzDovXbfc6lKqMZtGHlzotYMD33JmDE4zTuFpnrLx-_4llw-1uN8v71BpjfqH_yEHrmTKuKGfr-cbeki6X4NqoV75miwfxR4we\">rahvariided.wordpress.com<\/a><\/span>\u00a0 ja<span style=\"color: #ff9900;\"><a style=\"color: #ff9900;\" href=\"https:\/\/www.facebook.com\/eestirahvariidedlondonis\/\" target=\"_blank\" rel=\"noopener\"> Facebooki lehel siin&#8230;<\/a><\/span><\/span><\/p>\n<p>&nbsp;<\/p>","protected":false},"excerpt":{"rendered":"<p>&nbsp; &nbsp; N\u00e4itus &#8220;Eesti rahva riided Londonis&#8221; r\u00e4ndab ringi &nbsp; N\u00e4itus on Londoni Eesti Seltsi ja\u00a0Estonian Folks International\u00a0koost\u00f6\u00f6. See on lugu kuidas eestlastest s\u00f5jap\u00f5genikud, peale Teist Maailmas\u00f5da, l\u00e4bi suure tahte ja vaeva valmistasid r\u00fchmat\u00e4ie kauneid rahvariideid. Oli hetki, kui materjalideks kasutati vanu voodilinu, \u00f5mmelda tuli \u00f6\u00f6siti ja mustreid tuli teha m\u00e4lu j\u00e4rgi. Inspireeritud Aili Eistrat &hellip;<\/p>\n<p class=\"read-more\"> <a class=\"\" href=\"https:\/\/www.estoniansociety.co.uk\/en\/naitus-eesti-rahva-riided-londonis-randab-ringi\/\"> <span class=\"screen-reader-text\">Arhiiv &#8211; 2018 &#8211; \u00dcritused &#8211; N\u00e4itus &#8220;Eesti rahva riided Londonis&#8221; r\u00e4ndab ringi<\/span> Read More &raquo;<\/a><\/p>","protected":false},"author":1,"featured_media":0,"parent":0,"menu_order":0,"comment_status":"closed","ping_status":"closed","template":"","meta":{"_mi_skip_tracking":false,"footnotes":""},"class_list":["post-617","page","type-page","status-publish","hentry"],"_links":{"self":[{"href":"https:\/\/www.estoniansociety.co.uk\/en\/wp-json\/wp\/v2\/pages\/617","targetHints":{"allow":["GET"]}}],"collection":[{"href":"https:\/\/www.estoniansociety.co.uk\/en\/wp-json\/wp\/v2\/pages"}],"about":[{"href":"https:\/\/www.estoniansociety.co.uk\/en\/wp-json\/wp\/v2\/types\/page"}],"author":[{"embeddable":true,"href":"https:\/\/www.estoniansociety.co.uk\/en\/wp-json\/wp\/v2\/users\/1"}],"replies":[{"embeddable":true,"href":"https:\/\/www.estoniansociety.co.uk\/en\/wp-json\/wp\/v2\/comments?post=617"}],"version-history":[{"count":5,"href":"https:\/\/www.estoniansociety.co.uk\/en\/wp-json\/wp\/v2\/pages\/617\/revisions"}],"predecessor-version":[{"id":5756,"href":"https:\/\/www.estoniansociety.co.uk\/en\/wp-json\/wp\/v2\/pages\/617\/revisions\/5756"}],"wp:attachment":[{"href":"https:\/\/www.estoniansociety.co.uk\/en\/wp-json\/wp\/v2\/media?parent=617"}],"curies":[{"name":"wp","href":"https:\/\/api.w.org\/{rel}","templated":true}]}}