{"id":605,"date":"2021-06-13T11:21:52","date_gmt":"2021-06-13T11:21:52","guid":{"rendered":"https:\/\/estoniansociety.co.uk\/?page_id=605"},"modified":"2021-10-18T06:29:55","modified_gmt":"2021-10-18T06:29:55","slug":"eestlaste-joulupidu-londonis-estonian-christmas-party-2018-uritused","status":"publish","type":"page","link":"https:\/\/www.estoniansociety.co.uk\/en\/eestlaste-joulupidu-londonis-estonian-christmas-party-2018-uritused\/","title":{"rendered":"Arhiiv &#8211; 2018 &#8211; \u00dcritused &#8211; Londoni Eesti Seltsi J\u00f5ulupidu 2018"},"content":{"rendered":"<p>&nbsp;<\/p>\n<h2 style=\"text-align: center;\"><span style=\"color: #5e5e61;\">Londoni Eesti Seltsi J\u00f5ulupidu 2018<\/span><\/h2>\n<p>&nbsp;<\/p>\n<p style=\"font-weight: 400; text-align: center;\"><span style=\"color: #5e5e61;\">Laup\u00e4eval, 08. detsember 2018<\/span><br \/>\n<span style=\"color: #5e5e61;\">Wandsworth Council. The Town Hall, Wandsworth High Street, London SW18 2PU<\/span><br \/>\n<span style=\"color: #5e5e61;\">Kell 17.00 avame uksed!<\/span><\/p>\n<p style=\"font-weight: 400;\"><strong><span style=\"color: #5e5e61;\">Eestist:<\/span><\/strong><br \/>\n<span style=\"color: #5e5e61;\">Peaesineja Eestist populaarne laulja J\u00dcRI HOMENJA<br \/>\n<\/span><span style=\"color: #5e5e61;\">J\u00f5uludisko<\/span><\/p>\n<p style=\"font-weight: 400;\"><strong><span style=\"color: #5e5e61;\">Londonist:<\/span><\/strong><br \/>\n<span style=\"color: #5e5e61;\">Duo Kymbali Willams (kitarr)&amp; Cathy Sommer (viiul)<\/span><br \/>\n<span style=\"color: #5e5e61;\">Londoni Naiskammerkoor<\/span><br \/>\n<span style=\"color: #5e5e61;\">Eesti Rahvatantsijad<\/span><\/p>\n<p style=\"font-weight: 400;\"><strong><span style=\"color: #5e5e61;\">Lastele:<\/span><\/strong><br \/>\n<span style=\"color: #5e5e61;\">Lapsi ootab j\u00f5uluvana koos kommikotiga<\/span><br \/>\n<span style=\"color: #5e5e61;\">Meisterdamise ja joonistamise t\u00f6\u00f6toad. Eesti Kool Londonis.<\/span><\/p>\n<p style=\"font-weight: 400;\"><strong><span style=\"color: #5e5e61;\">Piletid:<\/span><\/strong><br \/>\n<span style=\"color: #5e5e61;\">Eelm\u00fc\u00fcgist (t\u00e4iskasvanud 16+): \u00a325.00 <\/span><br \/>\n<span style=\"color: #5e5e61;\">Kohapeal (sularahas): \u00a330.00<br \/>\nLastepilet (6-15a.): \u00a310.00<\/span><br \/>\n<span style=\"color: #5e5e61;\">Lastepilet kuni 5.a tasuta,<\/span><br \/>\n<span style=\"color: #5e5e61;\">\u00dcli\u00f5pilased (eelm\u00fc\u00fcgis ja kohapeal): \u00a320.00 <\/span><\/p>\n<p style=\"font-weight: 400;\"><span style=\"color: #5e5e61;\"><a style=\"color: #5e5e61;\" href=\"https:\/\/www.eventbrite.co.uk\/e\/londoni-eestlaste-joulupidu-estonian-christmas-party-2018-tickets-51675289181\"><span style=\"color: #dd9933;\">Osta pilet siit<\/span>!<\/a>\u00a0(hinnale lisandub teenustasu)<\/span><\/p>\n<p style=\"font-weight: 400;\"><span style=\"color: #5e5e61;\">V\u00f5i maksa \u00fclekandega (makseid saab teha kuni 01.12.2018)<\/span><\/p>\n<p style=\"font-weight: 400;\"><span style=\"color: #5e5e61;\">To: Estonian Society in London<\/span><br \/>\n<span style=\"color: #5e5e61;\">Reference: JOUL2018<\/span><br \/>\n<span style=\"color: #5e5e61;\">NATWEST Account number 68652704<br \/>\nSort code 60-15-33<\/span><br \/>\n<span style=\"color: #5e5e61;\">Palun saada kinnitusemail:\u00a0<span style=\"color: #dd9933;\"><a style=\"color: #dd9933;\" href=\"mailto:info@estoniansociety.co.uk\">info@estoniansociety.co.uk<\/a><\/span>\u00a0 informatsiooniga: mitu piletit\/tulijate nimed\/maksja nimi ja\u00a0 \u00fclekande summa).<\/span><\/p>\n<p style=\"font-weight: 400; text-align: left;\"><span style=\"color: #5e5e61;\">J\u00f5ulubuffet on hinna sees!<\/span><\/p>\n<p style=\"font-weight: 400; text-align: center;\"><span style=\"color: #5e5e61;\">Eestimaine men\u00fc\u00fc:<\/span><br \/>\n<span style=\"color: #5e5e61;\">Traditsiooniline seapraad, Eesti verivorst, kr\u00f5be ahjukartul, ahjuvorst, praekapsas<\/span><br \/>\n<span style=\"color: #5e5e61;\">Kartulisalat, k\u00f5rvitsasalat, Felixi kurk, P\u00f5ltsamaa pohlamoos, must leib<\/span><br \/>\n<span style=\"color: #5e5e61;\">Kohv, tee ja vesi<\/span><\/p>\n<p style=\"font-weight: 400; text-align: left;\"><span style=\"color: #5e5e61;\">J\u00f5ulubufee eestimaiste h\u00f5rgutistega avatakse 18.30 , suletakse 22.00<\/span><\/p>\n<p style=\"font-weight: 400;\"><span style=\"color: #5e5e61;\">J\u00f5ulukooke saab osta Eesti Kooli koogiletist.\u00a0<\/span><\/p>\n<p style=\"font-weight: 400;\"><span style=\"color: #5e5e61;\">Baar on avatud kell 17.00-23.00. Saadaval on\u00a0<\/span><span style=\"color: #5e5e61;\">P\u00f5ltsamaa J\u00f5ulugl\u00f6gi, lai valik Eesti <\/span><span style=\"color: #5e5e61;\">\u00f5llesid, veine ja Eesti mahla.\u00a0<\/span><\/p>\n<p style=\"font-weight: 400;\"><span style=\"color: #5e5e61;\">Estolink on samuti kohapeal ning m\u00fc\u00fcb s\u00f6\u00f6gikaupu koju kaasa otse Eestist.<\/span><\/p>\n<p style=\"font-weight: 400;\"><span style=\"color: #5e5e61;\">Traditsiooniline loterii laud, kus enamus piletid v\u00f5idavad.<\/span><\/p>\n<p style=\"font-weight: 400; text-align: center;\"><span style=\"color: #5e5e61;\">Kutsume teid \u00fcheskoos nautima eestlaste j\u00f5ulupidu!<\/span><\/p>\n<p style=\"font-weight: 400; text-align: center;\"><span style=\"color: #5e5e61;\">Veedame j\u00f5ulud \u00fcheskoos!<\/span><\/p>\n<p style=\"font-weight: 400;\"><span style=\"color: #5e5e61;\">Meie toetajad sel j\u00f5ulupeol:<br \/>\n<\/span><span style=\"color: #5e5e61;\">ESTOLINK<\/span><\/p>\n<p>&nbsp;<\/p>\n<hr \/>\n<p>&nbsp;<\/p>\n<h2 style=\"text-align: center;\"><span style=\"color: #5e5e61;\">London Estonian Society Christmas Party 2018<\/span><\/h2>\n<p>&nbsp;<\/p>\n<p style=\"font-weight: 400; text-align: center;\"><span style=\"color: #5e5e61;\">Doors open at 17.00.(Program 18.00-23.00) Saturday, 08. December 2018<br \/>\n<\/span><span style=\"color: #5e5e61;\">Wandsworth Council. The Town Hall, Wandsworth High Street, London SW18 2PU<\/span><\/p>\n<p style=\"font-weight: 400;\"><span style=\"color: #5e5e61;\">The ticket includes:<br \/>\n<\/span><span style=\"color: #5e5e61;\">Children area with Santa helpers\u2019 Post Office.<br \/>\nWorkshops: drawings, makings. Children can meet Santa Claus.<\/span><\/p>\n<p style=\"font-weight: 400;\"><span style=\"color: #5e5e61;\">Evening program<br \/>\n<\/span><span style=\"color: #5e5e61;\">Estonian famous singer JURI HOMENJA.<br \/>\n<\/span><span style=\"color: #5e5e61;\">Duet Kymbali Willams (quitar)&amp; Cathy Sommer (violin)<br \/>\n<\/span><span style=\"color: #5e5e61;\">London women&#8217;s choir &#8211; Naiskammerkoor<br \/>\n<\/span><span style=\"color: #5e5e61;\">Estonian Folk Dance performance<br \/>\n<\/span><span style=\"color: #5e5e61;\">Estonian Christmas Buffet offering various hot and cold Estonian Christmas specialities.<\/span><\/p>\n<p style=\"font-weight: 400;\"><span style=\"color: #5e5e61;\">*Estonian School of London is offering Estonian Christmas cakes<br \/>\n<\/span><span style=\"color: #5e5e61;\">*Estonian Bar with Estonian mulled wine and Estonian beers.<\/span><\/p>\n<hr \/>\n<p style=\"font-weight: 400; text-align: center;\"><strong><span style=\"color: #5e5e61;\">Kuidas tulla peole?<\/span><\/strong><\/p>\n<p style=\"font-weight: 400;\"><span style=\"color: #5e5e61;\">Wandsworth Civic Suite hoovis on tasuta parkimisplats, mis mahutab umbes 50 autot. Kaart tulekul!<\/span><\/p>\n<p style=\"font-weight: 400;\"><span style=\"color: #5e5e61;\">Rongid: L\u00e4him rongijaam : Wandsworth Town (6 min jalutamist), Clapham Junction<\/span><\/p>\n<p style=\"font-weight: 400;\"><span style=\"color: #5e5e61;\">Bussid: 170 (13 min Clapham Junctionist)<\/span><\/p>\n<p style=\"font-weight: 400;\"><span style=\"color: #5e5e61;\">Maja ees peatuvad: 37, 39, 87, 156, 170, 337, 639, 670, N87<\/span><\/p>\n<p style=\"font-weight: 400; text-align: center;\"><strong><span style=\"color: #5e5e61;\">Mida ma v\u00f5in\/ei tohi kaasa v\u00f5tta?<\/span><\/strong><\/p>\n<p style=\"font-weight: 400;\"><span style=\"color: #5e5e61;\">Oma alkoholi ei ole lubatud kaasa v\u00f5tta.<\/span><\/p>\n<p style=\"font-weight: 400; text-align: center;\"><strong><span style=\"color: #5e5e61;\">\u00a0Kus ma leian kontaktinfo?<\/span><\/strong><\/p>\n<p style=\"font-weight: 400;\"><span style=\"color: #5e5e61;\">Meie email on <span style=\"color: #dd9933;\">info@estoniansociety.co.uk<\/span> Vastame k\u00f5igile k\u00fcsimustele 24h jooksul.<\/span><\/p>\n<p style=\"font-weight: 400; text-align: center;\"><strong><span style=\"color: #5e5e61;\">\u00a0Kas nime pileti peal on v\u00f5imalik muuta?<\/span><\/strong><\/p>\n<p style=\"font-weight: 400;\"><span style=\"color: #5e5e61;\">Kui soovite nime piletil muuta, siis palun v\u00f5tke meiega \u00fchendust <span style=\"color: #dd9933;\">info@estoniansociety.co.uk<\/span><\/span><\/p>\n<p style=\"font-weight: 400; text-align: center;\"><strong><span style=\"color: #5e5e61;\">Kas ma pean prinditud pileti kaasa v\u00f5tma?<\/span><\/strong><\/p>\n<p style=\"font-weight: 400;\"><span style=\"color: #5e5e61;\">Soovitame kaasa v\u00f5tta prinditud pileti \/ maksekinnituse. See kiirendab teenindust piletlauas.<\/span><\/p>\n<p style=\"font-weight: 400; text-align: center;\"><strong><span style=\"color: #5e5e61;\">Kui ma ei saa tulla, kas ma saan piletiraha tagasi?<\/span><\/strong><\/p>\n<p style=\"font-weight: 400;\"><span style=\"color: #5e5e61;\">Me ei tagasta pileteid, mis on ostetud l\u00e4bi Eventbrite. Piletitele, mis on ostetud l\u00e4bi Natwesti ja enne 28. novembrit, on v\u00f5imalik teha tagasimakse.<\/span><\/p>\n<p style=\"font-weight: 400;\"><span style=\"color: #5e5e61;\">PS! Selle peo toob teieni Londoni Eesti Seltsi vabatahtlike meeskond, kes panustavad oma aja, energia ja oskused, et eestlastel oleks v\u00f5imalik pidada \u00fcks uhke ja korralik j\u00f5ulupidu Londonis. Kui soovid meiega \u00fchineda, siis palun v\u00f5ta \u00fchendust <span style=\"color: #dd9933;\">info@estoniansociety.co.uk<\/span><\/span><\/p>\n<p style=\"font-weight: 400;\"><span style=\"color: #5e5e61;\">*Piletiostuga toetad Londoni Eesti Seltsi tegevust ja j\u00e4tkusuutlikust Londonis.<\/span><\/p>\n<hr \/>\n<p>&nbsp;<\/p>\n<p>&nbsp;<\/p>","protected":false},"excerpt":{"rendered":"<p>&nbsp; Londoni Eesti Seltsi J\u00f5ulupidu 2018 &nbsp; Laup\u00e4eval, 08. detsember 2018 Wandsworth Council. The Town Hall, Wandsworth High Street, London SW18 2PU Kell 17.00 avame uksed! Eestist: Peaesineja Eestist populaarne laulja J\u00dcRI HOMENJA J\u00f5uludisko Londonist: Duo Kymbali Willams (kitarr)&amp; Cathy Sommer (viiul) Londoni Naiskammerkoor Eesti Rahvatantsijad Lastele: Lapsi ootab j\u00f5uluvana koos kommikotiga Meisterdamise ja joonistamise &hellip;<\/p>\n<p class=\"read-more\"> <a class=\"\" href=\"https:\/\/www.estoniansociety.co.uk\/en\/eestlaste-joulupidu-londonis-estonian-christmas-party-2018-uritused\/\"> <span class=\"screen-reader-text\">Arhiiv &#8211; 2018 &#8211; \u00dcritused &#8211; Londoni Eesti Seltsi J\u00f5ulupidu 2018<\/span> Read More &raquo;<\/a><\/p>","protected":false},"author":1,"featured_media":0,"parent":0,"menu_order":0,"comment_status":"closed","ping_status":"closed","template":"","meta":{"_mi_skip_tracking":false,"footnotes":""},"class_list":["post-605","page","type-page","status-publish","hentry"],"_links":{"self":[{"href":"https:\/\/www.estoniansociety.co.uk\/en\/wp-json\/wp\/v2\/pages\/605","targetHints":{"allow":["GET"]}}],"collection":[{"href":"https:\/\/www.estoniansociety.co.uk\/en\/wp-json\/wp\/v2\/pages"}],"about":[{"href":"https:\/\/www.estoniansociety.co.uk\/en\/wp-json\/wp\/v2\/types\/page"}],"author":[{"embeddable":true,"href":"https:\/\/www.estoniansociety.co.uk\/en\/wp-json\/wp\/v2\/users\/1"}],"replies":[{"embeddable":true,"href":"https:\/\/www.estoniansociety.co.uk\/en\/wp-json\/wp\/v2\/comments?post=605"}],"version-history":[{"count":5,"href":"https:\/\/www.estoniansociety.co.uk\/en\/wp-json\/wp\/v2\/pages\/605\/revisions"}],"predecessor-version":[{"id":5766,"href":"https:\/\/www.estoniansociety.co.uk\/en\/wp-json\/wp\/v2\/pages\/605\/revisions\/5766"}],"wp:attachment":[{"href":"https:\/\/www.estoniansociety.co.uk\/en\/wp-json\/wp\/v2\/media?parent=605"}],"curies":[{"name":"wp","href":"https:\/\/api.w.org\/{rel}","templated":true}]}}