{"id":599,"date":"2021-06-13T11:20:36","date_gmt":"2021-06-13T11:20:36","guid":{"rendered":"https:\/\/estoniansociety.co.uk\/?page_id=599"},"modified":"2021-10-18T06:32:20","modified_gmt":"2021-10-18T06:32:20","slug":"londoni-eesti-seltsi-jaanipidu-2019-uritused","status":"publish","type":"page","link":"https:\/\/www.estoniansociety.co.uk\/en\/londoni-eesti-seltsi-jaanipidu-2019-uritused\/","title":{"rendered":"Arhiiv &#8211; 2019 &#8211; \u00dcritused &#8211; Londoni Eesti Seltsi Jaanipidu 2019"},"content":{"rendered":"<div class=\"_63eu _63ev\">\n<h2 data-testid=\"event-permalink-details\"><\/h2>\n<h2 data-testid=\"event-permalink-details\"><\/h2>\n<h2 class=\"_63ew\" style=\"text-align: center;\" data-testid=\"event-permalink-details\"><span style=\"color: #5e5e61;\">Londoni Eesti Seltsi Jaanipidu 2019<\/span><\/h2>\n<p class=\"_63ew\" style=\"text-align: center;\" data-testid=\"event-permalink-details\"><span style=\"color: #5e5e61;\">01. juunil 2019, kell 14.00-23.00<\/span><br \/>\n<span style=\"color: #5e5e61;\">The Halfway House, Essex, CM13 3LL<\/span><\/p>\n<p><span style=\"color: #5e5e61;\">Londoni eestlaste kogupere jaanipidu toimub juba tuttavas kohas Essexis 01. Juunil. Piduliste p\u00e4ralt on Half Way House pubi avar ja rohelust t\u00e4is aed suure muruplatsi ja mahuka peotelgiga. L\u00f5kketuli tehakse keset hoovi ning tantsumuusika kestab pea s\u00fcda\u00f6\u00f6ni.<\/span><\/p>\n<p><span style=\"color: #5e5e61;\">PEAESINEJA ansambel \u00d6\u00d6 <\/span><br \/>\n<span style=\"color: #5e5e61;\">\u00d6\u00d6 on maailmamuusika ansambel, kuhu kuuluvad Londonis elavad eestlased. B\u00e4ndi juured p\u00f5hinevad traditsioonilisel Eesti muusikal, segades kokku elektroonilist- ja arhailist helipilti, luues oman\u00e4olist helimaastikku.<\/span><br \/>\n<span style=\"color: #5e5e61;\">Annaliisa Asveit &#8211; vokaal<\/span><br \/>\n<span style=\"color: #5e5e61;\">Kristiina Killo &#8211; vokaal, kongad, l\u00f6\u00f6kpillid <\/span><br \/>\n<span style=\"color: #5e5e61;\">Cathy Sommer &#8211; hiiu kannel, viiul, vokaal<\/span><br \/>\n<span style=\"color: #5e5e61;\">Meelis M\u00e4lgand &#8211; klahvpillid<\/span><br \/>\n<span style=\"color: #5e5e61;\">Madis M\u00e4lgand &#8211; trummid, klahvpillid, kongad<\/span><\/p>\n<p><span style=\"color: #5e5e61;\">TANTSUMUUSIKAT KEERUTAB LEGENDAARNE<\/span><br \/>\n<span style=\"color: #5e5e61;\">DJ ALLAN ROOSILEHT EESTIST!<\/span><br \/>\n<span style=\"color: #5e5e61;\">SPORTM\u00c4NGUD suurtele ja v\u00e4ikestele<\/span><br \/>\n<span style=\"color: #5e5e61;\">ESTONIAN FOLKS<\/span><br \/>\n<span style=\"color: #5e5e61;\">L\u00f5kketule s\u00fc\u00fctamine <\/span><br \/>\n<span style=\"color: #5e5e61;\">Avatud Eesti Pood ESTOLINK<\/span><br \/>\n<span style=\"color: #5e5e61;\">Loterii. <\/span><br \/>\n<span style=\"color: #5e5e61;\">V\u00e4ike Eesti Jaanilaat<\/span><\/p>\n<p><span style=\"color: #5e5e61;\">LASTEPROGRAMM<\/span><br \/>\n<span style=\"color: #5e5e61;\">Lastetelgis tegutsevad Keelekindluse noorteklubi ja Londoni Eesti Kool.<\/span><br \/>\n<span style=\"color: #5e5e61;\">Teatejooks ja v\u00f5istlused<\/span><br \/>\n<span style=\"color: #5e5e61;\">Aaretejaht<\/span><br \/>\n<span style=\"color: #5e5e61;\">N\u00e4omaalingud<\/span><br \/>\n<span style=\"color: #5e5e61;\">Rahvatantsu t\u00f6\u00f6tuba Marje Remmetiga<\/span><\/p>\n<p><span style=\"color: #5e5e61;\">IGALE LAPSELE EESTI J\u00c4\u00c4TIS!<\/span><br \/>\n<span style=\"color: #5e5e61;\">Eesti kaupa saab kaasa osta ESTOLINK poest ja Eesti jaanilaadalt.<\/span><br \/>\n<span style=\"color: #5e5e61;\">Kohapeal JAANIKU GRILL!<\/span><br \/>\n<span style=\"color: #5e5e61;\">Grillkohvikus ootavad taskukohaste hindadega jaaniku pidus\u00f6\u00f6gid, mida seekord saad valida just enda maitse-eelistuse j\u00e4rgi ! <\/span><br \/>\n<span style=\"color: #5e5e61;\">Grillribi, kanasashl\u00f5kk, eestimaised grillvorstid ja viinerid, kartulisalat, suvesalat, salat veganitele, k\u00fc\u00fcslauguleivad , v\u00e4rske hapukurk ja palju muud head ja paremat! Traditsioonilie Eesti kamajook!<\/span><br \/>\n<span style=\"color: #5e5e61;\">Magusalaua valikus maasikaid, puuviljad, vanilje-ja shokolaadi j\u00e4\u00e4tis, imehea kringel!<\/span><br \/>\n<span style=\"color: #5e5e61;\">Baaris eesti \u00f5lu ja siider!<\/span><br \/>\n<span style=\"color: #5e5e61;\">Arveldatamine sularahas! Baaris on v\u00f5imalik teha ka kaardimakseid kuid palume igaks juhuks varuda piisavalt sularaha.<\/span><br \/>\n<span style=\"color: #5e5e61;\">Oma s\u00f6\u00f6kide, jookide tarbimine on keelatud.<\/span><\/p>\n<p><span style=\"color: #5e5e61;\">PILETIM\u00dc\u00dcK:<\/span><br \/>\n<span style=\"color: #5e5e61;\">Sissep\u00e4\u00e4s peole:<\/span><br \/>\n<span style=\"color: #5e5e61;\">Eelm\u00fc\u00fck: T\u00e4ispilet: \u00a35.00 kuni 08. mai s\u00fcda\u00f6\u00f6ni; \u00a310.00 kuni<\/span><br \/>\n<span style=\"color: #5e5e61;\">31. mai s\u00fcda\u00f6\u00f6ni. Kohapeal: \u00a315.00.<\/span><br \/>\n<span style=\"color: #5e5e61;\">Sooduspilet: \u00a35.00 eelm\u00fc\u00fcgis\/kohapeal. Sooduspilet on lastele 8 a-17 a (kaasa arvatud), \u00fcli\u00f5pilastele (\u00fcli\u00f5pilaskaardi alusel ainult), pension\u00e4ridele.<\/span><br \/>\n<span style=\"color: #5e5e61;\">Lastele alla 7 a (k a ) TASUTA sissep\u00e4\u00e4s.<\/span><\/p>\n<p><span style=\"color: #5e5e61;\">Lastele on tasuta j\u00e4\u00e4tis nagu igal aastal! Palun registreeri laps, et saaksime vajaliku koguse j\u00e4\u00e4tised Eestist teele saata.<\/span><br \/>\n<span style=\"color: #5e5e61;\">NB! Peo sissep\u00e4\u00e4s EI SISALDA s\u00f6\u00f6ki! Pidus\u00f6\u00f6ki saad osta koha pealt taskukohaste hindadega nagu eelmiselgi aastal!<\/span><br \/>\n<span style=\"color: #5e5e61;\">Osta piletid eelm\u00fc\u00fcgist kaardiga l\u00e4bi Eventbrite maksus\u00fcsteemi! (lisandub teenustasu)<\/span><\/p>\n<p><span style=\"color: #5e5e61;\">V\u00f5i tee \u00fclekanne LES kontole m\u00e4rgus\u00f5naga JAAN2019<\/span><br \/>\n<span style=\"color: #5e5e61;\">Transfer includes two parts: <\/span><br \/>\n<span style=\"color: #5e5e61;\">1. \u00dcLEKANNE : Natwest konto nr 68652704 kood 60-15-33 Adressaat: Estonian Society in London (kuna kogu nimi ei mahu reale \u00e4ra, siis kirjutage palju mahub)<\/span><\/p>\n<p><span style=\"color: #5e5e61;\">2. EMAILI KINNITUSKIRI: Palun saatke email info@estoniansociety.co.uk koos pangakinnitusega v\u00f5i maksja nime ning summaga. M\u00e4rkige juurde nimeliselt, kes tulevad peole. Peo uksel saavad k\u00fclalised k\u00e4epaelad nimede alusel.<\/span><\/p>\n<p><span style=\"color: #5e5e61;\">NB! Viimane panga\u00fclekanne, mida arvestame, on 5 p\u00e4eva enne pidu: esmasp\u00e4eval, 27. maill. Eventbrite viimane \u00fclekanne on v\u00f5imalik teha reedel, 31. mail kell 18.00.<\/span><\/p>\n<hr \/>\n<p style=\"text-align: center;\"><strong><span style=\"color: #5e5e61;\">KUIDAS TULLA<\/span><\/strong><\/p>\n<p style=\"text-align: left;\"><strong><span style=\"color: #5e5e61;\">AUTOGA:<\/span><\/strong><br \/>\n<span style=\"color: #5e5e61;\">Postikoodiks on CM13 3LL. Parkimiskohti on k\u00fcllalt (50+) ning parkimine on TASUTA.<\/span><br \/>\n<strong><span style=\"color: #5e5e61;\">\u00dchistranspordiga Londonist:<\/span><\/strong><br \/>\n<span style=\"color: #5e5e61;\">(NB! Peokohta saab rongijaamast AINULT autoga\/taksoga)<\/span><br \/>\n<span style=\"color: #5e5e61;\">\u00dcrituse l\u00e4him rongipeatus on UPMINSTER (tsoon 6, Oyster kaart)<\/span><br \/>\n<span style=\"color: #5e5e61;\">Rongid: District Line (n\u00e4dalavahetuse graafikus v\u00f5imalikud muutused)<\/span><br \/>\n<span style=\"color: #5e5e61;\">Ja C2C rong:<\/span><br \/>\n<span style=\"color: #5e5e61;\">Fenchurch Street- Limehouse- West Ham- Barking- Upminster ja Liverpool Street-Stratford- Barking- Upminster<\/span><br \/>\n<span style=\"color: #5e5e61;\">TAGASI Upminster rongijaamast v\u00e4ljuvad viimased rongid: 23.41, 23.45 ja 00.09.<\/span><\/p>\n<p><strong><span style=\"color: #5e5e61;\">TAKSOGA:<\/span><\/strong><br \/>\n<span style=\"color: #5e5e61;\">NB! Peokohta saab AINULT autoga\/taksoga.<\/span><br \/>\n<span style=\"color: #5e5e61;\">Palun tellige taksod aegsasti. \u00d5htune tagasiminek rongijaama tellige kindlasti juba hommikul \u00e4ra.<\/span><br \/>\n<span style=\"color: #5e5e61;\">KOHALIKUD TAKSOD: Station Cars tel: 01708 229400 , Upminster Taxi Rank tel: 01708 225832 , Men in Black Cars tel: 01708 501069<\/span><\/p>\n<p>&nbsp;<\/p>\n<\/div>\n<div>\n<hr \/>\n<\/div>\n<div><\/div>\n<h2 style=\"text-align: center;\">\u00a0 \u00a0London Estonian Society&#8217;s Mid-Summer Celebration 2019<\/h2>\n<div><\/div>\n<div class=\"_63eu _63ev\">\n<p><span style=\"color: #5e5e61;\">The Midsummer\u2019s Eve party is meant for the entire London Estonian family and is happening in Essex at the ground of the Half Way House Pub with a spacious green garden, large lawn and a grand party tent. A bonfire will be lit in the middle of the yard and dance music will last until almost midnight.<\/span><\/p>\n<p><span style=\"color: #5e5e61;\">Midsummer\u2019s Eve Party Plan:<\/span><\/p>\n<p><span style=\"color: #5e5e61;\">We present the Estonian band \u00d6\u00d6.<\/span><br \/>\n<span style=\"color: #5e5e61;\">\u00d6\u00d6 (&#8220;Night&#8221;) is a world fusion band comprised of Estonian musicians living in London. The band has its roots in Estonian traditional music, mixing electronic and archaic sounds to create original and exciting soundscapes.<\/span><br \/>\n<span style=\"color: #5e5e61;\">Band members:<\/span><br \/>\n<span style=\"color: #5e5e61;\">Annaliisa Asveit (vocals)<\/span><br \/>\n<span style=\"color: #5e5e61;\">Kristiina Killo (vocals, percussion, bass)<\/span><br \/>\n<span style=\"color: #5e5e61;\">Cathy Sommer (vocals, violin, talharpa)<\/span><br \/>\n<span style=\"color: #5e5e61;\">Meelis M\u00e4lgand (keyboards)<\/span><br \/>\n<span style=\"color: #5e5e61;\">Madis M\u00e4lgand (keyboards, drums)<\/span><\/p>\n<p><span style=\"color: #5e5e61;\">LEGENDARY ESTONIAN DJ ALLAN ROOSILEHT!<\/span><br \/>\n<span style=\"color: #5e5e61;\">DJ will play pleasant Estonian music<\/span><br \/>\n<span style=\"color: #5e5e61;\">The day program will be carried out in two languages: Estonian and English<\/span><br \/>\n<span style=\"color: #5e5e61;\">Play Estonian SPORT GAMES! Competitions &#8211; boot throwing, rope pull, wife carrying.<\/span><br \/>\n<span style=\"color: #5e5e61;\">ESTONIAN FOLKS Dance Group performance and workshop. <\/span><br \/>\n<span style=\"color: #5e5e61;\">Bonfire lightning with bang and sparkle!<\/span><br \/>\n<span style=\"color: #5e5e61;\">Estonian Shop by ESTOLINK is open!<\/span><br \/>\n<span style=\"color: #5e5e61;\">Lottery! With a pile of exciting prizes straight from Estonia!<\/span><br \/>\n<span style=\"color: #5e5e61;\">CHILDREN\u2019S PROGRAMME<\/span><\/p>\n<p><span style=\"color: #5e5e61;\">CHILDREN\u2019S TENT<\/span><br \/>\n<span style=\"color: #5e5e61;\">Relay run and throwing games<\/span><br \/>\n<span style=\"color: #5e5e61;\">Face painting<\/span><br \/>\n<span style=\"color: #5e5e61;\">Lots of fun<\/span><br \/>\n<span style=\"color: #5e5e61;\">***************************<\/span><\/p>\n<p><span style=\"color: #5e5e61;\">ESTONIAN BBQ! Catering is NOT inlcuded. It is reasonably priced food from Estonia. <\/span><\/p>\n<p><span style=\"color: #5e5e61;\">All food offered at the party will be Estonian in character: BBQ ribs, BBQ chicken shashlik, grilled sausage straight from Estonia, genuine potato salad, green salad, vegetarian salad rye bread. Freshly made cruncy salted gherkins. And, as usual, you can sip pleasant estonian kama drink. Icecream , fruits, strawberries and Estonian kringle!<\/span><\/p>\n<p><span style=\"color: #5e5e61;\">Alcohol can be bought from the pub bar. Estonian BEER! Certainly bring change!<\/span><\/p>\n<p><span style=\"color: #5e5e61;\">Consumption of your own drinks and food is forbidden, as per the venue\u2019s regulations.<\/span><\/p>\n<p><span style=\"color: #5e5e61;\">TICKET SALES!<\/span><br \/>\n<span style=\"color: #5e5e61;\">PRESALES: Adults \u00a35.00 \/ children 13-17yrs \u00a35.00 \/ under 12yrs FREE till 08.05.19<\/span><br \/>\n<span style=\"color: #5e5e61;\">From 10th May till 31th May: Adults \u00a310.00 \/ children 13-17yrs \u00a35.00 \/ under 12yrs FREE<\/span><br \/>\n<span style=\"color: #5e5e61;\">ON SITE: Adults,\u00a315.00\/ children 13-17yrs \u00a35.00 \/ under 12yrs FREE<\/span><br \/>\n<span style=\"color: #5e5e61;\">Buy tickets in advance by card through the Eventbrite payment system! (adds service charge)<\/span><br \/>\n<span style=\"color: #5e5e61;\">Or make a transfer to the London Estonian Society account with the reference: JAAN2019 (last opportunity to pay 27.05.19 strickly)<\/span><\/p>\n<p><span style=\"color: #5e5e61;\">To who: Estonian Society<\/span><br \/>\n<span style=\"color: #5e5e61;\">Natwest account nr 68652704<\/span><br \/>\n<span style=\"color: #5e5e61;\">code 60-15-33<\/span><br \/>\n<span style=\"color: #5e5e61;\">Additional Info: info@estoniansociety.co.uk<\/span><br \/>\n<span style=\"color: #5e5e61;\">******************************<\/span><br \/>\n<span style=\"color: #5e5e61;\">HOW TO GET THERE<\/span><br \/>\n<span style=\"color: #5e5e61;\">By car<\/span><br \/>\n<span style=\"color: #5e5e61;\">Postcode is CM13 3LL. There are plenty of parking spaces (+50) and parking is free.<\/span><br \/>\n<span style=\"color: #5e5e61;\">By public transport from London:<\/span><br \/>\n<span style=\"color: #5e5e61;\">NB! NO ACCESS TO EVENT PLACE BY FOOT! Please book taxi from Upminster station to CM13 3LL, the Halfway House. NOTE! We suggsest to order taxi in the evening back to trainstation in advance. The last train back to town from UPMINSTER is about midngiht.<\/span><br \/>\n<span style=\"color: #5e5e61;\">The closest station to the event is UPMINSTER (zone 6, Oystercard)<\/span><br \/>\n<span style=\"color: #5e5e61;\">Trains: District Line and C2C train (quicker).<\/span><br \/>\n<span style=\"color: #5e5e61;\">Train: District Line to UPMINSTER.<\/span><br \/>\n<span style=\"color: #5e5e61;\">C2C Rail:<\/span><br \/>\n<span style=\"color: #5e5e61;\">Fenchurch Street \u2013 Limehouse \u2013 West Ham (jubilee \u2013 change to railway platform 7) \u2013 Barking \u2013 Upminster<\/span><br \/>\n<span style=\"color: #5e5e61;\">Or Liverpool Street \u2013 Stratford \u2013 Barking \u2013 Upminster<\/span><br \/>\n<span style=\"color: #5e5e61;\">The local taxi numbers are here: Station Cars tel: 01708 229400 , Upminster Taxi Rank tel: 01708 225832 , Men in Black Cars tel: 01708 501069<\/span><\/p>\n<p><span style=\"color: #5e5e61;\">See you at the Midsummer\u2019s Festival!<\/span><br \/>\n<span style=\"color: #5e5e61;\">The party is brought to you by London Estonian Society<\/span><\/p>\n<p>&nbsp;<\/p>\n<\/div>\n<hr \/>\n<p>&nbsp;<\/p>","protected":false},"excerpt":{"rendered":"<p>Londoni Eesti Seltsi Jaanipidu 2019 01. juunil 2019, kell 14.00-23.00 The Halfway House, Essex, CM13 3LL Londoni eestlaste kogupere jaanipidu toimub juba tuttavas kohas Essexis 01. Juunil. Piduliste p\u00e4ralt on Half Way House pubi avar ja rohelust t\u00e4is aed suure muruplatsi ja mahuka peotelgiga. L\u00f5kketuli tehakse keset hoovi ning tantsumuusika kestab pea s\u00fcda\u00f6\u00f6ni. PEAESINEJA ansambel &hellip;<\/p>\n<p class=\"read-more\"> <a class=\"\" href=\"https:\/\/www.estoniansociety.co.uk\/en\/londoni-eesti-seltsi-jaanipidu-2019-uritused\/\"> <span class=\"screen-reader-text\">Arhiiv &#8211; 2019 &#8211; \u00dcritused &#8211; Londoni Eesti Seltsi Jaanipidu 2019<\/span> Read More &raquo;<\/a><\/p>","protected":false},"author":1,"featured_media":0,"parent":0,"menu_order":0,"comment_status":"closed","ping_status":"closed","template":"","meta":{"_mi_skip_tracking":false,"footnotes":""},"class_list":["post-599","page","type-page","status-publish","hentry"],"_links":{"self":[{"href":"https:\/\/www.estoniansociety.co.uk\/en\/wp-json\/wp\/v2\/pages\/599","targetHints":{"allow":["GET"]}}],"collection":[{"href":"https:\/\/www.estoniansociety.co.uk\/en\/wp-json\/wp\/v2\/pages"}],"about":[{"href":"https:\/\/www.estoniansociety.co.uk\/en\/wp-json\/wp\/v2\/types\/page"}],"author":[{"embeddable":true,"href":"https:\/\/www.estoniansociety.co.uk\/en\/wp-json\/wp\/v2\/users\/1"}],"replies":[{"embeddable":true,"href":"https:\/\/www.estoniansociety.co.uk\/en\/wp-json\/wp\/v2\/comments?post=599"}],"version-history":[{"count":5,"href":"https:\/\/www.estoniansociety.co.uk\/en\/wp-json\/wp\/v2\/pages\/599\/revisions"}],"predecessor-version":[{"id":5774,"href":"https:\/\/www.estoniansociety.co.uk\/en\/wp-json\/wp\/v2\/pages\/599\/revisions\/5774"}],"wp:attachment":[{"href":"https:\/\/www.estoniansociety.co.uk\/en\/wp-json\/wp\/v2\/media?parent=599"}],"curies":[{"name":"wp","href":"https:\/\/api.w.org\/{rel}","templated":true}]}}