{"id":570,"date":"2021-06-13T10:16:39","date_gmt":"2021-06-13T10:16:39","guid":{"rendered":"https:\/\/estoniansociety.co.uk\/?page_id=570"},"modified":"2021-10-17T13:57:51","modified_gmt":"2021-10-17T13:57:51","slug":"seltsi-ajalugu","status":"publish","type":"page","link":"https:\/\/www.estoniansociety.co.uk\/en\/seltsi-ajalugu\/","title":{"rendered":"Seltsist &#8211; Seltsi Ajalugu"},"content":{"rendered":"<div data-elementor-type=\"wp-page\" data-elementor-id=\"570\" class=\"elementor elementor-570\">\n\t\t\t\t\t\t\t\t\t<section class=\"elementor-section elementor-top-section elementor-element elementor-element-7610f8fc elementor-section-height-min-height elementor-section-content-bottom elementor-section-items-bottom elementor-section-boxed elementor-section-height-default\" data-id=\"7610f8fc\" data-element_type=\"section\" data-settings=\"{&quot;background_background&quot;:&quot;classic&quot;}\">\n\t\t\t\t\t\t\t<div class=\"elementor-background-overlay\"><\/div>\n\t\t\t\t\t\t\t<div class=\"elementor-container elementor-column-gap-no\">\n\t\t\t\t\t<div class=\"elementor-column elementor-col-100 elementor-top-column elementor-element elementor-element-43bf1d07\" data-id=\"43bf1d07\" data-element_type=\"column\">\n\t\t\t<div class=\"elementor-widget-wrap elementor-element-populated\">\n\t\t\t\t\t\t\t\t<div class=\"elementor-element elementor-element-7d113214 elementor-widget elementor-widget-heading\" data-id=\"7d113214\" data-element_type=\"widget\" data-widget_type=\"heading.default\">\n\t\t\t\t<div class=\"elementor-widget-container\">\n\t\t\t<h1 class=\"elementor-heading-title elementor-size-default\">History<\/h1>\t\t<\/div>\n\t\t\t\t<\/div>\n\t\t\t\t\t<\/div>\n\t\t<\/div>\n\t\t\t\t\t\t\t<\/div>\n\t\t<\/section>\n\t\t\t\t<section class=\"elementor-section elementor-top-section elementor-element elementor-element-f097043 elementor-section-boxed elementor-section-height-default elementor-section-height-default\" data-id=\"f097043\" data-element_type=\"section\">\n\t\t\t\t\t\t<div class=\"elementor-container elementor-column-gap-default\">\n\t\t\t\t\t<div class=\"elementor-column elementor-col-100 elementor-top-column elementor-element elementor-element-d1801db\" data-id=\"d1801db\" data-element_type=\"column\">\n\t\t\t<div class=\"elementor-widget-wrap elementor-element-populated\">\n\t\t\t\t\t\t\t\t<div class=\"elementor-element elementor-element-1a1ac67 elementor-widget elementor-widget-spacer\" data-id=\"1a1ac67\" data-element_type=\"widget\" data-widget_type=\"spacer.default\">\n\t\t\t\t<div class=\"elementor-widget-container\">\n\t\t\t\t\t<div class=\"elementor-spacer\">\n\t\t\t<div class=\"elementor-spacer-inner\"><\/div>\n\t\t<\/div>\n\t\t\t\t<\/div>\n\t\t\t\t<\/div>\n\t\t\t\t\t<\/div>\n\t\t<\/div>\n\t\t\t\t\t\t\t<\/div>\n\t\t<\/section>\n\t\t\t\t<section class=\"elementor-section elementor-top-section elementor-element elementor-element-2372f97 elementor-section-boxed elementor-section-height-default elementor-section-height-default\" data-id=\"2372f97\" data-element_type=\"section\">\n\t\t\t\t\t\t<div class=\"elementor-container elementor-column-gap-default\">\n\t\t\t\t\t<div class=\"elementor-column elementor-col-100 elementor-top-column elementor-element elementor-element-d872b00\" data-id=\"d872b00\" data-element_type=\"column\">\n\t\t\t<div class=\"elementor-widget-wrap elementor-element-populated\">\n\t\t\t\t\t\t\t\t<div class=\"elementor-element elementor-element-5390b15 elementor-position-left elementor-vertical-align-middle elementor-widget elementor-widget-image-box\" data-id=\"5390b15\" data-element_type=\"widget\" data-widget_type=\"image-box.default\">\n\t\t\t\t<div class=\"elementor-widget-container\">\n\t\t\t<div class=\"elementor-image-box-wrapper\"><figure class=\"elementor-image-box-img\"><a href=\"https:\/\/www.estoniansociety.co.uk\/en\/seltsist-ajalugu-eesti-londoni-seltsi-alguslugu\/\"><img loading=\"lazy\" decoding=\"async\" width=\"518\" height=\"518\" src=\"https:\/\/www.estoniansociety.co.uk\/wp-content\/uploads\/2021\/07\/juhatus1935-e1625471662811.png\" class=\"attachment-full size-full wp-image-3103\" alt=\"\" srcset=\"https:\/\/www.estoniansociety.co.uk\/wp-content\/uploads\/2021\/07\/juhatus1935-e1625471662811.png 518w, https:\/\/www.estoniansociety.co.uk\/wp-content\/uploads\/2021\/07\/juhatus1935-e1625471662811-300x300.png 300w, https:\/\/www.estoniansociety.co.uk\/wp-content\/uploads\/2021\/07\/juhatus1935-e1625471662811-150x150.png 150w\" sizes=\"auto, (max-width: 518px) 100vw, 518px\" \/><\/a><\/figure><div class=\"elementor-image-box-content\"><h3 class=\"elementor-image-box-title\"><a href=\"https:\/\/www.estoniansociety.co.uk\/en\/seltsist-ajalugu-eesti-londoni-seltsi-alguslugu\/\">Eesti Londoni Seltsi Alguslugu...<\/a><\/h3><p class=\"elementor-image-box-description\">Londoni Eesti Selts (LES) on Inglismaa vanim eestlaste poolt kokku kutsutud \u00fchendus  ja tema ametlik asutamisaasta on  7. juuli 1921. LES eellaseks on 18.veebruaril 1918. aastal loodud \u00fchendus Londoni Eesti Ilma Parteita Sotsiaal Gruppe, mis oli  olemuselt seltskondlik \u00fchendus ning ei propageerinud liikmete isiklikke maailmavaateid. Loodud gruppi tegevus soikus 1919. aastal liikmete v\u00e4hesuse ja ideelise eesm\u00e4rgi puudumise t\u00f5ttu. Eesti oli saavutanud just iseseisvuse ning uue olukorraga harjumine n\u00f5udis aega. Omariikluse kujunemise idee ja m\u00f5tteviisi loomisele aitas kaasa ajutise Eesti saatkonna loomine Londonisse.<\/p><\/div><\/div>\t\t<\/div>\n\t\t\t\t<\/div>\n\t\t\t\t<div class=\"elementor-element elementor-element-860a661 elementor-align-center elementor-widget elementor-widget-button\" data-id=\"860a661\" data-element_type=\"widget\" data-widget_type=\"button.default\">\n\t\t\t\t<div class=\"elementor-widget-container\">\n\t\t\t\t\t<div class=\"elementor-button-wrapper\">\n\t\t\t<a href=\"https:\/\/www.estoniansociety.co.uk\/en\/seltsist-ajalugu-eesti-londoni-seltsi-alguslugu\/\" class=\"elementor-button-link elementor-button elementor-size-sm\" role=\"button\">\n\t\t\t\t\t\t<span class=\"elementor-button-content-wrapper\">\n\t\t\t\t\t\t<span class=\"elementor-button-text\">read more<\/span>\n\t\t<\/span>\n\t\t\t\t\t<\/a>\n\t\t<\/div>\n\t\t\t\t<\/div>\n\t\t\t\t<\/div>\n\t\t\t\t<div class=\"elementor-element elementor-element-aab26ee elementor-widget elementor-widget-spacer\" data-id=\"aab26ee\" data-element_type=\"widget\" data-widget_type=\"spacer.default\">\n\t\t\t\t<div class=\"elementor-widget-container\">\n\t\t\t\t\t<div class=\"elementor-spacer\">\n\t\t\t<div class=\"elementor-spacer-inner\"><\/div>\n\t\t<\/div>\n\t\t\t\t<\/div>\n\t\t\t\t<\/div>\n\t\t\t\t\t<\/div>\n\t\t<\/div>\n\t\t\t\t\t\t\t<\/div>\n\t\t<\/section>\n\t\t\t\t<section class=\"elementor-section elementor-top-section elementor-element elementor-element-6b0f29a elementor-section-boxed elementor-section-height-default elementor-section-height-default\" data-id=\"6b0f29a\" data-element_type=\"section\">\n\t\t\t\t\t\t<div class=\"elementor-container elementor-column-gap-default\">\n\t\t\t\t\t<div class=\"elementor-column elementor-col-100 elementor-top-column elementor-element elementor-element-45aac62\" data-id=\"45aac62\" data-element_type=\"column\">\n\t\t\t<div class=\"elementor-widget-wrap elementor-element-populated\">\n\t\t\t\t\t\t\t\t<div class=\"elementor-element elementor-element-e0c0c79 elementor-position-top elementor-vertical-align-top elementor-widget elementor-widget-image-box\" data-id=\"e0c0c79\" data-element_type=\"widget\" data-widget_type=\"image-box.default\">\n\t\t\t\t<div class=\"elementor-widget-container\">\n\t\t\t<div class=\"elementor-image-box-wrapper\"><figure class=\"elementor-image-box-img\"><a href=\"https:\/\/www.estoniansociety.co.uk\/en\/seltsist-ajalugu-nigul-hindo-eesti-organisatsioonid-inglismaal-1918-1968\/\"><img loading=\"lazy\" decoding=\"async\" width=\"2043\" height=\"2560\" src=\"https:\/\/www.estoniansociety.co.uk\/wp-content\/uploads\/2021\/07\/Eesti_org_Inglismaal_00001-scaled.jpg\" class=\"attachment-full size-full wp-image-3613\" alt=\"\" srcset=\"https:\/\/www.estoniansociety.co.uk\/wp-content\/uploads\/2021\/07\/Eesti_org_Inglismaal_00001-scaled.jpg 2043w, https:\/\/www.estoniansociety.co.uk\/wp-content\/uploads\/2021\/07\/Eesti_org_Inglismaal_00001-239x300.jpg 239w, https:\/\/www.estoniansociety.co.uk\/wp-content\/uploads\/2021\/07\/Eesti_org_Inglismaal_00001-817x1024.jpg 817w, https:\/\/www.estoniansociety.co.uk\/wp-content\/uploads\/2021\/07\/Eesti_org_Inglismaal_00001-768x962.jpg 768w, https:\/\/www.estoniansociety.co.uk\/wp-content\/uploads\/2021\/07\/Eesti_org_Inglismaal_00001-1226x1536.jpg 1226w, https:\/\/www.estoniansociety.co.uk\/wp-content\/uploads\/2021\/07\/Eesti_org_Inglismaal_00001-1635x2048.jpg 1635w\" sizes=\"auto, (max-width: 2043px) 100vw, 2043px\" \/><\/a><\/figure><div class=\"elementor-image-box-content\"><h3 class=\"elementor-image-box-title\"><a href=\"https:\/\/www.estoniansociety.co.uk\/en\/seltsist-ajalugu-nigul-hindo-eesti-organisatsioonid-inglismaal-1918-1968\/\">\"Eesti Organisatsioonid Inglismaal 1918-1968\"<\/a><\/h3><p class=\"elementor-image-box-description\">Loe l\u00e4hemalt Nigul Hindost ja tema teosest \"Eesti organisatsioonidest Inglismaal vahemikus 1918 - 1968\".\u00a0<\/p><\/div><\/div>\t\t<\/div>\n\t\t\t\t<\/div>\n\t\t\t\t<div class=\"elementor-element elementor-element-9d74c27 elementor-align-center elementor-widget elementor-widget-button\" data-id=\"9d74c27\" data-element_type=\"widget\" data-widget_type=\"button.default\">\n\t\t\t\t<div class=\"elementor-widget-container\">\n\t\t\t\t\t<div class=\"elementor-button-wrapper\">\n\t\t\t<a href=\"https:\/\/www.estoniansociety.co.uk\/en\/seltsist-ajalugu-nigul-hindo-eesti-organisatsioonid-inglismaal-1918-1968\/\" class=\"elementor-button-link elementor-button elementor-size-sm\" role=\"button\">\n\t\t\t\t\t\t<span class=\"elementor-button-content-wrapper\">\n\t\t\t\t\t\t<span class=\"elementor-button-text\">read more<\/span>\n\t\t<\/span>\n\t\t\t\t\t<\/a>\n\t\t<\/div>\n\t\t\t\t<\/div>\n\t\t\t\t<\/div>\n\t\t\t\t<div class=\"elementor-element elementor-element-ea9b092 elementor-widget elementor-widget-spacer\" data-id=\"ea9b092\" data-element_type=\"widget\" data-widget_type=\"spacer.default\">\n\t\t\t\t<div class=\"elementor-widget-container\">\n\t\t\t\t\t<div class=\"elementor-spacer\">\n\t\t\t<div class=\"elementor-spacer-inner\"><\/div>\n\t\t<\/div>\n\t\t\t\t<\/div>\n\t\t\t\t<\/div>\n\t\t\t\t\t<\/div>\n\t\t<\/div>\n\t\t\t\t\t\t\t<\/div>\n\t\t<\/section>\n\t\t\t\t<section class=\"elementor-section elementor-top-section elementor-element elementor-element-638561d elementor-section-boxed elementor-section-height-default elementor-section-height-default\" data-id=\"638561d\" data-element_type=\"section\" data-settings=\"{&quot;background_background&quot;:&quot;classic&quot;}\">\n\t\t\t\t\t\t\t<div class=\"elementor-background-overlay\"><\/div>\n\t\t\t\t\t\t\t<div class=\"elementor-container elementor-column-gap-no\">\n\t\t\t\t\t<div class=\"elementor-column elementor-col-100 elementor-top-column elementor-element elementor-element-46d555a8\" data-id=\"46d555a8\" data-element_type=\"column\">\n\t\t\t<div class=\"elementor-widget-wrap elementor-element-populated\">\n\t\t\t\t\t\t\t\t<div class=\"elementor-element elementor-element-74af3be8 elementor-widget elementor-widget-heading\" data-id=\"74af3be8\" data-element_type=\"widget\" data-widget_type=\"heading.default\">\n\t\t\t\t<div class=\"elementor-widget-container\">\n\t\t\t<h6 class=\"elementor-heading-title elementor-size-medium\">Support London Estonian Society<\/h6>\t\t<\/div>\n\t\t\t\t<\/div>\n\t\t\t\t<div class=\"elementor-element elementor-element-1fb7c24 elementor-widget elementor-widget-heading\" data-id=\"1fb7c24\" data-element_type=\"widget\" data-widget_type=\"heading.default\">\n\t\t\t\t<div class=\"elementor-widget-container\">\n\t\t\t<h2 class=\"elementor-heading-title elementor-size-medium\">All donations given will be used to preserve London Estonian Society and to organise Estonian cultural events.<\/h2>\t\t<\/div>\n\t\t\t\t<\/div>\n\t\t\t\t<div class=\"elementor-element elementor-element-13de2b2b elementor-align-center elementor-widget elementor-widget-button\" data-id=\"13de2b2b\" data-element_type=\"widget\" data-widget_type=\"button.default\">\n\t\t\t\t<div class=\"elementor-widget-container\">\n\t\t\t\t\t<div class=\"elementor-button-wrapper\">\n\t\t\t<a href=\"https:\/\/www.estoniansociety.co.uk\/en\/toeta-londoni-eesti-seltsi\/\" class=\"elementor-button-link elementor-button elementor-size-sm\" role=\"button\">\n\t\t\t\t\t\t<span class=\"elementor-button-content-wrapper\">\n\t\t\t\t\t\t<span class=\"elementor-button-text\">Support Us<\/span>\n\t\t<\/span>\n\t\t\t\t\t<\/a>\n\t\t<\/div>\n\t\t\t\t<\/div>\n\t\t\t\t<\/div>\n\t\t\t\t\t<\/div>\n\t\t<\/div>\n\t\t\t\t\t\t\t<\/div>\n\t\t<\/section>\n\t\t\t\t\t\t\t<\/div>","protected":false},"excerpt":{"rendered":"<p>Seltsi Ajalugu Eesti Londoni Seltsi Alguslugu&#8230; Londoni Eesti Selts (LES) on Inglismaa vanim eestlaste poolt kokku kutsutud \u00fchendus ja tema ametlik asutamisaasta on 7. juuli 1921. LES eellaseks on 18.veebruaril 1918. aastal loodud \u00fchendus Londoni Eesti Ilma Parteita Sotsiaal Gruppe, mis oli olemuselt seltskondlik \u00fchendus ning ei propageerinud liikmete isiklikke maailmavaateid. Loodud gruppi tegevus soikus &hellip;<\/p>\n<p class=\"read-more\"> <a class=\"\" href=\"https:\/\/www.estoniansociety.co.uk\/en\/seltsi-ajalugu\/\"> <span class=\"screen-reader-text\">Seltsist &#8211; Seltsi Ajalugu<\/span> Read More &raquo;<\/a><\/p>","protected":false},"author":1,"featured_media":0,"parent":0,"menu_order":0,"comment_status":"closed","ping_status":"closed","template":"","meta":{"_mi_skip_tracking":false,"footnotes":""},"class_list":["post-570","page","type-page","status-publish","hentry"],"_links":{"self":[{"href":"https:\/\/www.estoniansociety.co.uk\/en\/wp-json\/wp\/v2\/pages\/570","targetHints":{"allow":["GET"]}}],"collection":[{"href":"https:\/\/www.estoniansociety.co.uk\/en\/wp-json\/wp\/v2\/pages"}],"about":[{"href":"https:\/\/www.estoniansociety.co.uk\/en\/wp-json\/wp\/v2\/types\/page"}],"author":[{"embeddable":true,"href":"https:\/\/www.estoniansociety.co.uk\/en\/wp-json\/wp\/v2\/users\/1"}],"replies":[{"embeddable":true,"href":"https:\/\/www.estoniansociety.co.uk\/en\/wp-json\/wp\/v2\/comments?post=570"}],"version-history":[{"count":5,"href":"https:\/\/www.estoniansociety.co.uk\/en\/wp-json\/wp\/v2\/pages\/570\/revisions"}],"predecessor-version":[{"id":5330,"href":"https:\/\/www.estoniansociety.co.uk\/en\/wp-json\/wp\/v2\/pages\/570\/revisions\/5330"}],"wp:attachment":[{"href":"https:\/\/www.estoniansociety.co.uk\/en\/wp-json\/wp\/v2\/media?parent=570"}],"curies":[{"name":"wp","href":"https:\/\/api.w.org\/{rel}","templated":true}]}}