{"id":390,"date":"2021-06-02T13:30:47","date_gmt":"2021-06-02T13:30:47","guid":{"rendered":"https:\/\/estoniansociety.co.uk\/?page_id=390"},"modified":"2022-04-10T19:25:38","modified_gmt":"2022-04-10T19:25:38","slug":"rahvatants","status":"publish","type":"page","link":"https:\/\/www.estoniansociety.co.uk\/en\/rahvatants\/","title":{"rendered":"Seltsist &#8211; Rahvatants"},"content":{"rendered":"<div data-elementor-type=\"wp-page\" data-elementor-id=\"390\" class=\"elementor elementor-390\">\n\t\t\t\t\t\t\t\t\t<section class=\"elementor-section elementor-top-section elementor-element elementor-element-4a6ca47b elementor-section-height-min-height elementor-section-content-bottom elementor-section-items-bottom elementor-section-boxed elementor-section-height-default\" data-id=\"4a6ca47b\" data-element_type=\"section\" data-settings=\"{&quot;background_background&quot;:&quot;classic&quot;}\">\n\t\t\t\t\t\t\t<div class=\"elementor-background-overlay\"><\/div>\n\t\t\t\t\t\t\t<div class=\"elementor-container elementor-column-gap-no\">\n\t\t\t\t\t<div class=\"elementor-column elementor-col-100 elementor-top-column elementor-element elementor-element-71366eb6\" data-id=\"71366eb6\" data-element_type=\"column\">\n\t\t\t<div class=\"elementor-widget-wrap elementor-element-populated\">\n\t\t\t\t\t\t\t\t<div class=\"elementor-element elementor-element-2c36f825 elementor-widget elementor-widget-heading\" data-id=\"2c36f825\" data-element_type=\"widget\" data-widget_type=\"heading.default\">\n\t\t\t\t<div class=\"elementor-widget-container\">\n\t\t\t<h1 class=\"elementor-heading-title elementor-size-default\">Folk dancing<\/h1>\t\t<\/div>\n\t\t\t\t<\/div>\n\t\t\t\t\t<\/div>\n\t\t<\/div>\n\t\t\t\t\t\t\t<\/div>\n\t\t<\/section>\n\t\t\t\t<section class=\"elementor-section elementor-top-section elementor-element elementor-element-30a184f elementor-section-boxed elementor-section-height-default elementor-section-height-default\" data-id=\"30a184f\" data-element_type=\"section\">\n\t\t\t\t\t\t<div class=\"elementor-container elementor-column-gap-default\">\n\t\t\t\t\t<div class=\"elementor-column elementor-col-100 elementor-top-column elementor-element elementor-element-bd28edb\" data-id=\"bd28edb\" data-element_type=\"column\">\n\t\t\t<div class=\"elementor-widget-wrap elementor-element-populated\">\n\t\t\t\t\t\t\t\t<div class=\"elementor-element elementor-element-6c8def0 elementor-widget elementor-widget-spacer\" data-id=\"6c8def0\" data-element_type=\"widget\" data-widget_type=\"spacer.default\">\n\t\t\t\t<div class=\"elementor-widget-container\">\n\t\t\t\t\t<div class=\"elementor-spacer\">\n\t\t\t<div class=\"elementor-spacer-inner\"><\/div>\n\t\t<\/div>\n\t\t\t\t<\/div>\n\t\t\t\t<\/div>\n\t\t\t\t<div class=\"elementor-element elementor-element-d153989 elementor-widget elementor-widget-heading\" data-id=\"d153989\" data-element_type=\"widget\" data-widget_type=\"heading.default\">\n\t\t\t\t<div class=\"elementor-widget-container\">\n\t\t\t<h3 class=\"elementor-heading-title elementor-size-default\">Londoni Eesti Seltsi Rahvatantsu R\u00fchmad<\/h3>\t\t<\/div>\n\t\t\t\t<\/div>\n\t\t\t\t<div class=\"elementor-element elementor-element-8a75d67 elementor-widget elementor-widget-spacer\" data-id=\"8a75d67\" data-element_type=\"widget\" data-widget_type=\"spacer.default\">\n\t\t\t\t<div class=\"elementor-widget-container\">\n\t\t\t\t\t<div class=\"elementor-spacer\">\n\t\t\t<div class=\"elementor-spacer-inner\"><\/div>\n\t\t<\/div>\n\t\t\t\t<\/div>\n\t\t\t\t<\/div>\n\t\t\t\t<section class=\"elementor-section elementor-inner-section elementor-element elementor-element-74276dd elementor-section-boxed elementor-section-height-default elementor-section-height-default\" data-id=\"74276dd\" data-element_type=\"section\">\n\t\t\t\t\t\t<div class=\"elementor-container elementor-column-gap-default\">\n\t\t\t\t\t<div class=\"elementor-column elementor-col-66 elementor-inner-column elementor-element elementor-element-c31c31c\" data-id=\"c31c31c\" data-element_type=\"column\">\n\t\t\t<div class=\"elementor-widget-wrap elementor-element-populated\">\n\t\t\t\t\t\t\t\t<div class=\"elementor-element elementor-element-3c2410f elementor-widget elementor-widget-text-editor\" data-id=\"3c2410f\" data-element_type=\"widget\" data-widget_type=\"text-editor.default\">\n\t\t\t\t<div class=\"elementor-widget-container\">\n\t\t\t\t\t\t\t<p>\u00a0<\/p><p>1943. aastal loodi Londoni Eesti Seltsi juurde alaline rahvatantsur\u00fchm (algselt Rahvatantsu Grupp ehk Trupp). Sama aasta septembris Manchesteris aset leidnud rahvusvahelisel n\u00e4itusel ja oktoobis peetud Eesti-L\u00e4ti-Leedu konverentsil tantsides sai Seltsi rahvatantsugrupp suure menu osaliseks. Grupi parimatel aegadel 1944-46 ulatus r\u00fchma liikmete arv kuni 25 erinevas vanuses tantsijani ja harjutused toimusid igal n\u00e4dalal. Aastatel 1946 \u2013 1948 oli tantsijaid viis paari ning 1949. aastaks kaheksa paari jagu.<\/p><p>1950. aastal alanud reisipalavik, mis haaras paljusid Inglismaal elavaid eestlasi, m\u00f5jutas ka \u00fchiskondlikku tegevust. Seltsi rahvatantsur\u00fchma j\u00e4i alles vaid kolm paari tantsijaid ja \u00fcks pillimees, kes hoidsid traditsiooni alles ning p\u00fc\u00fcdsid rahvatantsur\u00fchma j\u00e4tkamiseks uusi liikmeid juurde tuua.<\/p>\t\t\t\t\t\t<\/div>\n\t\t\t\t<\/div>\n\t\t\t\t\t<\/div>\n\t\t<\/div>\n\t\t\t\t<div class=\"elementor-column elementor-col-33 elementor-inner-column elementor-element elementor-element-d36ba2c\" data-id=\"d36ba2c\" data-element_type=\"column\">\n\t\t\t<div class=\"elementor-widget-wrap elementor-element-populated\">\n\t\t\t\t\t\t\t\t<div class=\"elementor-element elementor-element-91b66b0 elementor-widget elementor-widget-image\" data-id=\"91b66b0\" data-element_type=\"widget\" data-widget_type=\"image.default\">\n\t\t\t\t<div class=\"elementor-widget-container\">\n\t\t\t\t\t\t\t\t\t\t\t\t\t\t\t<img loading=\"lazy\" decoding=\"async\" width=\"1024\" height=\"740\" src=\"https:\/\/www.estoniansociety.co.uk\/wp-content\/uploads\/2021\/07\/DSC01727-scaled-e1629661385473-1024x740.jpg\" class=\"attachment-large size-large wp-image-3646\" alt=\"tantsijad\" srcset=\"https:\/\/www.estoniansociety.co.uk\/wp-content\/uploads\/2021\/07\/DSC01727-scaled-e1629661385473-1024x740.jpg 1024w, https:\/\/www.estoniansociety.co.uk\/wp-content\/uploads\/2021\/07\/DSC01727-scaled-e1629661385473-300x217.jpg 300w, https:\/\/www.estoniansociety.co.uk\/wp-content\/uploads\/2021\/07\/DSC01727-scaled-e1629661385473-768x555.jpg 768w, https:\/\/www.estoniansociety.co.uk\/wp-content\/uploads\/2021\/07\/DSC01727-scaled-e1629661385473-1536x1110.jpg 1536w, https:\/\/www.estoniansociety.co.uk\/wp-content\/uploads\/2021\/07\/DSC01727-scaled-e1629661385473-2048x1481.jpg 2048w\" sizes=\"auto, (max-width: 1024px) 100vw, 1024px\" \/>\t\t\t\t\t\t\t\t\t\t\t\t\t\t\t<\/div>\n\t\t\t\t<\/div>\n\t\t\t\t\t<\/div>\n\t\t<\/div>\n\t\t\t\t\t\t\t<\/div>\n\t\t<\/section>\n\t\t\t\t<div class=\"elementor-element elementor-element-5236dd8 elementor-widget elementor-widget-text-editor\" data-id=\"5236dd8\" data-element_type=\"widget\" data-widget_type=\"text-editor.default\">\n\t\t\t\t<div class=\"elementor-widget-container\">\n\t\t\t\t\t\t\t<p>J\u00e4rjekindlalt v\u00f5eti osa k\u00f5igist \u00fcleriigilistest Eesti laulu- ehk suvep\u00e4evadest ning aastast 1953. aastal tantsiti rahvusvahelistel rahvatantsupidustustel Royal Alber Hall&#8217;is ning oldi ka nende korraldajate hulgas. LESi rahvatantsur\u00fchm on peale Inglismaa k\u00e4inud esinemas ka Dublinis Iirimaal ning muuhulgas on seda kutsutud esinema Victoria Crossi 100. aasta juubelile. Esinetud on ka teiste rahvaste pidudel ja v\u00f5istlustel, kust on saadud auhindu ja autunnistusi.<\/p><p>L\u00e4bi aegade toimunud rahvatantsur\u00fchma sagedased esinemised igal aastal ja mitmetuhandelise publiku ees nii eraldi kui koos teiste rahvaste tantsijatega, ning sellega on kaasa aidatud Eesti hea nime ning kultuuri tutvustamisele Suurbritannias.<\/p><p>1990.-2010. aastad olid t\u00e4is ootamatusi ja uuendusi ning rahvatants j\u00e4i vaikselt ootele.<\/p><p>P\u00e4rast aastatepikkust pausi uuesti tegutsema hakanud LESi laulukoori liikmete hulgas leidus neid, kes laulmise k\u00f5rval ka meeleldi jalga keerutanuks. Veebruaris 2011 Londoni Eesti Seltsi ja Londoni Eesti Gildi \u00fchisel peakorraldamisel Eesti Vabariigi 93. aastap\u00e4eva t\u00e4histamiseks tantsugrupi lavale toomise m\u00f5te sai viimaseks t\u00f5ukeks rahvatantsur\u00fchma taasloomiseks. Westminster Cathedral Hall&#8217;i kodumaa s\u00fcnnip\u00e4evaks esinema veel ei j\u00f5utud, kuid alates 2011 m\u00e4rtsikuust on r\u00fchm regulaarselt L\u00e4ti Majas koos k\u00e4inud.<\/p><p>Uudis rahvatantsuliikumise uuest \u00e4rkamisest Londonis j\u00f5udis ka Kesk-Inglismaale, kus leidis v\u00e4ga positiivse vastukaja IES Tuleviku poolt v\u00e4lja pakutud rahvatantsur\u00fchma k\u00fcllakutse ja koost\u00f6\u00f6pakkumise n\u00e4ol, mis ka heal meelel vastu v\u00f5eti. 2011. aasta mai l\u00f5pul toimuski \u00fchine rahvatantsu workshop, mis kulmineerus k\u00fcllakutsuja &#8211; IES Tuleviku &#8211; piduliku aastap\u00e4eva\u00f5htus\u00f6\u00f6giga. Esimene avalik \u00fclesastumine leidis aset 2011 a. juunikuus Beckenhamis Londoni eestlaste jaanipeol.<\/p>\t\t\t\t\t\t<\/div>\n\t\t\t\t<\/div>\n\t\t\t\t<div class=\"elementor-element elementor-element-bafc9e6 elementor-position-right elementor-vertical-align-top elementor-widget elementor-widget-image-box\" data-id=\"bafc9e6\" data-element_type=\"widget\" data-widget_type=\"image-box.default\">\n\t\t\t\t<div class=\"elementor-widget-container\">\n\t\t\t<div class=\"elementor-image-box-wrapper\"><div class=\"elementor-image-box-content\"><p class=\"elementor-image-box-description\">LES Rahvatantsur\u00fchma juhendajad: Veera \u00d5unapuu (1943-46), Arved Viirlaid (1946-49), Aili Eistrat (1947-1990ndad), Karin Eistrat (1980ndad), Liisi Paju (2011), Kirke-Liis Mikk, Liis Karbe (2012-2013) ja Marje Remmet (2014).<\/p><\/div><\/div>\t\t<\/div>\n\t\t\t\t<\/div>\n\t\t\t\t\t<\/div>\n\t\t<\/div>\n\t\t\t\t\t\t\t<\/div>\n\t\t<\/section>\n\t\t\t\t<section class=\"elementor-section elementor-top-section elementor-element elementor-element-21c4796 elementor-section-boxed elementor-section-height-default elementor-section-height-default\" data-id=\"21c4796\" data-element_type=\"section\">\n\t\t\t\t\t\t<div class=\"elementor-container elementor-column-gap-default\">\n\t\t\t\t\t<div class=\"elementor-column elementor-col-100 elementor-top-column elementor-element elementor-element-cc9991b\" data-id=\"cc9991b\" data-element_type=\"column\">\n\t\t\t<div class=\"elementor-widget-wrap elementor-element-populated\">\n\t\t\t\t\t\t\t\t<div class=\"elementor-element elementor-element-15fd80b elementor-widget-divider--separator-type-pattern elementor-widget-divider--view-line elementor-widget elementor-widget-divider\" data-id=\"15fd80b\" data-element_type=\"widget\" data-widget_type=\"divider.default\">\n\t\t\t\t<div class=\"elementor-widget-container\">\n\t\t\t\t\t<div class=\"elementor-divider\" style=\"--divider-pattern-url: url(&quot;data:image\/svg+xml,%3Csvg xmlns=&#039;http:\/\/www.w3.org\/2000\/svg&#039; preserveAspectRatio=&#039;none&#039; overflow=&#039;visible&#039; height=&#039;100%&#039; viewBox=&#039;0 0 24 24&#039; fill=&#039;none&#039; stroke=&#039;black&#039; stroke-width=&#039;1&#039; stroke-linecap=&#039;square&#039; stroke-miterlimit=&#039;10&#039;%3E%3Cpolyline points=&#039;0,18 12,6 24,18 &#039;\/%3E%3C\/svg%3E&quot;);\">\n\t\t\t<span class=\"elementor-divider-separator\">\n\t\t\t\t\t\t<\/span>\n\t\t<\/div>\n\t\t\t\t<\/div>\n\t\t\t\t<\/div>\n\t\t\t\t<div class=\"elementor-element elementor-element-858ddf5 elementor-widget elementor-widget-image\" data-id=\"858ddf5\" data-element_type=\"widget\" data-widget_type=\"image.default\">\n\t\t\t\t<div class=\"elementor-widget-container\">\n\t\t\t\t\t\t\t\t\t\t\t\t\t\t\t<img loading=\"lazy\" decoding=\"async\" width=\"1024\" height=\"425\" src=\"https:\/\/www.estoniansociety.co.uk\/wp-content\/uploads\/2021\/08\/estonian-folks-1024x425.png\" class=\"attachment-large size-large wp-image-4092\" alt=\"\" srcset=\"https:\/\/www.estoniansociety.co.uk\/wp-content\/uploads\/2021\/08\/estonian-folks-1024x425.png 1024w, https:\/\/www.estoniansociety.co.uk\/wp-content\/uploads\/2021\/08\/estonian-folks-300x125.png 300w, https:\/\/www.estoniansociety.co.uk\/wp-content\/uploads\/2021\/08\/estonian-folks-768x319.png 768w, https:\/\/www.estoniansociety.co.uk\/wp-content\/uploads\/2021\/08\/estonian-folks.png 1074w\" sizes=\"auto, (max-width: 1024px) 100vw, 1024px\" \/>\t\t\t\t\t\t\t\t\t\t\t\t\t\t\t<\/div>\n\t\t\t\t<\/div>\n\t\t\t\t<div class=\"elementor-element elementor-element-85b9144 elementor-widget elementor-widget-text-editor\" data-id=\"85b9144\" data-element_type=\"widget\" data-widget_type=\"text-editor.default\">\n\t\t\t\t<div class=\"elementor-widget-container\">\n\t\t\t\t\t\t\t<p style=\"text-align: center;\"><em><span style=\"font-family: Source Sans Pro, sans-serif;\">Rahvatantsijad Londonist esinemas Estonian Folksi r\u00fchmaga Must List, Tallinnast, Eesti Kultuuriseltside \u00dchenduse Festivalil Sajaga Seltsis. Tartu, 2018.<\/span><\/em><\/p>\t\t\t\t\t\t<\/div>\n\t\t\t\t<\/div>\n\t\t\t\t<section class=\"elementor-section elementor-inner-section elementor-element elementor-element-204f825 elementor-section-boxed elementor-section-height-default elementor-section-height-default\" data-id=\"204f825\" data-element_type=\"section\">\n\t\t\t\t\t\t<div class=\"elementor-container elementor-column-gap-default\">\n\t\t\t\t\t<div class=\"elementor-column elementor-col-50 elementor-inner-column elementor-element elementor-element-037b29e\" data-id=\"037b29e\" data-element_type=\"column\">\n\t\t\t<div class=\"elementor-widget-wrap elementor-element-populated\">\n\t\t\t\t\t\t\t\t<div class=\"elementor-element elementor-element-c2279bd elementor-widget elementor-widget-text-editor\" data-id=\"c2279bd\" data-element_type=\"widget\" data-widget_type=\"text-editor.default\">\n\t\t\t\t<div class=\"elementor-widget-container\">\n\t\t\t\t\t\t\t<p>\u00a0<\/p><p>\u00a0<\/p><p style=\"font-weight: 400; text-align: center;\">Estonian Folks on hetkel pausil. Hoia uudistel silma peal Facebookis!<\/p><p style=\"font-weight: 400; text-align: center;\"><a href=\"http:\/\/www.estonianfolks.com\/\">www.estonianfolks.com<\/a><\/p><p style=\"font-weight: 400; text-align: center;\"><span style=\"font-weight: 400;\">J\u00e4lgi tantsijate tegemisi <\/span><a href=\"https:\/\/www.facebook.com\/ESTONIANFOLKS\"><span style=\"font-weight: 400;\">Facebookis<\/span><\/a><\/p>\t\t\t\t\t\t<\/div>\n\t\t\t\t<\/div>\n\t\t\t\t\t<\/div>\n\t\t<\/div>\n\t\t\t\t<div class=\"elementor-column elementor-col-50 elementor-inner-column elementor-element elementor-element-699b889\" data-id=\"699b889\" data-element_type=\"column\">\n\t\t\t<div class=\"elementor-widget-wrap elementor-element-populated\">\n\t\t\t\t\t\t\t\t<div class=\"elementor-element elementor-element-9eb26f3 elementor-widget elementor-widget-image\" data-id=\"9eb26f3\" data-element_type=\"widget\" data-widget_type=\"image.default\">\n\t\t\t\t<div class=\"elementor-widget-container\">\n\t\t\t\t\t\t\t\t\t\t\t\t\t\t\t<img loading=\"lazy\" decoding=\"async\" width=\"429\" height=\"348\" src=\"https:\/\/www.estoniansociety.co.uk\/wp-content\/uploads\/2021\/08\/estonian-folks-2--e1629661207476.png\" class=\"attachment-large size-large wp-image-4091\" alt=\"\" srcset=\"https:\/\/www.estoniansociety.co.uk\/wp-content\/uploads\/2021\/08\/estonian-folks-2--e1629661207476.png 429w, https:\/\/www.estoniansociety.co.uk\/wp-content\/uploads\/2021\/08\/estonian-folks-2--e1629661207476-300x243.png 300w\" sizes=\"auto, (max-width: 429px) 100vw, 429px\" \/>\t\t\t\t\t\t\t\t\t\t\t\t\t\t\t<\/div>\n\t\t\t\t<\/div>\n\t\t\t\t<div class=\"elementor-element elementor-element-ac8c1e3 elementor-widget elementor-widget-text-editor\" data-id=\"ac8c1e3\" data-element_type=\"widget\" data-widget_type=\"text-editor.default\">\n\t\t\t\t<div class=\"elementor-widget-container\">\n\t\t\t\t\t\t\t<p style=\"text-align: center;\"><em>Hetk muusikavideost &#8220;Estonian Girls in London&#8221; Directed: Marje Remmet, Production: Ott-Erik Eendra. London, 2016.<\/em><\/p>\t\t\t\t\t\t<\/div>\n\t\t\t\t<\/div>\n\t\t\t\t\t<\/div>\n\t\t<\/div>\n\t\t\t\t\t\t\t<\/div>\n\t\t<\/section>\n\t\t\t\t<div class=\"elementor-element elementor-element-440fe63 elementor-widget elementor-widget-spacer\" data-id=\"440fe63\" data-element_type=\"widget\" data-widget_type=\"spacer.default\">\n\t\t\t\t<div class=\"elementor-widget-container\">\n\t\t\t\t\t<div class=\"elementor-spacer\">\n\t\t\t<div class=\"elementor-spacer-inner\"><\/div>\n\t\t<\/div>\n\t\t\t\t<\/div>\n\t\t\t\t<\/div>\n\t\t\t\t\t<\/div>\n\t\t<\/div>\n\t\t\t\t\t\t\t<\/div>\n\t\t<\/section>\n\t\t\t\t<section class=\"elementor-section elementor-inner-section elementor-element elementor-element-5b9fe18c elementor-section-boxed elementor-section-height-default elementor-section-height-default\" data-id=\"5b9fe18c\" data-element_type=\"section\">\n\t\t\t\t\t\t<div class=\"elementor-container elementor-column-gap-default\">\n\t\t\t\t\t\t\t\t<\/div>\n\t\t<\/section>\n\t\t\t\t<section class=\"elementor-section elementor-inner-section elementor-element elementor-element-5296bf8 elementor-section-boxed elementor-section-height-default elementor-section-height-default\" data-id=\"5296bf8\" data-element_type=\"section\">\n\t\t\t\t\t\t<div class=\"elementor-container elementor-column-gap-default\">\n\t\t\t\t\t\t\t\t<\/div>\n\t\t<\/section>\n\t\t\t\t<section class=\"elementor-section elementor-inner-section elementor-element elementor-element-25f79e1 elementor-section-boxed elementor-section-height-default elementor-section-height-default\" data-id=\"25f79e1\" data-element_type=\"section\">\n\t\t\t\t\t\t<div class=\"elementor-container elementor-column-gap-default\">\n\t\t\t\t\t\t\t\t<\/div>\n\t\t<\/section>\n\t\t\t\t<section class=\"elementor-section elementor-inner-section elementor-element elementor-element-e6b9846 elementor-section-boxed elementor-section-height-default elementor-section-height-default\" data-id=\"e6b9846\" data-element_type=\"section\">\n\t\t\t\t\t\t<div class=\"elementor-container elementor-column-gap-default\">\n\t\t\t\t\t\t\t\t<\/div>\n\t\t<\/section>\n\t\t\t\t<section class=\"elementor-section elementor-top-section elementor-element elementor-element-18c0c4ce elementor-section-boxed elementor-section-height-default elementor-section-height-default\" data-id=\"18c0c4ce\" data-element_type=\"section\" data-settings=\"{&quot;background_background&quot;:&quot;classic&quot;}\">\n\t\t\t\t\t\t\t<div class=\"elementor-background-overlay\"><\/div>\n\t\t\t\t\t\t\t<div class=\"elementor-container elementor-column-gap-no\">\n\t\t\t\t\t<div class=\"elementor-column elementor-col-100 elementor-top-column elementor-element elementor-element-6c124b67\" data-id=\"6c124b67\" data-element_type=\"column\">\n\t\t\t<div class=\"elementor-widget-wrap elementor-element-populated\">\n\t\t\t\t\t\t\t\t<div class=\"elementor-element elementor-element-3394b6b6 elementor-widget elementor-widget-heading\" data-id=\"3394b6b6\" data-element_type=\"widget\" data-widget_type=\"heading.default\">\n\t\t\t\t<div class=\"elementor-widget-container\">\n\t\t\t<h6 class=\"elementor-heading-title elementor-size-medium\">Support London Estonian Society<\/h6>\t\t<\/div>\n\t\t\t\t<\/div>\n\t\t\t\t<div class=\"elementor-element elementor-element-763fc175 elementor-widget elementor-widget-heading\" data-id=\"763fc175\" data-element_type=\"widget\" data-widget_type=\"heading.default\">\n\t\t\t\t<div class=\"elementor-widget-container\">\n\t\t\t<h2 class=\"elementor-heading-title elementor-size-medium\">Aita Londoni Eesti Seltsi enda toetusega. Annetatud raha l\u00e4heb j\u00e4rgmiste kultuuri\u00fcrituste korraldamiseks.<\/h2>\t\t<\/div>\n\t\t\t\t<\/div>\n\t\t\t\t<div class=\"elementor-element elementor-element-7dfc1b55 elementor-align-center elementor-widget elementor-widget-button\" data-id=\"7dfc1b55\" data-element_type=\"widget\" data-widget_type=\"button.default\">\n\t\t\t\t<div class=\"elementor-widget-container\">\n\t\t\t\t\t<div class=\"elementor-button-wrapper\">\n\t\t\t<a href=\"https:\/\/www.estoniansociety.co.uk\/en\/toeta-londoni-eesti-seltsi\/\" class=\"elementor-button-link elementor-button elementor-size-sm\" role=\"button\">\n\t\t\t\t\t\t<span class=\"elementor-button-content-wrapper\">\n\t\t\t\t\t\t<span class=\"elementor-button-text\">Support Us<\/span>\n\t\t<\/span>\n\t\t\t\t\t<\/a>\n\t\t<\/div>\n\t\t\t\t<\/div>\n\t\t\t\t<\/div>\n\t\t\t\t\t<\/div>\n\t\t<\/div>\n\t\t\t\t\t\t\t<\/div>\n\t\t<\/section>\n\t\t\t\t\t\t\t<\/div>","protected":false},"excerpt":{"rendered":"<p>Rahvatants Londoni Eesti Seltsi Rahvatantsu R\u00fchmad \u00a0 1943. aastal loodi Londoni Eesti Seltsi juurde alaline rahvatantsur\u00fchm (algselt Rahvatantsu Grupp ehk Trupp). Sama aasta septembris Manchesteris aset leidnud rahvusvahelisel n\u00e4itusel ja oktoobis peetud Eesti-L\u00e4ti-Leedu konverentsil tantsides sai Seltsi rahvatantsugrupp suure menu osaliseks. Grupi parimatel aegadel 1944-46 ulatus r\u00fchma liikmete arv kuni 25 erinevas vanuses tantsijani ja &hellip;<\/p>\n<p class=\"read-more\"> <a class=\"\" href=\"https:\/\/www.estoniansociety.co.uk\/en\/rahvatants\/\"> <span class=\"screen-reader-text\">Seltsist &#8211; Rahvatants<\/span> Read More &raquo;<\/a><\/p>","protected":false},"author":1,"featured_media":0,"parent":0,"menu_order":0,"comment_status":"closed","ping_status":"closed","template":"","meta":{"_mi_skip_tracking":false,"footnotes":""},"class_list":["post-390","page","type-page","status-publish","hentry"],"_links":{"self":[{"href":"https:\/\/www.estoniansociety.co.uk\/en\/wp-json\/wp\/v2\/pages\/390","targetHints":{"allow":["GET"]}}],"collection":[{"href":"https:\/\/www.estoniansociety.co.uk\/en\/wp-json\/wp\/v2\/pages"}],"about":[{"href":"https:\/\/www.estoniansociety.co.uk\/en\/wp-json\/wp\/v2\/types\/page"}],"author":[{"embeddable":true,"href":"https:\/\/www.estoniansociety.co.uk\/en\/wp-json\/wp\/v2\/users\/1"}],"replies":[{"embeddable":true,"href":"https:\/\/www.estoniansociety.co.uk\/en\/wp-json\/wp\/v2\/comments?post=390"}],"version-history":[{"count":5,"href":"https:\/\/www.estoniansociety.co.uk\/en\/wp-json\/wp\/v2\/pages\/390\/revisions"}],"predecessor-version":[{"id":7482,"href":"https:\/\/www.estoniansociety.co.uk\/en\/wp-json\/wp\/v2\/pages\/390\/revisions\/7482"}],"wp:attachment":[{"href":"https:\/\/www.estoniansociety.co.uk\/en\/wp-json\/wp\/v2\/media?parent=390"}],"curies":[{"name":"wp","href":"https:\/\/api.w.org\/{rel}","templated":true}]}}