{"id":3855,"date":"2021-07-27T19:39:48","date_gmt":"2021-07-27T19:39:48","guid":{"rendered":"https:\/\/www.estoniansociety.co.uk\/?page_id=3855"},"modified":"2021-12-14T20:14:01","modified_gmt":"2021-12-14T20:14:01","slug":"tulemas-uritused-malestusohtu-eestlaste-rahvatantsu-hoidja-londonis-aili-eistrat-100","status":"publish","type":"page","link":"https:\/\/www.estoniansociety.co.uk\/en\/tulemas-uritused-malestusohtu-eestlaste-rahvatantsu-hoidja-londonis-aili-eistrat-100\/","title":{"rendered":"Toimunud \u00dcritused &#8211; M\u00e4lestus\u00f5htu &#8220;Eestlaste rahvatantsu hoidja Londonis &#8211; Aili Eistrat 100&#8221;"},"content":{"rendered":"<p>&nbsp;<\/p>\n<p>&nbsp;<\/p>\n<hr \/>\n<h3 style=\"text-align: center;\">M\u00e4lestus\u00f5htu &#8220;Eestlaste rahvatantsu hoidja Londonis &#8211; Aili Eistrat 100&#8221;<\/h3>\n<p>&nbsp;<\/p>\n<p style=\"text-align: center;\"><strong>Koht:<\/strong> Tantsupeomuuseum, Roseni 12, Tallinn<br \/>\n<strong>Kuup\u00e4ev:<\/strong> reede 30. juuli 2021<br \/>\n<strong>Uksed avatud:<\/strong> 18:00<\/p>\n<p style=\"text-align: center;\">M\u00e4lestus\u00f5htut juhib ajakirjanik Age Raa<\/p>\n<p>&nbsp;<\/p>\n<p><img loading=\"lazy\" decoding=\"async\" class=\"size-medium wp-image-639 aligncenter\" src=\"https:\/\/www.estoniansociety.co.uk\/wp-content\/uploads\/2021\/06\/Aili_Estrat-300x278.png\" alt=\"Aili Estrat\" width=\"300\" height=\"278\" srcset=\"https:\/\/www.estoniansociety.co.uk\/wp-content\/uploads\/2021\/06\/Aili_Estrat-300x278.png 300w, https:\/\/www.estoniansociety.co.uk\/wp-content\/uploads\/2021\/06\/Aili_Estrat-1024x948.png 1024w, https:\/\/www.estoniansociety.co.uk\/wp-content\/uploads\/2021\/06\/Aili_Estrat-768x711.png 768w, https:\/\/www.estoniansociety.co.uk\/wp-content\/uploads\/2021\/06\/Aili_Estrat-1536x1423.png 1536w, https:\/\/www.estoniansociety.co.uk\/wp-content\/uploads\/2021\/06\/Aili_Estrat-2048x1897.png 2048w\" sizes=\"auto, (max-width: 300px) 100vw, 300px\" \/><\/p>\n<p style=\"text-align: left;\"><strong>AILI EISTRAT (Tatter)<\/strong><br \/>\n(31.07.1921 Hiiumaa -10. 04. 2021 London)<br \/>\nAili lapsep\u00f5lv ja kooliaastad m\u00f6\u00f6dusid Emmaste vallas Hiiumaal. \u00d5pingud j\u00e4tkusid Tallinna T\u00fctarlaste \u00c4rikoolis ja seej\u00e4rel Tartu \u00dclikoolis. Aastatel 1934\u20131944 osales Aili \u00dcEN\u00dcTO (\u00dclemaaline Eesti Noorsoo \u00dchenduse Tallinna Osakond) t\u00f6\u00f6s, tantsides tantsu\u00f5petaja Ullo Toomi k\u00e4e all esindus- ehk musterr\u00fchmas. Tallinna \u00c4rikoolis oli Aili kehalise kasvatuse \u00f5petajaks Anna Raudkats (tantsu \u201eTuljak\u201c autor). Nii puutus Aili kokku kahe, tollel ajal eesti rahvatantsu ajalugu kujundavate oluliste inimestega. U.Toomilt sai noor neiu oskusi rahvatantsu \u00f5petamiseks ja esitamiseks, A. Raudkatsilt lisandusid mitmek\u00fclgsed v\u00f5imlemisalased teadmised. Aili \u00f5pingud \u00fclikoolis katkestas 1944. aasta septembri suur-p\u00f5genemine. Aili tee viis Saksamaa p\u00f5genikelaagrisse ning sealt 1947. aastal t\u00f6\u00f6liste projekti \u201eValged luiged\u201c raames Londonisse. Kui p\u00f5genedes arvati, et j\u00f5utakse j\u00f5uluks koju, siis ajapikku see lootus h\u00e4\u00e4bus.<\/p>\n<p style=\"text-align: left;\">Londonis organiseeris eestlaste koosk\u00e4imisi Londoni Eesti Selts. Aili oli aktiivne seltsi liige, alustades r\u00fchmas tantsimist, sai temast peagi Londoni Eesti Seltsi rahvatantsur\u00fchma tantsu\u00f5petaja ning v\u00f5imlemisr\u00fchma juhendaja.<\/p>\n<p>Aili Eistrati tantsu\u00f5petaja karj\u00e4\u00e4r on aukartust \u00e4ratav &#8211; 50 aastat (1947\u20131997) segar\u00fchma juhina ning 14 aastat (1966\u20131980) v\u00f5imlemisr\u00fchma treenerina. See on hindamatu panus v\u00e4liseestlaste kultuurilukku.<\/p>\n<p>Aili Tatterist ja Edgar Eistratist sai perekond, kus kasvasid poeg Juhani ja t\u00fctar Karin. M\u00f5lemad lapsed tantsisid rahvatantsur\u00fchmas ning olid hiljem kaasatud ka r\u00fchma juhendamisse.<\/p>\n<p>Aili Eistrat meenutab oma tantsu\u00f5petaja Ullo Toomi s\u00f5nu: \u201cTantsima peab sisemise pingega\u201c ning j\u00e4tkab, \u201eiga kord kui Londonis, Inglismaal ja Iirimaal esinesime, pidime selgitama kes me oleme, kust me tuleme ja miks me tulime.<\/p>\n<p>Rahvar\u00f5ivad, mida kandsime, olid meie endi k\u00e4tet\u00f6\u00f6\/k\u00e4sit\u00f6\u00f6, mis \u00f5mmeldud vanadest sobivatest materjalidest, tikandid ja mustrid pluusidel valmisid m\u00e4lu j\u00e4rgi eesti motiividele m\u00f5eldes\u201c.<\/p>\n<p>Esinemisi oli palju, neid saatis alati huvi ja edu &#8211; \u201eRahvatantsur\u00fchma sagedased esinemised igal aastal mitmetuhandese rahvahulga ees Royal Albert Hallis ja mujal \u00fches teiste rahvaste tantsijatega on Eesti hea nime ning kultuuri tutvustamiseks palju kaasa aidanud.\u201c (Nigul Hindo, 1971).<\/p>\n<p>2017. aastal toimus Aili Eistrati, Londoni Eesti Seltsi ja Eesti Suursaatkonna abiga ning Londoni rahvatantsu\u00fchenduse Estonian Folks algatusel, kogumisaktsioon n\u00e4ituse \u201cEesti rahva riided Londonis\u201d koostamiseks. Koguti 7 rahvariidekomplekti, mida olid rahvatantsijad r\u00fchma algusaastatel Londonis kandnud ning rahvar\u00f5ivad, mida Aili Eistrat oli Saksamaal p\u00f5genikelaagris esinemise jaoks ise valmistanud. N\u00e4itust on eksponeeritud ka Eesti Rahva Muuseumis Tartus.<\/p>\n<p>Aili Eistrat oli Londoni Eesti Maja juhatuse liige, Eesti H\u00e4\u00e4le toimetaja (1993\u20132008) ja EELK\u2019i (Eesti Evangeelse Luterlik Kirik) esinaine. Ta on p\u00e4lvinud kolm teeneteristi.<\/p>\n<p>Aili Eistrat oli \u00fcks tegusamaid Eesti kultuuri hoidjaid ja Eestimaa tutvustajad Londonis.<\/p>\n<p>&nbsp;<\/p>\n<hr \/>\n<p>&nbsp;<\/p>","protected":false},"excerpt":{"rendered":"<p>&nbsp; &nbsp; M\u00e4lestus\u00f5htu &#8220;Eestlaste rahvatantsu hoidja Londonis &#8211; Aili Eistrat 100&#8221; &nbsp; Koht: Tantsupeomuuseum, Roseni 12, Tallinn Kuup\u00e4ev: reede 30. juuli 2021 Uksed avatud: 18:00 M\u00e4lestus\u00f5htut juhib ajakirjanik Age Raa &nbsp; AILI EISTRAT (Tatter) (31.07.1921 Hiiumaa -10. 04. 2021 London) Aili lapsep\u00f5lv ja kooliaastad m\u00f6\u00f6dusid Emmaste vallas Hiiumaal. \u00d5pingud j\u00e4tkusid Tallinna T\u00fctarlaste \u00c4rikoolis ja seej\u00e4rel &hellip;<\/p>\n<p class=\"read-more\"> <a class=\"\" href=\"https:\/\/www.estoniansociety.co.uk\/en\/tulemas-uritused-malestusohtu-eestlaste-rahvatantsu-hoidja-londonis-aili-eistrat-100\/\"> <span class=\"screen-reader-text\">Toimunud \u00dcritused &#8211; M\u00e4lestus\u00f5htu &#8220;Eestlaste rahvatantsu hoidja Londonis &#8211; Aili Eistrat 100&#8221;<\/span> Read More &raquo;<\/a><\/p>","protected":false},"author":2,"featured_media":0,"parent":0,"menu_order":0,"comment_status":"closed","ping_status":"closed","template":"","meta":{"_mi_skip_tracking":false,"footnotes":""},"class_list":["post-3855","page","type-page","status-publish","hentry"],"_links":{"self":[{"href":"https:\/\/www.estoniansociety.co.uk\/en\/wp-json\/wp\/v2\/pages\/3855","targetHints":{"allow":["GET"]}}],"collection":[{"href":"https:\/\/www.estoniansociety.co.uk\/en\/wp-json\/wp\/v2\/pages"}],"about":[{"href":"https:\/\/www.estoniansociety.co.uk\/en\/wp-json\/wp\/v2\/types\/page"}],"author":[{"embeddable":true,"href":"https:\/\/www.estoniansociety.co.uk\/en\/wp-json\/wp\/v2\/users\/2"}],"replies":[{"embeddable":true,"href":"https:\/\/www.estoniansociety.co.uk\/en\/wp-json\/wp\/v2\/comments?post=3855"}],"version-history":[{"count":4,"href":"https:\/\/www.estoniansociety.co.uk\/en\/wp-json\/wp\/v2\/pages\/3855\/revisions"}],"predecessor-version":[{"id":7280,"href":"https:\/\/www.estoniansociety.co.uk\/en\/wp-json\/wp\/v2\/pages\/3855\/revisions\/7280"}],"wp:attachment":[{"href":"https:\/\/www.estoniansociety.co.uk\/en\/wp-json\/wp\/v2\/media?parent=3855"}],"curies":[{"name":"wp","href":"https:\/\/api.w.org\/{rel}","templated":true}]}}