{"id":3763,"date":"2021-07-09T08:38:52","date_gmt":"2021-07-09T08:38:52","guid":{"rendered":"https:\/\/www.estoniansociety.co.uk\/?page_id=3763"},"modified":"2021-07-09T09:36:57","modified_gmt":"2021-07-09T09:36:57","slug":"tulemas-les100-thestoryofthebalticuniversity","status":"publish","type":"page","link":"https:\/\/www.estoniansociety.co.uk\/en\/tulemas-les100-thestoryofthebalticuniversity\/","title":{"rendered":"Tulemas &#8211; LES 100 &#8211; The Story of the Baltic University"},"content":{"rendered":"<div><\/div>\n<div dir=\"auto\">\n<div><\/div>\n<\/div>\n<div>\n<hr \/>\n<\/div>\n<div><\/div>\n<div dir=\"auto\">\n<div>\n<h2 style=\"text-align: center;\"><span style=\"color: #5e5e61;\"><em style=\"font-size: 20.8px;\">The Story of the Baltic University\u00a0<\/em><\/span><\/h2>\n<\/div>\n<div><\/div>\n<div><\/div>\n<\/div>\n<div style=\"text-align: center;\"><a href=\"https:\/\/vimeo.com\/432082690\">https:\/\/vimeo.com\/432082690<\/a><\/div>\n<div><\/div>\n<div><\/div>\n<div dir=\"auto\">\n<div style=\"text-align: center;\"><span style=\"color: #5e5e61; font-size: 16px; font-style: normal; font-weight: 400; text-align: center;\">Helga Meritsi film <em>The Story of the Baltic University<\/em><\/span><\/div>\n<div style=\"text-align: center;\">Saadaval ainult Laup<span style=\"color: #5e5e61;\">for<\/span>eval, 10. juulil. 2021<\/div>\n<div><\/div>\n<div style=\"text-align: center;\"><span style=\"color: #5e5e61;\">V\u00e4liseestlastele s\u00fcdamel\u00e4hedasel teemal film r\u00e4\u00e4gib uskumatu loo \u00fclikoolist, mis loodi vahetult p\u00e4rast Teist maailmas\u00f5da kolme Balti riigi pagulaste poolt. Alustati t\u00e4iesti t\u00fchjalt kohalt, alles olid ainult varemed, kuid ometigi saadi hakkama.<\/span><\/div>\n<\/div>\n<div><\/div>","protected":false},"excerpt":{"rendered":"<p>The Story of the Baltic University\u00a0 https:\/\/vimeo.com\/432082690 Helga Meritsi film The Story of the Baltic University Saadaval ainult Laup\u00e4eval, 10. juulil. 2021 V\u00e4liseestlastele s\u00fcdamel\u00e4hedasel teemal film r\u00e4\u00e4gib uskumatu loo \u00fclikoolist, mis loodi vahetult p\u00e4rast Teist maailmas\u00f5da kolme Balti riigi pagulaste poolt. Alustati t\u00e4iesti t\u00fchjalt kohalt, alles olid ainult varemed, kuid ometigi saadi hakkama.<\/p>","protected":false},"author":2,"featured_media":0,"parent":0,"menu_order":0,"comment_status":"closed","ping_status":"closed","template":"","meta":{"_mi_skip_tracking":false,"footnotes":""},"class_list":["post-3763","page","type-page","status-publish","hentry"],"_links":{"self":[{"href":"https:\/\/www.estoniansociety.co.uk\/en\/wp-json\/wp\/v2\/pages\/3763","targetHints":{"allow":["GET"]}}],"collection":[{"href":"https:\/\/www.estoniansociety.co.uk\/en\/wp-json\/wp\/v2\/pages"}],"about":[{"href":"https:\/\/www.estoniansociety.co.uk\/en\/wp-json\/wp\/v2\/types\/page"}],"author":[{"embeddable":true,"href":"https:\/\/www.estoniansociety.co.uk\/en\/wp-json\/wp\/v2\/users\/2"}],"replies":[{"embeddable":true,"href":"https:\/\/www.estoniansociety.co.uk\/en\/wp-json\/wp\/v2\/comments?post=3763"}],"version-history":[{"count":1,"href":"https:\/\/www.estoniansociety.co.uk\/en\/wp-json\/wp\/v2\/pages\/3763\/revisions"}],"predecessor-version":[{"id":3764,"href":"https:\/\/www.estoniansociety.co.uk\/en\/wp-json\/wp\/v2\/pages\/3763\/revisions\/3764"}],"wp:attachment":[{"href":"https:\/\/www.estoniansociety.co.uk\/en\/wp-json\/wp\/v2\/media?parent=3763"}],"curies":[{"name":"wp","href":"https:\/\/api.w.org\/{rel}","templated":true}]}}