{"id":3664,"date":"2021-07-07T16:12:44","date_gmt":"2021-07-07T16:12:44","guid":{"rendered":"https:\/\/estoniansociety.co.uk\/?page_id=3664"},"modified":"2021-12-15T18:11:44","modified_gmt":"2021-12-15T18:11:44","slug":"toeta-londoni-eesti-seltsi","status":"publish","type":"page","link":"https:\/\/www.estoniansociety.co.uk\/en\/toeta-londoni-eesti-seltsi\/","title":{"rendered":"Support London Estonian Society"},"content":{"rendered":"<hr \/>\n<h2 style=\"text-align: center;\"><span style=\"color: #5e5e61;\">Support London Estonian Society\u00a0<\/span><\/h2>\n<p>&nbsp;<\/p>\n<p style=\"text-align: center;\"><span style=\"color: #5e5e61;\">London Estonian Society is a volunteer-based organisation in London. We are able to organise events and keep the society going only thanks to our volunteers and donations. All donations given will be used to preserve London Estonian Society and to organise Estonian cultural events.\u00a0<\/span><\/p>\n<p>&nbsp;<\/p>\n<p style=\"text-align: center;\"><strong>Use PayPal<span style=\"color: #5e5e61;\">for<\/span>a safe payment method:<\/strong><\/p>\n<div style=\"text-align: center;\">\n<form action=\"https:\/\/www.paypal.com\/donate\" method=\"post\" target=\"_top\" data-trp-original-action=\"https:\/\/www.paypal.com\/donate\">\n<input type=\"hidden\" name=\"hosted_button_id\" value=\"YVUADAHKPMKAQ\" \/><br \/>\n<input type=\"image\" src=\"https:\/\/www.paypalobjects.com\/en_US\/GB\/i\/btn\/btn_donateCC_LG.gif\" border=\"0\" name=\"submit\" title=\"PayPal - The safer, easier way to pay online!\" alt=\"Donate with PayPal button\" \/><br \/>\n<img loading=\"lazy\" decoding=\"async\" alt=\"\" border=\"0\" src=\"https:\/\/www.paypal.com\/en_GB\/i\/scr\/pixel.gif\" width=\"1\" height=\"1\" \/><br \/>\n<input type=\"hidden\" name=\"trp-form-language\" value=\"en\"\/><\/form>\n<div style=\"text-align: center;\"><span style=\"color: #5e5e61;\">Please get in touch with us if you would like to make a donation via bank transfer. We would be most grateful if you could email us at: <a style=\"color: #5e5e61;\" href=\"mailto:info@estoniansociety.co.uk\" target=\"_blank\" rel=\"noopener\"><span style=\"color: #ff9900;\">info@estoniansociety.co.uk<\/span><\/a>with your details so we could thank you for your kind donation.<\/span><\/div>\n<div><\/div>\n<p>&nbsp;<\/p>\n<p>&nbsp;<\/p>\n<\/div>","protected":false},"excerpt":{"rendered":"<p>Toeta Londoni Eesti Seltsi\u00a0 &nbsp; Londoni Eesti Selts on vabatahtlike \u00fchendus Londonis ning k\u00f5ik meie \u00fcritused saavad v\u00f5imalikuks t\u00e4nu vabatahtlike abile. K\u00f5ik annetused l\u00e4hevad Londoni Eesti Seltsi tegevuse toetamiseks ja kultuuri\u00fcrituste korraldamiseks. Kui soovid toetada Londoni Eesti Seltsi annetusega, palun saada oma valitud annetuse summa Londoni Eesti Seltsi pangakontole.\u00a0 &nbsp; Kasuta kaardimakset l\u00e4bi turvalise PayPali &hellip;<\/p>\n<p class=\"read-more\"> <a class=\"\" href=\"https:\/\/www.estoniansociety.co.uk\/en\/toeta-londoni-eesti-seltsi\/\"> <span class=\"screen-reader-text\">Support London Estonian Society<\/span> Read More &raquo;<\/a><\/p>","protected":false},"author":2,"featured_media":0,"parent":0,"menu_order":0,"comment_status":"closed","ping_status":"closed","template":"","meta":{"_mi_skip_tracking":false,"footnotes":""},"class_list":["post-3664","page","type-page","status-publish","hentry"],"_links":{"self":[{"href":"https:\/\/www.estoniansociety.co.uk\/en\/wp-json\/wp\/v2\/pages\/3664","targetHints":{"allow":["GET"]}}],"collection":[{"href":"https:\/\/www.estoniansociety.co.uk\/en\/wp-json\/wp\/v2\/pages"}],"about":[{"href":"https:\/\/www.estoniansociety.co.uk\/en\/wp-json\/wp\/v2\/types\/page"}],"author":[{"embeddable":true,"href":"https:\/\/www.estoniansociety.co.uk\/en\/wp-json\/wp\/v2\/users\/2"}],"replies":[{"embeddable":true,"href":"https:\/\/www.estoniansociety.co.uk\/en\/wp-json\/wp\/v2\/comments?post=3664"}],"version-history":[{"count":5,"href":"https:\/\/www.estoniansociety.co.uk\/en\/wp-json\/wp\/v2\/pages\/3664\/revisions"}],"predecessor-version":[{"id":7281,"href":"https:\/\/www.estoniansociety.co.uk\/en\/wp-json\/wp\/v2\/pages\/3664\/revisions\/7281"}],"wp:attachment":[{"href":"https:\/\/www.estoniansociety.co.uk\/en\/wp-json\/wp\/v2\/media?parent=3664"}],"curies":[{"name":"wp","href":"https:\/\/api.w.org\/{rel}","templated":true}]}}