{"id":3358,"date":"2021-07-05T11:15:32","date_gmt":"2021-07-05T11:15:32","guid":{"rendered":"https:\/\/estoniansociety.co.uk\/?page_id=3358"},"modified":"2022-03-15T19:20:36","modified_gmt":"2022-03-15T19:20:36","slug":"seltsist-meie-inimesed-varasemad-juhatuseliikmed","status":"publish","type":"page","link":"https:\/\/www.estoniansociety.co.uk\/en\/seltsist-meie-inimesed-varasemad-juhatuseliikmed\/","title":{"rendered":"Seltsist &#8211; Meie Inimesed &#8211; Varasemad juhatuseliikmed"},"content":{"rendered":"<p>&nbsp;<\/p>\n<hr \/>\n<p>&nbsp;<\/p>\n<h2 style=\"text-align: center;\"><span style=\"color: #333333;\">Varasemad juhatuse liikmed<\/span><\/h2>\n<p>&nbsp;<\/p>\n<p><span style=\"color: #333333;\"><strong>Londoni Eesti Seltsi juhatus (29.03.2021 &#8211; 20.02.2022)<\/strong><\/span><\/p>\n<ul>\n<li><span style=\"color: #333333;\">Tiia Avastu (Chairwoman, events, media)<\/span><\/li>\n<li><span style=\"color: #333333;\">Ave Kelle (Deputy Chairwoman, events)<\/span><\/li>\n<li><span style=\"color: #333333;\">Kristel Peets (Treasurer, editor)<\/span><\/li>\n<li><span style=\"color: #333333;\">Liis Nigu (culture and communications)<\/span><\/li>\n<\/ul>\n<p><span style=\"color: #333333;\"><strong>Londoni Eesti Seltsi juhatus ( 23.02. 2020- 29.03.2021)<\/strong><\/span><\/p>\n<ul>\n<li><span style=\"color: #333333;\">Tiia Avastu &#8211; esinaine, \u00fcritused<\/span><\/li>\n<li><span style=\"color: #333333;\">Jane Bakhoff &#8211; aseesinaine, lasteklubi<\/span><\/li>\n<li><span style=\"color: #333333;\">Kristel Peets &#8211; laekur, kirjatoimetaja<\/span><\/li>\n<li><span style=\"color: #333333;\">Ave Kelle &#8211; \u00fcritused<\/span><\/li>\n<li><span style=\"color: #333333;\">Liis Nigu &#8211; kultuur ja kommunikatsioon<\/span><\/li>\n<li><span style=\"color: #333333;\">Tugiisik Eestis &#8211; Evelin Sennett<\/span><\/li>\n<li><span style=\"color: #333333;\">Tugiisik Rootsis &#8211; Marika Psennaja<\/span><\/li>\n<li><span style=\"color: #333333;\">Revisjoni komisjon &#8211; Reet Kromel Williams<\/span><\/li>\n<\/ul>\n<p><span style=\"color: #333333;\"><strong>Londoni Eesti Seltsi juhatus ( 25.veebr. 2019- 23.veebr.2020)<\/strong><\/span><\/p>\n<ul>\n<li><span style=\"color: #333333;\">Tiia Avastu &#8211; esinaine, \u00fcritused<\/span><\/li>\n<li><span style=\"color: #333333;\">Jane Bakhoff &#8211; aseesinaine, lasteklubi<\/span><\/li>\n<li><span style=\"color: #333333;\">Kristel Peets &#8211; laekur, koduleht<\/span><\/li>\n<li><span style=\"color: #333333;\">Marika Psennaja &#8211; kirjatoimetaja<\/span><\/li>\n<li><span style=\"color: #333333;\">Madis-Mikk Remmet &#8211; reklaam<\/span><\/li>\n<li><span style=\"color: #333333;\">Tugiisikud Eestis: Evelin Siilak, Liina S\u00e4rkinen<\/span><\/li>\n<li><span style=\"color: #333333;\">Rahvatants &#8211; eestvedaja, juhendaja Marje Remmet<\/span><\/li>\n<li><span style=\"color: #333333;\">Revisjoni komisjon: Evelin Siilak, Liina S\u00e4rkinen<\/span><\/li>\n<\/ul>\n<p><span style=\"color: #333333;\"><strong>Londoni Eesti Seltsi juhatus ( 22.veebr.2018- 25.veebr 2019)<\/strong><\/span><\/p>\n<ul>\n<li><span style=\"color: #333333;\">Tiia Avastu &#8211; esinaine, \u00fcritused<\/span><\/li>\n<li><span style=\"color: #333333;\">Madis-Mikk Remmet &#8211; aseesimees, koduleht, reklaam<\/span><\/li>\n<li><span style=\"color: #333333;\">Liina S\u00e4rkinen &#8211; kontaktid , \u00fcritused<\/span><\/li>\n<li><span style=\"color: #333333;\">Evelin Siilak &#8211; kirjatoimetaja<\/span><\/li>\n<li><span style=\"color: #333333;\">Jane Bakhoff &#8211; lasteklubi<\/span><\/li>\n<li><span style=\"color: #333333;\">Helen Sau &#8211; laekur<\/span><\/li>\n<\/ul>\n<p><span style=\"color: #333333;\"><strong>Londoni Eesti Seltsi juhatus (05.m\u00e4rts 2017- 22.veebr.2018):<\/strong><\/span><\/p>\n<ul>\n<li><span style=\"color: #333333;\">Evelin Siilak \u2013esinaine<\/span><\/li>\n<li><span style=\"color: #333333;\">Tiia Avastu \u2013 aseesinaine, laekur<\/span><\/li>\n<li><span style=\"color: #333333;\">Andres Kaha \u2013 toimetaja<\/span><\/li>\n<li><span style=\"color: #333333;\">Madis Remmet- IT \u2013valdkond,<\/span><\/li>\n<li><span style=\"color: #333333;\">Helen Sau \u2013 liikmeskond: kommunikatsioon ja korraldus<\/span><\/li>\n<li><span style=\"color: #333333;\">R\u00fchmade esindajad: LES Rahvatants \u2013 eestvedaja, juhendaja Marje Remmet<\/span><\/li>\n<li><span style=\"color: #333333;\">Revisjoni komisjonis: Siim Roosalk ja Madis Remmet<\/span><\/li>\n<\/ul>\n<p><span style=\"color: #333333;\"><strong>Londoni Eesti Seltsi juhatus ( 13.veebruar 2016 &#8211; 05. m\u00e4rts 2017):<\/strong><\/span><\/p>\n<ul>\n<li><span style=\"color: #333333;\">Evelin Siilak &#8211; esinaine<\/span><\/li>\n<li><span style=\"color: #333333;\">Tiia Avastu &#8211; aseesinaine, laekur<\/span><\/li>\n<li><span style=\"color: #333333;\">Triin K\u00fcbar &#8211; kirjatoimetaja<\/span><\/li>\n<li><span style=\"color: #333333;\">Kristi Jagodin<\/span><\/li>\n<li><span style=\"color: #333333;\">Marje Remmet<\/span><\/li>\n<li><span style=\"color: #333333;\">Revisjonikomisjon: Martin Lahe<\/span><\/li>\n<li><span style=\"color: #333333;\">Huviringide juhendajad: Marje Remmet &#8211; LES Rahvatantsur\u00fchmade (Naisr\u00fchm, Segar\u00fchm) eestvedaja Londonis<\/span><\/li>\n<li><span style=\"color: #333333;\">Kristi Jagodin &#8211; LES Segakoori dirigent<\/span><\/li>\n<\/ul>\n<p>&nbsp;<\/p>\n<p>&nbsp;<\/p>\n<p>&nbsp;<\/p>","protected":false},"excerpt":{"rendered":"<p>&nbsp; &nbsp; Varasemad juhatuse liikmed &nbsp; Londoni Eesti Seltsi juhatus (29.03.2021 &#8211; 20.02.2022) Tiia Avastu (Esinaine, \u00fcritused, meedia) Ave Kelle (Aseesinaine, \u00fcritused) Kristel Peets (Laekur, kirjatoimetaja) Liis Nigu (kultuur ja kommunikatsioon) Londoni Eesti Seltsi juhatus ( 23.02. 2020- 29.03.2021) Tiia Avastu &#8211; esinaine, \u00fcritused Jane Bakhoff &#8211; aseesinaine, lasteklubi Kristel Peets &#8211; laekur, kirjatoimetaja Ave &hellip;<\/p>\n<p class=\"read-more\"> <a class=\"\" href=\"https:\/\/www.estoniansociety.co.uk\/en\/seltsist-meie-inimesed-varasemad-juhatuseliikmed\/\"> <span class=\"screen-reader-text\">Seltsist &#8211; Meie Inimesed &#8211; Varasemad juhatuseliikmed<\/span> Read More &raquo;<\/a><\/p>","protected":false},"author":2,"featured_media":0,"parent":0,"menu_order":0,"comment_status":"closed","ping_status":"closed","template":"","meta":{"_mi_skip_tracking":false,"footnotes":""},"class_list":["post-3358","page","type-page","status-publish","hentry"],"_links":{"self":[{"href":"https:\/\/www.estoniansociety.co.uk\/en\/wp-json\/wp\/v2\/pages\/3358","targetHints":{"allow":["GET"]}}],"collection":[{"href":"https:\/\/www.estoniansociety.co.uk\/en\/wp-json\/wp\/v2\/pages"}],"about":[{"href":"https:\/\/www.estoniansociety.co.uk\/en\/wp-json\/wp\/v2\/types\/page"}],"author":[{"embeddable":true,"href":"https:\/\/www.estoniansociety.co.uk\/en\/wp-json\/wp\/v2\/users\/2"}],"replies":[{"embeddable":true,"href":"https:\/\/www.estoniansociety.co.uk\/en\/wp-json\/wp\/v2\/comments?post=3358"}],"version-history":[{"count":5,"href":"https:\/\/www.estoniansociety.co.uk\/en\/wp-json\/wp\/v2\/pages\/3358\/revisions"}],"predecessor-version":[{"id":7440,"href":"https:\/\/www.estoniansociety.co.uk\/en\/wp-json\/wp\/v2\/pages\/3358\/revisions\/7440"}],"wp:attachment":[{"href":"https:\/\/www.estoniansociety.co.uk\/en\/wp-json\/wp\/v2\/media?parent=3358"}],"curies":[{"name":"wp","href":"https:\/\/api.w.org\/{rel}","templated":true}]}}