{"id":3313,"date":"2021-07-05T10:49:03","date_gmt":"2021-07-05T10:49:03","guid":{"rendered":"https:\/\/estoniansociety.co.uk\/?page_id=3313"},"modified":"2021-07-05T10:53:59","modified_gmt":"2021-07-05T10:53:59","slug":"seltsist-meie-inimesed-auliikmed-aili-eistrat","status":"publish","type":"page","link":"https:\/\/www.estoniansociety.co.uk\/en\/seltsist-meie-inimesed-auliikmed-aili-eistrat\/","title":{"rendered":"Seltsist &#8211; Meie Inimesed &#8211; Auliikmed &#8211; Aili Eistrat"},"content":{"rendered":"<p>&nbsp;<\/p>\n<hr \/>\n<h5><\/h5>\n<h5 style=\"text-align: center;\"><span style=\"color: #5e5e61;\"><em>Londoni Eesti Seltsi Auliige<\/em><\/span><\/h5>\n<h2 style=\"text-align: center;\"><span style=\"color: #5e5e61;\">AILI EISTRAT (Tatter)<br \/>\n<\/span><\/h2>\n<p style=\"text-align: center;\"><em>31 juuli 1921 Hiiumaa &#8211; 10 aprill 2021 London<\/em><\/p>\n<p>&nbsp;<\/p>\n<p><img loading=\"lazy\" decoding=\"async\" class=\"wp-image-3316 aligncenter\" src=\"https:\/\/estoniansociety.co.uk\/wp-content\/uploads\/2021\/07\/aili1-231x300.jpg\" alt=\"\" width=\"281\" height=\"365\" srcset=\"https:\/\/www.estoniansociety.co.uk\/wp-content\/uploads\/2021\/07\/aili1-231x300.jpg 231w, https:\/\/www.estoniansociety.co.uk\/wp-content\/uploads\/2021\/07\/aili1.jpg 739w\" sizes=\"auto, (max-width: 281px) 100vw, 281px\" \/><\/p>\n<p>&nbsp;<\/p>\n<p>Aili lapsep\u00f5lv ja kooliaastad m\u00f6\u00f6dusid Emmaste vallas Hiiumaal. \u00d5pingud j\u00e4tkusid Tallinna T\u00fctarlaste \u00c4rikoolis ja seej\u00e4rel Tartu \u00dclikoolis. Aastatel 1934\u20131944 osales Aili \u00dcEN\u00dcTO (\u00dclemaaline Eesti Noorsoo \u00dchenduse Tallinna Osakond) t\u00f6\u00f6s, tantsides tantsu\u00f5petaja Ullo Toomi k\u00e4e all esindus- ehk musterr\u00fchmas. Tallinna \u00c4rikoolis oli Aili kehalise kasvatuse \u00f5petajaks, tantsu \u201eTuljak\u201c autor Anna Raudkats.<\/p>\n<p>&nbsp;<\/p>\n<p><img loading=\"lazy\" decoding=\"async\" class=\"wp-image-3315 aligncenter\" src=\"https:\/\/estoniansociety.co.uk\/wp-content\/uploads\/2021\/07\/aili-300x207.jpg\" alt=\"\" width=\"407\" height=\"281\" srcset=\"https:\/\/www.estoniansociety.co.uk\/wp-content\/uploads\/2021\/07\/aili-300x207.jpg 300w, https:\/\/www.estoniansociety.co.uk\/wp-content\/uploads\/2021\/07\/aili-768x530.jpg 768w, https:\/\/www.estoniansociety.co.uk\/wp-content\/uploads\/2021\/07\/aili.jpg 960w\" sizes=\"auto, (max-width: 407px) 100vw, 407px\" \/><\/p>\n<p>&nbsp;<\/p>\n<p>Nii puutus Aili kokku kahe, tollel ajal eesti rahvatantsu ajalugu kujundavate oluliste inimestega. Ullo Toomilt sai noor neiu oskusi rahvatantsu \u00f5petamiseks ja esitamiseks, A. Raudkatsilt lisandusid mitmek\u00fclgsed v\u00f5imlemisalased teadmised.<\/p>\n<p>Aili \u00f5pingud \u00fclikoolis katkestas 1944. aasta septembri suur-p\u00f5genemine. Aili tee viis Saksamaa p\u00f5genikelaagrisse ning sealt 1947. aastal t\u00f6\u00f6liste projekti \u201eValged luiged\u201c raames Londonisse. Kui p\u00f5genedes arvati, et j\u00f5utakse j\u00f5uluks koju, siis ajapikku see lootus h\u00e4\u00e4bus.<\/p>\n<p>&nbsp;<\/p>\n<p><img loading=\"lazy\" decoding=\"async\" class=\"wp-image-3319 aligncenter\" src=\"https:\/\/estoniansociety.co.uk\/wp-content\/uploads\/2021\/07\/aili4-189x300.jpg\" alt=\"\" width=\"283\" height=\"449\" srcset=\"https:\/\/www.estoniansociety.co.uk\/wp-content\/uploads\/2021\/07\/aili4-189x300.jpg 189w, https:\/\/www.estoniansociety.co.uk\/wp-content\/uploads\/2021\/07\/aili4.jpg 605w\" sizes=\"auto, (max-width: 283px) 100vw, 283px\" \/><\/p>\n<p>&nbsp;<\/p>\n<p>Londonis organiseeris eestlaste koosk\u00e4imisi Londoni Eesti Selts. Aili oli aktiivne Seltsi liige, alustades r\u00fchmas tantsimist, sai temast peagi Londoni Eesti Seltsi rahvatantsur\u00fchma tantsu\u00f5petaja ning v\u00f5imlemisr\u00fchma juhendaja. Aili Eistrati tantsu\u00f5petaja karj\u00e4\u00e4r on aukartust \u00e4ratav &#8211; 50 aastat (1947\u20131997) segar\u00fchma juhina ning 14 aastat (1966\u20131980) v\u00f5imlemisr\u00fchma treenerina on hindamatu panus v\u00e4liseestlaste kultuurip\u00e4randisse.<\/p>\n<p>&nbsp;<\/p>\n<p><img loading=\"lazy\" decoding=\"async\" class=\"wp-image-3318 aligncenter\" src=\"https:\/\/estoniansociety.co.uk\/wp-content\/uploads\/2021\/07\/aili3-300x192.jpg\" alt=\"\" width=\"491\" height=\"314\" srcset=\"https:\/\/www.estoniansociety.co.uk\/wp-content\/uploads\/2021\/07\/aili3-300x192.jpg 300w, https:\/\/www.estoniansociety.co.uk\/wp-content\/uploads\/2021\/07\/aili3-768x491.jpg 768w, https:\/\/www.estoniansociety.co.uk\/wp-content\/uploads\/2021\/07\/aili3.jpg 960w\" sizes=\"auto, (max-width: 491px) 100vw, 491px\" \/><\/p>\n<p>&nbsp;<\/p>\n<p>Aili Tatterist ja Edgar Eistratist sai perekond, kus kasvasid poeg Juhani ja t\u00fctar Karin. M\u00f5lemad lapsed tantsisid rahvatantsur\u00fchmas ning olid hiljem kaasatud ka r\u00fchma juhendamisse.<\/p>\n<p>&nbsp;<\/p>\n<p><img loading=\"lazy\" decoding=\"async\" class=\"wp-image-3321 aligncenter\" src=\"https:\/\/estoniansociety.co.uk\/wp-content\/uploads\/2021\/07\/aili6-225x300.jpg\" alt=\"\" width=\"370\" height=\"493\" srcset=\"https:\/\/www.estoniansociety.co.uk\/wp-content\/uploads\/2021\/07\/aili6-225x300.jpg 225w, https:\/\/www.estoniansociety.co.uk\/wp-content\/uploads\/2021\/07\/aili6.jpg 720w\" sizes=\"auto, (max-width: 370px) 100vw, 370px\" \/><\/p>\n<p>&nbsp;<\/p>\n<p>Aili Eistrat meenutab oma tantsu\u00f5petaja Ullo Toomi s\u00f5nu: \u201cTantsima peab sisemise pingega\u201c ning j\u00e4tkab, \u201eiga kord kui Londonis, Inglismaal ja Iirimaal esinesime, pidime selgitama kes me oleme, kust me tuleme ja miks me tulime. Rahvar\u00f5ivad, mida kandsime, olid meie endi k\u00e4tet\u00f6\u00f6\/k\u00e4sit\u00f6\u00f6, mis \u00f5mmeldud vanadest sobivatest materjalidest, tikandid ja mustrid pluusidel valmisid m\u00e4lu j\u00e4rgi eesti motiividele m\u00f5eldes\u201c.<\/p>\n<p>&nbsp;<\/p>\n<p>&nbsp;<\/p>\n<p style=\"font-size: 16px; font-style: normal; font-weight: 400;\"><img loading=\"lazy\" decoding=\"async\" class=\"wp-image-3320 aligncenter\" src=\"https:\/\/estoniansociety.co.uk\/wp-content\/uploads\/2021\/07\/aili5-300x212.jpg\" alt=\"\" width=\"479\" height=\"339\" srcset=\"https:\/\/www.estoniansociety.co.uk\/wp-content\/uploads\/2021\/07\/aili5-300x212.jpg 300w, https:\/\/www.estoniansociety.co.uk\/wp-content\/uploads\/2021\/07\/aili5-768x542.jpg 768w, https:\/\/www.estoniansociety.co.uk\/wp-content\/uploads\/2021\/07\/aili5.jpg 960w\" sizes=\"auto, (max-width: 479px) 100vw, 479px\" \/><\/p>\n<p>&nbsp;<\/p>\n<p>Esinemisi oli palju, neid saatis alati huvi ja edu &#8211; \u201eRahvatantsur\u00fchma sagedased esinemised igal aastal mitmetuhandese rahvahulga sees Royal Albert Hallis ja mujal \u00fches teiste rahvaste tantsijatega on Eesti hea nime ning kultuuri tutvustamiseks palju kaasa aidanud.\u201c (Nigul Hindo, 1971).<\/p>\n<p>2017. aastal toimus Aili Eistrati, Londoni Eesti Seltsi ja Eesti Suursaatkonna abiga ning Londoni rahvatantsu-\u00fchenduse Estonian Folks algatusel, kogumisaktsiooni n\u00e4ituse \u201cEesti rahva riided Londonis\u201d koostamiseks. Koguti 7 rahvariidekomplekti, mida olid rahvatantsijad r\u00fchma algusaastatel Londonis kandnud ning rahvar\u00f5ivad, mida Aili Eistrat oli Saksamaal p\u00f5genikelaagris esinemise jaoks ise valmistanud.<\/p>\n<p>&nbsp;<\/p>\n<p><img loading=\"lazy\" decoding=\"async\" class=\"wp-image-3317 aligncenter\" src=\"https:\/\/estoniansociety.co.uk\/wp-content\/uploads\/2021\/07\/aili2-225x300.jpg\" alt=\"\" width=\"359\" height=\"479\" srcset=\"https:\/\/www.estoniansociety.co.uk\/wp-content\/uploads\/2021\/07\/aili2-225x300.jpg 225w, https:\/\/www.estoniansociety.co.uk\/wp-content\/uploads\/2021\/07\/aili2.jpg 720w\" sizes=\"auto, (max-width: 359px) 100vw, 359px\" \/><\/p>\n<p>&nbsp;<\/p>\n<p>Aili Eistrat oli Londoni Eesti Maja juhatuse liige, Eesti H\u00e4\u00e4le toimetaja (1993\u20132008) ja EELK\u2019i (Eesti Evangeelse Luterlik Kirik) esinaine, Londoni Eesti Seltsi auliige. Ta on p\u00e4lvinud kolm teeneteristi.<\/p>\n<p>Aili Eistrat oli \u00fcks tegusamaid Eesti kultuuri hoidjaid ja Eestimaa tutvustajad Londonis. Selle aasta suvel oleks Aili t\u00e4histanud 100.s\u00fcnnip\u00e4eva. M\u00e4lestus Ailist j\u00e4\u00e4b meie s\u00fcdametesse.<\/p>\n<p><em>Fotod: Juhani Eistrat. Erakogu<\/em><\/p>\n<p>&nbsp;<\/p>","protected":false},"excerpt":{"rendered":"<p>&nbsp; Londoni Eesti Seltsi Auliige AILI EISTRAT (Tatter) 31 juuli 1921 Hiiumaa &#8211; 10 aprill 2021 London &nbsp; &nbsp; Aili lapsep\u00f5lv ja kooliaastad m\u00f6\u00f6dusid Emmaste vallas Hiiumaal. \u00d5pingud j\u00e4tkusid Tallinna T\u00fctarlaste \u00c4rikoolis ja seej\u00e4rel Tartu \u00dclikoolis. Aastatel 1934\u20131944 osales Aili \u00dcEN\u00dcTO (\u00dclemaaline Eesti Noorsoo \u00dchenduse Tallinna Osakond) t\u00f6\u00f6s, tantsides tantsu\u00f5petaja Ullo Toomi k\u00e4e all esindus- &hellip;<\/p>\n<p class=\"read-more\"> <a class=\"\" href=\"https:\/\/www.estoniansociety.co.uk\/en\/seltsist-meie-inimesed-auliikmed-aili-eistrat\/\"> <span class=\"screen-reader-text\">Seltsist &#8211; Meie Inimesed &#8211; Auliikmed &#8211; Aili Eistrat<\/span> Read More &raquo;<\/a><\/p>","protected":false},"author":2,"featured_media":0,"parent":0,"menu_order":0,"comment_status":"closed","ping_status":"closed","template":"","meta":{"_mi_skip_tracking":false,"footnotes":""},"class_list":["post-3313","page","type-page","status-publish","hentry"],"_links":{"self":[{"href":"https:\/\/www.estoniansociety.co.uk\/en\/wp-json\/wp\/v2\/pages\/3313","targetHints":{"allow":["GET"]}}],"collection":[{"href":"https:\/\/www.estoniansociety.co.uk\/en\/wp-json\/wp\/v2\/pages"}],"about":[{"href":"https:\/\/www.estoniansociety.co.uk\/en\/wp-json\/wp\/v2\/types\/page"}],"author":[{"embeddable":true,"href":"https:\/\/www.estoniansociety.co.uk\/en\/wp-json\/wp\/v2\/users\/2"}],"replies":[{"embeddable":true,"href":"https:\/\/www.estoniansociety.co.uk\/en\/wp-json\/wp\/v2\/comments?post=3313"}],"version-history":[{"count":1,"href":"https:\/\/www.estoniansociety.co.uk\/en\/wp-json\/wp\/v2\/pages\/3313\/revisions"}],"predecessor-version":[{"id":3322,"href":"https:\/\/www.estoniansociety.co.uk\/en\/wp-json\/wp\/v2\/pages\/3313\/revisions\/3322"}],"wp:attachment":[{"href":"https:\/\/www.estoniansociety.co.uk\/en\/wp-json\/wp\/v2\/media?parent=3313"}],"curies":[{"name":"wp","href":"https:\/\/api.w.org\/{rel}","templated":true}]}}