{"id":3244,"date":"2021-07-05T09:29:49","date_gmt":"2021-07-05T09:29:49","guid":{"rendered":"https:\/\/estoniansociety.co.uk\/?page_id=3244"},"modified":"2021-10-18T06:33:44","modified_gmt":"2021-10-18T06:33:44","slug":"seltsist-meie-lood-ev102-pidustused","status":"publish","type":"page","link":"https:\/\/www.estoniansociety.co.uk\/en\/seltsist-meie-lood-ev102-pidustused\/","title":{"rendered":"Arhiiv &#8211; 2020 &#8211; \u00dcritused &#8211; EV102 Pidustused"},"content":{"rendered":"<p>&nbsp;<\/p>\n<hr \/>\n<p>&nbsp;<\/p>\n<h2 style=\"text-align: center;\"><span style=\"color: #5e5e61;\">Eesti Vabariigi aastap\u00e4eva pidustused 2020<\/span><\/h2>\n<p>&nbsp;<\/p>\n<p><span style=\"color: #5e5e61;\">23. veebruaril 2020 algusega kell 2 p\u00e4eval toimus Eesti Majas Eesti Vabariigi 102 aastap\u00e4eva t\u00e4histamine, millest tulid osa saama paljud Londoni eestlased ja nende kaaslased. Pidu oli v\u00e4ga populaarne nagu alati ning saal oli k\u00fclalistest tulvil. \u00dcrituse korraldas nagu ka varasematel aastatel Londoni Eesti Selts.<\/span><\/p>\n<p><span style=\"color: #5e5e61;\">Pidu algas rahvastikuminister Riina Solmani vidoetervituse vaatamisega ja Eesti h\u00fcmni laulmisega. Traditsioonilisi rahvatantse esitasid Estonian Folks rahvatantsijad Marje Remmeti juhendamisel. Esinesid ka tublid Eesti Kooli lapsed s\u00fcdamlike ja toredate lauludega. Tervitusk\u00f5ne k\u00f5ikidele kohalolijatele edastas Eesti Suursaadik Londonis Tiina Intelmann. Suursaadik andis \u00fcle Katrin Legrainile Urmas Reinsalu poolt v\u00e4ljaantud t\u00e4nukirja t\u00e4nuv\u00e4\u00e4rse ja pika t\u00f6\u00f6 eest Eesti Maja esinaisena.<\/span><\/p>\n<p>&nbsp;<\/p>\n<p><img loading=\"lazy\" decoding=\"async\" class=\"wp-image-3246 aligncenter\" src=\"https:\/\/estoniansociety.co.uk\/wp-content\/uploads\/2021\/07\/katrin-300x173.jpg\" alt=\"\" width=\"449\" height=\"259\" srcset=\"https:\/\/www.estoniansociety.co.uk\/wp-content\/uploads\/2021\/07\/katrin-300x173.jpg 300w, https:\/\/www.estoniansociety.co.uk\/wp-content\/uploads\/2021\/07\/katrin-768x442.jpg 768w, https:\/\/www.estoniansociety.co.uk\/wp-content\/uploads\/2021\/07\/katrin.jpg 800w\" sizes=\"auto, (max-width: 449px) 100vw, 449px\" \/><\/p>\n<p>&nbsp;<\/p>\n<p><span style=\"color: #5e5e61;\">Peo peaesinejaks oli laulja Madara Wilson, kes esitas kauneid jazz-meloodiaid, teda saatis klaveril Reet Kromel-Williams. Madara Vilson on jazz-laulja, kelle laialdasse repertuaari kuuluvad peale jazz- ja swing-kompositsioonide veel ka itaalia laulud ja vene romansid. Tema kontsert oli v\u00e4ga meeleolukas ja meeldis k\u00f5igile v\u00e4ga.<\/span><\/p>\n<p>&nbsp;<\/p>\n<p><img loading=\"lazy\" decoding=\"async\" class=\"wp-image-3245 aligncenter\" src=\"https:\/\/estoniansociety.co.uk\/wp-content\/uploads\/2021\/07\/kat2-300x157.jpg\" alt=\"\" width=\"510\" height=\"267\" srcset=\"https:\/\/www.estoniansociety.co.uk\/wp-content\/uploads\/2021\/07\/kat2-300x157.jpg 300w, https:\/\/www.estoniansociety.co.uk\/wp-content\/uploads\/2021\/07\/kat2-1024x535.jpg 1024w, https:\/\/www.estoniansociety.co.uk\/wp-content\/uploads\/2021\/07\/kat2-768x401.jpg 768w, https:\/\/www.estoniansociety.co.uk\/wp-content\/uploads\/2021\/07\/kat2.jpg 1072w\" sizes=\"auto, (max-width: 510px) 100vw, 510px\" \/><\/p>\n<p>&nbsp;<\/p>\n<p><span style=\"color: #5e5e61;\">Toiduks oli seekord traditsiooniliste Eesti suupistetega k\u00fclmlaud, kus v\u00f5is leida kartulisalatit, grillviineried, kiluv\u00f5ileibu, tuunikala kanapeed ja suitsuvorsti v\u00f5ileibu, magustoiduks pakuti karamelliseeritud kama-ja mustaleiva desserti metsmustika toormoosiga. Pakuti, ka kohvi, teed ja trvitusnapsu. Peolaua valmistas meie tubli ja t\u00f6\u00f6kas kokk Ave Kelle, kelle maitsvad toidud viivad alati k\u00f5igil keeled alla.<\/span><\/p>\n<p><span style=\"color: #5e5e61;\">Peo teises pooles toimus ka l\u00f5bus loterii, kus osalejad v\u00f5isid v\u00f5ita erinevaid meeneid ja toidupoolist.<\/span><\/p>\n<p><span style=\"color: #5e5e61;\">T\u00e4name k\u00f5iki k\u00fclalisi, meie vabatahtlike meeskonda ja esinejaid, t\u00e4nu kellele see vahva pidu korraldatud sai.<\/span><\/p>\n<p><span style=\"color: #5e5e61;\">Ootame k\u00f5iki ka meie tulevastele \u00fcritustele Londonis, millest j\u00e4rgmine suurem saab olema jaanip\u00e4eva pidu 06. juunil Brentwoodis.<\/span><\/p>\n<p>&nbsp;<\/p>\n<hr \/>\n<p><em><span style=\"color: #5e5e61;\">Artikli kirjutas Kristel Peets<\/span><\/em><\/p>\n<p>&nbsp;<\/p>","protected":false},"excerpt":{"rendered":"<p>&nbsp; &nbsp; Eesti Vabariigi aastap\u00e4eva pidustused 2020 &nbsp; 23. veebruaril 2020 algusega kell 2 p\u00e4eval toimus Eesti Majas Eesti Vabariigi 102 aastap\u00e4eva t\u00e4histamine, millest tulid osa saama paljud Londoni eestlased ja nende kaaslased. Pidu oli v\u00e4ga populaarne nagu alati ning saal oli k\u00fclalistest tulvil. \u00dcrituse korraldas nagu ka varasematel aastatel Londoni Eesti Selts. Pidu algas &hellip;<\/p>\n<p class=\"read-more\"> <a class=\"\" href=\"https:\/\/www.estoniansociety.co.uk\/en\/seltsist-meie-lood-ev102-pidustused\/\"> <span class=\"screen-reader-text\">Arhiiv &#8211; 2020 &#8211; \u00dcritused &#8211; EV102 Pidustused<\/span> Read More &raquo;<\/a><\/p>","protected":false},"author":2,"featured_media":0,"parent":0,"menu_order":0,"comment_status":"closed","ping_status":"closed","template":"","meta":{"_mi_skip_tracking":false,"footnotes":""},"class_list":["post-3244","page","type-page","status-publish","hentry"],"_links":{"self":[{"href":"https:\/\/www.estoniansociety.co.uk\/en\/wp-json\/wp\/v2\/pages\/3244","targetHints":{"allow":["GET"]}}],"collection":[{"href":"https:\/\/www.estoniansociety.co.uk\/en\/wp-json\/wp\/v2\/pages"}],"about":[{"href":"https:\/\/www.estoniansociety.co.uk\/en\/wp-json\/wp\/v2\/types\/page"}],"author":[{"embeddable":true,"href":"https:\/\/www.estoniansociety.co.uk\/en\/wp-json\/wp\/v2\/users\/2"}],"replies":[{"embeddable":true,"href":"https:\/\/www.estoniansociety.co.uk\/en\/wp-json\/wp\/v2\/comments?post=3244"}],"version-history":[{"count":2,"href":"https:\/\/www.estoniansociety.co.uk\/en\/wp-json\/wp\/v2\/pages\/3244\/revisions"}],"predecessor-version":[{"id":5782,"href":"https:\/\/www.estoniansociety.co.uk\/en\/wp-json\/wp\/v2\/pages\/3244\/revisions\/5782"}],"wp:attachment":[{"href":"https:\/\/www.estoniansociety.co.uk\/en\/wp-json\/wp\/v2\/media?parent=3244"}],"curies":[{"name":"wp","href":"https:\/\/api.w.org\/{rel}","templated":true}]}}