{"id":3228,"date":"2021-07-05T09:19:22","date_gmt":"2021-07-05T09:19:22","guid":{"rendered":"https:\/\/estoniansociety.co.uk\/?page_id=3228"},"modified":"2021-10-18T06:31:58","modified_gmt":"2021-10-18T06:31:58","slug":"seltsist-meie-lood-joulupidu-2019","status":"publish","type":"page","link":"https:\/\/www.estoniansociety.co.uk\/en\/seltsist-meie-lood-joulupidu-2019\/","title":{"rendered":"Arhiiv &#8211; 2019 &#8211; \u00dcritused &#8211; J\u00f5ulupidu 2019"},"content":{"rendered":"<p>&nbsp;<\/p>\n<hr \/>\n<p>&nbsp;<\/p>\n<h2 style=\"text-align: center;\"><span style=\"color: #5e5e61;\">J\u00f5ulupidu 2019<\/span><\/h2>\n<p>&nbsp;<\/p>\n<p><span style=\"color: #5e5e61;\">Selle aasta 15. detsembril toimus Londonis eestlastele palju toredaid j\u00f5ulu\u00fcritusi, niiet iga\u016bks v\u00f5is leida endale midagi meelep\u0101rast.<\/span><\/p>\n<p><span style=\"color: #5e5e61;\">Regent Street Cinemas n\u00e4idati Eesti filmi Take it or leave it (V\u00f5ta v\u00f5i j\u00e4ta), mis jutustas \u00fche \u00fcksikisa loo oma lapse kasvatamise muredest ja r\u00f5\u00f5mudest.<\/span><\/p>\n<p>&nbsp;<\/p>\n<p><img loading=\"lazy\" decoding=\"async\" class=\"wp-image-3232 aligncenter\" src=\"https:\/\/estoniansociety.co.uk\/wp-content\/uploads\/2021\/07\/joul-300x225.jpg\" alt=\"\" width=\"392\" height=\"294\" srcset=\"https:\/\/www.estoniansociety.co.uk\/wp-content\/uploads\/2021\/07\/joul-300x225.jpg 300w, https:\/\/www.estoniansociety.co.uk\/wp-content\/uploads\/2021\/07\/joul-768x576.jpg 768w, https:\/\/www.estoniansociety.co.uk\/wp-content\/uploads\/2021\/07\/joul.jpg 960w\" sizes=\"auto, (max-width: 392px) 100vw, 392px\" \/><\/p>\n<p>&nbsp;<\/p>\n<p><span style=\"color: #5e5e61;\">Saksa luterlikus kirikus toimus Eesti j\u00f5ulu jumalateenistus, kus esines ka Londoni Eesti segakoor.<\/span><\/p>\n<p><span style=\"color: #5e5e61;\">Eesti Majas toimus traditsiooniline Londoni Eesti Seltsi j\u00f5ulupidu. mis oli jagatud kahte ossa. <\/span><br \/>\n<span style=\"color: #5e5e61;\">Esmalt oli j\u00f5ulukontsert, mis algas kell 12 p\u00e4eval. Reet Kromeli juhendamisel esitasid Inspiration Muusikakooli tudengid k\u00fclastajatele helilooja Pjotr T\u0161aikovski klaveriballade.<\/span><\/p>\n<p>&nbsp;<\/p>\n<p><img loading=\"lazy\" decoding=\"async\" class=\"wp-image-3234 aligncenter\" src=\"https:\/\/estoniansociety.co.uk\/wp-content\/uploads\/2021\/07\/joul2-225x300.jpg\" alt=\"\" width=\"284\" height=\"379\" srcset=\"https:\/\/www.estoniansociety.co.uk\/wp-content\/uploads\/2021\/07\/joul2-225x300.jpg 225w, https:\/\/www.estoniansociety.co.uk\/wp-content\/uploads\/2021\/07\/joul2.jpg 720w\" sizes=\"auto, (max-width: 284px) 100vw, 284px\" \/><\/p>\n<p>&nbsp;<\/p>\n<p><span style=\"color: #5e5e61;\">Peale kontserti toimus suur j\u00f5ulul\u00f5una, kus k\u016blalised said maitsta traditioonilist eesti j\u00f5ulurooga \u2013 seapraadi koos verivorsti ja hapukapsastega, hiljem pakuti ka maitsvat kringlit. J\u00f5ulul\u00f5una valmistamis Ave Kelle koos vabatahtlike abiga.<\/span><\/p>\n<p><span style=\"color: #5e5e61;\">Peale seda esines kaunite j\u00f5ululauludega v\u00e4rskeltloodud naistrio koossseisus Annaliisa Asveit, Kristiina Killo ja Reet Kromel. Rahvap\u00e4rimustantse esitasid Estonian Folksi tantsijad.<\/span><\/p>\n<p>&nbsp;<\/p>\n<p><img loading=\"lazy\" decoding=\"async\" class=\"wp-image-3233 aligncenter\" style=\"font-weight: inherit;\" src=\"https:\/\/estoniansociety.co.uk\/wp-content\/uploads\/2021\/07\/joul1-225x300.jpg\" alt=\"\" width=\"299\" height=\"399\" srcset=\"https:\/\/www.estoniansociety.co.uk\/wp-content\/uploads\/2021\/07\/joul1-225x300.jpg 225w, https:\/\/www.estoniansociety.co.uk\/wp-content\/uploads\/2021\/07\/joul1.jpg 720w\" sizes=\"auto, (max-width: 299px) 100vw, 299px\" \/><\/p>\n<p>&nbsp;<\/p>\n<p><span style=\"color: #5e5e61;\">Lastele tuli k\u00fclla l\u00f5bus j\u00f5uluvana, kes jagas kommipakke ja t\u00f5i ka suurematele naeru n\u0101ole. <\/span><span style=\"color: #5e5e61;\">Toimus ka meeleolukas loterii, kus k\u00f5igil osalejatel oli v\u00f5imalus v\u00f5ita enamjaolt eestip\u0101rased auhindu.<\/span><\/p>\n<p><span style=\"color: #5e5e61;\">Suured t\u00e4nud k\u00f5ikidele osalejatele, Londoni Eesti Seltsile ja meie tublile kokale Avele, kes selle peo v\u00f5imalikuks tegid. <\/span><span style=\"color: #5e5e61;\">Londoni Eesti Selts soovib k\u00f5igile teguderohket uut aastat ja kohtumiseni juba uutel p\u00f5nevatel \u016britustel.<\/span><\/p>\n<p>&nbsp;<\/p>","protected":false},"excerpt":{"rendered":"<p>&nbsp; &nbsp; J\u00f5ulupidu 2019 &nbsp; Selle aasta 15. detsembril toimus Londonis eestlastele palju toredaid j\u00f5ulu\u00fcritusi, niiet iga\u016bks v\u00f5is leida endale midagi meelep\u0101rast. Regent Street Cinemas n\u00e4idati Eesti filmi Take it or leave it (V\u00f5ta v\u00f5i j\u00e4ta), mis jutustas \u00fche \u00fcksikisa loo oma lapse kasvatamise muredest ja r\u00f5\u00f5mudest. &nbsp; &nbsp; Saksa luterlikus kirikus toimus Eesti j\u00f5ulu &hellip;<\/p>\n<p class=\"read-more\"> <a class=\"\" href=\"https:\/\/www.estoniansociety.co.uk\/en\/seltsist-meie-lood-joulupidu-2019\/\"> <span class=\"screen-reader-text\">Arhiiv &#8211; 2019 &#8211; \u00dcritused &#8211; J\u00f5ulupidu 2019<\/span> Read More &raquo;<\/a><\/p>","protected":false},"author":2,"featured_media":0,"parent":0,"menu_order":0,"comment_status":"closed","ping_status":"closed","template":"","meta":{"_mi_skip_tracking":false,"footnotes":""},"class_list":["post-3228","page","type-page","status-publish","hentry"],"_links":{"self":[{"href":"https:\/\/www.estoniansociety.co.uk\/en\/wp-json\/wp\/v2\/pages\/3228","targetHints":{"allow":["GET"]}}],"collection":[{"href":"https:\/\/www.estoniansociety.co.uk\/en\/wp-json\/wp\/v2\/pages"}],"about":[{"href":"https:\/\/www.estoniansociety.co.uk\/en\/wp-json\/wp\/v2\/types\/page"}],"author":[{"embeddable":true,"href":"https:\/\/www.estoniansociety.co.uk\/en\/wp-json\/wp\/v2\/users\/2"}],"replies":[{"embeddable":true,"href":"https:\/\/www.estoniansociety.co.uk\/en\/wp-json\/wp\/v2\/comments?post=3228"}],"version-history":[{"count":5,"href":"https:\/\/www.estoniansociety.co.uk\/en\/wp-json\/wp\/v2\/pages\/3228\/revisions"}],"predecessor-version":[{"id":5772,"href":"https:\/\/www.estoniansociety.co.uk\/en\/wp-json\/wp\/v2\/pages\/3228\/revisions\/5772"}],"wp:attachment":[{"href":"https:\/\/www.estoniansociety.co.uk\/en\/wp-json\/wp\/v2\/media?parent=3228"}],"curies":[{"name":"wp","href":"https:\/\/api.w.org\/{rel}","templated":true}]}}