{"id":3173,"date":"2021-07-05T08:53:35","date_gmt":"2021-07-05T08:53:35","guid":{"rendered":"https:\/\/estoniansociety.co.uk\/?page_id=3173"},"modified":"2021-10-18T06:30:23","modified_gmt":"2021-10-18T06:30:23","slug":"seltsist-meie-lood-liisa-kaasik-londonis-tatraleiba-kupsetamas","status":"publish","type":"page","link":"https:\/\/www.estoniansociety.co.uk\/en\/seltsist-meie-lood-liisa-kaasik-londonis-tatraleiba-kupsetamas\/","title":{"rendered":"Arhiiv &#8211; 2018 &#8211; \u00dcritused &#8211; Liisa Kaasik Londonis tatraleiba k\u00fcpsetamas"},"content":{"rendered":"<p>&nbsp;<\/p>\n<hr \/>\n<p>&nbsp;<\/p>\n<h2 style=\"text-align: center;\"><span style=\"color: #5e5e61;\">Liisa Kaasik Londonis tatraleiba k\u00fcpsetamas<\/span><\/h2>\n<p>&nbsp;<\/p>\n<p>&nbsp;<\/p>\n<p><img loading=\"lazy\" decoding=\"async\" class=\"wp-image-3174 aligncenter\" src=\"https:\/\/estoniansociety.co.uk\/wp-content\/uploads\/2021\/07\/liisa-300x155.png\" alt=\"\" width=\"499\" height=\"258\" srcset=\"https:\/\/www.estoniansociety.co.uk\/wp-content\/uploads\/2021\/07\/liisa-300x155.png 300w, https:\/\/www.estoniansociety.co.uk\/wp-content\/uploads\/2021\/07\/liisa.png 485w\" sizes=\"auto, (max-width: 499px) 100vw, 499px\" \/><\/p>\n<p>&nbsp;<\/p>\n<p><span style=\"color: #5e5e61;\">Detsembris oli Londoni Eesti Seltsil k\u00fclas rahvap\u00e4rimuse tundja ja tatraleiva koolitaja Liisa Kaasik Eestist. <\/span><span style=\"color: #5e5e61;\">Liisa sisustas p\u00f5neva p\u00e4eva Londoni Eesti Majas nii lastele kui ka leivak\u00fcpsetajatest lastevanematele.<\/span><\/p>\n<p>&nbsp;<\/p>\n<p><img loading=\"lazy\" decoding=\"async\" class=\"wp-image-3176 aligncenter\" src=\"https:\/\/estoniansociety.co.uk\/wp-content\/uploads\/2021\/07\/liisa3-222x300.png\" alt=\"\" width=\"333\" height=\"450\" srcset=\"https:\/\/www.estoniansociety.co.uk\/wp-content\/uploads\/2021\/07\/liisa3-222x300.png 222w, https:\/\/www.estoniansociety.co.uk\/wp-content\/uploads\/2021\/07\/liisa3.png 409w\" sizes=\"auto, (max-width: 333px) 100vw, 333px\" \/><\/p>\n<p>&nbsp;<\/p>\n<p><span style=\"color: #5e5e61;\">Koos Keelekindluse lastega meisterdati j\u00f5ulunikerdusi, j\u00f5uluehteid, m\u00e4ngiti vanu traditsioonilis lastem\u00e4nge. <\/span><span style=\"color: #5e5e61;\">R\u00e4\u00e4giti vanadest traditsioonidest ja t\u00e4htsatest p\u00e4evadest.<\/span><\/p>\n<p><span style=\"color: #5e5e61;\">\u00d5htupoolikul \u00f5petas Liisa k\u00f5iki leivahuvilisi juuretisega toortatraleiba k\u00fcpsetama ning jagas esivanemate leivatarkusi. Kohale oli <\/span><span style=\"color: #5e5e61;\">tulnud ka teistest rahvustest leivak\u00fcpsetajaid. \u00dcheskoos segati valmis tainas ja leivap\u00e4ts l\u00e4ks ahju k\u00fcpsema. Leib tuli imemaitsev!<\/span><\/p>\n<p>&nbsp;<\/p>\n<p><img loading=\"lazy\" decoding=\"async\" class=\"wp-image-3175 aligncenter\" src=\"https:\/\/estoniansociety.co.uk\/wp-content\/uploads\/2021\/07\/liisa2-300x262.png\" alt=\"\" width=\"415\" height=\"362\" srcset=\"https:\/\/www.estoniansociety.co.uk\/wp-content\/uploads\/2021\/07\/liisa2-300x262.png 300w, https:\/\/www.estoniansociety.co.uk\/wp-content\/uploads\/2021\/07\/liisa2.png 638w\" sizes=\"auto, (max-width: 415px) 100vw, 415px\" \/><\/p>\n<p>&nbsp;<\/p>\n<p><span style=\"color: #5e5e61;\">K\u00f5ik kohalolijad said koju kaasa leivapoju, juuretise millega juba ise kodus leiba valmistada saab. Koju minnes kiideti, k\u00fcll oli vahva p\u00fchap\u00e4ev!<\/span><\/p>\n<p>&nbsp;<\/p>\n<hr \/>\n<p><em><span style=\"color: #5e5e61;\">Artikli kirjutas LES esinaine Tiia Avastu<\/span><\/em><\/p>","protected":false},"excerpt":{"rendered":"<p>&nbsp; &nbsp; Liisa Kaasik Londonis tatraleiba k\u00fcpsetamas &nbsp; &nbsp; &nbsp; Detsembris oli Londoni Eesti Seltsil k\u00fclas rahvap\u00e4rimuse tundja ja tatraleiva koolitaja Liisa Kaasik Eestist. Liisa sisustas p\u00f5neva p\u00e4eva Londoni Eesti Majas nii lastele kui ka leivak\u00fcpsetajatest lastevanematele. &nbsp; &nbsp; Koos Keelekindluse lastega meisterdati j\u00f5ulunikerdusi, j\u00f5uluehteid, m\u00e4ngiti vanu traditsioonilis lastem\u00e4nge. R\u00e4\u00e4giti vanadest traditsioonidest ja t\u00e4htsatest p\u00e4evadest. &hellip;<\/p>\n<p class=\"read-more\"> <a class=\"\" href=\"https:\/\/www.estoniansociety.co.uk\/en\/seltsist-meie-lood-liisa-kaasik-londonis-tatraleiba-kupsetamas\/\"> <span class=\"screen-reader-text\">Arhiiv &#8211; 2018 &#8211; \u00dcritused &#8211; Liisa Kaasik Londonis tatraleiba k\u00fcpsetamas<\/span> Read More &raquo;<\/a><\/p>","protected":false},"author":2,"featured_media":0,"parent":0,"menu_order":0,"comment_status":"closed","ping_status":"closed","template":"","meta":{"_mi_skip_tracking":false,"footnotes":""},"class_list":["post-3173","page","type-page","status-publish","hentry"],"_links":{"self":[{"href":"https:\/\/www.estoniansociety.co.uk\/en\/wp-json\/wp\/v2\/pages\/3173","targetHints":{"allow":["GET"]}}],"collection":[{"href":"https:\/\/www.estoniansociety.co.uk\/en\/wp-json\/wp\/v2\/pages"}],"about":[{"href":"https:\/\/www.estoniansociety.co.uk\/en\/wp-json\/wp\/v2\/types\/page"}],"author":[{"embeddable":true,"href":"https:\/\/www.estoniansociety.co.uk\/en\/wp-json\/wp\/v2\/users\/2"}],"replies":[{"embeddable":true,"href":"https:\/\/www.estoniansociety.co.uk\/en\/wp-json\/wp\/v2\/comments?post=3173"}],"version-history":[{"count":2,"href":"https:\/\/www.estoniansociety.co.uk\/en\/wp-json\/wp\/v2\/pages\/3173\/revisions"}],"predecessor-version":[{"id":5768,"href":"https:\/\/www.estoniansociety.co.uk\/en\/wp-json\/wp\/v2\/pages\/3173\/revisions\/5768"}],"wp:attachment":[{"href":"https:\/\/www.estoniansociety.co.uk\/en\/wp-json\/wp\/v2\/media?parent=3173"}],"curies":[{"name":"wp","href":"https:\/\/api.w.org\/{rel}","templated":true}]}}