{"id":3160,"date":"2021-07-05T08:45:51","date_gmt":"2021-07-05T08:45:51","guid":{"rendered":"https:\/\/estoniansociety.co.uk\/?page_id=3160"},"modified":"2021-10-18T06:30:10","modified_gmt":"2021-10-18T06:30:10","slug":"seltsist-meie-lood-londoni-eestlaste-joulupidu-2018","status":"publish","type":"page","link":"https:\/\/www.estoniansociety.co.uk\/en\/seltsist-meie-lood-londoni-eestlaste-joulupidu-2018\/","title":{"rendered":"Arhiiv &#8211; 2018 &#8211; \u00dcritused &#8211; Londoni Eestlaste J\u00f5ulupidu 2018"},"content":{"rendered":"<h2><\/h2>\n<p>&nbsp;<\/p>\n<hr \/>\n<h2><\/h2>\n<h2 style=\"text-align: center;\"><span style=\"color: #5e5e61;\">Londoni Eestlaste J\u00f5ulupidu 2018<\/span><\/h2>\n<p>&nbsp;<\/p>\n<p><img loading=\"lazy\" decoding=\"async\" class=\"wp-image-3163 aligncenter\" src=\"https:\/\/estoniansociety.co.uk\/wp-content\/uploads\/2021\/07\/jouluvana-300x168.png\" alt=\"\" width=\"420\" height=\"235\" srcset=\"https:\/\/www.estoniansociety.co.uk\/wp-content\/uploads\/2021\/07\/jouluvana-300x168.png 300w, https:\/\/www.estoniansociety.co.uk\/wp-content\/uploads\/2021\/07\/jouluvana.png 320w\" sizes=\"auto, (max-width: 420px) 100vw, 420px\" \/><\/p>\n<p>&nbsp;<\/p>\n<p>Eesti juubeliaasta t\u00e4histamisele Londonis pani v\u00e4\u00e4rika l\u00f5ppakordi detsembris toimunud Eestlaste J\u00f5ulupidu Londonis (9. detsembril 2018). J\u00f5ulumeeleolus peok\u00fclalised tulid taaskord Wandsworth Civic Halli osa saama traditsioonilisest eestimaisest j\u00f5ulupeost, millest on aastate v\u00e4ltel saanud \u00fcks populaarseim eesti kogukonna \u00fcritus Londonis. J\u00f5ulu\u00f5htu algas Eesti suursaatkonna tervitusk\u00f5ne edastamisega.<\/p>\n<p>Kontsertiosa alustas duo Kymbali Williams &amp; Cathy Sommer, millele j\u00e4rgnes Londoni Naiskammerkoori esinemine. Kammerkoor esitas Reet Kromel-Williamsi juhendamisel kauneid j\u00f5ululaule, mis said publiku erilise aplausi osaliseks.<\/p>\n<p>&nbsp;<\/p>\n<p><img loading=\"lazy\" decoding=\"async\" class=\"wp-image-3161 aligncenter\" src=\"https:\/\/estoniansociety.co.uk\/wp-content\/uploads\/2021\/07\/joul-300x200.png\" alt=\"\" width=\"448\" height=\"298\" srcset=\"https:\/\/www.estoniansociety.co.uk\/wp-content\/uploads\/2021\/07\/joul-300x200.png 300w, https:\/\/www.estoniansociety.co.uk\/wp-content\/uploads\/2021\/07\/joul.png 640w\" sizes=\"auto, (max-width: 448px) 100vw, 448px\" \/><\/p>\n<p>&nbsp;<\/p>\n<p>Peomeeleolu hoogustus, kui lavale astus Eestist kohale tulnud populaarne muusik ja rahvamees <span style=\"color: #5e5e61;\">J\u00fcri<\/span> Homenja. Tantsup\u00f5rand t\u00e4itus kiiresti rahvaga ja l\u00f5busas tantsur\u00fctmis keerutati jalga \u00f5htu l\u00f5puni. Hoogsa peo k\u00e4igus salvestati videoklipp j\u00f5ulutervitustega Londonist otse ETV hommikuprogrammi.<\/p>\n<p>P\u00f5nevat tegevust j\u00f5ulupeol j\u00e4tkus ka v\u00e4iksematele peok\u00fclalistele. Lastele tuli k\u00fclla j\u00f5uluvana. Kerge jalaga tantsulustlik j\u00f5uluvana tantsis Marje Remmeti jhendusel koos lastega l\u00f5busaid rahvatantse. Kingikotist v\u00e4lja tulnud eesti kommipakid tegid k\u00f5igil tuju heaks. Enamus lapsi olid selgeks \u00f5ppinud eestikeelsed luuletused, mida julgelt ka j\u00f5uluvanale ette loeti. J\u00f5ulupeo lastealal toimetasid keeleklubi Keelekindlus ja Eesti Kool Londonis. \u00dcheskoos kaunistati piparkooke ja meisterdati j\u00f5ulunikerdusi.<\/p>\n<p>&nbsp;<\/p>\n<p><img loading=\"lazy\" decoding=\"async\" class=\"wp-image-3162 aligncenter\" src=\"https:\/\/estoniansociety.co.uk\/wp-content\/uploads\/2021\/07\/joulupeo-banner-300x185.jpg\" alt=\"\" width=\"461\" height=\"284\" srcset=\"https:\/\/www.estoniansociety.co.uk\/wp-content\/uploads\/2021\/07\/joulupeo-banner-300x185.jpg 300w, https:\/\/www.estoniansociety.co.uk\/wp-content\/uploads\/2021\/07\/joulupeo-banner-1024x631.jpg 1024w, https:\/\/www.estoniansociety.co.uk\/wp-content\/uploads\/2021\/07\/joulupeo-banner-768x473.jpg 768w, https:\/\/www.estoniansociety.co.uk\/wp-content\/uploads\/2021\/07\/joulupeo-banner.jpg 1137w\" sizes=\"auto, (max-width: 461px) 100vw, 461px\" \/><\/p>\n<p>&nbsp;<\/p>\n<p>Peosaalis oli kaetud rikkalik j\u00f5ulubuffe tradistioonilste eesti j\u00f5uluroogadega. K\u00fclalistele pakuti s\u00e4risevaid verivorste, maitsvaid ahjukartuleid, seapraadi hapukapsaga, kartulisalatit ja musta leiba. Peok\u00fclalised kiitsid ja nautisid rahulolevalt j\u00f5ulutoitu. Baaris pakuti auravat j\u00f5ulugl\u00f5ggi , maiasmokkasid kostitati rummikookide ja koduse \u00f5unakoogiga.<\/p>\n<p>J\u00f5ululoteriil keerutati seekord v\u00e4lja palju p\u00f5nevaid v\u00f5ite. Peaauhinnaks Estolingi kinkekaart, mille oli valmis meisterdanud 7-aastane Ionas.<\/p>\n<p>Eestlane olen ja eestlaseks j\u00e4\u00e4n&#8230; laulsid j\u00f5ulupeolised k\u00e4test kinni hoides emotsionaalselt \u00f5htu l\u00f5pulugu , tore oli \u00fcheskoos vanade ja uute s\u00f5prade seltsis j\u00f5ulukuud alustada!<\/p>\n<p>Suur t\u00e4nu Seltsi vabatahtlikke tiimile, t\u00e4nu kelle tublile t\u00f6\u00f6le see \u00fcritus teoks sai. T\u00e4nud ka kallitele k\u00fclalistele, kes meiega \u00fcheskoos j\u00f5ulumeeleolu jagasid.<\/p>\n<p>&nbsp;<\/p>\n<hr \/>\n<p><em>Kirjutasid Tiia Avastu ja Jane Bakhoff<\/em><\/p>\n<p>&nbsp;<\/p>","protected":false},"excerpt":{"rendered":"<p>&nbsp; Londoni Eestlaste J\u00f5ulupidu 2018 &nbsp; &nbsp; Eesti juubeliaasta t\u00e4histamisele Londonis pani v\u00e4\u00e4rika l\u00f5ppakordi detsembris toimunud Eestlaste J\u00f5ulupidu Londonis (9. detsembril 2018). J\u00f5ulumeeleolus peok\u00fclalised tulid taaskord Wandsworth Civic Halli osa saama traditsioonilisest eestimaisest j\u00f5ulupeost, millest on aastate v\u00e4ltel saanud \u00fcks populaarseim eesti kogukonna \u00fcritus Londonis. J\u00f5ulu\u00f5htu algas Eesti suursaatkonna tervitusk\u00f5ne edastamisega. Kontsertiosa alustas duo Kymbali &hellip;<\/p>\n<p class=\"read-more\"> <a class=\"\" href=\"https:\/\/www.estoniansociety.co.uk\/en\/seltsist-meie-lood-londoni-eestlaste-joulupidu-2018\/\"> <span class=\"screen-reader-text\">Arhiiv &#8211; 2018 &#8211; \u00dcritused &#8211; Londoni Eestlaste J\u00f5ulupidu 2018<\/span> Read More &raquo;<\/a><\/p>","protected":false},"author":2,"featured_media":0,"parent":0,"menu_order":0,"comment_status":"closed","ping_status":"closed","template":"","meta":{"_mi_skip_tracking":false,"footnotes":""},"class_list":["post-3160","page","type-page","status-publish","hentry"],"_links":{"self":[{"href":"https:\/\/www.estoniansociety.co.uk\/en\/wp-json\/wp\/v2\/pages\/3160","targetHints":{"allow":["GET"]}}],"collection":[{"href":"https:\/\/www.estoniansociety.co.uk\/en\/wp-json\/wp\/v2\/pages"}],"about":[{"href":"https:\/\/www.estoniansociety.co.uk\/en\/wp-json\/wp\/v2\/types\/page"}],"author":[{"embeddable":true,"href":"https:\/\/www.estoniansociety.co.uk\/en\/wp-json\/wp\/v2\/users\/2"}],"replies":[{"embeddable":true,"href":"https:\/\/www.estoniansociety.co.uk\/en\/wp-json\/wp\/v2\/comments?post=3160"}],"version-history":[{"count":5,"href":"https:\/\/www.estoniansociety.co.uk\/en\/wp-json\/wp\/v2\/pages\/3160\/revisions"}],"predecessor-version":[{"id":5767,"href":"https:\/\/www.estoniansociety.co.uk\/en\/wp-json\/wp\/v2\/pages\/3160\/revisions\/5767"}],"wp:attachment":[{"href":"https:\/\/www.estoniansociety.co.uk\/en\/wp-json\/wp\/v2\/media?parent=3160"}],"curies":[{"name":"wp","href":"https:\/\/api.w.org\/{rel}","templated":true}]}}