{"id":3129,"date":"2021-07-05T08:33:17","date_gmt":"2021-07-05T08:33:17","guid":{"rendered":"https:\/\/estoniansociety.co.uk\/?page_id=3129"},"modified":"2021-10-18T06:28:30","modified_gmt":"2021-10-18T06:28:30","slug":"seltsist-meie-lood-lastepaev-2018","status":"publish","type":"page","link":"https:\/\/www.estoniansociety.co.uk\/en\/seltsist-meie-lood-lastepaev-2018\/","title":{"rendered":"Arhiiv &#8211; 2018 &#8211; \u00dcritused &#8211; Lastep\u00e4ev 2018"},"content":{"rendered":"<p>&nbsp;<\/p>\n<hr \/>\n<h2><\/h2>\n<h2 style=\"text-align: center;\"><span style=\"color: #5e5e61;\">Lastep\u00e4ev 2018<\/span><\/h2>\n<div dir=\"auto\"><\/div>\n<div dir=\"auto\"><\/div>\n<div dir=\"auto\"><img loading=\"lazy\" decoding=\"async\" class=\"wp-image-3136 aligncenter\" src=\"https:\/\/estoniansociety.co.uk\/wp-content\/uploads\/2021\/07\/01f18ea4-82a3-41d7-8521-fb65626f4237-300x169.jpg\" alt=\"\" width=\"444\" height=\"250\" srcset=\"https:\/\/www.estoniansociety.co.uk\/wp-content\/uploads\/2021\/07\/01f18ea4-82a3-41d7-8521-fb65626f4237-300x169.jpg 300w, https:\/\/www.estoniansociety.co.uk\/wp-content\/uploads\/2021\/07\/01f18ea4-82a3-41d7-8521-fb65626f4237-1024x576.jpg 1024w, https:\/\/www.estoniansociety.co.uk\/wp-content\/uploads\/2021\/07\/01f18ea4-82a3-41d7-8521-fb65626f4237-768x432.jpg 768w, https:\/\/www.estoniansociety.co.uk\/wp-content\/uploads\/2021\/07\/01f18ea4-82a3-41d7-8521-fb65626f4237.jpg 1328w\" sizes=\"auto, (max-width: 444px) 100vw, 444px\" \/><\/div>\n<div dir=\"auto\"><\/div>\n<div dir=\"auto\"><\/div>\n<div dir=\"auto\"><span style=\"color: #5e5e61;\">Londoni Eesti Majas toimus 25.\u00a0veebruaril EV100 \u00fcrituste raames\u00a0tore lastep\u00e4ev. P\u00e4eva alustasid noored muusikud Kusti Lemba (kitarril) ja Keio Vutt (saksofonil) muusikaviktoriiniga, kus m\u00e4ngiti lastele ja lapsevanematele tuntud seriaalide tunnusmeloodiaid, publik pidi arvama, kust need p\u00e4rit on. Seej\u00e4rel astusid lavale Londoni Eesti Kooli lapsed etendusega &#8220;T\u00e4nap\u00e4eva Kalevipoeg&#8221;, mille nad olid ise kokku pannud Kalevipoja eepose p\u00f5hjal Marje Remmeti juhendamisel. Lapsed andsid eepose lugu edasi l\u00e4bi oma silmade ja t\u00e4nap\u00e4eva prisma. Etenduses l\u00f5id kaasa Eesti Seltsi rahvatantsijad, sai n\u00e4ha tantsu, kuulda laulu ja nautida vahvaid kost\u00fc\u00fcme. \u00a0Lavakujunduse valmimisele aitasid kaasa lisaks lastele ka lapsevanemad ja \u00f5petajad. Loodetavasti \u00f5nnetub lastel etendusega ka tulevikus esineda, kuna vastuv\u00f5tt oli v\u00e4ga positiivne ning lapsed olid \u00e4ra teinud suure t\u00f6\u00f6.\u00a0<\/span><\/div>\n<div dir=\"auto\"><\/div>\n<div dir=\"auto\"><\/div>\n<div dir=\"auto\"><\/div>\n<div dir=\"auto\"><img loading=\"lazy\" decoding=\"async\" class=\"wp-image-3137 aligncenter\" src=\"https:\/\/estoniansociety.co.uk\/wp-content\/uploads\/2021\/07\/c0fdae34-e5a7-4448-8987-ff0e1e5fd15c-300x255.jpg\" alt=\"\" width=\"402\" height=\"342\" srcset=\"https:\/\/www.estoniansociety.co.uk\/wp-content\/uploads\/2021\/07\/c0fdae34-e5a7-4448-8987-ff0e1e5fd15c-300x255.jpg 300w, https:\/\/www.estoniansociety.co.uk\/wp-content\/uploads\/2021\/07\/c0fdae34-e5a7-4448-8987-ff0e1e5fd15c-1024x872.jpg 1024w, https:\/\/www.estoniansociety.co.uk\/wp-content\/uploads\/2021\/07\/c0fdae34-e5a7-4448-8987-ff0e1e5fd15c-768x654.jpg 768w, https:\/\/www.estoniansociety.co.uk\/wp-content\/uploads\/2021\/07\/c0fdae34-e5a7-4448-8987-ff0e1e5fd15c.jpg 1137w\" sizes=\"auto, (max-width: 402px) 100vw, 402px\" \/><\/div>\n<div dir=\"auto\"><\/div>\n<div dir=\"auto\"><\/div>\n<div dir=\"auto\"><\/div>\n<div dir=\"auto\"><span style=\"color: #5e5e61;\">Eesti meeleolu aitas \u00fcleval\u00a0hoida Seltsi kohvik, kus pakuti eestimaiseid suupisteid, \u00a0kiluv\u00f5ileibu ja\u00a0kamamuffineid. \u00a0Lisaks ka k\u00e4sit\u00f6\u00f6d ning meenevalikut otse Eestist.\u00a0<\/span><\/div>\n<div dir=\"auto\"><\/div>\n<div dir=\"auto\"><span style=\"color: #5e5e61;\">Tervist t\u00f5i Eestist ka Semu, kelle astelpaju mahlad lastele r\u00f5\u00f5mu tegid.<\/span><\/div>\n<div dir=\"auto\"><\/div>\n<div dir=\"auto\"><span style=\"color: #5e5e61;\">P\u00e4eva teises pooles viis Marje Remmet l\u00e4bi kaasahaarava rahvatantsu t\u00f6\u00f6toa, kus lapsed ja lapsevanemad said jalga keerutada. P\u00e4evale andis \u00a0l\u00f5pp-punkti teaduse t\u00f6\u00f6tuba, kus p\u00f5nevaid teaduslikke eksperimente ise prooviti \u00a0noorte eestlastest teadlaste k\u00e4e all. Nimelt tegutsevad noored teadlased Londonis Native Scientist programmi all. Toreda kingitusena Eesti Majale on taaskord maja seinal ka Londoni Eesti Kooli laste \u00fchist\u00f6\u00f6na aastal 2016 kunstiprojekti raames valminud Konrad M\u00e4e &#8220;Norra maastikud&#8221; reproduktsioon.<\/span><\/div>\n<div dir=\"auto\"><span style=\"color: #5e5e61;\">Lastep\u00e4eva korraldas Londoni Eesti Selts.\u00a0<\/span><\/div>\n<div dir=\"auto\"><\/div>\n<div dir=\"auto\"><\/div>\n<div dir=\"auto\">\n<hr \/>\n<\/div>\n<div dir=\"auto\"><em><span style=\"color: #5e5e61;\">Artikli kirjutasid:<\/span><\/em><\/div>\n<div dir=\"auto\"><em><span style=\"color: #5e5e61;\">Kerli Liksor ja Liina S\u00e4rkinen<\/span><\/em><\/div>","protected":false},"excerpt":{"rendered":"<p>&nbsp; Lastep\u00e4ev 2018 Londoni Eesti Majas toimus 25.\u00a0veebruaril EV100 \u00fcrituste raames\u00a0tore lastep\u00e4ev. P\u00e4eva alustasid noored muusikud Kusti Lemba (kitarril) ja Keio Vutt (saksofonil) muusikaviktoriiniga, kus m\u00e4ngiti lastele ja lapsevanematele tuntud seriaalide tunnusmeloodiaid, publik pidi arvama, kust need p\u00e4rit on. Seej\u00e4rel astusid lavale Londoni Eesti Kooli lapsed etendusega &#8220;T\u00e4nap\u00e4eva Kalevipoeg&#8221;, mille nad olid ise kokku pannud &hellip;<\/p>\n<p class=\"read-more\"> <a class=\"\" href=\"https:\/\/www.estoniansociety.co.uk\/en\/seltsist-meie-lood-lastepaev-2018\/\"> <span class=\"screen-reader-text\">Arhiiv &#8211; 2018 &#8211; \u00dcritused &#8211; Lastep\u00e4ev 2018<\/span> Read More &raquo;<\/a><\/p>","protected":false},"author":2,"featured_media":0,"parent":0,"menu_order":0,"comment_status":"closed","ping_status":"closed","template":"","meta":{"_mi_skip_tracking":false,"footnotes":""},"class_list":["post-3129","page","type-page","status-publish","hentry"],"_links":{"self":[{"href":"https:\/\/www.estoniansociety.co.uk\/en\/wp-json\/wp\/v2\/pages\/3129","targetHints":{"allow":["GET"]}}],"collection":[{"href":"https:\/\/www.estoniansociety.co.uk\/en\/wp-json\/wp\/v2\/pages"}],"about":[{"href":"https:\/\/www.estoniansociety.co.uk\/en\/wp-json\/wp\/v2\/types\/page"}],"author":[{"embeddable":true,"href":"https:\/\/www.estoniansociety.co.uk\/en\/wp-json\/wp\/v2\/users\/2"}],"replies":[{"embeddable":true,"href":"https:\/\/www.estoniansociety.co.uk\/en\/wp-json\/wp\/v2\/comments?post=3129"}],"version-history":[{"count":5,"href":"https:\/\/www.estoniansociety.co.uk\/en\/wp-json\/wp\/v2\/pages\/3129\/revisions"}],"predecessor-version":[{"id":5761,"href":"https:\/\/www.estoniansociety.co.uk\/en\/wp-json\/wp\/v2\/pages\/3129\/revisions\/5761"}],"wp:attachment":[{"href":"https:\/\/www.estoniansociety.co.uk\/en\/wp-json\/wp\/v2\/media?parent=3129"}],"curies":[{"name":"wp","href":"https:\/\/api.w.org\/{rel}","templated":true}]}}