{"id":2949,"date":"2021-07-05T08:40:26","date_gmt":"2021-07-05T08:40:26","guid":{"rendered":"https:\/\/estoniansociety.co.uk\/?page_id=2949"},"modified":"2021-10-18T06:28:51","modified_gmt":"2021-10-18T06:28:51","slug":"seltsist-meie-lood-emadepaevast-2018","status":"publish","type":"page","link":"https:\/\/www.estoniansociety.co.uk\/en\/seltsist-meie-lood-emadepaevast-2018\/","title":{"rendered":"Arhiiv &#8211; 2018 &#8211; \u00dcritused &#8211; Emadep\u00e4eva t\u00e4histamine Londonis, Eesti Majas 2018"},"content":{"rendered":"<hr \/>\n<h2 style=\"text-align: center;\"><span style=\"color: #5e5e61;\">Emadep\u00e4eva t\u00e4histamine Londonis, Eesti Majas<\/span><\/h2>\n<p><span style=\"color: #5e5e61;\">Ma m\u00e4letan neid ilusaid vaiksed p\u00e4ikselisi hommikuid kevadises Eestis, kus sai korjatud peot\u00e4is \u00fclaseid ja sinililli ning punutud l\u00f5ngast k\u00e4epael oma armsale emale. Kerides edasi kolmk\u00fcmend aastat leian ennast emadep\u00e4eval siin Londonis.<\/span><\/p>\n<p><span style=\"color: #5e5e61;\">Nii palju on muutunud, mul on endal laps ja emadep\u00e4eval on n\u00fc\u00fcd juba teine h\u00f5ng. Londoni lapsed ei saa joosta kuhugi metsa alla lilli noppima, suurlinna elanikuna tuleb t\u00f5deda, et k\u00f5ike on vaja ette planeerida ning korraldada.<\/span><\/p>\n<p><span style=\"color: #5e5e61;\">Sel aastal korraldas Londoni Naiskammerkoor koos Londoni Eesti Maja, Eesti Abistamise Komitee, Londoni Eesti Seltsi ja Estonian Folksiga ilusa ning d\u00fcnaamilise emadep\u00e4eva kontserdi Eesti Majas. 13.mai p\u00e4rastl\u00f5unal sai iga ema midagi oma hingele.<\/span><\/p>\n<p>&nbsp;<\/p>\n<p><img loading=\"lazy\" decoding=\"async\" class=\"wp-image-3149 aligncenter\" src=\"https:\/\/estoniansociety.co.uk\/wp-content\/uploads\/2021\/07\/32889717_10211046587470485_692886994891571200_n-300x225.jpg\" alt=\"\" width=\"392\" height=\"294\" srcset=\"https:\/\/www.estoniansociety.co.uk\/wp-content\/uploads\/2021\/07\/32889717_10211046587470485_692886994891571200_n-300x225.jpg 300w, https:\/\/www.estoniansociety.co.uk\/wp-content\/uploads\/2021\/07\/32889717_10211046587470485_692886994891571200_n-768x576.jpg 768w, https:\/\/www.estoniansociety.co.uk\/wp-content\/uploads\/2021\/07\/32889717_10211046587470485_692886994891571200_n.jpg 960w\" sizes=\"auto, (max-width: 392px) 100vw, 392px\" \/><\/p>\n<p>&nbsp;<\/p>\n<p><span style=\"color: #5e5e61;\">Kontsert algas Londoni Naiskammerkoori helisevate h\u00e4\u00e4ltega Reet Kromeli juhendusel. Tegelikult Reedal oligi seekord suurem roll &#8211; ta oli p\u00e4evajuht, oskuslikult s\u00f5nu valides ja esinemisi tutvustades, juhatas ta publiku l\u00e4bi kontserdi. Naiskammerkoor esines lauludega &#8220;Ema,kallis ema&#8221; (Reet Kromeli seades),&#8221;Kasvada lapseks&#8221; ja &#8220;V\u00e4ike aed&#8221;, milles soleeris Annaliisa Asveit.<\/span><\/p>\n<p><span style=\"color: #5e5e61;\">Nagu ikka t\u00f5id laulud hellust ja ilu laste esitustes. Kauneid klaveripalasid esitasid Anthony Kruusi, Eric Speck Randam, Khobhi Kromel-Williams ja Tristan Taal. Oli ka etlemist ning laulmist Lilian K\u00fc\u00fctsi ning Londoni Eesti Kooli laste esituses. Cathy Sommer esitas viiulil paar toredat ning lustakat lugu. Estonian Folks lisas huumorit l\u00fchietendusega \u201cAasta ema\u201d ning nagu ikka alustas tantsuga. Sellest aastast alates \u00f5petab Estonian Folks ka lapsi ning need uued tuuled on teretulnud. Kontsert l\u00f5ppes r\u00fctmilise etteastega \u201cLas Madres ja Madis \u201c poolt. Ilusates kost\u00fc\u00fcmides, energilised ja naerusilmsed emad t\u00f5id oma tantsuga lavale eksootikat ning p\u00e4ikest.<\/span><\/p>\n<p><span style=\"color: #5e5e61;\">Kontsert l\u00f5ppes t\u00f6\u00f6tubadega. Madis M\u00e4lgand juhatas trummi-t\u00f6\u00f6tuba ning Reet Kromel laulmist. P\u00e4eva l\u00f5puks valmis \u00fchist\u00f6\u00f6na prantsuse lastelaul \u201cK\u00e4gu\u201d ja \u201cSulle, emake\u201d.<\/span><\/p>\n<p><span style=\"color: #5e5e61;\">Ait\u00e4h k\u00f5ikidele korraldajatele ning kohalolijatele meeleoluka p\u00e4rastl\u00f5una eest.<\/span><\/p>\n<p>&nbsp;<\/p>\n<hr \/>\n<p><em><span style=\"color: #5e5e61;\">Kirjutas<\/span><\/em><br \/>\n<em><span style=\"color: #5e5e61;\">Jane Bakhoff<\/span><\/em><\/p>\n<div id=\":2rq\" class=\"pG\" role=\"img\" data-tooltip-contained=\"true\" data-tooltip-align=\"b,l\" data-tooltip-delay=\"1500\" aria-label=\"Not important\"><\/div>\n<p>&nbsp;<\/p>","protected":false},"excerpt":{"rendered":"<p>Emadep\u00e4eva t\u00e4histamine Londonis, Eesti Majas Ma m\u00e4letan neid ilusaid vaiksed p\u00e4ikselisi hommikuid kevadises Eestis, kus sai korjatud peot\u00e4is \u00fclaseid ja sinililli ning punutud l\u00f5ngast k\u00e4epael oma armsale emale. Kerides edasi kolmk\u00fcmend aastat leian ennast emadep\u00e4eval siin Londonis. Nii palju on muutunud, mul on endal laps ja emadep\u00e4eval on n\u00fc\u00fcd juba teine h\u00f5ng. Londoni lapsed ei &hellip;<\/p>\n<p class=\"read-more\"> <a class=\"\" href=\"https:\/\/www.estoniansociety.co.uk\/en\/seltsist-meie-lood-emadepaevast-2018\/\"> <span class=\"screen-reader-text\">Arhiiv &#8211; 2018 &#8211; \u00dcritused &#8211; Emadep\u00e4eva t\u00e4histamine Londonis, Eesti Majas 2018<\/span> Read More &raquo;<\/a><\/p>","protected":false},"author":2,"featured_media":0,"parent":0,"menu_order":0,"comment_status":"closed","ping_status":"closed","template":"","meta":{"_mi_skip_tracking":false,"footnotes":""},"class_list":["post-2949","page","type-page","status-publish","hentry"],"_links":{"self":[{"href":"https:\/\/www.estoniansociety.co.uk\/en\/wp-json\/wp\/v2\/pages\/2949","targetHints":{"allow":["GET"]}}],"collection":[{"href":"https:\/\/www.estoniansociety.co.uk\/en\/wp-json\/wp\/v2\/pages"}],"about":[{"href":"https:\/\/www.estoniansociety.co.uk\/en\/wp-json\/wp\/v2\/types\/page"}],"author":[{"embeddable":true,"href":"https:\/\/www.estoniansociety.co.uk\/en\/wp-json\/wp\/v2\/users\/2"}],"replies":[{"embeddable":true,"href":"https:\/\/www.estoniansociety.co.uk\/en\/wp-json\/wp\/v2\/comments?post=2949"}],"version-history":[{"count":4,"href":"https:\/\/www.estoniansociety.co.uk\/en\/wp-json\/wp\/v2\/pages\/2949\/revisions"}],"predecessor-version":[{"id":5762,"href":"https:\/\/www.estoniansociety.co.uk\/en\/wp-json\/wp\/v2\/pages\/2949\/revisions\/5762"}],"wp:attachment":[{"href":"https:\/\/www.estoniansociety.co.uk\/en\/wp-json\/wp\/v2\/media?parent=2949"}],"curies":[{"name":"wp","href":"https:\/\/api.w.org\/{rel}","templated":true}]}}