{"id":1936,"date":"2021-07-01T19:34:07","date_gmt":"2021-07-01T19:34:07","guid":{"rendered":"https:\/\/estoniansociety.co.uk\/?page_id=1936"},"modified":"2021-10-18T05:14:27","modified_gmt":"2021-10-18T05:14:27","slug":"arhiiv-2012","status":"publish","type":"page","link":"https:\/\/www.estoniansociety.co.uk\/en\/arhiiv-2012\/","title":{"rendered":"Arhiiv &#8211; 2012"},"content":{"rendered":"<div data-elementor-type=\"wp-page\" data-elementor-id=\"1936\" class=\"elementor elementor-1936\">\n\t\t\t\t\t\t\t\t\t<section class=\"elementor-section elementor-top-section elementor-element elementor-element-7c665b26 elementor-section-height-min-height elementor-section-content-bottom elementor-section-items-bottom elementor-section-boxed elementor-section-height-default\" data-id=\"7c665b26\" data-element_type=\"section\" data-settings=\"{&quot;background_background&quot;:&quot;classic&quot;}\">\n\t\t\t\t\t\t\t<div class=\"elementor-background-overlay\"><\/div>\n\t\t\t\t\t\t\t<div class=\"elementor-container elementor-column-gap-no\">\n\t\t\t\t\t<div class=\"elementor-column elementor-col-100 elementor-top-column elementor-element elementor-element-14839ae4\" data-id=\"14839ae4\" data-element_type=\"column\">\n\t\t\t<div class=\"elementor-widget-wrap elementor-element-populated\">\n\t\t\t\t\t\t\t\t<div class=\"elementor-element elementor-element-2c39d1fb elementor-widget elementor-widget-heading\" data-id=\"2c39d1fb\" data-element_type=\"widget\" data-widget_type=\"heading.default\">\n\t\t\t\t<div class=\"elementor-widget-container\">\n\t\t\t<h6 class=\"elementor-heading-title elementor-size-default\">Archive<\/h6>\t\t<\/div>\n\t\t\t\t<\/div>\n\t\t\t\t<div class=\"elementor-element elementor-element-408e119c elementor-widget elementor-widget-heading\" data-id=\"408e119c\" data-element_type=\"widget\" data-widget_type=\"heading.default\">\n\t\t\t\t<div class=\"elementor-widget-container\">\n\t\t\t<h1 class=\"elementor-heading-title elementor-size-default\">2012<\/h1>\t\t<\/div>\n\t\t\t\t<\/div>\n\t\t\t\t\t<\/div>\n\t\t<\/div>\n\t\t\t\t\t\t\t<\/div>\n\t\t<\/section>\n\t\t\t\t<section class=\"elementor-section elementor-top-section elementor-element elementor-element-591b34a3 elementor-section-boxed elementor-section-height-default elementor-section-height-default\" data-id=\"591b34a3\" data-element_type=\"section\" data-settings=\"{&quot;background_background&quot;:&quot;classic&quot;}\">\n\t\t\t\t\t\t<div class=\"elementor-container elementor-column-gap-no\">\n\t\t\t\t\t<div class=\"elementor-column elementor-col-100 elementor-top-column elementor-element elementor-element-24754700\" data-id=\"24754700\" data-element_type=\"column\">\n\t\t\t<div class=\"elementor-widget-wrap elementor-element-populated\">\n\t\t\t\t\t\t\t\t<div class=\"elementor-element elementor-element-10be00f3 elementor-widget elementor-widget-heading\" data-id=\"10be00f3\" data-element_type=\"widget\" data-widget_type=\"heading.default\">\n\t\t\t\t<div class=\"elementor-widget-container\">\n\t\t\t<h3 class=\"elementor-heading-title elementor-size-default\">2012. aasta tegemistest<\/h3>\t\t<\/div>\n\t\t\t\t<\/div>\n\t\t\t\t<div class=\"elementor-element elementor-element-7ff08785 elementor-widget-divider--view-line elementor-widget elementor-widget-divider\" data-id=\"7ff08785\" data-element_type=\"widget\" data-widget_type=\"divider.default\">\n\t\t\t\t<div class=\"elementor-widget-container\">\n\t\t\t\t\t<div class=\"elementor-divider\">\n\t\t\t<span class=\"elementor-divider-separator\">\n\t\t\t\t\t\t<\/span>\n\t\t<\/div>\n\t\t\t\t<\/div>\n\t\t\t\t<\/div>\n\t\t\t\t<section class=\"elementor-section elementor-inner-section elementor-element elementor-element-3306357b elementor-section-boxed elementor-section-height-default elementor-section-height-default\" data-id=\"3306357b\" data-element_type=\"section\">\n\t\t\t\t\t\t<div class=\"elementor-container elementor-column-gap-default\">\n\t\t\t\t\t<div class=\"elementor-column elementor-col-100 elementor-inner-column elementor-element elementor-element-7a6f27b6\" data-id=\"7a6f27b6\" data-element_type=\"column\">\n\t\t\t<div class=\"elementor-widget-wrap elementor-element-populated\">\n\t\t\t\t\t\t\t\t<div class=\"elementor-element elementor-element-68ffbb65 elementor-widget elementor-widget-text-editor\" data-id=\"68ffbb65\" data-element_type=\"widget\" data-widget_type=\"text-editor.default\">\n\t\t\t\t<div class=\"elementor-widget-container\">\n\t\t\t\t\t\t\t<h4 dir=\"ltr\">Aastakokkuv\u00f5te<\/h4><p dir=\"ltr\">2012. aastal pidasime kuus suuremat \u00fcritust, tuues kokku eestlasi Londonis ja Londoni \u00fcmbruses. Meil oli r\u00f5\u00f5m n\u00e4ha mitmeid k\u00fclalisesinejaid Eestist ja esinejaid meie Londoni kogukonnast. <span style=\"color: #ff9900;\"><a style=\"color: #ff9900;\" href=\"https:\/\/www.estoniansociety.co.uk\/en\/arhiiv-aastakokkuvotted-2012\/\">Loe edasi siit.<\/a><\/span><\/p>\t\t\t\t\t\t<\/div>\n\t\t\t\t<\/div>\n\t\t\t\t\t<\/div>\n\t\t<\/div>\n\t\t\t\t\t\t\t<\/div>\n\t\t<\/section>\n\t\t\t\t\t<\/div>\n\t\t<\/div>\n\t\t\t\t\t\t\t<\/div>\n\t\t<\/section>\n\t\t\t\t<section class=\"elementor-section elementor-top-section elementor-element elementor-element-ba99f7c elementor-section-boxed elementor-section-height-default elementor-section-height-default\" data-id=\"ba99f7c\" data-element_type=\"section\">\n\t\t\t\t\t\t<div class=\"elementor-container elementor-column-gap-default\">\n\t\t\t\t\t<div class=\"elementor-column elementor-col-100 elementor-top-column elementor-element elementor-element-8bb029c\" data-id=\"8bb029c\" data-element_type=\"column\">\n\t\t\t<div class=\"elementor-widget-wrap elementor-element-populated\">\n\t\t\t\t\t\t\t\t<div class=\"elementor-element elementor-element-555cc31 elementor-widget elementor-widget-spacer\" data-id=\"555cc31\" data-element_type=\"widget\" data-widget_type=\"spacer.default\">\n\t\t\t\t<div class=\"elementor-widget-container\">\n\t\t\t\t\t<div class=\"elementor-spacer\">\n\t\t\t<div class=\"elementor-spacer-inner\"><\/div>\n\t\t<\/div>\n\t\t\t\t<\/div>\n\t\t\t\t<\/div>\n\t\t\t\t<div class=\"elementor-element elementor-element-ae92d53 elementor-widget elementor-widget-heading\" data-id=\"ae92d53\" data-element_type=\"widget\" data-widget_type=\"heading.default\">\n\t\t\t\t<div class=\"elementor-widget-container\">\n\t\t\t<h3 class=\"elementor-heading-title elementor-size-default\">Vaata pilte meie 2012. aasta \u00fcritustest<\/h3>\t\t<\/div>\n\t\t\t\t<\/div>\n\t\t\t\t<div class=\"elementor-element elementor-element-c734dc2 elementor-widget-divider--separator-type-pattern elementor-widget-divider--view-line elementor-widget elementor-widget-divider\" data-id=\"c734dc2\" data-element_type=\"widget\" data-widget_type=\"divider.default\">\n\t\t\t\t<div class=\"elementor-widget-container\">\n\t\t\t\t\t<div class=\"elementor-divider\" style=\"--divider-pattern-url: url(&quot;data:image\/svg+xml,%3Csvg xmlns=&#039;http:\/\/www.w3.org\/2000\/svg&#039; preserveAspectRatio=&#039;none&#039; overflow=&#039;visible&#039; height=&#039;100%&#039; viewBox=&#039;0 0 24 24&#039; fill=&#039;none&#039; stroke=&#039;black&#039; stroke-width=&#039;1&#039; stroke-linecap=&#039;square&#039; stroke-miterlimit=&#039;10&#039;%3E%3Cpolyline points=&#039;0,18 12,6 24,18 &#039;\/%3E%3C\/svg%3E&quot;);\">\n\t\t\t<span class=\"elementor-divider-separator\">\n\t\t\t\t\t\t<\/span>\n\t\t<\/div>\n\t\t\t\t<\/div>\n\t\t\t\t<\/div>\n\t\t\t\t\t<\/div>\n\t\t<\/div>\n\t\t\t\t\t\t\t<\/div>\n\t\t<\/section>\n\t\t\t\t<section class=\"elementor-section elementor-inner-section elementor-element elementor-element-65f5cb6b elementor-section-boxed elementor-section-height-default elementor-section-height-default\" data-id=\"65f5cb6b\" data-element_type=\"section\">\n\t\t\t\t\t\t<div class=\"elementor-container elementor-column-gap-default\">\n\t\t\t\t\t<div class=\"elementor-column elementor-col-50 elementor-inner-column elementor-element elementor-element-4386f80\" data-id=\"4386f80\" data-element_type=\"column\">\n\t\t\t<div class=\"elementor-widget-wrap elementor-element-populated\">\n\t\t\t\t\t\t\t\t<div class=\"elementor-element elementor-element-3c5edd8 elementor-position-top elementor-vertical-align-top elementor-widget elementor-widget-image-box\" data-id=\"3c5edd8\" data-element_type=\"widget\" data-widget_type=\"image-box.default\">\n\t\t\t\t<div class=\"elementor-widget-container\">\n\t\t\t<div class=\"elementor-image-box-wrapper\"><figure class=\"elementor-image-box-img\"><a href=\"https:\/\/www.estoniansociety.co.uk\/en\/arhiiv-galerii-joulupidu-2012\/\"><img loading=\"lazy\" decoding=\"async\" width=\"532\" height=\"532\" src=\"https:\/\/www.estoniansociety.co.uk\/wp-content\/uploads\/2021\/07\/Joulupidu-2012_19-e1625432162536.png\" class=\"elementor-animation-grow attachment-full size-full wp-image-2199\" alt=\"\" srcset=\"https:\/\/www.estoniansociety.co.uk\/wp-content\/uploads\/2021\/07\/Joulupidu-2012_19-e1625432162536.png 532w, https:\/\/www.estoniansociety.co.uk\/wp-content\/uploads\/2021\/07\/Joulupidu-2012_19-e1625432162536-300x300.png 300w, https:\/\/www.estoniansociety.co.uk\/wp-content\/uploads\/2021\/07\/Joulupidu-2012_19-e1625432162536-150x150.png 150w\" sizes=\"auto, (max-width: 532px) 100vw, 532px\" \/><\/a><\/figure><div class=\"elementor-image-box-content\"><h3 class=\"elementor-image-box-title\"><a href=\"https:\/\/www.estoniansociety.co.uk\/en\/arhiiv-galerii-joulupidu-2012\/\">J\u00f5ulupidu 2012<\/a><\/h3><p class=\"elementor-image-box-description\">1. detsembril korraldas Eesti Londoni Selts eestlaste j\u00f5ulupidu Londonis. Pidu peeti Kammersmithi Town Hallis. K\u00fclalisesinejaks olid sel aastal Eurovisioni lauluv\u00f5istlusel Eestit esindanud Ott Lepland koos Kristjan Kaasikuga. Vaata galeriid...<\/p><\/div><\/div>\t\t<\/div>\n\t\t\t\t<\/div>\n\t\t\t\t\t<\/div>\n\t\t<\/div>\n\t\t\t\t<div class=\"elementor-column elementor-col-50 elementor-inner-column elementor-element elementor-element-730d108b\" data-id=\"730d108b\" data-element_type=\"column\">\n\t\t\t<div class=\"elementor-widget-wrap elementor-element-populated\">\n\t\t\t\t\t\t\t\t<div class=\"elementor-element elementor-element-6e7da268 elementor-position-top elementor-vertical-align-top elementor-widget elementor-widget-image-box\" data-id=\"6e7da268\" data-element_type=\"widget\" data-widget_type=\"image-box.default\">\n\t\t\t\t<div class=\"elementor-widget-container\">\n\t\t\t<div class=\"elementor-image-box-wrapper\"><figure class=\"elementor-image-box-img\"><a href=\"https:\/\/www.estoniansociety.co.uk\/en\/arhiiv-galerii-arhiivikoolitus-2012\/\"><img loading=\"lazy\" decoding=\"async\" width=\"532\" height=\"532\" src=\"https:\/\/www.estoniansociety.co.uk\/wp-content\/uploads\/2021\/06\/Arhiivikoolitus2012_6-e1625431952831.png\" class=\"elementor-animation-grow attachment-full size-full wp-image-1686\" alt=\"\" srcset=\"https:\/\/www.estoniansociety.co.uk\/wp-content\/uploads\/2021\/06\/Arhiivikoolitus2012_6-e1625431952831.png 532w, https:\/\/www.estoniansociety.co.uk\/wp-content\/uploads\/2021\/06\/Arhiivikoolitus2012_6-e1625431952831-300x300.png 300w, https:\/\/www.estoniansociety.co.uk\/wp-content\/uploads\/2021\/06\/Arhiivikoolitus2012_6-e1625431952831-150x150.png 150w\" sizes=\"auto, (max-width: 532px) 100vw, 532px\" \/><\/a><\/figure><div class=\"elementor-image-box-content\"><h3 class=\"elementor-image-box-title\"><a href=\"https:\/\/www.estoniansociety.co.uk\/en\/arhiiv-galerii-arhiivikoolitus-2012\/\">Arhiivikoolitus 2012<\/a><\/h3><p class=\"elementor-image-box-description\">29. - 30.septembril toimus BaltHerNeti v\u00e4liseesti arhiivikoolitus Londonis. Osalesid Kanada, Eesti ja Londoni eestlaste organisatsioonid, ja esimeseks sammuks oli v\u00e4liseesti ajaloop\u00e4randi s\u00fcstemaatilise kogumise alustamine Suurbritannias. Vaata galeriid...\n<\/p><\/div><\/div>\t\t<\/div>\n\t\t\t\t<\/div>\n\t\t\t\t\t<\/div>\n\t\t<\/div>\n\t\t\t\t\t\t\t<\/div>\n\t\t<\/section>\n\t\t\t\t<section class=\"elementor-section elementor-inner-section elementor-element elementor-element-6aad79b elementor-section-boxed elementor-section-height-default elementor-section-height-default\" data-id=\"6aad79b\" data-element_type=\"section\">\n\t\t\t\t\t\t<div class=\"elementor-container elementor-column-gap-default\">\n\t\t\t\t\t<div class=\"elementor-column elementor-col-50 elementor-inner-column elementor-element elementor-element-4d648ca\" data-id=\"4d648ca\" data-element_type=\"column\">\n\t\t\t<div class=\"elementor-widget-wrap elementor-element-populated\">\n\t\t\t\t\t\t\t\t<div class=\"elementor-element elementor-element-fb07085 elementor-position-top elementor-vertical-align-top elementor-widget elementor-widget-image-box\" data-id=\"fb07085\" data-element_type=\"widget\" data-widget_type=\"image-box.default\">\n\t\t\t\t<div class=\"elementor-widget-container\">\n\t\t\t<div class=\"elementor-image-box-wrapper\"><figure class=\"elementor-image-box-img\"><a href=\"https:\/\/www.estoniansociety.co.uk\/en\/arhiiv-galerii-olumpiamangud-2012\/\"><img loading=\"lazy\" decoding=\"async\" width=\"600\" height=\"600\" src=\"https:\/\/www.estoniansociety.co.uk\/wp-content\/uploads\/2021\/07\/EestiSportlased2012_6-e1625432247879.png\" class=\"elementor-animation-grow attachment-full size-full wp-image-2255\" alt=\"\" srcset=\"https:\/\/www.estoniansociety.co.uk\/wp-content\/uploads\/2021\/07\/EestiSportlased2012_6-e1625432247879.png 600w, https:\/\/www.estoniansociety.co.uk\/wp-content\/uploads\/2021\/07\/EestiSportlased2012_6-e1625432247879-300x300.png 300w, https:\/\/www.estoniansociety.co.uk\/wp-content\/uploads\/2021\/07\/EestiSportlased2012_6-e1625432247879-150x150.png 150w\" sizes=\"auto, (max-width: 600px) 100vw, 600px\" \/><\/a><\/figure><div class=\"elementor-image-box-content\"><h3 class=\"elementor-image-box-title\"><a href=\"https:\/\/www.estoniansociety.co.uk\/en\/arhiiv-galerii-olumpiamangud-2012\/\">Ol\u00fcmpiam\u00e4ngud 2012<\/a><\/h3><p class=\"elementor-image-box-description\">24. juulil kohtusid Londoni eestlased Eesti sportlastega Ol\u00fcmpia k\u00fclas. Tseremoonial andsid Seltsi ja Gildi esindajad Eesti Ol\u00fcmpiakomiteele \u00fcle kohalike eestlaste head soovid eesti sportlastele. Vaata galeriid...<\/p><\/div><\/div>\t\t<\/div>\n\t\t\t\t<\/div>\n\t\t\t\t\t<\/div>\n\t\t<\/div>\n\t\t\t\t<div class=\"elementor-column elementor-col-50 elementor-inner-column elementor-element elementor-element-f94276b\" data-id=\"f94276b\" data-element_type=\"column\">\n\t\t\t<div class=\"elementor-widget-wrap elementor-element-populated\">\n\t\t\t\t\t\t\t\t<div class=\"elementor-element elementor-element-bfbc785 elementor-position-top elementor-vertical-align-top elementor-widget elementor-widget-image-box\" data-id=\"bfbc785\" data-element_type=\"widget\" data-widget_type=\"image-box.default\">\n\t\t\t\t<div class=\"elementor-widget-container\">\n\t\t\t<div class=\"elementor-image-box-wrapper\"><figure class=\"elementor-image-box-img\"><a href=\"https:\/\/www.estoniansociety.co.uk\/en\/arhiiv-galerii-jaanipaev-2012\/\"><img loading=\"lazy\" decoding=\"async\" width=\"532\" height=\"532\" src=\"https:\/\/www.estoniansociety.co.uk\/wp-content\/uploads\/2021\/07\/Jaanipaev2012_55-e1625432103126.png\" class=\"elementor-animation-grow attachment-full size-full wp-image-2172\" alt=\"\" srcset=\"https:\/\/www.estoniansociety.co.uk\/wp-content\/uploads\/2021\/07\/Jaanipaev2012_55-e1625432103126.png 532w, https:\/\/www.estoniansociety.co.uk\/wp-content\/uploads\/2021\/07\/Jaanipaev2012_55-e1625432103126-300x300.png 300w, https:\/\/www.estoniansociety.co.uk\/wp-content\/uploads\/2021\/07\/Jaanipaev2012_55-e1625432103126-150x150.png 150w\" sizes=\"auto, (max-width: 532px) 100vw, 532px\" \/><\/a><\/figure><div class=\"elementor-image-box-content\"><h3 class=\"elementor-image-box-title\"><a href=\"https:\/\/www.estoniansociety.co.uk\/en\/arhiiv-galerii-jaanipaev-2012\/\">Jaanip\u00e4ev 2012<\/a><\/h3><p class=\"elementor-image-box-description\">Traditsiooniline Londoni eestlaste jaanipidu toimus sel aastal vanas kohas, \u00f5dusas ja looduskaunis Foxgrove\u2019i klubis Beckenhamis. Peo korraldajad olid Londoni Eesti Gild, Londoni Eesti Selts ja Eesti Kool Londonis. Vaata galeriid...<\/p><\/div><\/div>\t\t<\/div>\n\t\t\t\t<\/div>\n\t\t\t\t\t<\/div>\n\t\t<\/div>\n\t\t\t\t\t\t\t<\/div>\n\t\t<\/section>\n\t\t\t\t<section class=\"elementor-section elementor-inner-section elementor-element elementor-element-342097e elementor-section-boxed elementor-section-height-default elementor-section-height-default\" data-id=\"342097e\" data-element_type=\"section\">\n\t\t\t\t\t\t<div class=\"elementor-container elementor-column-gap-default\">\n\t\t\t\t\t<div class=\"elementor-column elementor-col-50 elementor-inner-column elementor-element elementor-element-f912ad9\" data-id=\"f912ad9\" data-element_type=\"column\">\n\t\t\t<div class=\"elementor-widget-wrap elementor-element-populated\">\n\t\t\t\t\t\t\t\t<div class=\"elementor-element elementor-element-7468b37f elementor-position-top elementor-vertical-align-top elementor-widget elementor-widget-image-box\" data-id=\"7468b37f\" data-element_type=\"widget\" data-widget_type=\"image-box.default\">\n\t\t\t\t<div class=\"elementor-widget-container\">\n\t\t\t<div class=\"elementor-image-box-wrapper\"><figure class=\"elementor-image-box-img\"><a href=\"https:\/\/www.estoniansociety.co.uk\/en\/arhiiv-galerii-eesti-vabariigi-94-aastapaev-kontsertaktus-2012\/\"><img loading=\"lazy\" decoding=\"async\" width=\"532\" height=\"531\" src=\"https:\/\/www.estoniansociety.co.uk\/wp-content\/uploads\/2021\/07\/EV94-2012_17-e1625432030625.png\" class=\"elementor-animation-grow attachment-full size-full wp-image-2102\" alt=\"\" srcset=\"https:\/\/www.estoniansociety.co.uk\/wp-content\/uploads\/2021\/07\/EV94-2012_17-e1625432030625.png 532w, https:\/\/www.estoniansociety.co.uk\/wp-content\/uploads\/2021\/07\/EV94-2012_17-e1625432030625-300x300.png 300w, https:\/\/www.estoniansociety.co.uk\/wp-content\/uploads\/2021\/07\/EV94-2012_17-e1625432030625-150x150.png 150w\" sizes=\"auto, (max-width: 532px) 100vw, 532px\" \/><\/a><\/figure><div class=\"elementor-image-box-content\"><h3 class=\"elementor-image-box-title\"><a href=\"https:\/\/www.estoniansociety.co.uk\/en\/arhiiv-galerii-eesti-vabariigi-94-aastapaev-kontsertaktus-2012\/\">Eesti Vabariigi 94. aastap\u00e4ev kontsertaktus<\/a><\/h3><p class=\"elementor-image-box-description\">25. veebruaril pidas Eesti Londoni Selts piduliku kontsertaktuse Westminster Cathedral Hall\u2019is, t\u00e4histades Eesti Vabariigi 94. aastap\u00e4eva.\u00a0Kokku tuli ligi 400 inimest. Vaata galeriid...<\/p><\/div><\/div>\t\t<\/div>\n\t\t\t\t<\/div>\n\t\t\t\t\t<\/div>\n\t\t<\/div>\n\t\t\t\t<div class=\"elementor-column elementor-col-50 elementor-inner-column elementor-element elementor-element-866d4ec\" data-id=\"866d4ec\" data-element_type=\"column\">\n\t\t\t<div class=\"elementor-widget-wrap elementor-element-populated\">\n\t\t\t\t\t\t\t\t<div class=\"elementor-element elementor-element-98516c5 elementor-position-top elementor-vertical-align-top elementor-widget elementor-widget-image-box\" data-id=\"98516c5\" data-element_type=\"widget\" data-widget_type=\"image-box.default\">\n\t\t\t\t<div class=\"elementor-widget-container\">\n\t\t\t<div class=\"elementor-image-box-wrapper\"><figure class=\"elementor-image-box-img\"><a href=\"https:\/\/www.estoniansociety.co.uk\/en\/arhiiv-galerii-londoni-eesti-seltsi-segakoor-2012-13\/\"><img loading=\"lazy\" decoding=\"async\" width=\"532\" height=\"532\" src=\"https:\/\/www.estoniansociety.co.uk\/wp-content\/uploads\/2021\/07\/Seltsisegakoor201213_19-e1625432205480.png\" class=\"elementor-animation-grow attachment-full size-full wp-image-2236\" alt=\"\" srcset=\"https:\/\/www.estoniansociety.co.uk\/wp-content\/uploads\/2021\/07\/Seltsisegakoor201213_19-e1625432205480.png 532w, https:\/\/www.estoniansociety.co.uk\/wp-content\/uploads\/2021\/07\/Seltsisegakoor201213_19-e1625432205480-300x300.png 300w, https:\/\/www.estoniansociety.co.uk\/wp-content\/uploads\/2021\/07\/Seltsisegakoor201213_19-e1625432205480-150x150.png 150w\" sizes=\"auto, (max-width: 532px) 100vw, 532px\" \/><\/a><\/figure><div class=\"elementor-image-box-content\"><h3 class=\"elementor-image-box-title\"><a href=\"https:\/\/www.estoniansociety.co.uk\/en\/arhiiv-galerii-londoni-eesti-seltsi-segakoor-2012-13\/\">Londoni Eesti Seltsi Segakoor 2012-13<\/a><\/h3><p class=\"elementor-image-box-description\">Vaata pilte Londoni Eesti Seltsi Segakoori tegevustest aastatel 2012 ja 2013. Vaata galeriid...<\/p><\/div><\/div>\t\t<\/div>\n\t\t\t\t<\/div>\n\t\t\t\t\t<\/div>\n\t\t<\/div>\n\t\t\t\t\t\t\t<\/div>\n\t\t<\/section>\n\t\t\t\t<section class=\"elementor-section elementor-top-section elementor-element elementor-element-429039f elementor-section-boxed elementor-section-height-default elementor-section-height-default\" data-id=\"429039f\" data-element_type=\"section\">\n\t\t\t\t\t\t<div class=\"elementor-container elementor-column-gap-default\">\n\t\t\t\t\t<div class=\"elementor-column elementor-col-100 elementor-top-column elementor-element elementor-element-30cfe3c\" data-id=\"30cfe3c\" data-element_type=\"column\">\n\t\t\t<div class=\"elementor-widget-wrap elementor-element-populated\">\n\t\t\t\t\t\t\t\t<div class=\"elementor-element elementor-element-8718e5e elementor-widget elementor-widget-spacer\" data-id=\"8718e5e\" data-element_type=\"widget\" data-widget_type=\"spacer.default\">\n\t\t\t\t<div class=\"elementor-widget-container\">\n\t\t\t\t\t<div class=\"elementor-spacer\">\n\t\t\t<div class=\"elementor-spacer-inner\"><\/div>\n\t\t<\/div>\n\t\t\t\t<\/div>\n\t\t\t\t<\/div>\n\t\t\t\t\t<\/div>\n\t\t<\/div>\n\t\t\t\t\t\t\t<\/div>\n\t\t<\/section>\n\t\t\t\t\t\t\t<\/div>","protected":false},"excerpt":{"rendered":"<p>Arhiiv 2012 2012. aasta tegemistest Aastakokkuv\u00f5te 2012. aastal pidasime kuus suuremat \u00fcritust, tuues kokku eestlasi Londonis ja Londoni \u00fcmbruses. Meil oli r\u00f5\u00f5m n\u00e4ha mitmeid k\u00fclalisesinejaid Eestist ja esinejaid meie Londoni kogukonnast. Loe edasi siit. Vaata pilte meie 2012. aasta \u00fcritustest J\u00f5ulupidu 2012 1. detsembril korraldas Eesti Londoni Selts eestlaste j\u00f5ulupidu Londonis. Pidu peeti Kammersmithi Town &hellip;<\/p>\n<p class=\"read-more\"> <a class=\"\" href=\"https:\/\/www.estoniansociety.co.uk\/en\/arhiiv-2012\/\"> <span class=\"screen-reader-text\">Arhiiv &#8211; 2012<\/span> Read More &raquo;<\/a><\/p>","protected":false},"author":2,"featured_media":0,"parent":0,"menu_order":0,"comment_status":"closed","ping_status":"closed","template":"","meta":{"_mi_skip_tracking":false,"footnotes":""},"class_list":["post-1936","page","type-page","status-publish","hentry"],"_links":{"self":[{"href":"https:\/\/www.estoniansociety.co.uk\/en\/wp-json\/wp\/v2\/pages\/1936","targetHints":{"allow":["GET"]}}],"collection":[{"href":"https:\/\/www.estoniansociety.co.uk\/en\/wp-json\/wp\/v2\/pages"}],"about":[{"href":"https:\/\/www.estoniansociety.co.uk\/en\/wp-json\/wp\/v2\/types\/page"}],"author":[{"embeddable":true,"href":"https:\/\/www.estoniansociety.co.uk\/en\/wp-json\/wp\/v2\/users\/2"}],"replies":[{"embeddable":true,"href":"https:\/\/www.estoniansociety.co.uk\/en\/wp-json\/wp\/v2\/comments?post=1936"}],"version-history":[{"count":5,"href":"https:\/\/www.estoniansociety.co.uk\/en\/wp-json\/wp\/v2\/pages\/1936\/revisions"}],"predecessor-version":[{"id":5661,"href":"https:\/\/www.estoniansociety.co.uk\/en\/wp-json\/wp\/v2\/pages\/1936\/revisions\/5661"}],"wp:attachment":[{"href":"https:\/\/www.estoniansociety.co.uk\/en\/wp-json\/wp\/v2\/media?parent=1936"}],"curies":[{"name":"wp","href":"https:\/\/api.w.org\/{rel}","templated":true}]}}