{"id":1871,"date":"2021-06-27T18:36:33","date_gmt":"2021-06-27T18:36:33","guid":{"rendered":"https:\/\/estoniansociety.co.uk\/?page_id=1871"},"modified":"2021-10-17T14:02:37","modified_gmt":"2021-10-17T14:02:37","slug":"seltsist-ajalugu-nigul-hindo-eesti-organisatsioonid-inglismaal-1918-1968","status":"publish","type":"page","link":"https:\/\/www.estoniansociety.co.uk\/en\/seltsist-ajalugu-nigul-hindo-eesti-organisatsioonid-inglismaal-1918-1968\/","title":{"rendered":"Seltsist \u2013 Ajalugu &#8211; Nigul Hindo &#8220;Eesti Organisatsioonid Inglismaal 1918-1968&#8221;"},"content":{"rendered":"<div data-elementor-type=\"wp-page\" data-elementor-id=\"1871\" class=\"elementor elementor-1871\">\n\t\t\t\t\t\t\t\t\t<section class=\"elementor-section elementor-top-section elementor-element elementor-element-348f5dd6 elementor-section-boxed elementor-section-height-default elementor-section-height-default\" data-id=\"348f5dd6\" data-element_type=\"section\">\n\t\t\t\t\t\t<div class=\"elementor-container elementor-column-gap-default\">\n\t\t\t\t\t<div class=\"elementor-column elementor-col-100 elementor-top-column elementor-element elementor-element-688e479e\" data-id=\"688e479e\" data-element_type=\"column\">\n\t\t\t<div class=\"elementor-widget-wrap elementor-element-populated\">\n\t\t\t\t\t\t\t\t<div class=\"elementor-element elementor-element-8a025e1 elementor-widget elementor-widget-text-editor\" data-id=\"8a025e1\" data-element_type=\"widget\" data-widget_type=\"text-editor.default\">\n\t\t\t\t<div class=\"elementor-widget-container\">\n\t\t\t\t\t\t\t<hr \/><p style=\"text-align: center;\">Nigul Hindo <br \/>&amp; <br \/>&#8220;Eesti Organisatsioonid Inglismaal 1918-1968&#8221;<\/p>\t\t\t\t\t\t<\/div>\n\t\t\t\t<\/div>\n\t\t\t\t<div class=\"elementor-element elementor-element-a1ecf09 elementor-widget elementor-widget-spacer\" data-id=\"a1ecf09\" data-element_type=\"widget\" data-widget_type=\"spacer.default\">\n\t\t\t\t<div class=\"elementor-widget-container\">\n\t\t\t\t\t<div class=\"elementor-spacer\">\n\t\t\t<div class=\"elementor-spacer-inner\"><\/div>\n\t\t<\/div>\n\t\t\t\t<\/div>\n\t\t\t\t<\/div>\n\t\t\t\t\t<\/div>\n\t\t<\/div>\n\t\t\t\t\t\t\t<\/div>\n\t\t<\/section>\n\t\t\t\t<section class=\"elementor-section elementor-top-section elementor-element elementor-element-5ac7d77 elementor-section-boxed elementor-section-height-default elementor-section-height-default\" data-id=\"5ac7d77\" data-element_type=\"section\">\n\t\t\t\t\t\t<div class=\"elementor-container elementor-column-gap-default\">\n\t\t\t\t\t<div class=\"elementor-column elementor-col-100 elementor-top-column elementor-element elementor-element-642a62f\" data-id=\"642a62f\" data-element_type=\"column\">\n\t\t\t<div class=\"elementor-widget-wrap elementor-element-populated\">\n\t\t\t\t\t\t\t\t<div class=\"elementor-element elementor-element-2d63aa2 elementor-position-right elementor-vertical-align-middle elementor-widget elementor-widget-image-box\" data-id=\"2d63aa2\" data-element_type=\"widget\" data-widget_type=\"image-box.default\">\n\t\t\t\t<div class=\"elementor-widget-container\">\n\t\t\t<div class=\"elementor-image-box-wrapper\"><figure class=\"elementor-image-box-img\"><img loading=\"lazy\" decoding=\"async\" width=\"1644\" height=\"1644\" src=\"https:\/\/www.estoniansociety.co.uk\/wp-content\/uploads\/2021\/07\/Eesti_org_Inglismaal_nigul-hindo.jpg\" class=\"attachment-full size-full wp-image-3602\" alt=\"\" srcset=\"https:\/\/www.estoniansociety.co.uk\/wp-content\/uploads\/2021\/07\/Eesti_org_Inglismaal_nigul-hindo.jpg 1644w, https:\/\/www.estoniansociety.co.uk\/wp-content\/uploads\/2021\/07\/Eesti_org_Inglismaal_nigul-hindo-300x300.jpg 300w, https:\/\/www.estoniansociety.co.uk\/wp-content\/uploads\/2021\/07\/Eesti_org_Inglismaal_nigul-hindo-1024x1024.jpg 1024w, https:\/\/www.estoniansociety.co.uk\/wp-content\/uploads\/2021\/07\/Eesti_org_Inglismaal_nigul-hindo-150x150.jpg 150w, https:\/\/www.estoniansociety.co.uk\/wp-content\/uploads\/2021\/07\/Eesti_org_Inglismaal_nigul-hindo-768x768.jpg 768w, https:\/\/www.estoniansociety.co.uk\/wp-content\/uploads\/2021\/07\/Eesti_org_Inglismaal_nigul-hindo-1536x1536.jpg 1536w\" sizes=\"auto, (max-width: 1644px) 100vw, 1644px\" \/><\/figure><div class=\"elementor-image-box-content\"><h3 class=\"elementor-image-box-title\">Nigul Hindo (21.05.1897 - 09.02.1970)<\/h3><p class=\"elementor-image-box-description\">Nigul Hindo oli eesti \u00f5igeusu vaimulik: diakon, preester, \u00fclempreester, filosoof, teoloog ja mitme ajalooraamatu autor. Ta s\u00fcndis 21. mail 1897. aastal V\u00f5rumaal Kahkva vallas Kirmsi k\u00fclas Jakob Hindovi ja Maarja Hindovi peres. Hindo l\u00e4ks edasi \u00f5ppima  T\u00dc filosoofiateaduskonda ja T\u00dc usuteaduskonda. S\u00f5ja puhkedes v\u00f5ttis Nigul osa I maailmas\u00f5jast ja ka Eesti Vabaduss\u00f5jast. <br><br>S\u00f5ja j\u00e4rel t\u00f6\u00f6tas Hindo Eesti kindralstaabi raamatukogus ja oli koguteose \u201eEesti avalikud tegelased\u201c abij\u00f5ud 1929\u20131931 ja R\u00e4pina \u00f5uekiriku ajalooraamatu autor.  Teise maailmas\u00f5ja puhkedes emigreerus Nigul paljude teiste eestlastega ning saabus Londonisse 1947. aastal, kus ta j\u00e4tkas tegevust vaimulikuna ja eesti kultuuri edendajana. Nigul  avaldas raamatuid Eesti pagulasorganisatsioonidest, koostas bibliograafiaid, ning j\u00e4ttis Riigiarhiivi m\u00e4rkimisv\u00e4\u00e4rse kogu fotodest EA\u00d5K kirikuelust eksiilis.<\/p><\/div><\/div>\t\t<\/div>\n\t\t\t\t<\/div>\n\t\t\t\t<div class=\"elementor-element elementor-element-39fa479 elementor-widget elementor-widget-spacer\" data-id=\"39fa479\" data-element_type=\"widget\" data-widget_type=\"spacer.default\">\n\t\t\t\t<div class=\"elementor-widget-container\">\n\t\t\t\t\t<div class=\"elementor-spacer\">\n\t\t\t<div class=\"elementor-spacer-inner\"><\/div>\n\t\t<\/div>\n\t\t\t\t<\/div>\n\t\t\t\t<\/div>\n\t\t\t\t\t<\/div>\n\t\t<\/div>\n\t\t\t\t\t\t\t<\/div>\n\t\t<\/section>\n\t\t\t\t<section class=\"elementor-section elementor-top-section elementor-element elementor-element-1ac0c61 elementor-section-boxed elementor-section-height-default elementor-section-height-default\" data-id=\"1ac0c61\" data-element_type=\"section\">\n\t\t\t\t\t\t<div class=\"elementor-container elementor-column-gap-default\">\n\t\t\t\t\t<div class=\"elementor-column elementor-col-100 elementor-top-column elementor-element elementor-element-30c6c08\" data-id=\"30c6c08\" data-element_type=\"column\">\n\t\t\t<div class=\"elementor-widget-wrap elementor-element-populated\">\n\t\t\t\t\t\t\t\t<div class=\"elementor-element elementor-element-c4ef49d elementor-widget elementor-widget-text-editor\" data-id=\"c4ef49d\" data-element_type=\"widget\" data-widget_type=\"text-editor.default\">\n\t\t\t\t<div class=\"elementor-widget-container\">\n\t\t\t\t\t\t\t<p>&#8220;Eesti Organisatsioonid Inglismaal 1918-1968&#8221;<\/p>\t\t\t\t\t\t<\/div>\n\t\t\t\t<\/div>\n\t\t\t\t\t<\/div>\n\t\t<\/div>\n\t\t\t\t\t\t\t<\/div>\n\t\t<\/section>\n\t\t\t\t<section class=\"elementor-section elementor-top-section elementor-element elementor-element-a21d96b elementor-section-boxed elementor-section-height-default elementor-section-height-default\" data-id=\"a21d96b\" data-element_type=\"section\">\n\t\t\t\t\t\t<div class=\"elementor-container elementor-column-gap-default\">\n\t\t\t\t\t<div class=\"elementor-column elementor-col-100 elementor-top-column elementor-element elementor-element-bb3ebfa\" data-id=\"bb3ebfa\" data-element_type=\"column\">\n\t\t\t<div class=\"elementor-widget-wrap elementor-element-populated\">\n\t\t\t\t\t\t\t\t<div class=\"elementor-element elementor-element-41a4dcb elementor-widget elementor-widget-text-editor\" data-id=\"41a4dcb\" data-element_type=\"widget\" data-widget_type=\"text-editor.default\">\n\t\t\t\t<div class=\"elementor-widget-container\">\n\t\t\t\t\t\t\t<p>&#8220;Eesti Organisatsioonid Inglismaal 1918-1968&#8221; avaldati 1970. aastal Londonis. 183 lehek\u00fclge pikk raamat oli \u00fcks Niguli t\u00e4hendusrikkamaid t\u00f6id ning on \u00fcks v\u00e4heseid s\u00e4ilinuid materjale mis kirjeldab eestlaste tegevust Inglismaal enne ja p\u00e4rast s\u00f5da.\u00a0<\/p>\t\t\t\t\t\t<\/div>\n\t\t\t\t<\/div>\n\t\t\t\t<div class=\"elementor-element elementor-element-be72527 elementor-widget elementor-widget-image\" data-id=\"be72527\" data-element_type=\"widget\" data-widget_type=\"image.default\">\n\t\t\t\t<div class=\"elementor-widget-container\">\n\t\t\t\t\t\t\t\t\t\t\t\t\t\t\t<img loading=\"lazy\" decoding=\"async\" width=\"239\" height=\"300\" src=\"https:\/\/www.estoniansociety.co.uk\/wp-content\/uploads\/2021\/07\/Eesti_org_Inglismaal_00001-239x300.jpg\" class=\"attachment-medium size-medium wp-image-3613\" alt=\"\" srcset=\"https:\/\/www.estoniansociety.co.uk\/wp-content\/uploads\/2021\/07\/Eesti_org_Inglismaal_00001-239x300.jpg 239w, https:\/\/www.estoniansociety.co.uk\/wp-content\/uploads\/2021\/07\/Eesti_org_Inglismaal_00001-817x1024.jpg 817w, https:\/\/www.estoniansociety.co.uk\/wp-content\/uploads\/2021\/07\/Eesti_org_Inglismaal_00001-768x962.jpg 768w, https:\/\/www.estoniansociety.co.uk\/wp-content\/uploads\/2021\/07\/Eesti_org_Inglismaal_00001-1226x1536.jpg 1226w, https:\/\/www.estoniansociety.co.uk\/wp-content\/uploads\/2021\/07\/Eesti_org_Inglismaal_00001-1635x2048.jpg 1635w, https:\/\/www.estoniansociety.co.uk\/wp-content\/uploads\/2021\/07\/Eesti_org_Inglismaal_00001-scaled.jpg 2043w\" sizes=\"auto, (max-width: 239px) 100vw, 239px\" \/>\t\t\t\t\t\t\t\t\t\t\t\t\t\t\t<\/div>\n\t\t\t\t<\/div>\n\t\t\t\t\t<\/div>\n\t\t<\/div>\n\t\t\t\t\t\t\t<\/div>\n\t\t<\/section>\n\t\t\t\t<section class=\"elementor-section elementor-top-section elementor-element elementor-element-e91a272 elementor-section-boxed elementor-section-height-default elementor-section-height-default\" data-id=\"e91a272\" data-element_type=\"section\">\n\t\t\t\t\t\t<div class=\"elementor-container elementor-column-gap-default\">\n\t\t\t\t\t<div class=\"elementor-column elementor-col-100 elementor-top-column elementor-element elementor-element-5f526e1\" data-id=\"5f526e1\" data-element_type=\"column\">\n\t\t\t<div class=\"elementor-widget-wrap elementor-element-populated\">\n\t\t\t\t\t\t\t\t<div class=\"elementor-element elementor-element-1aa53d5 elementor-widget elementor-widget-image-gallery\" data-id=\"1aa53d5\" data-element_type=\"widget\" data-widget_type=\"image-gallery.default\">\n\t\t\t\t<div class=\"elementor-widget-container\">\n\t\t\t\t\t<div class=\"elementor-image-gallery\">\n\t\t\t<div id='gallery-1' class='gallery galleryid-1871 gallery-columns-4 gallery-size-thumbnail'><figure class='gallery-item'>\n\t\t\t<div class='gallery-icon landscape'>\n\t\t\t\t<a data-elementor-open-lightbox=\"yes\" data-elementor-lightbox-slideshow=\"1aa53d5\" data-elementor-lightbox-title=\"Eesti_org_Inglismaal_00006_small\" data-e-action-hash=\"#elementor-action%3Aaction%3Dlightbox%26settings%3DeyJpZCI6MzYxNCwidXJsIjoiaHR0cHM6XC9cL3d3dy5lc3RvbmlhbnNvY2lldHkuY28udWtcL3dwLWNvbnRlbnRcL3VwbG9hZHNcLzIwMjFcLzA3XC9FZXN0aV9vcmdfSW5nbGlzbWFhbF8wMDAwNl9zbWFsbC5qcGciLCJzbGlkZXNob3ciOiIxYWE1M2Q1In0%3D\" href='https:\/\/www.estoniansociety.co.uk\/wp-content\/uploads\/2021\/07\/Eesti_org_Inglismaal_00006_small.jpg'><img loading=\"lazy\" decoding=\"async\" width=\"150\" height=\"150\" src=\"https:\/\/www.estoniansociety.co.uk\/wp-content\/uploads\/2021\/07\/Eesti_org_Inglismaal_00006_small-150x150.jpg\" class=\"attachment-thumbnail size-thumbnail\" alt=\"\" \/><\/a>\n\t\t\t<\/div><\/figure><figure class='gallery-item'>\n\t\t\t<div class='gallery-icon landscape'>\n\t\t\t\t<a data-elementor-open-lightbox=\"yes\" data-elementor-lightbox-slideshow=\"1aa53d5\" data-elementor-lightbox-title=\"Eesti_org_Inglismaal_00007_small\" data-e-action-hash=\"#elementor-action%3Aaction%3Dlightbox%26settings%3DeyJpZCI6MzYxNSwidXJsIjoiaHR0cHM6XC9cL3d3dy5lc3RvbmlhbnNvY2lldHkuY28udWtcL3dwLWNvbnRlbnRcL3VwbG9hZHNcLzIwMjFcLzA3XC9FZXN0aV9vcmdfSW5nbGlzbWFhbF8wMDAwN19zbWFsbC5qcGciLCJzbGlkZXNob3ciOiIxYWE1M2Q1In0%3D\" href='https:\/\/www.estoniansociety.co.uk\/wp-content\/uploads\/2021\/07\/Eesti_org_Inglismaal_00007_small.jpg'><img loading=\"lazy\" decoding=\"async\" width=\"150\" height=\"150\" src=\"https:\/\/www.estoniansociety.co.uk\/wp-content\/uploads\/2021\/07\/Eesti_org_Inglismaal_00007_small-150x150.jpg\" class=\"attachment-thumbnail size-thumbnail\" alt=\"\" \/><\/a>\n\t\t\t<\/div><\/figure><figure class='gallery-item'>\n\t\t\t<div class='gallery-icon landscape'>\n\t\t\t\t<a data-elementor-open-lightbox=\"yes\" data-elementor-lightbox-slideshow=\"1aa53d5\" data-elementor-lightbox-title=\"Eesti_org_Inglismaal_00008_small\" data-e-action-hash=\"#elementor-action%3Aaction%3Dlightbox%26settings%3DeyJpZCI6MzYxNiwidXJsIjoiaHR0cHM6XC9cL3d3dy5lc3RvbmlhbnNvY2lldHkuY28udWtcL3dwLWNvbnRlbnRcL3VwbG9hZHNcLzIwMjFcLzA3XC9FZXN0aV9vcmdfSW5nbGlzbWFhbF8wMDAwOF9zbWFsbC5qcGciLCJzbGlkZXNob3ciOiIxYWE1M2Q1In0%3D\" href='https:\/\/www.estoniansociety.co.uk\/wp-content\/uploads\/2021\/07\/Eesti_org_Inglismaal_00008_small.jpg'><img loading=\"lazy\" decoding=\"async\" width=\"150\" height=\"150\" src=\"https:\/\/www.estoniansociety.co.uk\/wp-content\/uploads\/2021\/07\/Eesti_org_Inglismaal_00008_small-150x150.jpg\" class=\"attachment-thumbnail size-thumbnail\" alt=\"\" \/><\/a>\n\t\t\t<\/div><\/figure><figure class='gallery-item'>\n\t\t\t<div class='gallery-icon landscape'>\n\t\t\t\t<a data-elementor-open-lightbox=\"yes\" data-elementor-lightbox-slideshow=\"1aa53d5\" data-elementor-lightbox-title=\"Eesti_org_Inglismaal_00009_small\" data-e-action-hash=\"#elementor-action%3Aaction%3Dlightbox%26settings%3DeyJpZCI6MzYxNywidXJsIjoiaHR0cHM6XC9cL3d3dy5lc3RvbmlhbnNvY2lldHkuY28udWtcL3dwLWNvbnRlbnRcL3VwbG9hZHNcLzIwMjFcLzA3XC9FZXN0aV9vcmdfSW5nbGlzbWFhbF8wMDAwOV9zbWFsbC5qcGciLCJzbGlkZXNob3ciOiIxYWE1M2Q1In0%3D\" href='https:\/\/www.estoniansociety.co.uk\/wp-content\/uploads\/2021\/07\/Eesti_org_Inglismaal_00009_small.jpg'><img loading=\"lazy\" decoding=\"async\" width=\"150\" height=\"150\" src=\"https:\/\/www.estoniansociety.co.uk\/wp-content\/uploads\/2021\/07\/Eesti_org_Inglismaal_00009_small-150x150.jpg\" class=\"attachment-thumbnail size-thumbnail\" alt=\"\" \/><\/a>\n\t\t\t<\/div><\/figure>\n\t\t<\/div>\n\t\t<\/div>\n\t\t\t\t<\/div>\n\t\t\t\t<\/div>\n\t\t\t\t\t<\/div>\n\t\t<\/div>\n\t\t\t\t\t\t\t<\/div>\n\t\t<\/section>\n\t\t\t\t<section class=\"elementor-section elementor-top-section elementor-element elementor-element-d689c42 elementor-section-boxed elementor-section-height-default elementor-section-height-default\" data-id=\"d689c42\" data-element_type=\"section\">\n\t\t\t\t\t\t<div class=\"elementor-container elementor-column-gap-default\">\n\t\t\t\t\t<div class=\"elementor-column elementor-col-100 elementor-top-column elementor-element elementor-element-31d3f3e\" data-id=\"31d3f3e\" data-element_type=\"column\">\n\t\t\t<div class=\"elementor-widget-wrap elementor-element-populated\">\n\t\t\t\t\t\t\t\t<div class=\"elementor-element elementor-element-887cf82 elementor-widget elementor-widget-spacer\" data-id=\"887cf82\" data-element_type=\"widget\" data-widget_type=\"spacer.default\">\n\t\t\t\t<div class=\"elementor-widget-container\">\n\t\t\t\t\t<div class=\"elementor-spacer\">\n\t\t\t<div class=\"elementor-spacer-inner\"><\/div>\n\t\t<\/div>\n\t\t\t\t<\/div>\n\t\t\t\t<\/div>\n\t\t\t\t<div class=\"elementor-element elementor-element-5e8c5f7 elementor-widget elementor-widget-text-editor\" data-id=\"5e8c5f7\" data-element_type=\"widget\" data-widget_type=\"text-editor.default\">\n\t\t\t\t<div class=\"elementor-widget-container\">\n\t\t\t\t\t\t\t<p style=\"text-align: center;\"><strong>Vaata tervet raamatut siin: <a href=\"https:\/\/estoniansociety.co.uk\/wp-content\/uploads\/2021\/07\/Eesti_org_Inglismaal_lores.pdf\">&#8220;Eesti Organisatsioonid Inglismaal 1918-1968&#8221;<\/a><\/strong><\/p>\t\t\t\t\t\t<\/div>\n\t\t\t\t<\/div>\n\t\t\t\t\t<\/div>\n\t\t<\/div>\n\t\t\t\t\t\t\t<\/div>\n\t\t<\/section>\n\t\t\t\t\t\t\t<\/div>","protected":false},"excerpt":{"rendered":"<p>Nigul Hindo &amp; &#8220;Eesti Organisatsioonid Inglismaal 1918-1968&#8221; Nigul Hindo (21.05.1897 &#8211; 09.02.1970) Nigul Hindo oli eesti \u00f5igeusu vaimulik: diakon, preester, \u00fclempreester, filosoof, teoloog ja mitme ajalooraamatu autor. Ta s\u00fcndis 21. mail 1897. aastal V\u00f5rumaal Kahkva vallas Kirmsi k\u00fclas Jakob Hindovi ja Maarja Hindovi peres. Hindo l\u00e4ks edasi \u00f5ppima T\u00dc filosoofiateaduskonda ja T\u00dc usuteaduskonda. S\u00f5ja puhkedes &hellip;<\/p>\n<p class=\"read-more\"> <a class=\"\" href=\"https:\/\/www.estoniansociety.co.uk\/en\/seltsist-ajalugu-nigul-hindo-eesti-organisatsioonid-inglismaal-1918-1968\/\"> <span class=\"screen-reader-text\">Seltsist \u2013 Ajalugu &#8211; Nigul Hindo &#8220;Eesti Organisatsioonid Inglismaal 1918-1968&#8221;<\/span> Read More &raquo;<\/a><\/p>","protected":false},"author":2,"featured_media":0,"parent":0,"menu_order":0,"comment_status":"closed","ping_status":"closed","template":"","meta":{"_mi_skip_tracking":false,"footnotes":""},"class_list":["post-1871","page","type-page","status-publish","hentry"],"_links":{"self":[{"href":"https:\/\/www.estoniansociety.co.uk\/en\/wp-json\/wp\/v2\/pages\/1871","targetHints":{"allow":["GET"]}}],"collection":[{"href":"https:\/\/www.estoniansociety.co.uk\/en\/wp-json\/wp\/v2\/pages"}],"about":[{"href":"https:\/\/www.estoniansociety.co.uk\/en\/wp-json\/wp\/v2\/types\/page"}],"author":[{"embeddable":true,"href":"https:\/\/www.estoniansociety.co.uk\/en\/wp-json\/wp\/v2\/users\/2"}],"replies":[{"embeddable":true,"href":"https:\/\/www.estoniansociety.co.uk\/en\/wp-json\/wp\/v2\/comments?post=1871"}],"version-history":[{"count":5,"href":"https:\/\/www.estoniansociety.co.uk\/en\/wp-json\/wp\/v2\/pages\/1871\/revisions"}],"predecessor-version":[{"id":5336,"href":"https:\/\/www.estoniansociety.co.uk\/en\/wp-json\/wp\/v2\/pages\/1871\/revisions\/5336"}],"wp:attachment":[{"href":"https:\/\/www.estoniansociety.co.uk\/en\/wp-json\/wp\/v2\/media?parent=1871"}],"curies":[{"name":"wp","href":"https:\/\/api.w.org\/{rel}","templated":true}]}}