{"id":1831,"date":"2021-06-27T17:49:16","date_gmt":"2021-06-27T17:49:16","guid":{"rendered":"https:\/\/estoniansociety.co.uk\/?page_id=1831"},"modified":"2021-07-05T07:28:03","modified_gmt":"2021-07-05T07:28:03","slug":"uritused-galerii-lesi-koori-avatud-uste-paev","status":"publish","type":"page","link":"https:\/\/www.estoniansociety.co.uk\/en\/uritused-galerii-lesi-koori-avatud-uste-paev\/","title":{"rendered":"\u00dcritused \u2013 Galerii \u2013 LESi Koori Avatud Uste P\u00e4ev"},"content":{"rendered":"<div data-elementor-type=\"wp-page\" data-elementor-id=\"1831\" class=\"elementor elementor-1831\">\n\t\t\t\t\t\t\t\t\t<section class=\"elementor-section elementor-top-section elementor-element elementor-element-6a3053c elementor-section-height-min-height elementor-section-content-bottom elementor-section-items-bottom elementor-section-boxed elementor-section-height-default\" data-id=\"6a3053c\" data-element_type=\"section\" data-settings=\"{&quot;background_background&quot;:&quot;classic&quot;}\">\n\t\t\t\t\t\t\t<div class=\"elementor-background-overlay\"><\/div>\n\t\t\t\t\t\t\t<div class=\"elementor-container elementor-column-gap-no\">\n\t\t\t\t\t<div class=\"elementor-column elementor-col-100 elementor-top-column elementor-element elementor-element-6ec3321e\" data-id=\"6ec3321e\" data-element_type=\"column\">\n\t\t\t<div class=\"elementor-widget-wrap elementor-element-populated\">\n\t\t\t\t\t\t\t\t<div class=\"elementor-element elementor-element-47c77f4c elementor-widget elementor-widget-heading\" data-id=\"47c77f4c\" data-element_type=\"widget\" data-widget_type=\"heading.default\">\n\t\t\t\t<div class=\"elementor-widget-container\">\n\t\t\t<h6 class=\"elementor-heading-title elementor-size-default\">Gallery<\/h6>\t\t<\/div>\n\t\t\t\t<\/div>\n\t\t\t\t<div class=\"elementor-element elementor-element-dd0f8a9 elementor-widget elementor-widget-heading\" data-id=\"dd0f8a9\" data-element_type=\"widget\" data-widget_type=\"heading.default\">\n\t\t\t\t<div class=\"elementor-widget-container\">\n\t\t\t<h1 class=\"elementor-heading-title elementor-size-default\">Pildigalerii<\/h1>\t\t<\/div>\n\t\t\t\t<\/div>\n\t\t\t\t\t<\/div>\n\t\t<\/div>\n\t\t\t\t\t\t\t<\/div>\n\t\t<\/section>\n\t\t\t\t<section class=\"elementor-section elementor-top-section elementor-element elementor-element-3784a19 elementor-section-boxed elementor-section-height-default elementor-section-height-default\" data-id=\"3784a19\" data-element_type=\"section\">\n\t\t\t\t\t\t<div class=\"elementor-container elementor-column-gap-default\">\n\t\t\t\t\t<div class=\"elementor-column elementor-col-100 elementor-top-column elementor-element elementor-element-49e9048\" data-id=\"49e9048\" data-element_type=\"column\">\n\t\t\t<div class=\"elementor-widget-wrap elementor-element-populated\">\n\t\t\t\t\t\t\t\t<div class=\"elementor-element elementor-element-ea22752 elementor-widget elementor-widget-spacer\" data-id=\"ea22752\" data-element_type=\"widget\" data-widget_type=\"spacer.default\">\n\t\t\t\t<div class=\"elementor-widget-container\">\n\t\t\t\t\t<div class=\"elementor-spacer\">\n\t\t\t<div class=\"elementor-spacer-inner\"><\/div>\n\t\t<\/div>\n\t\t\t\t<\/div>\n\t\t\t\t<\/div>\n\t\t\t\t\t<\/div>\n\t\t<\/div>\n\t\t\t\t\t\t\t<\/div>\n\t\t<\/section>\n\t\t\t\t<section class=\"elementor-section elementor-top-section elementor-element elementor-element-3152f92 elementor-section-boxed elementor-section-height-default elementor-section-height-default\" data-id=\"3152f92\" data-element_type=\"section\">\n\t\t\t\t\t\t<div class=\"elementor-container elementor-column-gap-default\">\n\t\t\t\t\t<div class=\"elementor-column elementor-col-100 elementor-top-column elementor-element elementor-element-877826b\" data-id=\"877826b\" data-element_type=\"column\">\n\t\t\t<div class=\"elementor-widget-wrap elementor-element-populated\">\n\t\t\t\t\t\t\t\t<div class=\"elementor-element elementor-element-930d344 elementor-widget-divider--view-line elementor-widget elementor-widget-divider\" data-id=\"930d344\" data-element_type=\"widget\" data-widget_type=\"divider.default\">\n\t\t\t\t<div class=\"elementor-widget-container\">\n\t\t\t\t\t<div class=\"elementor-divider\">\n\t\t\t<span class=\"elementor-divider-separator\">\n\t\t\t\t\t\t<\/span>\n\t\t<\/div>\n\t\t\t\t<\/div>\n\t\t\t\t<\/div>\n\t\t\t\t\t<\/div>\n\t\t<\/div>\n\t\t\t\t\t\t\t<\/div>\n\t\t<\/section>\n\t\t\t\t<section class=\"elementor-section elementor-top-section elementor-element elementor-element-55d7f28 elementor-section-boxed elementor-section-height-default elementor-section-height-default\" data-id=\"55d7f28\" data-element_type=\"section\">\n\t\t\t\t\t\t<div class=\"elementor-container elementor-column-gap-default\">\n\t\t\t\t\t<div class=\"elementor-column elementor-col-100 elementor-top-column elementor-element elementor-element-5598ad2\" data-id=\"5598ad2\" data-element_type=\"column\">\n\t\t\t<div class=\"elementor-widget-wrap elementor-element-populated\">\n\t\t\t\t\t\t\t\t<div class=\"elementor-element elementor-element-84d94d0 elementor-widget elementor-widget-heading\" data-id=\"84d94d0\" data-element_type=\"widget\" data-widget_type=\"heading.default\">\n\t\t\t\t<div class=\"elementor-widget-container\">\n\t\t\t<h4 class=\"elementor-heading-title elementor-size-default\">LESi Koori Avatud Uste P\u00e4ev<\/h4>\t\t<\/div>\n\t\t\t\t<\/div>\n\t\t\t\t\t<\/div>\n\t\t<\/div>\n\t\t\t\t\t\t\t<\/div>\n\t\t<\/section>\n\t\t\t\t<section class=\"elementor-section elementor-top-section elementor-element elementor-element-997e909 elementor-section-boxed elementor-section-height-default elementor-section-height-default\" data-id=\"997e909\" data-element_type=\"section\">\n\t\t\t\t\t\t<div class=\"elementor-container elementor-column-gap-default\">\n\t\t\t\t\t<div class=\"elementor-column elementor-col-100 elementor-top-column elementor-element elementor-element-6e52d0e\" data-id=\"6e52d0e\" data-element_type=\"column\">\n\t\t\t<div class=\"elementor-widget-wrap elementor-element-populated\">\n\t\t\t\t\t\t\t\t<div class=\"elementor-element elementor-element-9d66c4d elementor-widget elementor-widget-text-editor\" data-id=\"9d66c4d\" data-element_type=\"widget\" data-widget_type=\"text-editor.default\">\n\t\t\t\t<div class=\"elementor-widget-container\">\n\t\t\t\t\t\t\t\t\t\t\t\t\t<\/div>\n\t\t\t\t<\/div>\n\t\t\t\t\t<\/div>\n\t\t<\/div>\n\t\t\t\t\t\t\t<\/div>\n\t\t<\/section>\n\t\t\t\t<section class=\"elementor-section elementor-top-section elementor-element elementor-element-e9a7ea3 elementor-section-boxed elementor-section-height-default elementor-section-height-default\" data-id=\"e9a7ea3\" data-element_type=\"section\">\n\t\t\t\t\t\t<div class=\"elementor-container elementor-column-gap-default\">\n\t\t\t\t\t<div class=\"elementor-column elementor-col-100 elementor-top-column elementor-element elementor-element-aacebfb\" data-id=\"aacebfb\" data-element_type=\"column\">\n\t\t\t<div class=\"elementor-widget-wrap elementor-element-populated\">\n\t\t\t\t\t\t\t\t<div class=\"elementor-element elementor-element-0b330a9 elementor-widget elementor-widget-image-gallery\" data-id=\"0b330a9\" data-element_type=\"widget\" data-widget_type=\"image-gallery.default\">\n\t\t\t\t<div class=\"elementor-widget-container\">\n\t\t\t\t\t<div class=\"elementor-image-gallery\">\n\t\t\t<div id='gallery-1' class='gallery galleryid-1831 gallery-columns-4 gallery-size-thumbnail'><figure class='gallery-item'>\n\t\t\t<div class='gallery-icon landscape'>\n\t\t\t\t<a data-elementor-open-lightbox=\"yes\" data-elementor-lightbox-slideshow=\"0b330a9\" data-elementor-lightbox-title=\"LESKooriAvatudUstePaev_1\" data-e-action-hash=\"#elementor-action%3Aaction%3Dlightbox%26settings%3DeyJpZCI6MzA1OSwidXJsIjoiaHR0cHM6XC9cL3d3dy5lc3RvbmlhbnNvY2lldHkuY28udWtcL3dwLWNvbnRlbnRcL3VwbG9hZHNcLzIwMjFcLzA3XC9MRVNLb29yaUF2YXR1ZFVzdGVQYWV2XzEucG5nIiwic2xpZGVzaG93IjoiMGIzMzBhOSJ9\" href='https:\/\/www.estoniansociety.co.uk\/wp-content\/uploads\/2021\/07\/LESKooriAvatudUstePaev_1.png'><img loading=\"lazy\" decoding=\"async\" width=\"150\" height=\"150\" src=\"https:\/\/www.estoniansociety.co.uk\/wp-content\/uploads\/2021\/07\/LESKooriAvatudUstePaev_1-150x150.png\" class=\"attachment-thumbnail size-thumbnail\" alt=\"\" \/><\/a>\n\t\t\t<\/div><\/figure><figure class='gallery-item'>\n\t\t\t<div class='gallery-icon landscape'>\n\t\t\t\t<a data-elementor-open-lightbox=\"yes\" data-elementor-lightbox-slideshow=\"0b330a9\" data-elementor-lightbox-title=\"LESKooriAvatudUstePaev_2\" data-e-action-hash=\"#elementor-action%3Aaction%3Dlightbox%26settings%3DeyJpZCI6MzA2MCwidXJsIjoiaHR0cHM6XC9cL3d3dy5lc3RvbmlhbnNvY2lldHkuY28udWtcL3dwLWNvbnRlbnRcL3VwbG9hZHNcLzIwMjFcLzA3XC9MRVNLb29yaUF2YXR1ZFVzdGVQYWV2XzIucG5nIiwic2xpZGVzaG93IjoiMGIzMzBhOSJ9\" href='https:\/\/www.estoniansociety.co.uk\/wp-content\/uploads\/2021\/07\/LESKooriAvatudUstePaev_2.png'><img loading=\"lazy\" decoding=\"async\" width=\"150\" height=\"150\" src=\"https:\/\/www.estoniansociety.co.uk\/wp-content\/uploads\/2021\/07\/LESKooriAvatudUstePaev_2-150x150.png\" class=\"attachment-thumbnail size-thumbnail\" alt=\"\" \/><\/a>\n\t\t\t<\/div><\/figure><figure class='gallery-item'>\n\t\t\t<div class='gallery-icon landscape'>\n\t\t\t\t<a data-elementor-open-lightbox=\"yes\" data-elementor-lightbox-slideshow=\"0b330a9\" data-elementor-lightbox-title=\"LESKooriAvatudUstePaev_3\" data-e-action-hash=\"#elementor-action%3Aaction%3Dlightbox%26settings%3DeyJpZCI6MzA2MSwidXJsIjoiaHR0cHM6XC9cL3d3dy5lc3RvbmlhbnNvY2lldHkuY28udWtcL3dwLWNvbnRlbnRcL3VwbG9hZHNcLzIwMjFcLzA3XC9MRVNLb29yaUF2YXR1ZFVzdGVQYWV2XzMucG5nIiwic2xpZGVzaG93IjoiMGIzMzBhOSJ9\" href='https:\/\/www.estoniansociety.co.uk\/wp-content\/uploads\/2021\/07\/LESKooriAvatudUstePaev_3.png'><img loading=\"lazy\" decoding=\"async\" width=\"150\" height=\"150\" src=\"https:\/\/www.estoniansociety.co.uk\/wp-content\/uploads\/2021\/07\/LESKooriAvatudUstePaev_3-150x150.png\" class=\"attachment-thumbnail size-thumbnail\" alt=\"\" \/><\/a>\n\t\t\t<\/div><\/figure><figure class='gallery-item'>\n\t\t\t<div class='gallery-icon landscape'>\n\t\t\t\t<a data-elementor-open-lightbox=\"yes\" data-elementor-lightbox-slideshow=\"0b330a9\" data-elementor-lightbox-title=\"LESKooriAvatudUstePaev_4\" data-e-action-hash=\"#elementor-action%3Aaction%3Dlightbox%26settings%3DeyJpZCI6MzA2MiwidXJsIjoiaHR0cHM6XC9cL3d3dy5lc3RvbmlhbnNvY2lldHkuY28udWtcL3dwLWNvbnRlbnRcL3VwbG9hZHNcLzIwMjFcLzA3XC9MRVNLb29yaUF2YXR1ZFVzdGVQYWV2XzQucG5nIiwic2xpZGVzaG93IjoiMGIzMzBhOSJ9\" href='https:\/\/www.estoniansociety.co.uk\/wp-content\/uploads\/2021\/07\/LESKooriAvatudUstePaev_4.png'><img loading=\"lazy\" decoding=\"async\" width=\"150\" height=\"150\" src=\"https:\/\/www.estoniansociety.co.uk\/wp-content\/uploads\/2021\/07\/LESKooriAvatudUstePaev_4-150x150.png\" class=\"attachment-thumbnail size-thumbnail\" alt=\"\" \/><\/a>\n\t\t\t<\/div><\/figure><figure class='gallery-item'>\n\t\t\t<div class='gallery-icon landscape'>\n\t\t\t\t<a data-elementor-open-lightbox=\"yes\" data-elementor-lightbox-slideshow=\"0b330a9\" data-elementor-lightbox-title=\"LESKooriAvatudUstePaev_5\" data-e-action-hash=\"#elementor-action%3Aaction%3Dlightbox%26settings%3DeyJpZCI6MzA2MywidXJsIjoiaHR0cHM6XC9cL3d3dy5lc3RvbmlhbnNvY2lldHkuY28udWtcL3dwLWNvbnRlbnRcL3VwbG9hZHNcLzIwMjFcLzA3XC9MRVNLb29yaUF2YXR1ZFVzdGVQYWV2XzUucG5nIiwic2xpZGVzaG93IjoiMGIzMzBhOSJ9\" href='https:\/\/www.estoniansociety.co.uk\/wp-content\/uploads\/2021\/07\/LESKooriAvatudUstePaev_5.png'><img loading=\"lazy\" decoding=\"async\" width=\"150\" height=\"150\" src=\"https:\/\/www.estoniansociety.co.uk\/wp-content\/uploads\/2021\/07\/LESKooriAvatudUstePaev_5-150x150.png\" class=\"attachment-thumbnail size-thumbnail\" alt=\"\" \/><\/a>\n\t\t\t<\/div><\/figure><figure class='gallery-item'>\n\t\t\t<div class='gallery-icon landscape'>\n\t\t\t\t<a data-elementor-open-lightbox=\"yes\" data-elementor-lightbox-slideshow=\"0b330a9\" data-elementor-lightbox-title=\"LESKooriAvatudUstePaev_6\" data-e-action-hash=\"#elementor-action%3Aaction%3Dlightbox%26settings%3DeyJpZCI6MzA2NCwidXJsIjoiaHR0cHM6XC9cL3d3dy5lc3RvbmlhbnNvY2lldHkuY28udWtcL3dwLWNvbnRlbnRcL3VwbG9hZHNcLzIwMjFcLzA3XC9MRVNLb29yaUF2YXR1ZFVzdGVQYWV2XzYucG5nIiwic2xpZGVzaG93IjoiMGIzMzBhOSJ9\" href='https:\/\/www.estoniansociety.co.uk\/wp-content\/uploads\/2021\/07\/LESKooriAvatudUstePaev_6.png'><img loading=\"lazy\" decoding=\"async\" width=\"150\" height=\"150\" src=\"https:\/\/www.estoniansociety.co.uk\/wp-content\/uploads\/2021\/07\/LESKooriAvatudUstePaev_6-150x150.png\" class=\"attachment-thumbnail size-thumbnail\" alt=\"\" \/><\/a>\n\t\t\t<\/div><\/figure><figure class='gallery-item'>\n\t\t\t<div class='gallery-icon landscape'>\n\t\t\t\t<a data-elementor-open-lightbox=\"yes\" data-elementor-lightbox-slideshow=\"0b330a9\" data-elementor-lightbox-title=\"LESKooriAvatudUstePaev_7\" data-e-action-hash=\"#elementor-action%3Aaction%3Dlightbox%26settings%3DeyJpZCI6MzA2NSwidXJsIjoiaHR0cHM6XC9cL3d3dy5lc3RvbmlhbnNvY2lldHkuY28udWtcL3dwLWNvbnRlbnRcL3VwbG9hZHNcLzIwMjFcLzA3XC9MRVNLb29yaUF2YXR1ZFVzdGVQYWV2XzcucG5nIiwic2xpZGVzaG93IjoiMGIzMzBhOSJ9\" href='https:\/\/www.estoniansociety.co.uk\/wp-content\/uploads\/2021\/07\/LESKooriAvatudUstePaev_7.png'><img loading=\"lazy\" decoding=\"async\" width=\"150\" height=\"150\" src=\"https:\/\/www.estoniansociety.co.uk\/wp-content\/uploads\/2021\/07\/LESKooriAvatudUstePaev_7-150x150.png\" class=\"attachment-thumbnail size-thumbnail\" alt=\"\" \/><\/a>\n\t\t\t<\/div><\/figure><figure class='gallery-item'>\n\t\t\t<div class='gallery-icon landscape'>\n\t\t\t\t<a data-elementor-open-lightbox=\"yes\" data-elementor-lightbox-slideshow=\"0b330a9\" data-elementor-lightbox-title=\"LESKooriAvatudUstePaev_8\" data-e-action-hash=\"#elementor-action%3Aaction%3Dlightbox%26settings%3DeyJpZCI6MzA2NiwidXJsIjoiaHR0cHM6XC9cL3d3dy5lc3RvbmlhbnNvY2lldHkuY28udWtcL3dwLWNvbnRlbnRcL3VwbG9hZHNcLzIwMjFcLzA3XC9MRVNLb29yaUF2YXR1ZFVzdGVQYWV2XzgucG5nIiwic2xpZGVzaG93IjoiMGIzMzBhOSJ9\" href='https:\/\/www.estoniansociety.co.uk\/wp-content\/uploads\/2021\/07\/LESKooriAvatudUstePaev_8.png'><img loading=\"lazy\" decoding=\"async\" width=\"150\" height=\"150\" src=\"https:\/\/www.estoniansociety.co.uk\/wp-content\/uploads\/2021\/07\/LESKooriAvatudUstePaev_8-150x150.png\" class=\"attachment-thumbnail size-thumbnail\" alt=\"\" \/><\/a>\n\t\t\t<\/div><\/figure><figure class='gallery-item'>\n\t\t\t<div class='gallery-icon landscape'>\n\t\t\t\t<a data-elementor-open-lightbox=\"yes\" data-elementor-lightbox-slideshow=\"0b330a9\" data-elementor-lightbox-title=\"LESKooriAvatudUstePaev_9\" data-e-action-hash=\"#elementor-action%3Aaction%3Dlightbox%26settings%3DeyJpZCI6MzA2NywidXJsIjoiaHR0cHM6XC9cL3d3dy5lc3RvbmlhbnNvY2lldHkuY28udWtcL3dwLWNvbnRlbnRcL3VwbG9hZHNcLzIwMjFcLzA3XC9MRVNLb29yaUF2YXR1ZFVzdGVQYWV2XzkucG5nIiwic2xpZGVzaG93IjoiMGIzMzBhOSJ9\" href='https:\/\/www.estoniansociety.co.uk\/wp-content\/uploads\/2021\/07\/LESKooriAvatudUstePaev_9.png'><img loading=\"lazy\" decoding=\"async\" width=\"150\" height=\"150\" src=\"https:\/\/www.estoniansociety.co.uk\/wp-content\/uploads\/2021\/07\/LESKooriAvatudUstePaev_9-150x150.png\" class=\"attachment-thumbnail size-thumbnail\" alt=\"\" \/><\/a>\n\t\t\t<\/div><\/figure><figure class='gallery-item'>\n\t\t\t<div class='gallery-icon portrait'>\n\t\t\t\t<a data-elementor-open-lightbox=\"yes\" data-elementor-lightbox-slideshow=\"0b330a9\" data-elementor-lightbox-title=\"LESKooriAvatudUstePaev_10\" data-e-action-hash=\"#elementor-action%3Aaction%3Dlightbox%26settings%3DeyJpZCI6MzA2OCwidXJsIjoiaHR0cHM6XC9cL3d3dy5lc3RvbmlhbnNvY2lldHkuY28udWtcL3dwLWNvbnRlbnRcL3VwbG9hZHNcLzIwMjFcLzA3XC9MRVNLb29yaUF2YXR1ZFVzdGVQYWV2XzEwLnBuZyIsInNsaWRlc2hvdyI6IjBiMzMwYTkifQ%3D%3D\" href='https:\/\/www.estoniansociety.co.uk\/wp-content\/uploads\/2021\/07\/LESKooriAvatudUstePaev_10.png'><img loading=\"lazy\" decoding=\"async\" width=\"150\" height=\"150\" src=\"https:\/\/www.estoniansociety.co.uk\/wp-content\/uploads\/2021\/07\/LESKooriAvatudUstePaev_10-150x150.png\" class=\"attachment-thumbnail size-thumbnail\" alt=\"\" \/><\/a>\n\t\t\t<\/div><\/figure><figure class='gallery-item'>\n\t\t\t<div class='gallery-icon landscape'>\n\t\t\t\t<a data-elementor-open-lightbox=\"yes\" data-elementor-lightbox-slideshow=\"0b330a9\" data-elementor-lightbox-title=\"LESKooriAvatudUstePaev_11\" data-e-action-hash=\"#elementor-action%3Aaction%3Dlightbox%26settings%3DeyJpZCI6MzA2OSwidXJsIjoiaHR0cHM6XC9cL3d3dy5lc3RvbmlhbnNvY2lldHkuY28udWtcL3dwLWNvbnRlbnRcL3VwbG9hZHNcLzIwMjFcLzA3XC9MRVNLb29yaUF2YXR1ZFVzdGVQYWV2XzExLnBuZyIsInNsaWRlc2hvdyI6IjBiMzMwYTkifQ%3D%3D\" href='https:\/\/www.estoniansociety.co.uk\/wp-content\/uploads\/2021\/07\/LESKooriAvatudUstePaev_11.png'><img loading=\"lazy\" decoding=\"async\" width=\"150\" height=\"150\" src=\"https:\/\/www.estoniansociety.co.uk\/wp-content\/uploads\/2021\/07\/LESKooriAvatudUstePaev_11-150x150.png\" class=\"attachment-thumbnail size-thumbnail\" alt=\"\" \/><\/a>\n\t\t\t<\/div><\/figure><figure class='gallery-item'>\n\t\t\t<div class='gallery-icon landscape'>\n\t\t\t\t<a data-elementor-open-lightbox=\"yes\" data-elementor-lightbox-slideshow=\"0b330a9\" data-elementor-lightbox-title=\"LESKooriAvatudUstePaev_12\" data-e-action-hash=\"#elementor-action%3Aaction%3Dlightbox%26settings%3DeyJpZCI6MzA3MCwidXJsIjoiaHR0cHM6XC9cL3d3dy5lc3RvbmlhbnNvY2lldHkuY28udWtcL3dwLWNvbnRlbnRcL3VwbG9hZHNcLzIwMjFcLzA3XC9MRVNLb29yaUF2YXR1ZFVzdGVQYWV2XzEyLnBuZyIsInNsaWRlc2hvdyI6IjBiMzMwYTkifQ%3D%3D\" href='https:\/\/www.estoniansociety.co.uk\/wp-content\/uploads\/2021\/07\/LESKooriAvatudUstePaev_12.png'><img loading=\"lazy\" decoding=\"async\" width=\"150\" height=\"150\" src=\"https:\/\/www.estoniansociety.co.uk\/wp-content\/uploads\/2021\/07\/LESKooriAvatudUstePaev_12-150x150.png\" class=\"attachment-thumbnail size-thumbnail\" alt=\"\" \/><\/a>\n\t\t\t<\/div><\/figure><figure class='gallery-item'>\n\t\t\t<div class='gallery-icon landscape'>\n\t\t\t\t<a data-elementor-open-lightbox=\"yes\" data-elementor-lightbox-slideshow=\"0b330a9\" data-elementor-lightbox-title=\"LESKooriAvatudUstePaev_13\" data-e-action-hash=\"#elementor-action%3Aaction%3Dlightbox%26settings%3DeyJpZCI6MzA3MSwidXJsIjoiaHR0cHM6XC9cL3d3dy5lc3RvbmlhbnNvY2lldHkuY28udWtcL3dwLWNvbnRlbnRcL3VwbG9hZHNcLzIwMjFcLzA3XC9MRVNLb29yaUF2YXR1ZFVzdGVQYWV2XzEzLnBuZyIsInNsaWRlc2hvdyI6IjBiMzMwYTkifQ%3D%3D\" href='https:\/\/www.estoniansociety.co.uk\/wp-content\/uploads\/2021\/07\/LESKooriAvatudUstePaev_13.png'><img loading=\"lazy\" decoding=\"async\" width=\"150\" height=\"150\" src=\"https:\/\/www.estoniansociety.co.uk\/wp-content\/uploads\/2021\/07\/LESKooriAvatudUstePaev_13-150x150.png\" class=\"attachment-thumbnail size-thumbnail\" alt=\"\" \/><\/a>\n\t\t\t<\/div><\/figure><figure class='gallery-item'>\n\t\t\t<div class='gallery-icon landscape'>\n\t\t\t\t<a data-elementor-open-lightbox=\"yes\" data-elementor-lightbox-slideshow=\"0b330a9\" data-elementor-lightbox-title=\"LESKooriAvatudUstePaev_14\" data-e-action-hash=\"#elementor-action%3Aaction%3Dlightbox%26settings%3DeyJpZCI6MzA3MiwidXJsIjoiaHR0cHM6XC9cL3d3dy5lc3RvbmlhbnNvY2lldHkuY28udWtcL3dwLWNvbnRlbnRcL3VwbG9hZHNcLzIwMjFcLzA3XC9MRVNLb29yaUF2YXR1ZFVzdGVQYWV2XzE0LnBuZyIsInNsaWRlc2hvdyI6IjBiMzMwYTkifQ%3D%3D\" href='https:\/\/www.estoniansociety.co.uk\/wp-content\/uploads\/2021\/07\/LESKooriAvatudUstePaev_14.png'><img loading=\"lazy\" decoding=\"async\" width=\"150\" height=\"150\" src=\"https:\/\/www.estoniansociety.co.uk\/wp-content\/uploads\/2021\/07\/LESKooriAvatudUstePaev_14-150x150.png\" class=\"attachment-thumbnail size-thumbnail\" alt=\"\" \/><\/a>\n\t\t\t<\/div><\/figure>\n\t\t<\/div>\n\t\t<\/div>\n\t\t\t\t<\/div>\n\t\t\t\t<\/div>\n\t\t\t\t\t<\/div>\n\t\t<\/div>\n\t\t\t\t\t\t\t<\/div>\n\t\t<\/section>\n\t\t\t\t<section class=\"elementor-section elementor-top-section elementor-element elementor-element-3269e52 elementor-section-boxed elementor-section-height-default elementor-section-height-default\" data-id=\"3269e52\" data-element_type=\"section\">\n\t\t\t\t\t\t<div class=\"elementor-container elementor-column-gap-default\">\n\t\t\t\t\t<div class=\"elementor-column elementor-col-100 elementor-top-column elementor-element elementor-element-17ea745\" data-id=\"17ea745\" data-element_type=\"column\">\n\t\t\t<div class=\"elementor-widget-wrap elementor-element-populated\">\n\t\t\t\t\t\t\t\t<div class=\"elementor-element elementor-element-af74e51 elementor-widget elementor-widget-spacer\" data-id=\"af74e51\" data-element_type=\"widget\" data-widget_type=\"spacer.default\">\n\t\t\t\t<div class=\"elementor-widget-container\">\n\t\t\t\t\t<div class=\"elementor-spacer\">\n\t\t\t<div class=\"elementor-spacer-inner\"><\/div>\n\t\t<\/div>\n\t\t\t\t<\/div>\n\t\t\t\t<\/div>\n\t\t\t\t\t<\/div>\n\t\t<\/div>\n\t\t\t\t\t\t\t<\/div>\n\t\t<\/section>\n\t\t\t\t<section class=\"elementor-section elementor-top-section elementor-element elementor-element-38103db0 elementor-section-boxed elementor-section-height-default elementor-section-height-default\" data-id=\"38103db0\" data-element_type=\"section\" data-settings=\"{&quot;background_background&quot;:&quot;classic&quot;}\">\n\t\t\t\t\t\t\t<div class=\"elementor-background-overlay\"><\/div>\n\t\t\t\t\t\t\t<div class=\"elementor-container elementor-column-gap-no\">\n\t\t\t\t\t<div class=\"elementor-column elementor-col-100 elementor-top-column elementor-element elementor-element-4922af71\" data-id=\"4922af71\" data-element_type=\"column\">\n\t\t\t<div class=\"elementor-widget-wrap elementor-element-populated\">\n\t\t\t\t\t\t\t\t<div class=\"elementor-element elementor-element-4e0f05c7 elementor-widget elementor-widget-heading\" data-id=\"4e0f05c7\" data-element_type=\"widget\" data-widget_type=\"heading.default\">\n\t\t\t\t<div class=\"elementor-widget-container\">\n\t\t\t<h6 class=\"elementor-heading-title elementor-size-medium\">Support London Estonian Society<\/h6>\t\t<\/div>\n\t\t\t\t<\/div>\n\t\t\t\t<div class=\"elementor-element elementor-element-c2f0d3c elementor-widget elementor-widget-heading\" data-id=\"c2f0d3c\" data-element_type=\"widget\" data-widget_type=\"heading.default\">\n\t\t\t\t<div class=\"elementor-widget-container\">\n\t\t\t<h2 class=\"elementor-heading-title elementor-size-medium\">Aita Londoni Eesti Seltsi enda toetusega. Annetatud raha laheb kultuuri\u00fcrituste korraldamiseks, Londoni Eesti Seltsi raamatukogu s\u00e4ilitamiseks ja Eesti Kooli j\u00e4tkamiseks. <\/h2>\t\t<\/div>\n\t\t\t\t<\/div>\n\t\t\t\t<div class=\"elementor-element elementor-element-56151785 elementor-align-center elementor-widget elementor-widget-button\" data-id=\"56151785\" data-element_type=\"widget\" data-widget_type=\"button.default\">\n\t\t\t\t<div class=\"elementor-widget-container\">\n\t\t\t\t\t<div class=\"elementor-button-wrapper\">\n\t\t\t<a href=\"#\" class=\"elementor-button-link elementor-button elementor-size-sm\" role=\"button\">\n\t\t\t\t\t\t<span class=\"elementor-button-content-wrapper\">\n\t\t\t\t\t\t<span class=\"elementor-button-text\">Support Us<\/span>\n\t\t<\/span>\n\t\t\t\t\t<\/a>\n\t\t<\/div>\n\t\t\t\t<\/div>\n\t\t\t\t<\/div>\n\t\t\t\t\t<\/div>\n\t\t<\/div>\n\t\t\t\t\t\t\t<\/div>\n\t\t<\/section>\n\t\t\t\t\t\t\t<\/div>","protected":false},"excerpt":{"rendered":"<p>Gallery Pildigalerii LESi Koori Avatud Uste P\u00e4ev Toeta Londoni Eesti Seltsi Aita Londoni Eesti Seltsi enda toetusega. Annetatud raha laheb kultuuri\u00fcrituste korraldamiseks, Londoni Eesti Seltsi raamatukogu s\u00e4ilitamiseks ja Eesti Kooli j\u00e4tkamiseks. Toeta<\/p>","protected":false},"author":2,"featured_media":0,"parent":0,"menu_order":0,"comment_status":"closed","ping_status":"closed","template":"","meta":{"_mi_skip_tracking":false,"footnotes":""},"class_list":["post-1831","page","type-page","status-publish","hentry"],"_links":{"self":[{"href":"https:\/\/www.estoniansociety.co.uk\/en\/wp-json\/wp\/v2\/pages\/1831","targetHints":{"allow":["GET"]}}],"collection":[{"href":"https:\/\/www.estoniansociety.co.uk\/en\/wp-json\/wp\/v2\/pages"}],"about":[{"href":"https:\/\/www.estoniansociety.co.uk\/en\/wp-json\/wp\/v2\/types\/page"}],"author":[{"embeddable":true,"href":"https:\/\/www.estoniansociety.co.uk\/en\/wp-json\/wp\/v2\/users\/2"}],"replies":[{"embeddable":true,"href":"https:\/\/www.estoniansociety.co.uk\/en\/wp-json\/wp\/v2\/comments?post=1831"}],"version-history":[{"count":5,"href":"https:\/\/www.estoniansociety.co.uk\/en\/wp-json\/wp\/v2\/pages\/1831\/revisions"}],"predecessor-version":[{"id":3075,"href":"https:\/\/www.estoniansociety.co.uk\/en\/wp-json\/wp\/v2\/pages\/1831\/revisions\/3075"}],"wp:attachment":[{"href":"https:\/\/www.estoniansociety.co.uk\/en\/wp-json\/wp\/v2\/media?parent=1831"}],"curies":[{"name":"wp","href":"https:\/\/api.w.org\/{rel}","templated":true}]}}