{"id":1615,"date":"2021-06-25T21:59:06","date_gmt":"2021-06-25T21:59:06","guid":{"rendered":"https:\/\/estoniansociety.co.uk\/?page_id=1615"},"modified":"2021-10-18T05:27:52","modified_gmt":"2021-10-18T05:27:52","slug":"arhiiv-galerii-les-laulupeol-2014","status":"publish","type":"page","link":"https:\/\/www.estoniansociety.co.uk\/en\/arhiiv-galerii-les-laulupeol-2014\/","title":{"rendered":"Arhiiv &#8211; 2014 &#8211; Galerii &#8211; LES Laulupeol"},"content":{"rendered":"<div data-elementor-type=\"wp-page\" data-elementor-id=\"1615\" class=\"elementor elementor-1615\">\n\t\t\t\t\t\t\t\t\t<section class=\"elementor-section elementor-top-section elementor-element elementor-element-3d82bd44 elementor-section-height-min-height elementor-section-content-bottom elementor-section-items-bottom elementor-section-boxed elementor-section-height-default\" data-id=\"3d82bd44\" data-element_type=\"section\" data-settings=\"{&quot;background_background&quot;:&quot;classic&quot;}\">\n\t\t\t\t\t\t\t<div class=\"elementor-background-overlay\"><\/div>\n\t\t\t\t\t\t\t<div class=\"elementor-container elementor-column-gap-no\">\n\t\t\t\t\t<div class=\"elementor-column elementor-col-100 elementor-top-column elementor-element elementor-element-6ae041f8\" data-id=\"6ae041f8\" data-element_type=\"column\">\n\t\t\t<div class=\"elementor-widget-wrap elementor-element-populated\">\n\t\t\t\t\t\t\t\t<div class=\"elementor-element elementor-element-6b3cc7e0 elementor-widget elementor-widget-heading\" data-id=\"6b3cc7e0\" data-element_type=\"widget\" data-widget_type=\"heading.default\">\n\t\t\t\t<div class=\"elementor-widget-container\">\n\t\t\t<h6 class=\"elementor-heading-title elementor-size-default\">Gallery<\/h6>\t\t<\/div>\n\t\t\t\t<\/div>\n\t\t\t\t<div class=\"elementor-element elementor-element-b8a522e elementor-widget elementor-widget-heading\" data-id=\"b8a522e\" data-element_type=\"widget\" data-widget_type=\"heading.default\">\n\t\t\t\t<div class=\"elementor-widget-container\">\n\t\t\t<h1 class=\"elementor-heading-title elementor-size-default\">Pildigalerii<\/h1>\t\t<\/div>\n\t\t\t\t<\/div>\n\t\t\t\t\t<\/div>\n\t\t<\/div>\n\t\t\t\t\t\t\t<\/div>\n\t\t<\/section>\n\t\t\t\t<section class=\"elementor-section elementor-top-section elementor-element elementor-element-976373c elementor-section-boxed elementor-section-height-default elementor-section-height-default\" data-id=\"976373c\" data-element_type=\"section\">\n\t\t\t\t\t\t<div class=\"elementor-container elementor-column-gap-default\">\n\t\t\t\t\t<div class=\"elementor-column elementor-col-100 elementor-top-column elementor-element elementor-element-7753f81\" data-id=\"7753f81\" data-element_type=\"column\">\n\t\t\t<div class=\"elementor-widget-wrap elementor-element-populated\">\n\t\t\t\t\t\t\t\t<div class=\"elementor-element elementor-element-d53ab78 elementor-widget elementor-widget-spacer\" data-id=\"d53ab78\" data-element_type=\"widget\" data-widget_type=\"spacer.default\">\n\t\t\t\t<div class=\"elementor-widget-container\">\n\t\t\t\t\t<div class=\"elementor-spacer\">\n\t\t\t<div class=\"elementor-spacer-inner\"><\/div>\n\t\t<\/div>\n\t\t\t\t<\/div>\n\t\t\t\t<\/div>\n\t\t\t\t\t<\/div>\n\t\t<\/div>\n\t\t\t\t\t\t\t<\/div>\n\t\t<\/section>\n\t\t\t\t<section class=\"elementor-section elementor-top-section elementor-element elementor-element-830c6f2 elementor-section-boxed elementor-section-height-default elementor-section-height-default\" data-id=\"830c6f2\" data-element_type=\"section\">\n\t\t\t\t\t\t<div class=\"elementor-container elementor-column-gap-default\">\n\t\t\t\t\t<div class=\"elementor-column elementor-col-100 elementor-top-column elementor-element elementor-element-b2b2b2a\" data-id=\"b2b2b2a\" data-element_type=\"column\">\n\t\t\t<div class=\"elementor-widget-wrap elementor-element-populated\">\n\t\t\t\t\t\t\t\t<div class=\"elementor-element elementor-element-f0517d8 elementor-widget elementor-widget-heading\" data-id=\"f0517d8\" data-element_type=\"widget\" data-widget_type=\"heading.default\">\n\t\t\t\t<div class=\"elementor-widget-container\">\n\t\t\t<h4 class=\"elementor-heading-title elementor-size-default\">Londoni Eesti Selts Laulupeol 2014<\/h4>\t\t<\/div>\n\t\t\t\t<\/div>\n\t\t\t\t<div class=\"elementor-element elementor-element-ef08515 elementor-widget elementor-widget-text-editor\" data-id=\"ef08515\" data-element_type=\"widget\" data-widget_type=\"text-editor.default\">\n\t\t\t\t<div class=\"elementor-widget-container\">\n\t\t\t\t\t\t\t<p style=\"text-align: center;\">Londoni Eesti Seltsi Segakoor v\u00f5ttis osa 2014. aasta laulupeost &#8220;Aja puudutus&#8221;. Loe j\u00e4relkajastust osav\u00f5tmisest <a href=\"https:\/\/www.estoniansociety.co.uk\/en\/seltsi-lood-londoni-eesti-seltsi-koor-segakoor-laheb-laulupeole-aja-puudutus\/\">siin&#8230;<\/a><\/p>\t\t\t\t\t\t<\/div>\n\t\t\t\t<\/div>\n\t\t\t\t\t<\/div>\n\t\t<\/div>\n\t\t\t\t\t\t\t<\/div>\n\t\t<\/section>\n\t\t\t\t<section class=\"elementor-section elementor-top-section elementor-element elementor-element-a54c3d7 elementor-section-boxed elementor-section-height-default elementor-section-height-default\" data-id=\"a54c3d7\" data-element_type=\"section\">\n\t\t\t\t\t\t<div class=\"elementor-container elementor-column-gap-default\">\n\t\t\t\t\t<div class=\"elementor-column elementor-col-100 elementor-top-column elementor-element elementor-element-1d3b26a\" data-id=\"1d3b26a\" data-element_type=\"column\">\n\t\t\t<div class=\"elementor-widget-wrap elementor-element-populated\">\n\t\t\t\t\t\t\t\t<div class=\"elementor-element elementor-element-3e3dab0 elementor-widget elementor-widget-image-gallery\" data-id=\"3e3dab0\" data-element_type=\"widget\" data-widget_type=\"image-gallery.default\">\n\t\t\t\t<div class=\"elementor-widget-container\">\n\t\t\t\t\t<div class=\"elementor-image-gallery\">\n\t\t\t<div id='gallery-1' class='gallery galleryid-1615 gallery-columns-4 gallery-size-thumbnail'><figure class='gallery-item'>\n\t\t\t<div class='gallery-icon landscape'>\n\t\t\t\t<a data-elementor-open-lightbox=\"yes\" data-elementor-lightbox-slideshow=\"3e3dab0\" data-elementor-lightbox-title=\"LESLaulupeol-2014_1\" data-e-action-hash=\"#elementor-action%3Aaction%3Dlightbox%26settings%3DeyJpZCI6MTYxNywidXJsIjoiaHR0cHM6XC9cL3d3dy5lc3RvbmlhbnNvY2lldHkuY28udWtcL3dwLWNvbnRlbnRcL3VwbG9hZHNcLzIwMjFcLzA2XC9MRVNMYXVsdXBlb2wtMjAxNF8xLnBuZyIsInNsaWRlc2hvdyI6IjNlM2RhYjAifQ%3D%3D\" href='https:\/\/www.estoniansociety.co.uk\/wp-content\/uploads\/2021\/06\/LESLaulupeol-2014_1.png'><img loading=\"lazy\" decoding=\"async\" width=\"150\" height=\"150\" src=\"https:\/\/www.estoniansociety.co.uk\/wp-content\/uploads\/2021\/06\/LESLaulupeol-2014_1-150x150.png\" class=\"attachment-thumbnail size-thumbnail\" alt=\"\" \/><\/a>\n\t\t\t<\/div><\/figure><figure class='gallery-item'>\n\t\t\t<div class='gallery-icon landscape'>\n\t\t\t\t<a data-elementor-open-lightbox=\"yes\" data-elementor-lightbox-slideshow=\"3e3dab0\" data-elementor-lightbox-title=\"LESLaulupeol-2014_2\" data-e-action-hash=\"#elementor-action%3Aaction%3Dlightbox%26settings%3DeyJpZCI6MTYxOCwidXJsIjoiaHR0cHM6XC9cL3d3dy5lc3RvbmlhbnNvY2lldHkuY28udWtcL3dwLWNvbnRlbnRcL3VwbG9hZHNcLzIwMjFcLzA2XC9MRVNMYXVsdXBlb2wtMjAxNF8yLTEucG5nIiwic2xpZGVzaG93IjoiM2UzZGFiMCJ9\" href='https:\/\/www.estoniansociety.co.uk\/wp-content\/uploads\/2021\/06\/LESLaulupeol-2014_2-1.png'><img loading=\"lazy\" decoding=\"async\" width=\"150\" height=\"150\" src=\"https:\/\/www.estoniansociety.co.uk\/wp-content\/uploads\/2021\/06\/LESLaulupeol-2014_2-1-150x150.png\" class=\"attachment-thumbnail size-thumbnail\" alt=\"\" \/><\/a>\n\t\t\t<\/div><\/figure><figure class='gallery-item'>\n\t\t\t<div class='gallery-icon landscape'>\n\t\t\t\t<a data-elementor-open-lightbox=\"yes\" data-elementor-lightbox-slideshow=\"3e3dab0\" data-elementor-lightbox-title=\"LESLaulupeol-2014_3\" data-e-action-hash=\"#elementor-action%3Aaction%3Dlightbox%26settings%3DeyJpZCI6MTYxOSwidXJsIjoiaHR0cHM6XC9cL3d3dy5lc3RvbmlhbnNvY2lldHkuY28udWtcL3dwLWNvbnRlbnRcL3VwbG9hZHNcLzIwMjFcLzA2XC9MRVNMYXVsdXBlb2wtMjAxNF8zLnBuZyIsInNsaWRlc2hvdyI6IjNlM2RhYjAifQ%3D%3D\" href='https:\/\/www.estoniansociety.co.uk\/wp-content\/uploads\/2021\/06\/LESLaulupeol-2014_3.png'><img loading=\"lazy\" decoding=\"async\" width=\"150\" height=\"150\" src=\"https:\/\/www.estoniansociety.co.uk\/wp-content\/uploads\/2021\/06\/LESLaulupeol-2014_3-150x150.png\" class=\"attachment-thumbnail size-thumbnail\" alt=\"\" \/><\/a>\n\t\t\t<\/div><\/figure><figure class='gallery-item'>\n\t\t\t<div class='gallery-icon landscape'>\n\t\t\t\t<a data-elementor-open-lightbox=\"yes\" data-elementor-lightbox-slideshow=\"3e3dab0\" data-elementor-lightbox-title=\"LESLaulupeol-2014_4\" data-e-action-hash=\"#elementor-action%3Aaction%3Dlightbox%26settings%3DeyJpZCI6MTYyMCwidXJsIjoiaHR0cHM6XC9cL3d3dy5lc3RvbmlhbnNvY2lldHkuY28udWtcL3dwLWNvbnRlbnRcL3VwbG9hZHNcLzIwMjFcLzA2XC9MRVNMYXVsdXBlb2wtMjAxNF80LnBuZyIsInNsaWRlc2hvdyI6IjNlM2RhYjAifQ%3D%3D\" href='https:\/\/www.estoniansociety.co.uk\/wp-content\/uploads\/2021\/06\/LESLaulupeol-2014_4.png'><img loading=\"lazy\" decoding=\"async\" width=\"150\" height=\"150\" src=\"https:\/\/www.estoniansociety.co.uk\/wp-content\/uploads\/2021\/06\/LESLaulupeol-2014_4-150x150.png\" class=\"attachment-thumbnail size-thumbnail\" alt=\"\" \/><\/a>\n\t\t\t<\/div><\/figure><figure class='gallery-item'>\n\t\t\t<div class='gallery-icon landscape'>\n\t\t\t\t<a data-elementor-open-lightbox=\"yes\" data-elementor-lightbox-slideshow=\"3e3dab0\" data-elementor-lightbox-title=\"LESLaulupeol-2014_5\" data-e-action-hash=\"#elementor-action%3Aaction%3Dlightbox%26settings%3DeyJpZCI6MTYyMSwidXJsIjoiaHR0cHM6XC9cL3d3dy5lc3RvbmlhbnNvY2lldHkuY28udWtcL3dwLWNvbnRlbnRcL3VwbG9hZHNcLzIwMjFcLzA2XC9MRVNMYXVsdXBlb2wtMjAxNF81LnBuZyIsInNsaWRlc2hvdyI6IjNlM2RhYjAifQ%3D%3D\" href='https:\/\/www.estoniansociety.co.uk\/wp-content\/uploads\/2021\/06\/LESLaulupeol-2014_5.png'><img loading=\"lazy\" decoding=\"async\" width=\"150\" height=\"150\" src=\"https:\/\/www.estoniansociety.co.uk\/wp-content\/uploads\/2021\/06\/LESLaulupeol-2014_5-150x150.png\" class=\"attachment-thumbnail size-thumbnail\" alt=\"\" \/><\/a>\n\t\t\t<\/div><\/figure><figure class='gallery-item'>\n\t\t\t<div class='gallery-icon landscape'>\n\t\t\t\t<a data-elementor-open-lightbox=\"yes\" data-elementor-lightbox-slideshow=\"3e3dab0\" data-elementor-lightbox-title=\"LESLaulupeol-2014_6\" data-e-action-hash=\"#elementor-action%3Aaction%3Dlightbox%26settings%3DeyJpZCI6MTYyMiwidXJsIjoiaHR0cHM6XC9cL3d3dy5lc3RvbmlhbnNvY2lldHkuY28udWtcL3dwLWNvbnRlbnRcL3VwbG9hZHNcLzIwMjFcLzA2XC9MRVNMYXVsdXBlb2wtMjAxNF82LnBuZyIsInNsaWRlc2hvdyI6IjNlM2RhYjAifQ%3D%3D\" href='https:\/\/www.estoniansociety.co.uk\/wp-content\/uploads\/2021\/06\/LESLaulupeol-2014_6.png'><img loading=\"lazy\" decoding=\"async\" width=\"150\" height=\"150\" src=\"https:\/\/www.estoniansociety.co.uk\/wp-content\/uploads\/2021\/06\/LESLaulupeol-2014_6-150x150.png\" class=\"attachment-thumbnail size-thumbnail\" alt=\"\" \/><\/a>\n\t\t\t<\/div><\/figure><figure class='gallery-item'>\n\t\t\t<div class='gallery-icon landscape'>\n\t\t\t\t<a data-elementor-open-lightbox=\"yes\" data-elementor-lightbox-slideshow=\"3e3dab0\" data-elementor-lightbox-title=\"LESLaulupeol-2014_7\" data-e-action-hash=\"#elementor-action%3Aaction%3Dlightbox%26settings%3DeyJpZCI6MTYyMywidXJsIjoiaHR0cHM6XC9cL3d3dy5lc3RvbmlhbnNvY2lldHkuY28udWtcL3dwLWNvbnRlbnRcL3VwbG9hZHNcLzIwMjFcLzA2XC9MRVNMYXVsdXBlb2wtMjAxNF83LWUxNjI0NjU4NjU4MjMzLnBuZyIsInNsaWRlc2hvdyI6IjNlM2RhYjAifQ%3D%3D\" href='https:\/\/www.estoniansociety.co.uk\/wp-content\/uploads\/2021\/06\/LESLaulupeol-2014_7-e1624658658233.png'><img loading=\"lazy\" decoding=\"async\" width=\"150\" height=\"150\" src=\"https:\/\/www.estoniansociety.co.uk\/wp-content\/uploads\/2021\/06\/LESLaulupeol-2014_7-e1624658658233-150x150.png\" class=\"attachment-thumbnail size-thumbnail\" alt=\"\" srcset=\"https:\/\/www.estoniansociety.co.uk\/wp-content\/uploads\/2021\/06\/LESLaulupeol-2014_7-e1624658658233-150x150.png 150w, https:\/\/www.estoniansociety.co.uk\/wp-content\/uploads\/2021\/06\/LESLaulupeol-2014_7-e1624658658233-300x300.png 300w, https:\/\/www.estoniansociety.co.uk\/wp-content\/uploads\/2021\/06\/LESLaulupeol-2014_7-e1624658658233.png 450w\" sizes=\"auto, (max-width: 150px) 100vw, 150px\" \/><\/a>\n\t\t\t<\/div><\/figure><figure class='gallery-item'>\n\t\t\t<div class='gallery-icon landscape'>\n\t\t\t\t<a data-elementor-open-lightbox=\"yes\" data-elementor-lightbox-slideshow=\"3e3dab0\" data-elementor-lightbox-title=\"LESLaulupeol-2014_8\" data-e-action-hash=\"#elementor-action%3Aaction%3Dlightbox%26settings%3DeyJpZCI6MTYyNCwidXJsIjoiaHR0cHM6XC9cL3d3dy5lc3RvbmlhbnNvY2lldHkuY28udWtcL3dwLWNvbnRlbnRcL3VwbG9hZHNcLzIwMjFcLzA2XC9MRVNMYXVsdXBlb2wtMjAxNF84LWUxNjI1NDM4MDQ0NzI4LnBuZyIsInNsaWRlc2hvdyI6IjNlM2RhYjAifQ%3D%3D\" href='https:\/\/www.estoniansociety.co.uk\/wp-content\/uploads\/2021\/06\/LESLaulupeol-2014_8-e1625438044728.png'><img loading=\"lazy\" decoding=\"async\" width=\"150\" height=\"150\" src=\"https:\/\/www.estoniansociety.co.uk\/wp-content\/uploads\/2021\/06\/LESLaulupeol-2014_8-e1625438044728-150x150.png\" class=\"attachment-thumbnail size-thumbnail\" alt=\"\" srcset=\"https:\/\/www.estoniansociety.co.uk\/wp-content\/uploads\/2021\/06\/LESLaulupeol-2014_8-e1625438044728-150x150.png 150w, https:\/\/www.estoniansociety.co.uk\/wp-content\/uploads\/2021\/06\/LESLaulupeol-2014_8-e1625438044728-300x300.png 300w, https:\/\/www.estoniansociety.co.uk\/wp-content\/uploads\/2021\/06\/LESLaulupeol-2014_8-e1625438044728.png 450w\" sizes=\"auto, (max-width: 150px) 100vw, 150px\" \/><\/a>\n\t\t\t<\/div><\/figure><figure class='gallery-item'>\n\t\t\t<div class='gallery-icon landscape'>\n\t\t\t\t<a data-elementor-open-lightbox=\"yes\" data-elementor-lightbox-slideshow=\"3e3dab0\" data-elementor-lightbox-title=\"LESLaulupeol-2014_9\" data-e-action-hash=\"#elementor-action%3Aaction%3Dlightbox%26settings%3DeyJpZCI6MTYyNSwidXJsIjoiaHR0cHM6XC9cL3d3dy5lc3RvbmlhbnNvY2lldHkuY28udWtcL3dwLWNvbnRlbnRcL3VwbG9hZHNcLzIwMjFcLzA2XC9MRVNMYXVsdXBlb2wtMjAxNF85LTEucG5nIiwic2xpZGVzaG93IjoiM2UzZGFiMCJ9\" href='https:\/\/www.estoniansociety.co.uk\/wp-content\/uploads\/2021\/06\/LESLaulupeol-2014_9-1.png'><img loading=\"lazy\" decoding=\"async\" width=\"150\" height=\"150\" src=\"https:\/\/www.estoniansociety.co.uk\/wp-content\/uploads\/2021\/06\/LESLaulupeol-2014_9-1-150x150.png\" class=\"attachment-thumbnail size-thumbnail\" alt=\"\" \/><\/a>\n\t\t\t<\/div><\/figure><figure class='gallery-item'>\n\t\t\t<div class='gallery-icon landscape'>\n\t\t\t\t<a data-elementor-open-lightbox=\"yes\" data-elementor-lightbox-slideshow=\"3e3dab0\" data-elementor-lightbox-title=\"LESLaulupeol-2014_10\" data-e-action-hash=\"#elementor-action%3Aaction%3Dlightbox%26settings%3DeyJpZCI6MTYyNiwidXJsIjoiaHR0cHM6XC9cL3d3dy5lc3RvbmlhbnNvY2lldHkuY28udWtcL3dwLWNvbnRlbnRcL3VwbG9hZHNcLzIwMjFcLzA2XC9MRVNMYXVsdXBlb2wtMjAxNF8xMC0xLnBuZyIsInNsaWRlc2hvdyI6IjNlM2RhYjAifQ%3D%3D\" href='https:\/\/www.estoniansociety.co.uk\/wp-content\/uploads\/2021\/06\/LESLaulupeol-2014_10-1.png'><img loading=\"lazy\" decoding=\"async\" width=\"150\" height=\"150\" src=\"https:\/\/www.estoniansociety.co.uk\/wp-content\/uploads\/2021\/06\/LESLaulupeol-2014_10-1-150x150.png\" class=\"attachment-thumbnail size-thumbnail\" alt=\"\" \/><\/a>\n\t\t\t<\/div><\/figure><figure class='gallery-item'>\n\t\t\t<div class='gallery-icon landscape'>\n\t\t\t\t<a data-elementor-open-lightbox=\"yes\" data-elementor-lightbox-slideshow=\"3e3dab0\" data-elementor-lightbox-title=\"LESLaulupeol-2014_11\" data-e-action-hash=\"#elementor-action%3Aaction%3Dlightbox%26settings%3DeyJpZCI6MTYyNywidXJsIjoiaHR0cHM6XC9cL3d3dy5lc3RvbmlhbnNvY2lldHkuY28udWtcL3dwLWNvbnRlbnRcL3VwbG9hZHNcLzIwMjFcLzA2XC9MRVNMYXVsdXBlb2wtMjAxNF8xMS5wbmciLCJzbGlkZXNob3ciOiIzZTNkYWIwIn0%3D\" href='https:\/\/www.estoniansociety.co.uk\/wp-content\/uploads\/2021\/06\/LESLaulupeol-2014_11.png'><img loading=\"lazy\" decoding=\"async\" width=\"150\" height=\"150\" src=\"https:\/\/www.estoniansociety.co.uk\/wp-content\/uploads\/2021\/06\/LESLaulupeol-2014_11-150x150.png\" class=\"attachment-thumbnail size-thumbnail\" alt=\"\" \/><\/a>\n\t\t\t<\/div><\/figure>\n\t\t<\/div>\n\t\t<\/div>\n\t\t\t\t<\/div>\n\t\t\t\t<\/div>\n\t\t\t\t<div class=\"elementor-element elementor-element-50bb77d elementor-widget elementor-widget-spacer\" data-id=\"50bb77d\" data-element_type=\"widget\" data-widget_type=\"spacer.default\">\n\t\t\t\t<div class=\"elementor-widget-container\">\n\t\t\t\t\t<div class=\"elementor-spacer\">\n\t\t\t<div class=\"elementor-spacer-inner\"><\/div>\n\t\t<\/div>\n\t\t\t\t<\/div>\n\t\t\t\t<\/div>\n\t\t\t\t\t<\/div>\n\t\t<\/div>\n\t\t\t\t\t\t\t<\/div>\n\t\t<\/section>\n\t\t\t\t<section class=\"elementor-section elementor-top-section elementor-element elementor-element-7504d606 elementor-section-boxed elementor-section-height-default elementor-section-height-default\" data-id=\"7504d606\" data-element_type=\"section\" data-settings=\"{&quot;background_background&quot;:&quot;classic&quot;}\">\n\t\t\t\t\t\t\t<div class=\"elementor-background-overlay\"><\/div>\n\t\t\t\t\t\t\t<div class=\"elementor-container elementor-column-gap-no\">\n\t\t\t\t\t<div class=\"elementor-column elementor-col-100 elementor-top-column elementor-element elementor-element-5d341785\" data-id=\"5d341785\" data-element_type=\"column\">\n\t\t\t<div class=\"elementor-widget-wrap elementor-element-populated\">\n\t\t\t\t\t\t\t\t<div class=\"elementor-element elementor-element-799bb9ec elementor-widget elementor-widget-heading\" data-id=\"799bb9ec\" data-element_type=\"widget\" data-widget_type=\"heading.default\">\n\t\t\t\t<div class=\"elementor-widget-container\">\n\t\t\t<h6 class=\"elementor-heading-title elementor-size-medium\">Support London Estonian Society<\/h6>\t\t<\/div>\n\t\t\t\t<\/div>\n\t\t\t\t<div class=\"elementor-element elementor-element-629c99d4 elementor-widget elementor-widget-heading\" data-id=\"629c99d4\" data-element_type=\"widget\" data-widget_type=\"heading.default\">\n\t\t\t\t<div class=\"elementor-widget-container\">\n\t\t\t<h2 class=\"elementor-heading-title elementor-size-medium\">Aita Londoni Eesti Seltsi enda toetusega. Annetatud raha laheb kultuuri\u00fcrituste korraldamiseks, Londoni Eesti Seltsi raamatukogu s\u00e4ilitamiseks ja Eesti Kooli j\u00e4tkamiseks. <\/h2>\t\t<\/div>\n\t\t\t\t<\/div>\n\t\t\t\t<div class=\"elementor-element elementor-element-6866bdbe elementor-align-center elementor-widget elementor-widget-button\" data-id=\"6866bdbe\" data-element_type=\"widget\" data-widget_type=\"button.default\">\n\t\t\t\t<div class=\"elementor-widget-container\">\n\t\t\t\t\t<div class=\"elementor-button-wrapper\">\n\t\t\t<a href=\"#\" class=\"elementor-button-link elementor-button elementor-size-sm\" role=\"button\">\n\t\t\t\t\t\t<span class=\"elementor-button-content-wrapper\">\n\t\t\t\t\t\t<span class=\"elementor-button-text\">Support Us<\/span>\n\t\t<\/span>\n\t\t\t\t\t<\/a>\n\t\t<\/div>\n\t\t\t\t<\/div>\n\t\t\t\t<\/div>\n\t\t\t\t\t<\/div>\n\t\t<\/div>\n\t\t\t\t\t\t\t<\/div>\n\t\t<\/section>\n\t\t\t\t\t\t\t<\/div>","protected":false},"excerpt":{"rendered":"<p>Gallery Pildigalerii Londoni Eesti Selts Laulupeol 2014 Londoni Eesti Seltsi Segakoor v\u00f5ttis osa 2014. aasta laulupeost &#8220;Aja puudutus&#8221;. Loe j\u00e4relkajastust osav\u00f5tmisest siin&#8230; Toeta Londoni Eesti Seltsi Aita Londoni Eesti Seltsi enda toetusega. Annetatud raha laheb kultuuri\u00fcrituste korraldamiseks, Londoni Eesti Seltsi raamatukogu s\u00e4ilitamiseks ja Eesti Kooli j\u00e4tkamiseks. Toeta<\/p>","protected":false},"author":1,"featured_media":0,"parent":0,"menu_order":0,"comment_status":"closed","ping_status":"closed","template":"","meta":{"_mi_skip_tracking":false,"footnotes":""},"class_list":["post-1615","page","type-page","status-publish","hentry"],"_links":{"self":[{"href":"https:\/\/www.estoniansociety.co.uk\/en\/wp-json\/wp\/v2\/pages\/1615","targetHints":{"allow":["GET"]}}],"collection":[{"href":"https:\/\/www.estoniansociety.co.uk\/en\/wp-json\/wp\/v2\/pages"}],"about":[{"href":"https:\/\/www.estoniansociety.co.uk\/en\/wp-json\/wp\/v2\/types\/page"}],"author":[{"embeddable":true,"href":"https:\/\/www.estoniansociety.co.uk\/en\/wp-json\/wp\/v2\/users\/1"}],"replies":[{"embeddable":true,"href":"https:\/\/www.estoniansociety.co.uk\/en\/wp-json\/wp\/v2\/comments?post=1615"}],"version-history":[{"count":5,"href":"https:\/\/www.estoniansociety.co.uk\/en\/wp-json\/wp\/v2\/pages\/1615\/revisions"}],"predecessor-version":[{"id":5691,"href":"https:\/\/www.estoniansociety.co.uk\/en\/wp-json\/wp\/v2\/pages\/1615\/revisions\/5691"}],"wp:attachment":[{"href":"https:\/\/www.estoniansociety.co.uk\/en\/wp-json\/wp\/v2\/media?parent=1615"}],"curies":[{"name":"wp","href":"https:\/\/api.w.org\/{rel}","templated":true}]}}